{"id":93,"date":"2024-04-29T11:39:38","date_gmt":"2024-04-29T14:39:38","guid":{"rendered":"https:\/\/tocchini.com.br\/?page_id=93"},"modified":"2025-01-06T09:32:53","modified_gmt":"2025-01-06T12:32:53","slug":"sobre","status":"publish","type":"page","link":"https:\/\/tocchini.com.br\/index.php\/sobre\/","title":{"rendered":"SOBRE"},"content":{"rendered":"<div id='av_section_1'  class='avia-section av-cu0bp-f821b7559b06327d5acfcbede26b1ed9 main_color avia-section-default avia-no-border-styling  avia-builder-el-0  el_before_av_section  avia-builder-el-first  avia-bg-style-scroll container_wrap sidebar_right'  ><div class='container av-section-cont-open' ><main  role=\"main\" itemprop=\"mainContentOfPage\"  class='template-page content  av-content-small alpha units'><div class='post-entry post-entry-type-page post-entry-93'><div class='entry-content-wrapper clearfix'>\n<div  class='flex_column av-cfofh-1b3407cc656e44d117e89f1544787e43 av_one_third  avia-builder-el-1  el_before_av_two_third  avia-builder-el-first  first flex_column_div  '     ><style type=\"text\/css\" data-created_by=\"avia_inline_auto\" id=\"style-css-av-bilot-ee916dfb987bf4df16b2178d4a259915\">\n.avia-image-container.av-bilot-ee916dfb987bf4df16b2178d4a259915 img.avia_image{\nbox-shadow:none;\n}\n.avia-image-container.av-bilot-ee916dfb987bf4df16b2178d4a259915 .av-image-caption-overlay-center{\ncolor:#ffffff;\n}\n<\/style>\n<div  class='avia-image-container av-bilot-ee916dfb987bf4df16b2178d4a259915 av-styling- avia-align-center  avia-builder-el-2  avia-builder-el-no-sibling '   itemprop=\"image\" itemscope=\"itemscope\" itemtype=\"https:\/\/schema.org\/ImageObject\" ><div class=\"avia-image-container-inner\"><div class=\"avia-image-overlay-wrap\"><img decoding=\"async\" fetchpriority=\"high\" class='wp-image-97 avia-img-lazy-loading-not-97 avia_image ' src=\"https:\/\/tocchini.com.br\/wp-content\/uploads\/2024\/04\/reuniao-240x300.jpg\" alt='' title='TOCCHINI ADVOCACIA CAMPINAS'  height=\"300\" width=\"240\"  itemprop=\"thumbnailUrl\" srcset=\"https:\/\/tocchini.com.br\/wp-content\/uploads\/2024\/04\/reuniao-240x300.jpg 240w, https:\/\/tocchini.com.br\/wp-content\/uploads\/2024\/04\/reuniao-824x1030.jpg 824w, https:\/\/tocchini.com.br\/wp-content\/uploads\/2024\/04\/reuniao-768x960.jpg 768w, https:\/\/tocchini.com.br\/wp-content\/uploads\/2024\/04\/reuniao-564x705.jpg 564w, https:\/\/tocchini.com.br\/wp-content\/uploads\/2024\/04\/reuniao.jpg 1080w\" sizes=\"(max-width: 240px) 100vw, 240px\" \/><\/div><\/div><\/div><\/div><div  class='flex_column av-bam6t-f6b6447b45bb26ae40f0c1cc095ec06f av_two_third  avia-builder-el-3  el_after_av_one_third  avia-builder-el-last  flex_column_div  '     ><p>\n<style type=\"text\/css\" data-created_by=\"avia_inline_auto\" id=\"style-css-av-aiczd-4fef7c218d1c6af00714c8f92ce24a75\">\n#top .av-special-heading.av-aiczd-4fef7c218d1c6af00714c8f92ce24a75{\npadding-bottom:10px;\ncolor:#343c5d;\n}\nbody .av-special-heading.av-aiczd-4fef7c218d1c6af00714c8f92ce24a75 .av-special-heading-tag .heading-char{\nfont-size:25px;\n}\n.av-special-heading.av-aiczd-4fef7c218d1c6af00714c8f92ce24a75 .special-heading-inner-border{\nborder-color:#343c5d;\n}\n.av-special-heading.av-aiczd-4fef7c218d1c6af00714c8f92ce24a75 .av-subheading{\nfont-size:15px;\ncolor:#d4b786;\n}\n<\/style>\n<div  class='av-special-heading av-aiczd-4fef7c218d1c6af00714c8f92ce24a75 av-special-heading-h1 custom-color-heading blockquote modern-quote  avia-builder-el-4  el_before_av_textblock  avia-builder-el-first '><div class='av_custom_color av-subheading av-subheading_above'><p>SOBRE<\/p>\n<\/div><h1 class='av-special-heading-tag'  itemprop=\"headline\"  >ESCRIT\u00d3RIO<\/h1><div class=\"special-heading-border\"><div class=\"special-heading-inner-border\"><\/div><\/div><\/div><br \/>\n<section  class='av_textblock_section av-9otmt-a45a532810a65cbf5210a60bece1c474 '   itemscope=\"itemscope\" itemtype=\"https:\/\/schema.org\/CreativeWork\" ><div class='avia_textblock'  itemprop=\"text\" ><p>O prop\u00f3sito do Escrit\u00f3rio Tocchini Advocacia \u00e9 dedicar-se integralmente a oferecer solu\u00e7\u00f5es jur\u00eddicas personalizadas, perseverando incansavelmente em busca do melhor resultado para o cliente.<\/p>\n<h4><span style=\"color: #343c5d;\">OBJETIVO<\/span><\/h4>\n<p>Ser um escrit\u00f3rio de refer\u00eancia e um parceiro jur\u00eddico de confian\u00e7a, oferecendo solu\u00e7\u00f5es inovadoras e eficazes para os seus desafios, com \u00e9tica, profissionalismo e excel\u00eancia.<\/p>\n<p><strong> Acreditamos que a advocacia \u00e9 um instrumento de transforma\u00e7\u00e3o social e que, atrav\u00e9s do nosso trabalho, podemos contribuir para a constru\u00e7\u00e3o de uma sociedade mais justa e igualit\u00e1ria.<\/strong><\/p>\n<\/div><\/section><\/p><\/div>\n\n<\/div><\/div><\/main><!-- close content main element --><\/div><\/div><div id='av_section_2'  class='avia-section av-2kjxt-6a2961d667b476afeb55f3e4f05b8c61 main_color avia-section-default avia-no-border-styling  avia-builder-el-6  el_after_av_section  el_before_av_heading  avia-bg-style-scroll container_wrap sidebar_right'  ><div class='container av-section-cont-open' ><div class='template-page content  av-content-small alpha units'><div class='post-entry post-entry-type-page post-entry-93'><div class='entry-content-wrapper clearfix'>\n<div  class='flex_column av-1z0v1-a76e4e19ab1e9dd05dc335cd0bf74389 av_three_fourth  avia-builder-el-7  el_before_av_one_fourth  avia-builder-el-first  first flex_column_div  '     ><p>\n<style type=\"text\/css\" data-created_by=\"avia_inline_auto\" id=\"style-css-av-lw6s0wwt-7d6636d656a032f0aa498cf1e58e908a\">\n#top .av-special-heading.av-lw6s0wwt-7d6636d656a032f0aa498cf1e58e908a{\npadding-bottom:10px;\ncolor:#343c5d;\n}\nbody .av-special-heading.av-lw6s0wwt-7d6636d656a032f0aa498cf1e58e908a .av-special-heading-tag .heading-char{\nfont-size:25px;\n}\n.av-special-heading.av-lw6s0wwt-7d6636d656a032f0aa498cf1e58e908a .special-heading-inner-border{\nborder-color:#343c5d;\n}\n.av-special-heading.av-lw6s0wwt-7d6636d656a032f0aa498cf1e58e908a .av-subheading{\nfont-size:15px;\ncolor:#d4b786;\n}\n<\/style>\n<div  class='av-special-heading av-lw6s0wwt-7d6636d656a032f0aa498cf1e58e908a av-special-heading-h1 custom-color-heading blockquote modern-quote  avia-builder-el-8  el_before_av_hr  avia-builder-el-first '><div class='av_custom_color av-subheading av-subheading_above'><p>NOSSOS<\/p>\n<\/div><h1 class='av-special-heading-tag'  itemprop=\"headline\"  >VALORES FUNDAMENTAIS<\/h1><div class=\"special-heading-border\"><div class=\"special-heading-inner-border\"><\/div><\/div><\/div><br \/>\n<div  class='hr av-uzw1-fe6626d704078f575082f118b2886280 hr-default  avia-builder-el-9  el_after_av_heading  el_before_av_textblock '><span class='hr-inner '><span class=\"hr-inner-style\"><\/span><\/span><\/div><br \/>\n<section  class='av_textblock_section av-lw6s891j-13c3264e9ef434bbd15d5fe1994978ad '   itemscope=\"itemscope\" itemtype=\"https:\/\/schema.org\/CreativeWork\" ><div class='avia_textblock'  itemprop=\"text\" ><ul>\n<li>Confian\u00e7a: Agimos com transpar\u00eancia e \u00e9tica em todas as nossas a\u00e7\u00f5es, construindo uma rela\u00e7\u00e3o de confian\u00e7a m\u00fatua com os clientes.<\/li>\n<li>Comprometimento: Buscamos a excel\u00eancia em cada caso, dedicando todo o nosso conhecimento e expertise para alcan\u00e7ar os melhores resultados.<\/li>\n<li>Conex\u00e3o: Acreditamos na escuta ativa e na comunica\u00e7\u00e3o clara para entender as necessidades e expectativas dos nossos clientes.<\/li>\n<li>Determina\u00e7\u00e3o: Somos perseverantes na defesa dos direitos dos nossos clientes, buscando sempre o melhor resultado poss\u00edvel.<\/li>\n<li>Dedica\u00e7\u00e3o: Empenhamos todo o nosso esfor\u00e7o e aten\u00e7\u00e3o para cada caso, como se fosse o \u00fanico.<\/li>\n<li>Experi\u00eancia: Contamos com mais de 18 anos de atua\u00e7\u00e3o em diversas \u00e1reas do direito, oferecendo aos nossos clientes um conhecimento profundo e atualizado da legisla\u00e7\u00e3o.<\/li>\n<\/ul>\n<\/div><\/section><\/p><\/div><div  class='flex_column av-1iv85-d7d03037207d8733faf2b7d528022cb2 av_one_fourth  avia-builder-el-11  el_after_av_three_fourth  avia-builder-el-last  flex_column_div  '     ><style type=\"text\/css\" data-created_by=\"avia_inline_auto\" id=\"style-css-av-lw6tbtlz-e1e42f32fe4dabb5871e3ed74456e872\">\n.avia-image-container.av-lw6tbtlz-e1e42f32fe4dabb5871e3ed74456e872 img.avia_image{\nbox-shadow:none;\n}\n.avia-image-container.av-lw6tbtlz-e1e42f32fe4dabb5871e3ed74456e872 .av-image-caption-overlay-center{\ncolor:#ffffff;\n}\n<\/style>\n<div  class='avia-image-container av-lw6tbtlz-e1e42f32fe4dabb5871e3ed74456e872 av-styling- avia-align-center  avia-builder-el-12  avia-builder-el-no-sibling '   itemprop=\"image\" itemscope=\"itemscope\" itemtype=\"https:\/\/schema.org\/ImageObject\" ><div class=\"avia-image-container-inner\"><div class=\"avia-image-overlay-wrap\"><img decoding=\"async\" fetchpriority=\"high\" class='wp-image-164 avia-img-lazy-loading-not-164 avia_image ' src=\"https:\/\/tocchini.com.br\/wp-content\/uploads\/2024\/05\/high-angle-man-working-as-lawyer-687x1030.jpg\" alt='' title='TOCCHINI ADVOCACIA CAMPINAS'  height=\"1030\" width=\"687\"  itemprop=\"thumbnailUrl\" srcset=\"https:\/\/tocchini.com.br\/wp-content\/uploads\/2024\/05\/high-angle-man-working-as-lawyer-687x1030.jpg 687w, https:\/\/tocchini.com.br\/wp-content\/uploads\/2024\/05\/high-angle-man-working-as-lawyer-200x300.jpg 200w, https:\/\/tocchini.com.br\/wp-content\/uploads\/2024\/05\/high-angle-man-working-as-lawyer-768x1152.jpg 768w, https:\/\/tocchini.com.br\/wp-content\/uploads\/2024\/05\/high-angle-man-working-as-lawyer-1024x1536.jpg 1024w, https:\/\/tocchini.com.br\/wp-content\/uploads\/2024\/05\/high-angle-man-working-as-lawyer-1365x2048.jpg 1365w, https:\/\/tocchini.com.br\/wp-content\/uploads\/2024\/05\/high-angle-man-working-as-lawyer-1000x1500.jpg 1000w, https:\/\/tocchini.com.br\/wp-content\/uploads\/2024\/05\/high-angle-man-working-as-lawyer-470x705.jpg 470w, https:\/\/tocchini.com.br\/wp-content\/uploads\/2024\/05\/high-angle-man-working-as-lawyer-scaled.jpg 1707w\" sizes=\"(max-width: 687px) 100vw, 687px\" \/><\/div><\/div><\/div><\/div>\n<\/div><\/div><\/div><!-- close content main div --><\/div><\/div><div id='after_section_2'  class='main_color av_default_container_wrap container_wrap sidebar_right'  ><div class='container av-section-cont-open' ><div class='template-page content  av-content-small alpha units'><div class='post-entry post-entry-type-page post-entry-93'><div class='entry-content-wrapper clearfix'>\n\n<style type=\"text\/css\" data-created_by=\"avia_inline_auto\" id=\"style-css-av-6pq2t-437a6fba2258c9aea4cc19f6984bbe5f\">\n#top .av-special-heading.av-6pq2t-437a6fba2258c9aea4cc19f6984bbe5f{\npadding-bottom:10px;\n}\nbody .av-special-heading.av-6pq2t-437a6fba2258c9aea4cc19f6984bbe5f .av-special-heading-tag .heading-char{\nfont-size:25px;\n}\n.av-special-heading.av-6pq2t-437a6fba2258c9aea4cc19f6984bbe5f .av-subheading{\nfont-size:15px;\n}\n<\/style>\n<div  class='av-special-heading av-6pq2t-437a6fba2258c9aea4cc19f6984bbe5f av-special-heading-h1 blockquote modern-quote modern-centered  avia-builder-el-13  el_after_av_section  el_before_av_hr  avia-builder-el-first '><h1 class='av-special-heading-tag'  itemprop=\"headline\"  >ADVOGADOS<\/h1><div class=\"special-heading-border\"><div class=\"special-heading-inner-border\"><\/div><\/div><\/div>\n\n<style type=\"text\/css\" data-created_by=\"avia_inline_auto\" id=\"style-css-av-lvl74k40-2667b676ede3809e46d4ab1a66256ccd\">\n#top .hr.hr-invisible.av-lvl74k40-2667b676ede3809e46d4ab1a66256ccd{\nheight:25px;\n}\n<\/style>\n<div  class='hr av-lvl74k40-2667b676ede3809e46d4ab1a66256ccd hr-invisible  avia-builder-el-14  el_after_av_heading  el_before_av_layout_row  avia-builder-el-last '><span class='hr-inner '><span class=\"hr-inner-style\"><\/span><\/span><\/div>\n<\/div><\/div><\/div><!-- close content main div --><\/div><\/div><div id='av-layout-grid-1'  class='av-layout-grid-container av-na41-033c276a4bc23833aae88eee9552ef34 entry-content-wrapper main_color av-flex-cells  avia-builder-el-15  el_after_av_hr  el_before_av_section  grid-row-not-first  container_wrap sidebar_right'  >\n<div class='flex_cell av-5g3n1-1bfc2a05beb36afa4ec21b02edd1299a av-gridrow-cell av_one_half no_margin  avia-builder-el-16  el_before_av_cell_one_half  avia-builder-el-first '  ><div class='flex_cell_inner'><\/div><\/div> <div class='flex_cell av-4wz4x-7596921a99e7e9e464941ff77d71618e av-gridrow-cell av_one_half no_margin  avia-builder-el-17  el_after_av_cell_one_half  avia-builder-el-last '  ><div class='flex_cell_inner'><\/div><\/div>\n<\/div>\n\n<style type=\"text\/css\" data-created_by=\"avia_inline_auto\" id=\"style-css-av-4bh51-7bc483854c76548d08829846871fe840\">\n.avia-section.av-4bh51-7bc483854c76548d08829846871fe840{\nbackground-color:#f2d5ae;\nbackground-image:unset;\n}\n<\/style>\n<div id='av_section_3'  class='avia-section av-4bh51-7bc483854c76548d08829846871fe840 main_color avia-section-default avia-no-border-styling  avia-builder-el-18  el_after_av_layout_row  avia-builder-el-last  avia-bg-style-scroll container_wrap sidebar_right'  ><div class='container av-section-cont-open' ><div class='template-page content  av-content-small alpha units'><div class='post-entry post-entry-type-page post-entry-93'><div class='entry-content-wrapper clearfix'>\n<div class='flex_column_table av-ex6p-ffaa9dc5b6209dabec77d851ae6328fd sc-av_one_third av-equal-height-column-flextable'>\n<style type=\"text\/css\" data-created_by=\"avia_inline_auto\" id=\"style-css-av-ex6p-ffaa9dc5b6209dabec77d851ae6328fd\">\n#top .flex_column_table.av-equal-height-column-flextable.av-ex6p-ffaa9dc5b6209dabec77d851ae6328fd{\nmargin-top:-200px;\nmargin-bottom:0px;\n}\n.flex_column.av-ex6p-ffaa9dc5b6209dabec77d851ae6328fd{\nborder-radius:0px 0px 0px 0px;\npadding:40px 40px 40px 40px;\n}\n<\/style>\n<div  class='flex_column av-ex6p-ffaa9dc5b6209dabec77d851ae6328fd av_one_third  avia-builder-el-19  el_before_av_one_third  avia-builder-el-first  first flex_column_table_cell av-equal-height-column av-align-top  '     ><\/div><div class='av-flex-placeholder'><\/div>\n<style type=\"text\/css\" data-created_by=\"avia_inline_auto\" id=\"style-css-av-3atrt-eafc3a2c82c7440b62e771ce31dbd505\">\n#top .flex_column_table.av-equal-height-column-flextable.av-3atrt-eafc3a2c82c7440b62e771ce31dbd505{\nmargin-top:-200px;\nmargin-bottom:0px;\n}\n.flex_column.av-3atrt-eafc3a2c82c7440b62e771ce31dbd505{\nborder-radius:0px 0px 0px 0px;\npadding:40px 40px 40px 40px;\n}\n<\/style>\n<div  class='flex_column av-3atrt-eafc3a2c82c7440b62e771ce31dbd505 av_one_third  avia-builder-el-20  el_after_av_one_third  el_before_av_one_third  flex_column_table_cell av-equal-height-column av-align-top  '     ><p>\n<style type=\"text\/css\" data-created_by=\"avia_inline_auto\" id=\"style-css-av-2vjul-024c0af7b15efb9337e8789a1b97abf6\">\n.avia-image-container.av-2vjul-024c0af7b15efb9337e8789a1b97abf6 img.avia_image{\nbox-shadow:none;\n}\n.avia-image-container.av-2vjul-024c0af7b15efb9337e8789a1b97abf6 .av-image-caption-overlay-center{\ncolor:#ffffff;\n}\n<\/style>\n<div  class='avia-image-container av-2vjul-024c0af7b15efb9337e8789a1b97abf6 av-styling- avia-align-center  avia-builder-el-21  el_before_av_heading  avia-builder-el-first '   itemprop=\"image\" itemscope=\"itemscope\" itemtype=\"https:\/\/schema.org\/ImageObject\" ><div class=\"avia-image-container-inner\"><div class=\"avia-image-overlay-wrap\"><img decoding=\"async\" fetchpriority=\"high\" class='wp-image-95 avia-img-lazy-loading-not-95 avia_image ' src=\"https:\/\/tocchini.com.br\/wp-content\/uploads\/2024\/04\/justica-824x1030.jpg\" alt='' title='justica'  height=\"1030\" width=\"824\"  itemprop=\"thumbnailUrl\" srcset=\"https:\/\/tocchini.com.br\/wp-content\/uploads\/2024\/04\/justica-824x1030.jpg 824w, https:\/\/tocchini.com.br\/wp-content\/uploads\/2024\/04\/justica-240x300.jpg 240w, https:\/\/tocchini.com.br\/wp-content\/uploads\/2024\/04\/justica-768x960.jpg 768w, https:\/\/tocchini.com.br\/wp-content\/uploads\/2024\/04\/justica-564x705.jpg 564w, https:\/\/tocchini.com.br\/wp-content\/uploads\/2024\/04\/justica.jpg 1080w\" sizes=\"(max-width: 824px) 100vw, 824px\" \/><\/div><\/div><\/div><br \/>\n\n<style type=\"text\/css\" data-created_by=\"avia_inline_auto\" id=\"style-css-av-1v9r5-16023d6a56153fad3ac53a120c703e55\">\n#top .av-special-heading.av-1v9r5-16023d6a56153fad3ac53a120c703e55{\npadding-bottom:10px;\n}\nbody .av-special-heading.av-1v9r5-16023d6a56153fad3ac53a120c703e55 .av-special-heading-tag .heading-char{\nfont-size:25px;\n}\n.av-special-heading.av-1v9r5-16023d6a56153fad3ac53a120c703e55 .av-subheading{\nfont-size:15px;\n}\n<\/style>\n<div  class='av-special-heading av-1v9r5-16023d6a56153fad3ac53a120c703e55 av-special-heading-h3 blockquote modern-quote modern-centered  avia-builder-el-22  el_after_av_image  el_before_av_textblock '><h3 class='av-special-heading-tag'  itemprop=\"headline\"  >Dr. M\u00e1rio Tocchini Neto<\/h3><div class=\"special-heading-border\"><div class=\"special-heading-inner-border\"><\/div><\/div><\/div><br \/>\n<section  class='av_textblock_section av-5r3d-a4df5351af2d1c088c20cc97711591f4 '   itemscope=\"itemscope\" itemtype=\"https:\/\/schema.org\/CreativeWork\" ><div class='avia_textblock'  itemprop=\"text\" ><p style=\"text-align: justify;\">OAB\/SP 250.169, especialista em Direito Contratual pela Pontif\u00edcia Universidade Cat\u00f3lica de S\u00e3o Paulo &#8211; PUC, graduado em Direito pela Pontif\u00edcia Universidade Cat\u00f3lica de Campinas \u2013 PUCC, Especialista em Direito Tribut\u00e1rio pela Escola Superior de Advocacia da OAB \u2013 ESA, cursou Direito Processual Civil pela Escola Paulista de Magistratura \u2013 EPM, P\u00f3s Graduando em Recupera\u00e7\u00e3o Judicial e Fal\u00eancia \u2013 FADISP, P\u00f3s Graduando Direito e Economia pela UNICAMP;<\/p>\n<\/div><\/section><\/p><\/div><div class='av-flex-placeholder'><\/div>\n<style type=\"text\/css\" data-created_by=\"avia_inline_auto\" id=\"style-css-av-2nah1-fe12de81e0acb8a6eb4371af9110afba\">\n#top .flex_column_table.av-equal-height-column-flextable.av-2nah1-fe12de81e0acb8a6eb4371af9110afba{\nmargin-top:-200px;\nmargin-bottom:0px;\n}\n.flex_column.av-2nah1-fe12de81e0acb8a6eb4371af9110afba{\nborder-radius:0px 0px 0px 0px;\npadding:40px 40px 40px 40px;\n}\n<\/style>\n<div  class='flex_column av-2nah1-fe12de81e0acb8a6eb4371af9110afba av_one_third  avia-builder-el-24  el_after_av_one_third  avia-builder-el-last  flex_column_table_cell av-equal-height-column av-align-top  '     ><\/div><\/div><!--close column table wrapper. Autoclose: 1 --><\/div><\/div><\/div><!-- close content main div --><\/div><\/div><div id='after_section_3'  class='main_color av_default_container_wrap container_wrap sidebar_right'  ><div class='container av-section-cont-open' ><div class='template-page content  av-content-small alpha units'><div class='post-entry post-entry-type-page post-entry-93'><div class='entry-content-wrapper clearfix'>\n","protected":false},"excerpt":{"rendered":"","protected":false},"author":1,"featured_media":0,"parent":0,"menu_order":0,"comment_status":"closed","ping_status":"closed","template":"","meta":{"footnotes":""},"class_list":["post-93","page","type-page","status-publish","hentry"],"_links":{"self":[{"href":"https:\/\/tocchini.com.br\/index.php\/wp-json\/wp\/v2\/pages\/93","targetHints":{"allow":["GET"]}}],"collection":[{"href":"https:\/\/tocchini.com.br\/index.php\/wp-json\/wp\/v2\/pages"}],"about":[{"href":"https:\/\/tocchini.com.br\/index.php\/wp-json\/wp\/v2\/types\/page"}],"author":[{"embeddable":true,"href":"https:\/\/tocchini.com.br\/index.php\/wp-json\/wp\/v2\/users\/1"}],"replies":[{"embeddable":true,"href":"https:\/\/tocchini.com.br\/index.php\/wp-json\/wp\/v2\/comments?post=93"}],"version-history":[{"count":23,"href":"https:\/\/tocchini.com.br\/index.php\/wp-json\/wp\/v2\/pages\/93\/revisions"}],"predecessor-version":[{"id":957,"href":"https:\/\/tocchini.com.br\/index.php\/wp-json\/wp\/v2\/pages\/93\/revisions\/957"}],"wp:attachment":[{"href":"https:\/\/tocchini.com.br\/index.php\/wp-json\/wp\/v2\/media?parent=93"}],"curies":[{"name":"wp","href":"https:\/\/api.w.org\/{rel}","templated":true}]}}