{"id":916,"date":"2024-11-28T15:35:19","date_gmt":"2024-11-28T18:35:19","guid":{"rendered":"https:\/\/tocchini.com.br\/?page_id=916"},"modified":"2025-02-13T11:53:31","modified_gmt":"2025-02-13T14:53:31","slug":"direito-trabalhista-e-previdenciario","status":"publish","type":"page","link":"https:\/\/tocchini.com.br\/index.php\/areas\/direito-trabalhista-e-previdenciario\/","title":{"rendered":"DIREITO TRABALHISTA E PREVIDENCI\u00c1RIO"},"content":{"rendered":"<div  class='flex_column av-22qlr7-7aa52d90ef2b1f7c48c8365739efab34 av_one_full  avia-builder-el-0  el_before_av_section  avia-builder-el-no-sibling  first flex_column_div  '     ><section  class='av_textblock_section av-m41o4vdf-10109720372bc5a504f07962ab3d0161 '   itemscope=\"itemscope\" itemtype=\"https:\/\/schema.org\/CreativeWork\" ><div class='avia_textblock'  itemprop=\"text\" ><div align=\"justify\">No campo do Direito Trabalhista e Previdenci\u00e1rio, nosso escrit\u00f3rio oferece assessoria completa tanto para empregadores quanto para empregados. Lidamos com Demandas Trabalhistas, desde a preven\u00e7\u00e3o de lit\u00edgios trabalhistas at\u00e9 a defesa em a\u00e7\u00f5es judiciais. Al\u00e9m disso, oferecemos consultoria em Direito Previdenci\u00e1rio, orientando nossos clientes na obten\u00e7\u00e3o de benef\u00edcios, aposentadorias e na resolu\u00e7\u00e3o de quest\u00f5es relacionadas ao INSS. Nosso objetivo \u00e9 garantir rela\u00e7\u00f5es de trabalho justas e o cumprimento dos direitos e deveres de ambas as partes.<\/div>\n<\/div><\/section><\/div>\n<\/div><\/div><\/div><!-- close content main div --><\/div><\/div><div id='av_section_1'  class='avia-section av-12po04-4bb8cd1efd13f07b87570366d023c1eb main_color avia-section-default avia-no-border-styling  avia-builder-el-2  el_after_av_one_full  el_before_av_section  avia-bg-style-scroll container_wrap sidebar_right'  ><div class='container av-section-cont-open' ><div class='template-page content  av-content-small alpha units'><div class='post-entry post-entry-type-page post-entry-916'><div class='entry-content-wrapper clearfix'>\n\n<style type=\"text\/css\" data-created_by=\"avia_inline_auto\" id=\"style-css-av-m4wrzkwt-ce91cd3fa33db66b0de8c57d9af3801a\">\n#top .av-special-heading.av-m4wrzkwt-ce91cd3fa33db66b0de8c57d9af3801a{\npadding-bottom:10px;\n}\nbody .av-special-heading.av-m4wrzkwt-ce91cd3fa33db66b0de8c57d9af3801a .av-special-heading-tag .heading-char{\nfont-size:25px;\n}\n.av-special-heading.av-m4wrzkwt-ce91cd3fa33db66b0de8c57d9af3801a .av-subheading{\nfont-size:15px;\n}\n<\/style>\n<div  class='av-special-heading av-m4wrzkwt-ce91cd3fa33db66b0de8c57d9af3801a av-special-heading-h3  avia-builder-el-3  el_before_av_one_third  avia-builder-el-first '><h3 class='av-special-heading-tag'  itemprop=\"headline\"  >DEMANDAS TRABALHISTAS<\/h3><div class=\"special-heading-border\"><div class=\"special-heading-inner-border\"><\/div><\/div><\/div>\n<div  class='flex_column av-10okrn-62ef21dae3f8dae961f036fdf45efa38 av_one_third  avia-builder-el-4  el_after_av_heading  el_before_av_one_third  first flex_column_div  '     ><p>\n<style type=\"text\/css\" data-created_by=\"avia_inline_auto\" id=\"style-css-av-xjblv-b0d115766ddeae9fc74489961ffcce72\">\n.av_font_icon.av-xjblv-b0d115766ddeae9fc74489961ffcce72 .av-icon-char{\nfont-size:40px;\nline-height:40px;\n}\n<\/style>\n<span  class='av_font_icon av-xjblv-b0d115766ddeae9fc74489961ffcce72 avia_animate_when_visible av-icon-style- avia-icon-pos-center av-no-color avia-icon-animate'><span class='av-icon-char' aria-hidden='true' data-av_icon='\ue80b' data-av_iconfont='entypo-fontello' ><\/span><\/span><br \/>\n\n<style type=\"text\/css\" data-created_by=\"avia_inline_auto\" id=\"style-css-av-m41o72ec-5239e15472acd83d0c4d7ea1870366dd\">\n#top .av-special-heading.av-m41o72ec-5239e15472acd83d0c4d7ea1870366dd{\npadding-bottom:10px;\n}\nbody .av-special-heading.av-m41o72ec-5239e15472acd83d0c4d7ea1870366dd .av-special-heading-tag .heading-char{\nfont-size:25px;\n}\n.av-special-heading.av-m41o72ec-5239e15472acd83d0c4d7ea1870366dd .av-subheading{\nfont-size:15px;\n}\n<\/style>\n<div  class='av-special-heading av-m41o72ec-5239e15472acd83d0c4d7ea1870366dd av-special-heading-h3 blockquote modern-quote modern-centered  avia-builder-el-6  el_after_av_font_icon  avia-builder-el-last  av-linked-heading'><h3 class='av-special-heading-tag'  itemprop=\"headline\"  ><a class=\"av-heading-link\" href=\"https:\/\/tocchini.com.br\/index.php\/reclamacoes-trabalhistas\/\" >RECLAMA\u00c7\u00c3O TRABALHISTA<\/a><\/h3><div class=\"special-heading-border\"><div class=\"special-heading-inner-border\"><\/div><\/div><\/div><\/p><\/div><div  class='flex_column av-2w86r-70fedf3310104a1e18ad19db5f23e42d av_one_third  avia-builder-el-7  el_after_av_one_third  el_before_av_one_third  flex_column_div  '     ><p>\n<style type=\"text\/css\" data-created_by=\"avia_inline_auto\" id=\"style-css-av-av_font_icon-d678e8008b1da7597702152e5cce9aae\">\n.av_font_icon.av-av_font_icon-d678e8008b1da7597702152e5cce9aae .av-icon-char{\nfont-size:40px;\nline-height:40px;\n}\n<\/style>\n<span  class='av_font_icon av-av_font_icon-d678e8008b1da7597702152e5cce9aae avia_animate_when_visible av-icon-style- avia-icon-pos-center av-no-color avia-icon-animate'><span class='av-icon-char' aria-hidden='true' data-av_icon='\ue80b' data-av_iconfont='entypo-fontello' ><\/span><\/span><br \/>\n\n<style type=\"text\/css\" data-created_by=\"avia_inline_auto\" id=\"style-css-av-m41o78fj-1ba6cfc0b2c0baf91381c7ce1d573ca3\">\n#top .av-special-heading.av-m41o78fj-1ba6cfc0b2c0baf91381c7ce1d573ca3{\npadding-bottom:10px;\n}\nbody .av-special-heading.av-m41o78fj-1ba6cfc0b2c0baf91381c7ce1d573ca3 .av-special-heading-tag .heading-char{\nfont-size:25px;\n}\n.av-special-heading.av-m41o78fj-1ba6cfc0b2c0baf91381c7ce1d573ca3 .av-subheading{\nfont-size:15px;\n}\n<\/style>\n<div  class='av-special-heading av-m41o78fj-1ba6cfc0b2c0baf91381c7ce1d573ca3 av-special-heading-h3 blockquote modern-quote modern-centered  avia-builder-el-9  el_after_av_font_icon  avia-builder-el-last  av-linked-heading'><h3 class='av-special-heading-tag'  itemprop=\"headline\"  ><a class=\"av-heading-link\" href=\"https:\/\/tocchini.com.br\/index.php\/defesa-do-empregado-ou-empregador-em-processos-trabalhistas\/\" >DEFESA DO EMPREGADO OU EMPREGADOR EM PROCESSOS TRABALHISTAS<\/a><\/h3><div class=\"special-heading-border\"><div class=\"special-heading-inner-border\"><\/div><\/div><\/div><\/p><\/div><div  class='flex_column av-efcmr-c2039651c14ac80e913d6b20e4d2ec35 av_one_third  avia-builder-el-10  el_after_av_one_third  avia-builder-el-last  flex_column_div  '     ><p>\n<style type=\"text\/css\" data-created_by=\"avia_inline_auto\" id=\"style-css-av-av_font_icon-d678e8008b1da7597702152e5cce9aae\">\n.av_font_icon.av-av_font_icon-d678e8008b1da7597702152e5cce9aae .av-icon-char{\nfont-size:40px;\nline-height:40px;\n}\n<\/style>\n<span  class='av_font_icon av-av_font_icon-d678e8008b1da7597702152e5cce9aae avia_animate_when_visible av-icon-style- avia-icon-pos-center av-no-color avia-icon-animate'><span class='av-icon-char' aria-hidden='true' data-av_icon='\ue80b' data-av_iconfont='entypo-fontello' ><\/span><\/span><br \/>\n\n<style type=\"text\/css\" data-created_by=\"avia_inline_auto\" id=\"style-css-av-m41o7j3k-7795a3c80dd99d35695ccd77d932c685\">\n#top .av-special-heading.av-m41o7j3k-7795a3c80dd99d35695ccd77d932c685{\npadding-bottom:10px;\n}\nbody .av-special-heading.av-m41o7j3k-7795a3c80dd99d35695ccd77d932c685 .av-special-heading-tag .heading-char{\nfont-size:25px;\n}\n.av-special-heading.av-m41o7j3k-7795a3c80dd99d35695ccd77d932c685 .av-subheading{\nfont-size:15px;\n}\n<\/style>\n<div  class='av-special-heading av-m41o7j3k-7795a3c80dd99d35695ccd77d932c685 av-special-heading-h3 blockquote modern-quote modern-centered  avia-builder-el-12  el_after_av_font_icon  avia-builder-el-last  av-linked-heading'><h3 class='av-special-heading-tag'  itemprop=\"headline\"  ><a class=\"av-heading-link\" href=\"https:\/\/tocchini.com.br\/index.php\/assessoria-juridica-em-questoes-trabalhistas\/\" >ASSESSORIA JUR\u00cdDICA EM QUEST\u00d5ES TRABALHISTAS<\/a><\/h3><div class=\"special-heading-border\"><div class=\"special-heading-inner-border\"><\/div><\/div><\/div><\/p><\/div><\/div><\/div><\/div><!-- close content main div --><\/div><\/div><div id='av_section_2'  class='avia-section av-w1pvw-587333966634198c8e68421d1921f934 main_color avia-section-default avia-no-border-styling  avia-builder-el-13  el_after_av_section  avia-builder-el-last  avia-bg-style-scroll container_wrap sidebar_right'  ><div class='container av-section-cont-open' ><div class='template-page content  av-content-small alpha units'><div class='post-entry post-entry-type-page post-entry-916'><div class='entry-content-wrapper clearfix'>\n\n<style type=\"text\/css\" data-created_by=\"avia_inline_auto\" id=\"style-css-av-m50yuq34-373f57920323b34ae0e8c374fb7e3092\">\n#top .av-special-heading.av-m50yuq34-373f57920323b34ae0e8c374fb7e3092{\npadding-bottom:10px;\n}\nbody .av-special-heading.av-m50yuq34-373f57920323b34ae0e8c374fb7e3092 .av-special-heading-tag .heading-char{\nfont-size:25px;\n}\n.av-special-heading.av-m50yuq34-373f57920323b34ae0e8c374fb7e3092 .av-subheading{\nfont-size:15px;\n}\n<\/style>\n<div  class='av-special-heading av-m50yuq34-373f57920323b34ae0e8c374fb7e3092 av-special-heading-h3  avia-builder-el-14  el_before_av_one_half  avia-builder-el-first '><h3 class='av-special-heading-tag'  itemprop=\"headline\"  >PREVIDENCI\u00c1RIO<\/h3><div class=\"special-heading-border\"><div class=\"special-heading-inner-border\"><\/div><\/div><\/div>\n<div  class='flex_column av-rqh5g-a4defbf7a7930a8d060e9aaa65417813 av_one_half  avia-builder-el-15  el_after_av_heading  el_before_av_one_half  first flex_column_div  '     ><p>\n<style type=\"text\/css\" data-created_by=\"avia_inline_auto\" id=\"style-css-av-av_font_icon-d678e8008b1da7597702152e5cce9aae\">\n.av_font_icon.av-av_font_icon-d678e8008b1da7597702152e5cce9aae .av-icon-char{\nfont-size:40px;\nline-height:40px;\n}\n<\/style>\n<span  class='av_font_icon av-av_font_icon-d678e8008b1da7597702152e5cce9aae avia_animate_when_visible av-icon-style- avia-icon-pos-center av-no-color avia-icon-animate'><span class='av-icon-char' aria-hidden='true' data-av_icon='\ue80b' data-av_iconfont='entypo-fontello' ><\/span><\/span><br \/>\n\n<style type=\"text\/css\" data-created_by=\"avia_inline_auto\" id=\"style-css-av-m50yv29y-fae7b3d6e779e78abcffd1d3b736d896\">\n#top .av-special-heading.av-m50yv29y-fae7b3d6e779e78abcffd1d3b736d896{\npadding-bottom:10px;\n}\nbody .av-special-heading.av-m50yv29y-fae7b3d6e779e78abcffd1d3b736d896 .av-special-heading-tag .heading-char{\nfont-size:25px;\n}\n.av-special-heading.av-m50yv29y-fae7b3d6e779e78abcffd1d3b736d896 .av-subheading{\nfont-size:15px;\n}\n<\/style>\n<div  class='av-special-heading av-m50yv29y-fae7b3d6e779e78abcffd1d3b736d896 av-special-heading-h3 blockquote modern-quote modern-centered  avia-builder-el-17  el_after_av_font_icon  avia-builder-el-last  av-linked-heading'><h3 class='av-special-heading-tag'  itemprop=\"headline\"  ><a class=\"av-heading-link\" href=\"https:\/\/tocchini.com.br\/index.php\/aposentadoria-auxilio-doenca-e-outros-beneficios-previdenciarios\/\" >APOSENTADORIA, AUX\u00cdLIO-DOEN\u00c7A E OUTROS BENEF\u00cdCIOS PREVIDENCI\u00c1RIOS<\/a><\/h3><div class=\"special-heading-border\"><div class=\"special-heading-inner-border\"><\/div><\/div><\/div><\/p><\/div><div  class='flex_column av-hl904-e29be3cc3b11b3fb3075ee1e684f38d4 av_one_half  avia-builder-el-18  el_after_av_one_half  avia-builder-el-last  flex_column_div  '     ><p>\n<style type=\"text\/css\" data-created_by=\"avia_inline_auto\" id=\"style-css-av-av_font_icon-d678e8008b1da7597702152e5cce9aae\">\n.av_font_icon.av-av_font_icon-d678e8008b1da7597702152e5cce9aae .av-icon-char{\nfont-size:40px;\nline-height:40px;\n}\n<\/style>\n<span  class='av_font_icon av-av_font_icon-d678e8008b1da7597702152e5cce9aae avia_animate_when_visible av-icon-style- avia-icon-pos-center av-no-color avia-icon-animate'><span class='av-icon-char' aria-hidden='true' data-av_icon='\ue80b' data-av_iconfont='entypo-fontello' ><\/span><\/span><br \/>\n\n<style type=\"text\/css\" data-created_by=\"avia_inline_auto\" id=\"style-css-av-m50yvle0-10cf67c0322584678b7a9ab58e83dfed\">\n#top .av-special-heading.av-m50yvle0-10cf67c0322584678b7a9ab58e83dfed{\npadding-bottom:10px;\n}\nbody .av-special-heading.av-m50yvle0-10cf67c0322584678b7a9ab58e83dfed .av-special-heading-tag .heading-char{\nfont-size:25px;\n}\n.av-special-heading.av-m50yvle0-10cf67c0322584678b7a9ab58e83dfed .av-subheading{\nfont-size:15px;\n}\n<\/style>\n<div  class='av-special-heading av-m50yvle0-10cf67c0322584678b7a9ab58e83dfed av-special-heading-h3 blockquote modern-quote modern-centered  avia-builder-el-20  el_after_av_font_icon  avia-builder-el-last  av-linked-heading'><h3 class='av-special-heading-tag'  itemprop=\"headline\"  ><a class=\"av-heading-link\" href=\"https:\/\/tocchini.com.br\/index.php\/acoes-judiciais-contra-o-inss\/\" >A\u00c7\u00d5ES JUDICIAIS CONTRA O INSS<\/a><\/h3><div class=\"special-heading-border\"><div class=\"special-heading-inner-border\"><\/div><\/div><\/div><\/p><\/div><\/div><\/div><\/div><!-- close content main div --><\/div><\/div><div id='after_section_2'  class='main_color av_default_container_wrap container_wrap sidebar_right'  ><div class='container av-section-cont-open' ><div class='template-page content  av-content-small alpha units'><div class='post-entry post-entry-type-page post-entry-916'><div class='entry-content-wrapper clearfix'><\/p>\n","protected":false},"excerpt":{"rendered":"","protected":false},"author":1,"featured_media":0,"parent":831,"menu_order":0,"comment_status":"closed","ping_status":"closed","template":"","meta":{"footnotes":""},"class_list":["post-916","page","type-page","status-publish","hentry"],"_links":{"self":[{"href":"https:\/\/tocchini.com.br\/index.php\/wp-json\/wp\/v2\/pages\/916","targetHints":{"allow":["GET"]}}],"collection":[{"href":"https:\/\/tocchini.com.br\/index.php\/wp-json\/wp\/v2\/pages"}],"about":[{"href":"https:\/\/tocchini.com.br\/index.php\/wp-json\/wp\/v2\/types\/page"}],"author":[{"embeddable":true,"href":"https:\/\/tocchini.com.br\/index.php\/wp-json\/wp\/v2\/users\/1"}],"replies":[{"embeddable":true,"href":"https:\/\/tocchini.com.br\/index.php\/wp-json\/wp\/v2\/comments?post=916"}],"version-history":[{"count":5,"href":"https:\/\/tocchini.com.br\/index.php\/wp-json\/wp\/v2\/pages\/916\/revisions"}],"predecessor-version":[{"id":1061,"href":"https:\/\/tocchini.com.br\/index.php\/wp-json\/wp\/v2\/pages\/916\/revisions\/1061"}],"up":[{"embeddable":true,"href":"https:\/\/tocchini.com.br\/index.php\/wp-json\/wp\/v2\/pages\/831"}],"wp:attachment":[{"href":"https:\/\/tocchini.com.br\/index.php\/wp-json\/wp\/v2\/media?parent=916"}],"curies":[{"name":"wp","href":"https:\/\/api.w.org\/{rel}","templated":true}]}}