{"id":913,"date":"2024-11-28T15:35:19","date_gmt":"2024-11-28T18:35:19","guid":{"rendered":"https:\/\/tocchini.com.br\/?page_id=913"},"modified":"2025-02-13T11:54:07","modified_gmt":"2025-02-13T14:54:07","slug":"direito-administrativo","status":"publish","type":"page","link":"https:\/\/tocchini.com.br\/index.php\/areas\/direito-administrativo\/","title":{"rendered":"DIREITO ADMINITRATIVO"},"content":{"rendered":"<div  class='flex_column av-22qlr7-7aa52d90ef2b1f7c48c8365739efab34 av_one_full  avia-builder-el-0  el_before_av_heading  avia-builder-el-first  first flex_column_div  '     ><section  class='av_textblock_section av-m41o4vdf-10109720372bc5a504f07962ab3d0161 '   itemscope=\"itemscope\" itemtype=\"https:\/\/schema.org\/CreativeWork\" ><div class='avia_textblock'  itemprop=\"text\" ><div align=\"justify\">Somos especialistas em Direito Administrativo, com vasta experi\u00eancia em Licita\u00e7\u00f5es e Demandas Coligadas, incluindo recursos administrativos e atua\u00e7\u00e3o junto ao Tribunal de Contas. Nossa equipe oferece assessoria completa para empresas que buscam contratar com o poder p\u00fablico ou que necessitam de defesa em processos administrativos, garantindo a observ\u00e2ncia das normas legais e a maximiza\u00e7\u00e3o das chances de sucesso.<\/div>\n<\/div><\/section><\/div>\n\n<style type=\"text\/css\" data-created_by=\"avia_inline_auto\" id=\"style-css-av-m4wrzkwt-f03d331592347bdf0947d8f06cf3f16a\">\n#top .av-special-heading.av-m4wrzkwt-f03d331592347bdf0947d8f06cf3f16a{\npadding-bottom:10px;\n}\nbody .av-special-heading.av-m4wrzkwt-f03d331592347bdf0947d8f06cf3f16a .av-special-heading-tag .heading-char{\nfont-size:25px;\n}\n.av-special-heading.av-m4wrzkwt-f03d331592347bdf0947d8f06cf3f16a .av-subheading{\nfont-size:15px;\n}\n<\/style>\n<div  class='av-special-heading av-m4wrzkwt-f03d331592347bdf0947d8f06cf3f16a av-special-heading-h3  avia-builder-el-2  el_after_av_one_full  el_before_av_hr '><h3 class='av-special-heading-tag'  itemprop=\"headline\"  >LICITA\u00c7\u00d5ES E DEMANDAS COLIGADAS (RECURSOS ADMINISTRATIVO \u2013 TRIBUNAL DE CONTAS)<\/h3><div class=\"special-heading-border\"><div class=\"special-heading-inner-border\"><\/div><\/div><\/div>\n<div  class='hr av-7fsd5-1e000ffc8a2d07d109e9e62ffdc21e3d hr-default  avia-builder-el-3  el_after_av_heading  el_before_av_one_third '><span class='hr-inner '><span class=\"hr-inner-style\"><\/span><\/span><\/div>\n<div  class='flex_column av-10okrn-62ef21dae3f8dae961f036fdf45efa38 av_one_third  avia-builder-el-4  el_after_av_hr  el_before_av_one_third  first flex_column_div  '     ><p>\n<style type=\"text\/css\" data-created_by=\"avia_inline_auto\" id=\"style-css-av-xjblv-a9419be525dc9d12c7466bec4abc71b8\">\n.av_font_icon.av-xjblv-a9419be525dc9d12c7466bec4abc71b8 .av-icon-char{\nfont-size:40px;\nline-height:40px;\n}\n<\/style>\n<span  class='av_font_icon av-xjblv-a9419be525dc9d12c7466bec4abc71b8 avia_animate_when_visible av-icon-style- avia-icon-pos-center av-no-color avia-icon-animate'><span class='av-icon-char' aria-hidden='true' data-av_icon='\ue851' data-av_iconfont='entypo-fontello' ><\/span><\/span><br \/>\n\n<style type=\"text\/css\" data-created_by=\"avia_inline_auto\" id=\"style-css-av-m41o72ec-81ffff5d5054049eec51d92a99185ece\">\n#top .av-special-heading.av-m41o72ec-81ffff5d5054049eec51d92a99185ece{\npadding-bottom:10px;\n}\nbody .av-special-heading.av-m41o72ec-81ffff5d5054049eec51d92a99185ece .av-special-heading-tag .heading-char{\nfont-size:25px;\n}\n.av-special-heading.av-m41o72ec-81ffff5d5054049eec51d92a99185ece .av-subheading{\nfont-size:15px;\n}\n<\/style>\n<div  class='av-special-heading av-m41o72ec-81ffff5d5054049eec51d92a99185ece av-special-heading-h3 blockquote modern-quote modern-centered  avia-builder-el-6  el_after_av_font_icon  avia-builder-el-last  av-linked-heading'><h3 class='av-special-heading-tag'  itemprop=\"headline\"  ><a class=\"av-heading-link\" href=\"https:\/\/tocchini.com.br\/index.php\/assessoria-juridica-em-processos-licitatorios\/\" >ASSESSORIA JUR\u00cdDICA EM PROCESSOS LICITAT\u00d3RIOS<\/a><\/h3><div class=\"special-heading-border\"><div class=\"special-heading-inner-border\"><\/div><\/div><\/div><\/p><\/div><div  class='flex_column av-2w86r-70fedf3310104a1e18ad19db5f23e42d av_one_third  avia-builder-el-7  el_after_av_one_third  el_before_av_one_third  flex_column_div  '     ><p>\n<style type=\"text\/css\" data-created_by=\"avia_inline_auto\" id=\"style-css-av-av_font_icon-3e506ca9a4a8c7d26296d28471bb0258\">\n.av_font_icon.av-av_font_icon-3e506ca9a4a8c7d26296d28471bb0258 .av-icon-char{\nfont-size:40px;\nline-height:40px;\n}\n<\/style>\n<span  class='av_font_icon av-av_font_icon-3e506ca9a4a8c7d26296d28471bb0258 avia_animate_when_visible av-icon-style- avia-icon-pos-center av-no-color avia-icon-animate'><span class='av-icon-char' aria-hidden='true' data-av_icon='\ue851' data-av_iconfont='entypo-fontello' ><\/span><\/span><br \/>\n\n<style type=\"text\/css\" data-created_by=\"avia_inline_auto\" id=\"style-css-av-m41o78fj-1543b981bef8e7eee4c89876344e9a89\">\n#top .av-special-heading.av-m41o78fj-1543b981bef8e7eee4c89876344e9a89{\npadding-bottom:10px;\n}\nbody .av-special-heading.av-m41o78fj-1543b981bef8e7eee4c89876344e9a89 .av-special-heading-tag .heading-char{\nfont-size:25px;\n}\n.av-special-heading.av-m41o78fj-1543b981bef8e7eee4c89876344e9a89 .av-subheading{\nfont-size:15px;\n}\n<\/style>\n<div  class='av-special-heading av-m41o78fj-1543b981bef8e7eee4c89876344e9a89 av-special-heading-h3 blockquote modern-quote modern-centered  avia-builder-el-9  el_after_av_font_icon  avia-builder-el-last  av-linked-heading'><h3 class='av-special-heading-tag'  itemprop=\"headline\"  ><a class=\"av-heading-link\" href=\"https:\/\/tocchini.com.br\/index.php\/recursos-administrativos-contra-decisoes-do-poder-publico\/\" >RECURSOS AMINISTRATIVOS CONTRA DECIS\u00d5ES DO PODER P\u00daBLICO<\/a><\/h3><div class=\"special-heading-border\"><div class=\"special-heading-inner-border\"><\/div><\/div><\/div><\/p><\/div><div  class='flex_column av-efcmr-c2039651c14ac80e913d6b20e4d2ec35 av_one_third  avia-builder-el-10  el_after_av_one_third  avia-builder-el-last  flex_column_div  '     ><p>\n<style type=\"text\/css\" data-created_by=\"avia_inline_auto\" id=\"style-css-av-av_font_icon-3e506ca9a4a8c7d26296d28471bb0258\">\n.av_font_icon.av-av_font_icon-3e506ca9a4a8c7d26296d28471bb0258 .av-icon-char{\nfont-size:40px;\nline-height:40px;\n}\n<\/style>\n<span  class='av_font_icon av-av_font_icon-3e506ca9a4a8c7d26296d28471bb0258 avia_animate_when_visible av-icon-style- avia-icon-pos-center av-no-color avia-icon-animate'><span class='av-icon-char' aria-hidden='true' data-av_icon='\ue851' data-av_iconfont='entypo-fontello' ><\/span><\/span><br \/>\n\n<style type=\"text\/css\" data-created_by=\"avia_inline_auto\" id=\"style-css-av-m41o7j3k-081262dde79a5032a0091f409dbf6bbb\">\n#top .av-special-heading.av-m41o7j3k-081262dde79a5032a0091f409dbf6bbb{\npadding-bottom:10px;\n}\nbody .av-special-heading.av-m41o7j3k-081262dde79a5032a0091f409dbf6bbb .av-special-heading-tag .heading-char{\nfont-size:25px;\n}\n.av-special-heading.av-m41o7j3k-081262dde79a5032a0091f409dbf6bbb .av-subheading{\nfont-size:15px;\n}\n<\/style>\n<div  class='av-special-heading av-m41o7j3k-081262dde79a5032a0091f409dbf6bbb av-special-heading-h3 blockquote modern-quote modern-centered  avia-builder-el-12  el_after_av_font_icon  avia-builder-el-last  av-linked-heading'><h3 class='av-special-heading-tag'  itemprop=\"headline\"  ><a class=\"av-heading-link\" href=\"https:\/\/tocchini.com.br\/index.php\/defesa-perante-o-tribunal-de-contas-da-uniao-tcu\/\" >DEFESA PERANTE O TRIBUNAL DE CONTAS DA UNI\u00c3O (TCU)<\/a><\/h3><div class=\"special-heading-border\"><div class=\"special-heading-inner-border\"><\/div><\/div><\/div><\/p><\/div><\/p>\n","protected":false},"excerpt":{"rendered":"","protected":false},"author":1,"featured_media":0,"parent":831,"menu_order":0,"comment_status":"closed","ping_status":"closed","template":"","meta":{"footnotes":""},"class_list":["post-913","page","type-page","status-publish","hentry"],"_links":{"self":[{"href":"https:\/\/tocchini.com.br\/index.php\/wp-json\/wp\/v2\/pages\/913","targetHints":{"allow":["GET"]}}],"collection":[{"href":"https:\/\/tocchini.com.br\/index.php\/wp-json\/wp\/v2\/pages"}],"about":[{"href":"https:\/\/tocchini.com.br\/index.php\/wp-json\/wp\/v2\/types\/page"}],"author":[{"embeddable":true,"href":"https:\/\/tocchini.com.br\/index.php\/wp-json\/wp\/v2\/users\/1"}],"replies":[{"embeddable":true,"href":"https:\/\/tocchini.com.br\/index.php\/wp-json\/wp\/v2\/comments?post=913"}],"version-history":[{"count":5,"href":"https:\/\/tocchini.com.br\/index.php\/wp-json\/wp\/v2\/pages\/913\/revisions"}],"predecessor-version":[{"id":1060,"href":"https:\/\/tocchini.com.br\/index.php\/wp-json\/wp\/v2\/pages\/913\/revisions\/1060"}],"up":[{"embeddable":true,"href":"https:\/\/tocchini.com.br\/index.php\/wp-json\/wp\/v2\/pages\/831"}],"wp:attachment":[{"href":"https:\/\/tocchini.com.br\/index.php\/wp-json\/wp\/v2\/media?parent=913"}],"curies":[{"name":"wp","href":"https:\/\/api.w.org\/{rel}","templated":true}]}}