{"id":910,"date":"2024-11-28T15:35:19","date_gmt":"2024-11-28T18:35:19","guid":{"rendered":"https:\/\/tocchini.com.br\/?page_id=910"},"modified":"2025-02-13T11:48:30","modified_gmt":"2025-02-13T14:48:30","slug":"gestao-juridica-estrategica","status":"publish","type":"page","link":"https:\/\/tocchini.com.br\/index.php\/areas\/gestao-juridica-estrategica\/","title":{"rendered":"GEST\u00c3O JUR\u00cdDICA ESTRAT\u00c9GICA"},"content":{"rendered":"<div  class='flex_column av-22qlr7-7aa52d90ef2b1f7c48c8365739efab34 av_one_full  avia-builder-el-0  el_before_av_heading  avia-builder-el-first  first flex_column_div  '     ><section  class='av_textblock_section av-m41o4vdf-10109720372bc5a504f07962ab3d0161 '   itemscope=\"itemscope\" itemtype=\"https:\/\/schema.org\/CreativeWork\" ><div class='avia_textblock'  itemprop=\"text\" ><div align=\"justify\">Com uma abordagem inovadora, focamos na Gest\u00e3o Estrat\u00e9gica de Demandas Jur\u00eddicas Complexas, oferecendo n\u00e3o apenas a solu\u00e7\u00e3o de lit\u00edgios, mas tamb\u00e9m a preven\u00e7\u00e3o de conflitos e a otimiza\u00e7\u00e3o de oportunidades legais. Nossa equipe atua como verdadeira parceira dos nossos clientes, antecipando riscos e elaborando estrat\u00e9gias jur\u00eddicas alinhadas aos seus objetivos de neg\u00f3cio.<\/div>\n<\/div><\/section><\/div>\n\n<style type=\"text\/css\" data-created_by=\"avia_inline_auto\" id=\"style-css-av-m4wrzkwt-a42b09ba9ed9826326d414171b332267\">\n#top .av-special-heading.av-m4wrzkwt-a42b09ba9ed9826326d414171b332267{\npadding-bottom:10px;\n}\nbody .av-special-heading.av-m4wrzkwt-a42b09ba9ed9826326d414171b332267 .av-special-heading-tag .heading-char{\nfont-size:25px;\n}\n.av-special-heading.av-m4wrzkwt-a42b09ba9ed9826326d414171b332267 .av-subheading{\nfont-size:15px;\n}\n<\/style>\n<div  class='av-special-heading av-m4wrzkwt-a42b09ba9ed9826326d414171b332267 av-special-heading-h3  avia-builder-el-2  el_after_av_one_full  el_before_av_one_half '><h3 class='av-special-heading-tag'  itemprop=\"headline\"  >GEST\u00c3O ESTRAT\u00c9GICA DE DEMANDAS JUR\u00cdDICAS COMPLEXAS<\/h3><div class=\"special-heading-border\"><div class=\"special-heading-inner-border\"><\/div><\/div><\/div>\n<div  class='flex_column av-10okrn-62ef21dae3f8dae961f036fdf45efa38 av_one_half  avia-builder-el-3  el_after_av_heading  el_before_av_one_half  first flex_column_div  '     ><p>\n<style type=\"text\/css\" data-created_by=\"avia_inline_auto\" id=\"style-css-av-xjblv-0eb3a241ac8b090edf34b2b0c6707974\">\n.av_font_icon.av-xjblv-0eb3a241ac8b090edf34b2b0c6707974 .av-icon-char{\nfont-size:40px;\nline-height:40px;\n}\n<\/style>\n<span  class='av_font_icon av-xjblv-0eb3a241ac8b090edf34b2b0c6707974 avia_animate_when_visible av-icon-style- avia-icon-pos-center av-no-color avia-icon-animate'><span class='av-icon-char' aria-hidden='true' data-av_icon='\ue8a3' data-av_iconfont='entypo-fontello' ><\/span><\/span><br \/>\n\n<style type=\"text\/css\" data-created_by=\"avia_inline_auto\" id=\"style-css-av-m41o72ec-5ba99ec1845e789c745ce03283b6affb\">\n#top .av-special-heading.av-m41o72ec-5ba99ec1845e789c745ce03283b6affb{\npadding-bottom:10px;\n}\nbody .av-special-heading.av-m41o72ec-5ba99ec1845e789c745ce03283b6affb .av-special-heading-tag .heading-char{\nfont-size:25px;\n}\n.av-special-heading.av-m41o72ec-5ba99ec1845e789c745ce03283b6affb .av-subheading{\nfont-size:15px;\n}\n<\/style>\n<div  class='av-special-heading av-m41o72ec-5ba99ec1845e789c745ce03283b6affb av-special-heading-h3 blockquote modern-quote modern-centered  avia-builder-el-5  el_after_av_font_icon  avia-builder-el-last  av-linked-heading'><h3 class='av-special-heading-tag'  itemprop=\"headline\"  ><a class=\"av-heading-link\" href=\"https:\/\/tocchini.com.br\/index.php\/planejamento-e-implementacao-de-estrategias-juridicas-complexas\/\" >PLANEJAMENTO E IMPLEMENTA\u00c7\u00c3O DE ESTRAT\u00c9GIAS JUR\u00cdDICAS COMPLEXAS<\/a><\/h3><div class=\"special-heading-border\"><div class=\"special-heading-inner-border\"><\/div><\/div><\/div><\/p><\/div><div  class='flex_column av-2w86r-70fedf3310104a1e18ad19db5f23e42d av_one_half  avia-builder-el-6  el_after_av_one_half  avia-builder-el-last  flex_column_div  '     ><p>\n<style type=\"text\/css\" data-created_by=\"avia_inline_auto\" id=\"style-css-av-av_font_icon-a53dadb9e6e26f4ab271a44d1de2e2ba\">\n.av_font_icon.av-av_font_icon-a53dadb9e6e26f4ab271a44d1de2e2ba .av-icon-char{\nfont-size:40px;\nline-height:40px;\n}\n<\/style>\n<span  class='av_font_icon av-av_font_icon-a53dadb9e6e26f4ab271a44d1de2e2ba avia_animate_when_visible av-icon-style- avia-icon-pos-center av-no-color avia-icon-animate'><span class='av-icon-char' aria-hidden='true' data-av_icon='\ue8a3' data-av_iconfont='entypo-fontello' ><\/span><\/span><br \/>\n\n<style type=\"text\/css\" data-created_by=\"avia_inline_auto\" id=\"style-css-av-m41o78fj-e21c707b4967d794609885a76ebb4643\">\n#top .av-special-heading.av-m41o78fj-e21c707b4967d794609885a76ebb4643{\npadding-bottom:10px;\n}\nbody .av-special-heading.av-m41o78fj-e21c707b4967d794609885a76ebb4643 .av-special-heading-tag .heading-char{\nfont-size:25px;\n}\n.av-special-heading.av-m41o78fj-e21c707b4967d794609885a76ebb4643 .av-subheading{\nfont-size:15px;\n}\n<\/style>\n<div  class='av-special-heading av-m41o78fj-e21c707b4967d794609885a76ebb4643 av-special-heading-h3 blockquote modern-quote modern-centered  avia-builder-el-8  el_after_av_font_icon  avia-builder-el-last  av-linked-heading'><h3 class='av-special-heading-tag'  itemprop=\"headline\"  ><a class=\"av-heading-link\" href=\"https:\/\/tocchini.com.br\/index.php\/assessoria-juridica-preventiva-para-mitigar-riscos\/\" >ASSESSORIA JUR\u00cdDICA PREVENTIVA PARA MITIGAR RISCOS<\/a><\/h3><div class=\"special-heading-border\"><div class=\"special-heading-inner-border\"><\/div><\/div><\/div><\/p><\/div><\/p>\n","protected":false},"excerpt":{"rendered":"","protected":false},"author":1,"featured_media":0,"parent":831,"menu_order":0,"comment_status":"closed","ping_status":"closed","template":"","meta":{"footnotes":""},"class_list":["post-910","page","type-page","status-publish","hentry"],"_links":{"self":[{"href":"https:\/\/tocchini.com.br\/index.php\/wp-json\/wp\/v2\/pages\/910","targetHints":{"allow":["GET"]}}],"collection":[{"href":"https:\/\/tocchini.com.br\/index.php\/wp-json\/wp\/v2\/pages"}],"about":[{"href":"https:\/\/tocchini.com.br\/index.php\/wp-json\/wp\/v2\/types\/page"}],"author":[{"embeddable":true,"href":"https:\/\/tocchini.com.br\/index.php\/wp-json\/wp\/v2\/users\/1"}],"replies":[{"embeddable":true,"href":"https:\/\/tocchini.com.br\/index.php\/wp-json\/wp\/v2\/comments?post=910"}],"version-history":[{"count":2,"href":"https:\/\/tocchini.com.br\/index.php\/wp-json\/wp\/v2\/pages\/910\/revisions"}],"predecessor-version":[{"id":1059,"href":"https:\/\/tocchini.com.br\/index.php\/wp-json\/wp\/v2\/pages\/910\/revisions\/1059"}],"up":[{"embeddable":true,"href":"https:\/\/tocchini.com.br\/index.php\/wp-json\/wp\/v2\/pages\/831"}],"wp:attachment":[{"href":"https:\/\/tocchini.com.br\/index.php\/wp-json\/wp\/v2\/media?parent=910"}],"curies":[{"name":"wp","href":"https:\/\/api.w.org\/{rel}","templated":true}]}}