{"id":903,"date":"2024-11-28T15:35:19","date_gmt":"2024-11-28T18:35:19","guid":{"rendered":"https:\/\/tocchini.com.br\/?page_id=903"},"modified":"2025-02-13T11:46:42","modified_gmt":"2025-02-13T14:46:42","slug":"startups-e-contratos-especificos","status":"publish","type":"page","link":"https:\/\/tocchini.com.br\/index.php\/areas\/startups-e-contratos-especificos\/","title":{"rendered":"STARTUPS E CONTRATOS ESPEC\u00cdFICOS"},"content":{"rendered":"<div  class='flex_column av-22qlr7-7aa52d90ef2b1f7c48c8365739efab34 av_one_full  avia-builder-el-0  el_before_av_section  avia-builder-el-no-sibling  first flex_column_div  '     ><section  class='av_textblock_section av-m41o4vdf-10109720372bc5a504f07962ab3d0161 '   itemscope=\"itemscope\" itemtype=\"https:\/\/schema.org\/CreativeWork\" ><div class='avia_textblock'  itemprop=\"text\" ><div align=\"justify\">Nossa equipe \u00e9 altamente qualificada para atender \u00e0s necessidades jur\u00eddicas de startups e empresas inovadoras. Oferecemos solu\u00e7\u00f5es para Startups, auxiliando desde a fase de concep\u00e7\u00e3o at\u00e9 a consolida\u00e7\u00e3o no mercado, com \u00eanfase na gest\u00e3o jur\u00eddica de contratos complexos, especialmente em Turismo Corporativo e Contratos de Marketing e Comunica\u00e7\u00e3o. Nosso objetivo \u00e9 garantir que as bases legais dessas empresas estejam s\u00f3lidas para suportar seu crescimento acelerado e proteger suas inova\u00e7\u00f5es.<\/div>\n<\/div><\/section><\/div>\n<\/div><\/div><\/div><!-- close content main div --><\/div><\/div><div id='av_section_1'  class='avia-section av-1007s-63421bf3b51574dc6d3dd07ecb350d89 main_color avia-section-default avia-no-border-styling  avia-builder-el-2  el_after_av_one_full  el_before_av_section  avia-bg-style-scroll container_wrap sidebar_right'  ><div class='container av-section-cont-open' ><div class='template-page content  av-content-small alpha units'><div class='post-entry post-entry-type-page post-entry-903'><div class='entry-content-wrapper clearfix'>\n\n<style type=\"text\/css\" data-created_by=\"avia_inline_auto\" id=\"style-css-av-m4wrafzt-052d5c8d89664cde1c485c0cdd3ca695\">\n#top .av-special-heading.av-m4wrafzt-052d5c8d89664cde1c485c0cdd3ca695{\npadding-bottom:10px;\n}\nbody .av-special-heading.av-m4wrafzt-052d5c8d89664cde1c485c0cdd3ca695 .av-special-heading-tag .heading-char{\nfont-size:25px;\n}\n.av-special-heading.av-m4wrafzt-052d5c8d89664cde1c485c0cdd3ca695 .av-subheading{\nfont-size:15px;\n}\n<\/style>\n<div  class='av-special-heading av-m4wrafzt-052d5c8d89664cde1c485c0cdd3ca695 av-special-heading-h3  avia-builder-el-3  el_before_av_textblock  avia-builder-el-first '><h3 class='av-special-heading-tag'  itemprop=\"headline\"  >SOLU\u00c7\u00d5ES PARA STARTUPS<\/h3><div class=\"special-heading-border\"><div class=\"special-heading-inner-border\"><\/div><\/div><\/div>\n<section  class='av_textblock_section av-m50xhvfd-ecbc0aa40f130fba5b8588f2ce1f64a0 '   itemscope=\"itemscope\" itemtype=\"https:\/\/schema.org\/CreativeWork\" ><div class='avia_textblock'  itemprop=\"text\" ><div align=\"justify\">Atrav\u00e9s de uma abordagem colaborativa, trabalhamos de perto com as startups para entender suas necessidades espec\u00edficas, aspira\u00e7\u00f5es e desafios. Nosso compromisso vai al\u00e9m da presta\u00e7\u00e3o de servi\u00e7os jur\u00eddicos; atuamos como verdadeiros parceiros estrat\u00e9gicos, contribuindo para o crescimento, inova\u00e7\u00e3o e sucesso a longo prazo das empresas que representamos. Com a combina\u00e7\u00e3o de nossa expertise legal, compromisso com a excel\u00eancia e uma paix\u00e3o por tecnologia e inova\u00e7\u00e3o, nosso escrit\u00f3rio continua a ser uma escolha preferencial para startups em busca de orienta\u00e7\u00e3o jur\u00eddica confi\u00e1vel e estrat\u00e9gica.<\/div>\n<\/div><\/section>\n<div  class='flex_column av-2w86r-0feb179dacdda9bba048a17692a4bb2c av_one_third  avia-builder-el-5  el_after_av_textblock  el_before_av_one_third  first flex_column_div  column-top-margin'     ><p>\n<style type=\"text\/css\" data-created_by=\"avia_inline_auto\" id=\"style-css-av-jxfsz-6da6f61b56529007a8c232d058e0a84e\">\n.av_font_icon.av-jxfsz-6da6f61b56529007a8c232d058e0a84e .av-icon-char{\nfont-size:40px;\nline-height:40px;\n}\n<\/style>\n<span  class='av_font_icon av-jxfsz-6da6f61b56529007a8c232d058e0a84e avia_animate_when_visible av-icon-style- avia-icon-pos-center av-no-color avia-icon-animate'><span class='av-icon-char' aria-hidden='true' data-av_icon='\ue864' data-av_iconfont='entypo-fontello' ><\/span><\/span><br \/>\n\n<style type=\"text\/css\" data-created_by=\"avia_inline_auto\" id=\"style-css-av-m41o78fj-5b9cd4c5197fa9119d9a0402c09d4a17\">\n#top .av-special-heading.av-m41o78fj-5b9cd4c5197fa9119d9a0402c09d4a17{\npadding-bottom:10px;\n}\nbody .av-special-heading.av-m41o78fj-5b9cd4c5197fa9119d9a0402c09d4a17 .av-special-heading-tag .heading-char{\nfont-size:25px;\n}\n.av-special-heading.av-m41o78fj-5b9cd4c5197fa9119d9a0402c09d4a17 .av-subheading{\nfont-size:15px;\n}\n<\/style>\n<div  class='av-special-heading av-m41o78fj-5b9cd4c5197fa9119d9a0402c09d4a17 av-special-heading-h3 blockquote modern-quote modern-centered  avia-builder-el-7  el_after_av_font_icon  avia-builder-el-last  av-linked-heading'><h3 class='av-special-heading-tag'  itemprop=\"headline\"  ><a class=\"av-heading-link\" href=\"https:\/\/tocchini.com.br\/index.php\/assessoria-juridica-na-constituicao-e-funcionamento-de-startups\/\" >ASSESSORIA JUR\u00cdDICA NA CONSTITUI\u00c7\u00c3O E FUNCIONAMENTO DE STARTUPS<\/a><\/h3><div class=\"special-heading-border\"><div class=\"special-heading-inner-border\"><\/div><\/div><\/div><\/p><\/div><div  class='flex_column av-10okrn-652c2ec6c3c11c907cdc275df39bdfe4 av_one_third  avia-builder-el-8  el_after_av_one_third  el_before_av_one_third  flex_column_div  column-top-margin'     ><p>\n<style type=\"text\/css\" data-created_by=\"avia_inline_auto\" id=\"style-css-av-av_font_icon-589cc03fc6d2ebeb7e9a9a6b24ddcce8\">\n.av_font_icon.av-av_font_icon-589cc03fc6d2ebeb7e9a9a6b24ddcce8 .av-icon-char{\nfont-size:40px;\nline-height:40px;\n}\n<\/style>\n<span  class='av_font_icon av-av_font_icon-589cc03fc6d2ebeb7e9a9a6b24ddcce8 avia_animate_when_visible av-icon-style- avia-icon-pos-center av-no-color avia-icon-animate'><span class='av-icon-char' aria-hidden='true' data-av_icon='\ue864' data-av_iconfont='entypo-fontello' ><\/span><\/span><br \/>\n\n<style type=\"text\/css\" data-created_by=\"avia_inline_auto\" id=\"style-css-av-m41o72ec-616d61a13c6826efd81acc819d6afc56\">\n#top .av-special-heading.av-m41o72ec-616d61a13c6826efd81acc819d6afc56{\npadding-bottom:10px;\n}\nbody .av-special-heading.av-m41o72ec-616d61a13c6826efd81acc819d6afc56 .av-special-heading-tag .heading-char{\nfont-size:25px;\n}\n.av-special-heading.av-m41o72ec-616d61a13c6826efd81acc819d6afc56 .av-subheading{\nfont-size:15px;\n}\n<\/style>\n<div  class='av-special-heading av-m41o72ec-616d61a13c6826efd81acc819d6afc56 av-special-heading-h3 blockquote modern-quote modern-centered  avia-builder-el-10  el_after_av_font_icon  avia-builder-el-last  av-linked-heading'><h3 class='av-special-heading-tag'  itemprop=\"headline\"  ><a class=\"av-heading-link\" href=\"https:\/\/tocchini.com.br\/index.php\/elaboracao-de-contratos-especificos-para-startups\/\" >ELABORA\u00c7\u00c3O DE CONTRATOS ESPEC\u00cdFICOS PARA STARTUPS<\/a><\/h3><div class=\"special-heading-border\"><div class=\"special-heading-inner-border\"><\/div><\/div><\/div><\/p><\/div><div  class='flex_column av-efcmr-c2039651c14ac80e913d6b20e4d2ec35 av_one_third  avia-builder-el-11  el_after_av_one_third  avia-builder-el-last  flex_column_div  column-top-margin'     ><p>\n<style type=\"text\/css\" data-created_by=\"avia_inline_auto\" id=\"style-css-av-av_font_icon-589cc03fc6d2ebeb7e9a9a6b24ddcce8\">\n.av_font_icon.av-av_font_icon-589cc03fc6d2ebeb7e9a9a6b24ddcce8 .av-icon-char{\nfont-size:40px;\nline-height:40px;\n}\n<\/style>\n<span  class='av_font_icon av-av_font_icon-589cc03fc6d2ebeb7e9a9a6b24ddcce8 avia_animate_when_visible av-icon-style- avia-icon-pos-center av-no-color avia-icon-animate'><span class='av-icon-char' aria-hidden='true' data-av_icon='\ue864' data-av_iconfont='entypo-fontello' ><\/span><\/span><br \/>\n\n<style type=\"text\/css\" data-created_by=\"avia_inline_auto\" id=\"style-css-av-m41o7j3k-06856c2768a8769194df3d2a9f9b717f\">\n#top .av-special-heading.av-m41o7j3k-06856c2768a8769194df3d2a9f9b717f{\npadding-bottom:10px;\n}\nbody .av-special-heading.av-m41o7j3k-06856c2768a8769194df3d2a9f9b717f .av-special-heading-tag .heading-char{\nfont-size:25px;\n}\n.av-special-heading.av-m41o7j3k-06856c2768a8769194df3d2a9f9b717f .av-subheading{\nfont-size:15px;\n}\n<\/style>\n<div  class='av-special-heading av-m41o7j3k-06856c2768a8769194df3d2a9f9b717f av-special-heading-h3 blockquote modern-quote modern-centered  avia-builder-el-13  el_after_av_font_icon  avia-builder-el-last  av-linked-heading'><h3 class='av-special-heading-tag'  itemprop=\"headline\"  ><a class=\"av-heading-link\" href=\"https:\/\/tocchini.com.br\/index.php\/protecao-da-propriedade-intelectual\/\" >PROTE\u00c7\u00c3O DA PROPRIEDADE INTELECTUAL<\/a><\/h3><div class=\"special-heading-border\"><div class=\"special-heading-inner-border\"><\/div><\/div><\/div><\/p><\/div><\/div><\/div><\/div><!-- close content main div --><\/div><\/div><div id='av_section_2'  class='avia-section av-16ayb4-a9c2827196c1de9ec7b3bd05efc8f38a main_color avia-section-default avia-no-border-styling  avia-builder-el-14  el_after_av_section  el_before_av_section  avia-bg-style-scroll container_wrap sidebar_right'  ><div class='container av-section-cont-open' ><div class='template-page content  av-content-small alpha units'><div class='post-entry post-entry-type-page post-entry-903'><div class='entry-content-wrapper clearfix'>\n\n<style type=\"text\/css\" data-created_by=\"avia_inline_auto\" id=\"style-css-av-m4wrc949-3587969bd6bb9db76807d3ae761ed911\">\n#top .av-special-heading.av-m4wrc949-3587969bd6bb9db76807d3ae761ed911{\npadding-bottom:10px;\n}\nbody .av-special-heading.av-m4wrc949-3587969bd6bb9db76807d3ae761ed911 .av-special-heading-tag .heading-char{\nfont-size:25px;\n}\n.av-special-heading.av-m4wrc949-3587969bd6bb9db76807d3ae761ed911 .av-subheading{\nfont-size:15px;\n}\n<\/style>\n<div  class='av-special-heading av-m4wrc949-3587969bd6bb9db76807d3ae761ed911 av-special-heading-h3  avia-builder-el-15  el_before_av_textblock  avia-builder-el-first '><h3 class='av-special-heading-tag'  itemprop=\"headline\"  >GEST\u00c3O JUR\u00cdDICA PARA CONTRATOS COMPLEXOS DE TURISMO CORPORATIVO (PROCESSO DE TCM)<\/h3><div class=\"special-heading-border\"><div class=\"special-heading-inner-border\"><\/div><\/div><\/div>\n<section  class='av_textblock_section av-m50xi7p2-080c9fd7c8ba1fa5727ab84010c91621 '   itemscope=\"itemscope\" itemtype=\"https:\/\/schema.org\/CreativeWork\" ><div class='avia_textblock'  itemprop=\"text\" ><div align=\"justify\">Nossa experi\u00eancia de mais de 16 anos colaborando com empresas no setor de turismo corporativo e na recupera\u00e7\u00e3o de cr\u00e9dito demonstra nosso compromisso em fornecer assessoria jur\u00eddica de alta qualidade, alinhada com as melhores pr\u00e1ticas e inova\u00e7\u00f5es do setor. Nosso escrit\u00f3rio permanece na vanguarda, antecipando tend\u00eancias e desenvolvendo estrat\u00e9gias jur\u00eddicas que permitem aos nossos clientes atingirem resultados expressivos e sustent\u00e1veis.<\/div>\n<\/div><\/section>\n<div  class='flex_column av-10gu9k-e211f22048e4369eb293f052ae722714 av_one_half  avia-builder-el-17  el_after_av_textblock  el_before_av_one_half  first flex_column_div  column-top-margin'     ><p>\n<style type=\"text\/css\" data-created_by=\"avia_inline_auto\" id=\"style-css-av-av_font_icon-589cc03fc6d2ebeb7e9a9a6b24ddcce8\">\n.av_font_icon.av-av_font_icon-589cc03fc6d2ebeb7e9a9a6b24ddcce8 .av-icon-char{\nfont-size:40px;\nline-height:40px;\n}\n<\/style>\n<span  class='av_font_icon av-av_font_icon-589cc03fc6d2ebeb7e9a9a6b24ddcce8 avia_animate_when_visible av-icon-style- avia-icon-pos-center av-no-color avia-icon-animate'><span class='av-icon-char' aria-hidden='true' data-av_icon='\ue864' data-av_iconfont='entypo-fontello' ><\/span><\/span><br \/>\n\n<style type=\"text\/css\" data-created_by=\"avia_inline_auto\" id=\"style-css-av-m4wrcr2t-34695a29c184ff64b88477abdcc643f7\">\n#top .av-special-heading.av-m4wrcr2t-34695a29c184ff64b88477abdcc643f7{\npadding-bottom:10px;\n}\nbody .av-special-heading.av-m4wrcr2t-34695a29c184ff64b88477abdcc643f7 .av-special-heading-tag .heading-char{\nfont-size:25px;\n}\n.av-special-heading.av-m4wrcr2t-34695a29c184ff64b88477abdcc643f7 .av-subheading{\nfont-size:15px;\n}\n<\/style>\n<div  class='av-special-heading av-m4wrcr2t-34695a29c184ff64b88477abdcc643f7 av-special-heading-h3 blockquote modern-quote modern-centered  avia-builder-el-19  el_after_av_font_icon  avia-builder-el-last  av-linked-heading'><h3 class='av-special-heading-tag'  itemprop=\"headline\"  ><a class=\"av-heading-link\" href=\"https:\/\/tocchini.com.br\/index.php\/assessoria-juridica-em-licitacoes-e-contratacoes-no-setor-de-turismo\/\" >ASSESSORIA JUR\u00cdDICA EM LICITA\u00c7\u00d5ES E CONTRATA\u00c7\u00d5ES NO SETOR DE TURISMO<\/a><\/h3><div class=\"special-heading-border\"><div class=\"special-heading-inner-border\"><\/div><\/div><\/div><\/p><\/div><div  class='flex_column av-t1v5k-a37bdb0ed19122a48175cbd4b91946ef av_one_half  avia-builder-el-20  el_after_av_one_half  el_before_av_one_half  flex_column_div  column-top-margin'     ><p>\n<style type=\"text\/css\" data-created_by=\"avia_inline_auto\" id=\"style-css-av-av_font_icon-589cc03fc6d2ebeb7e9a9a6b24ddcce8\">\n.av_font_icon.av-av_font_icon-589cc03fc6d2ebeb7e9a9a6b24ddcce8 .av-icon-char{\nfont-size:40px;\nline-height:40px;\n}\n<\/style>\n<span  class='av_font_icon av-av_font_icon-589cc03fc6d2ebeb7e9a9a6b24ddcce8 avia_animate_when_visible av-icon-style- avia-icon-pos-center av-no-color avia-icon-animate'><span class='av-icon-char' aria-hidden='true' data-av_icon='\ue864' data-av_iconfont='entypo-fontello' ><\/span><\/span><br \/>\n\n<style type=\"text\/css\" data-created_by=\"avia_inline_auto\" id=\"style-css-av-m4wrdanv-37cc4265f4cbe6495967c96e59d71bbf\">\n#top .av-special-heading.av-m4wrdanv-37cc4265f4cbe6495967c96e59d71bbf{\npadding-bottom:10px;\n}\nbody .av-special-heading.av-m4wrdanv-37cc4265f4cbe6495967c96e59d71bbf .av-special-heading-tag .heading-char{\nfont-size:25px;\n}\n.av-special-heading.av-m4wrdanv-37cc4265f4cbe6495967c96e59d71bbf .av-subheading{\nfont-size:15px;\n}\n<\/style>\n<div  class='av-special-heading av-m4wrdanv-37cc4265f4cbe6495967c96e59d71bbf av-special-heading-h3 blockquote modern-quote modern-centered  avia-builder-el-22  el_after_av_font_icon  avia-builder-el-last  av-linked-heading'><h3 class='av-special-heading-tag'  itemprop=\"headline\"  ><a class=\"av-heading-link\" href=\"https:\/\/tocchini.com.br\/index.php\/analise-e-elaboracao-de-contratos-especificos-para-turismo-corporativo\/\" >AN\u00c1LISE E ELABORA\u00c7\u00c3O DE CONTRATOS ESPEC\u00cdFICOS PARA TURISMO CORPORATIVO<\/a><\/h3><div class=\"special-heading-border\"><div class=\"special-heading-inner-border\"><\/div><\/div><\/div><\/p><\/div><div  class='flex_column av-cn2mw-cfdc4b45e6fc0372bdd6abc2fe94d235 av_one_half  avia-builder-el-23  el_after_av_one_half  el_before_av_one_half  first flex_column_div  column-top-margin'     ><p>\n<style type=\"text\/css\" data-created_by=\"avia_inline_auto\" id=\"style-css-av-av_font_icon-589cc03fc6d2ebeb7e9a9a6b24ddcce8\">\n.av_font_icon.av-av_font_icon-589cc03fc6d2ebeb7e9a9a6b24ddcce8 .av-icon-char{\nfont-size:40px;\nline-height:40px;\n}\n<\/style>\n<span  class='av_font_icon av-av_font_icon-589cc03fc6d2ebeb7e9a9a6b24ddcce8 avia_animate_when_visible av-icon-style- avia-icon-pos-center av-no-color avia-icon-animate'><span class='av-icon-char' aria-hidden='true' data-av_icon='\ue864' data-av_iconfont='entypo-fontello' ><\/span><\/span><br \/>\n\n<style type=\"text\/css\" data-created_by=\"avia_inline_auto\" id=\"style-css-av-m4wrdle6-51572977717357a871b9bee01276369a\">\n#top .av-special-heading.av-m4wrdle6-51572977717357a871b9bee01276369a{\npadding-bottom:10px;\n}\nbody .av-special-heading.av-m4wrdle6-51572977717357a871b9bee01276369a .av-special-heading-tag .heading-char{\nfont-size:25px;\n}\n.av-special-heading.av-m4wrdle6-51572977717357a871b9bee01276369a .av-subheading{\nfont-size:15px;\n}\n<\/style>\n<div  class='av-special-heading av-m4wrdle6-51572977717357a871b9bee01276369a av-special-heading-h3 blockquote modern-quote modern-centered  avia-builder-el-25  el_after_av_font_icon  avia-builder-el-last  av-linked-heading'><h3 class='av-special-heading-tag'  itemprop=\"headline\"  ><a class=\"av-heading-link\" href=\"https:\/\/tocchini.com.br\/index.php\/atuacao-estrategica-em-cooperacao-com-as-melhores-empresas-de-auditoria-especializada-em-turismo-corporativo-do-pais\/\" >ATUA\u00c7\u00c3O ESTRAT\u00c9GICA EM COOPERA\u00c7\u00c3O COM AS MELHORES EMPRESA DE AUDITORIA ESPECIALIZADA EM TURISMO<\/a><\/h3><div class=\"special-heading-border\"><div class=\"special-heading-inner-border\"><\/div><\/div><\/div><\/p><\/div><div  class='flex_column av-gxl53-9602d2284ef3851f67c151ef7eb76575 av_one_half  avia-builder-el-26  el_after_av_one_half  avia-builder-el-last  flex_column_div  column-top-margin'     ><p>\n<style type=\"text\/css\" data-created_by=\"avia_inline_auto\" id=\"style-css-av-av_font_icon-589cc03fc6d2ebeb7e9a9a6b24ddcce8\">\n.av_font_icon.av-av_font_icon-589cc03fc6d2ebeb7e9a9a6b24ddcce8 .av-icon-char{\nfont-size:40px;\nline-height:40px;\n}\n<\/style>\n<span  class='av_font_icon av-av_font_icon-589cc03fc6d2ebeb7e9a9a6b24ddcce8 avia_animate_when_visible av-icon-style- avia-icon-pos-center av-no-color avia-icon-animate'><span class='av-icon-char' aria-hidden='true' data-av_icon='\ue864' data-av_iconfont='entypo-fontello' ><\/span><\/span><br \/>\n\n<style type=\"text\/css\" data-created_by=\"avia_inline_auto\" id=\"style-css-av-m50xh5e1-4b8a0d6e285e24ebfbbe39d0e21d83dd\">\n#top .av-special-heading.av-m50xh5e1-4b8a0d6e285e24ebfbbe39d0e21d83dd{\npadding-bottom:10px;\n}\nbody .av-special-heading.av-m50xh5e1-4b8a0d6e285e24ebfbbe39d0e21d83dd .av-special-heading-tag .heading-char{\nfont-size:25px;\n}\n.av-special-heading.av-m50xh5e1-4b8a0d6e285e24ebfbbe39d0e21d83dd .av-subheading{\nfont-size:15px;\n}\n<\/style>\n<div  class='av-special-heading av-m50xh5e1-4b8a0d6e285e24ebfbbe39d0e21d83dd av-special-heading-h3 blockquote modern-quote modern-centered  avia-builder-el-28  el_after_av_font_icon  avia-builder-el-last  av-linked-heading'><h3 class='av-special-heading-tag'  itemprop=\"headline\"  ><a class=\"av-heading-link\" href=\"https:\/\/tocchini.com.br\/index.php\/contencioso-para-solucao-de-demandas\/\" >CONTENCIOSO PARA SOLU\u00c7\u00c3O DE DEMANDAS<\/a><\/h3><div class=\"special-heading-border\"><div class=\"special-heading-inner-border\"><\/div><\/div><\/div><\/p><\/div><\/div><\/div><\/div><!-- close content main div --><\/div><\/div><div id='av_section_3'  class='avia-section av-183q3r-d02d025ce41c7a96873ff551a8263d7b main_color avia-section-default avia-no-border-styling  avia-builder-el-29  el_after_av_section  avia-builder-el-last  avia-bg-style-scroll container_wrap sidebar_right'  ><div class='container av-section-cont-open' ><div class='template-page content  av-content-small alpha units'><div class='post-entry post-entry-type-page post-entry-903'><div class='entry-content-wrapper clearfix'>\n\n<style type=\"text\/css\" data-created_by=\"avia_inline_auto\" id=\"style-css-av-m50xmbs6-262b1e4cf9c6ef1daada5001251de0bf\">\n#top .av-special-heading.av-m50xmbs6-262b1e4cf9c6ef1daada5001251de0bf{\npadding-bottom:10px;\n}\nbody .av-special-heading.av-m50xmbs6-262b1e4cf9c6ef1daada5001251de0bf .av-special-heading-tag .heading-char{\nfont-size:25px;\n}\n.av-special-heading.av-m50xmbs6-262b1e4cf9c6ef1daada5001251de0bf .av-subheading{\nfont-size:15px;\n}\n<\/style>\n<div  class='av-special-heading av-m50xmbs6-262b1e4cf9c6ef1daada5001251de0bf av-special-heading-h3  avia-builder-el-30  el_before_av_one_third  avia-builder-el-first '><h3 class='av-special-heading-tag'  itemprop=\"headline\"  >GEST\u00c3O JUR\u00cdDICA PARA CONTRATOS DE MARKETING E COMUNICA\u00c7\u00c3O<\/h3><div class=\"special-heading-border\"><div class=\"special-heading-inner-border\"><\/div><\/div><\/div>\n<div  class='flex_column av-15afhz-421d0b48ebf8df2338af369185577930 av_one_third  avia-builder-el-31  el_after_av_heading  el_before_av_one_third  first flex_column_div  '     ><p>\n<style type=\"text\/css\" data-created_by=\"avia_inline_auto\" id=\"style-css-av-av_font_icon-589cc03fc6d2ebeb7e9a9a6b24ddcce8\">\n.av_font_icon.av-av_font_icon-589cc03fc6d2ebeb7e9a9a6b24ddcce8 .av-icon-char{\nfont-size:40px;\nline-height:40px;\n}\n<\/style>\n<span  class='av_font_icon av-av_font_icon-589cc03fc6d2ebeb7e9a9a6b24ddcce8 avia_animate_when_visible av-icon-style- avia-icon-pos-center av-no-color avia-icon-animate'><span class='av-icon-char' aria-hidden='true' data-av_icon='\ue864' data-av_iconfont='entypo-fontello' ><\/span><\/span><br \/>\n\n<style type=\"text\/css\" data-created_by=\"avia_inline_auto\" id=\"style-css-av-m50xmo3u-a93e647d5b45fbe226a5e1bbc8f399c3\">\n#top .av-special-heading.av-m50xmo3u-a93e647d5b45fbe226a5e1bbc8f399c3{\npadding-bottom:10px;\n}\nbody .av-special-heading.av-m50xmo3u-a93e647d5b45fbe226a5e1bbc8f399c3 .av-special-heading-tag .heading-char{\nfont-size:25px;\n}\n.av-special-heading.av-m50xmo3u-a93e647d5b45fbe226a5e1bbc8f399c3 .av-subheading{\nfont-size:15px;\n}\n<\/style>\n<div  class='av-special-heading av-m50xmo3u-a93e647d5b45fbe226a5e1bbc8f399c3 av-special-heading-h3 blockquote modern-quote modern-centered  avia-builder-el-33  el_after_av_font_icon  avia-builder-el-last  av-linked-heading'><h3 class='av-special-heading-tag'  itemprop=\"headline\"  ><a class=\"av-heading-link\" href=\"https:\/\/tocchini.com.br\/index.php\/elaboracao-e-analise-de-contratos-de-marketing-e-comunicacao\/\" >ELABORA\u00c7\u00c3O E AN\u00c1LISE DE CONTRATOS DE MARKETING E COMUNICA\u00c7\u00c3O<\/a><\/h3><div class=\"special-heading-border\"><div class=\"special-heading-inner-border\"><\/div><\/div><\/div><\/p><\/div><div  class='flex_column av-r9oz3-3ec5a0a1e4ca516ea83c7af622dcb72e av_one_third  avia-builder-el-34  el_after_av_one_third  el_before_av_one_third  flex_column_div  '     ><p>\n<style type=\"text\/css\" data-created_by=\"avia_inline_auto\" id=\"style-css-av-av_font_icon-589cc03fc6d2ebeb7e9a9a6b24ddcce8\">\n.av_font_icon.av-av_font_icon-589cc03fc6d2ebeb7e9a9a6b24ddcce8 .av-icon-char{\nfont-size:40px;\nline-height:40px;\n}\n<\/style>\n<span  class='av_font_icon av-av_font_icon-589cc03fc6d2ebeb7e9a9a6b24ddcce8 avia_animate_when_visible av-icon-style- avia-icon-pos-center av-no-color avia-icon-animate'><span class='av-icon-char' aria-hidden='true' data-av_icon='\ue864' data-av_iconfont='entypo-fontello' ><\/span><\/span><br \/>\n\n<style type=\"text\/css\" data-created_by=\"avia_inline_auto\" id=\"style-css-av-m50xmwhu-432d51616ef12942257f651db2d58a7a\">\n#top .av-special-heading.av-m50xmwhu-432d51616ef12942257f651db2d58a7a{\npadding-bottom:10px;\n}\nbody .av-special-heading.av-m50xmwhu-432d51616ef12942257f651db2d58a7a .av-special-heading-tag .heading-char{\nfont-size:25px;\n}\n.av-special-heading.av-m50xmwhu-432d51616ef12942257f651db2d58a7a .av-subheading{\nfont-size:15px;\n}\n<\/style>\n<div  class='av-special-heading av-m50xmwhu-432d51616ef12942257f651db2d58a7a av-special-heading-h3 blockquote modern-quote modern-centered  avia-builder-el-36  el_after_av_font_icon  avia-builder-el-last  av-linked-heading'><h3 class='av-special-heading-tag'  itemprop=\"headline\"  ><a class=\"av-heading-link\" href=\"https:\/\/tocchini.com.br\/index.php\/protecao-de-direitos-autorais-e-propriedade-intelectual\/\" >PROTE\u00c7\u00c3O DE DIREITOS AUTORAIS E PROPRIEDADE INTELECTUAL<\/a><\/h3><div class=\"special-heading-border\"><div class=\"special-heading-inner-border\"><\/div><\/div><\/div><\/p><\/div><div  class='flex_column av-draxz-b542e9318e4f7a54117e9811ab8adb09 av_one_third  avia-builder-el-37  el_after_av_one_third  avia-builder-el-last  flex_column_div  '     ><p>\n<style type=\"text\/css\" data-created_by=\"avia_inline_auto\" id=\"style-css-av-av_font_icon-589cc03fc6d2ebeb7e9a9a6b24ddcce8\">\n.av_font_icon.av-av_font_icon-589cc03fc6d2ebeb7e9a9a6b24ddcce8 .av-icon-char{\nfont-size:40px;\nline-height:40px;\n}\n<\/style>\n<span  class='av_font_icon av-av_font_icon-589cc03fc6d2ebeb7e9a9a6b24ddcce8 avia_animate_when_visible av-icon-style- avia-icon-pos-center av-no-color avia-icon-animate'><span class='av-icon-char' aria-hidden='true' data-av_icon='\ue864' data-av_iconfont='entypo-fontello' ><\/span><\/span><br \/>\n\n<style type=\"text\/css\" data-created_by=\"avia_inline_auto\" id=\"style-css-av-m50xnuh6-f8f33796f6f2aa79731bc6aa0d2ea334\">\n#top .av-special-heading.av-m50xnuh6-f8f33796f6f2aa79731bc6aa0d2ea334{\npadding-bottom:10px;\n}\nbody .av-special-heading.av-m50xnuh6-f8f33796f6f2aa79731bc6aa0d2ea334 .av-special-heading-tag .heading-char{\nfont-size:25px;\n}\n.av-special-heading.av-m50xnuh6-f8f33796f6f2aa79731bc6aa0d2ea334 .av-subheading{\nfont-size:15px;\n}\n<\/style>\n<div  class='av-special-heading av-m50xnuh6-f8f33796f6f2aa79731bc6aa0d2ea334 av-special-heading-h3 blockquote modern-quote modern-centered  avia-builder-el-39  el_after_av_font_icon  avia-builder-el-last  av-linked-heading'><h3 class='av-special-heading-tag'  itemprop=\"headline\"  ><a class=\"av-heading-link\" href=\"https:\/\/tocchini.com.br\/index.php\/assessoria-juridica-em-campanhas-publicitarias\/\" >ASSESSORIA JUR\u00cdDICA EM CAMPANHAS PUBLICIT\u00c1RIAS<\/a><\/h3><div class=\"special-heading-border\"><div class=\"special-heading-inner-border\"><\/div><\/div><\/div><\/p><\/div><\/div><\/div><\/div><!-- close content main div --><\/div><\/div><div id='after_section_3'  class='main_color av_default_container_wrap container_wrap sidebar_right'  ><div class='container av-section-cont-open' ><div class='template-page content  av-content-small alpha units'><div class='post-entry post-entry-type-page post-entry-903'><div class='entry-content-wrapper clearfix'><\/p>\n","protected":false},"excerpt":{"rendered":"","protected":false},"author":1,"featured_media":0,"parent":831,"menu_order":0,"comment_status":"closed","ping_status":"closed","template":"","meta":{"footnotes":""},"class_list":["post-903","page","type-page","status-publish","hentry"],"_links":{"self":[{"href":"https:\/\/tocchini.com.br\/index.php\/wp-json\/wp\/v2\/pages\/903","targetHints":{"allow":["GET"]}}],"collection":[{"href":"https:\/\/tocchini.com.br\/index.php\/wp-json\/wp\/v2\/pages"}],"about":[{"href":"https:\/\/tocchini.com.br\/index.php\/wp-json\/wp\/v2\/types\/page"}],"author":[{"embeddable":true,"href":"https:\/\/tocchini.com.br\/index.php\/wp-json\/wp\/v2\/users\/1"}],"replies":[{"embeddable":true,"href":"https:\/\/tocchini.com.br\/index.php\/wp-json\/wp\/v2\/comments?post=903"}],"version-history":[{"count":4,"href":"https:\/\/tocchini.com.br\/index.php\/wp-json\/wp\/v2\/pages\/903\/revisions"}],"predecessor-version":[{"id":1058,"href":"https:\/\/tocchini.com.br\/index.php\/wp-json\/wp\/v2\/pages\/903\/revisions\/1058"}],"up":[{"embeddable":true,"href":"https:\/\/tocchini.com.br\/index.php\/wp-json\/wp\/v2\/pages\/831"}],"wp:attachment":[{"href":"https:\/\/tocchini.com.br\/index.php\/wp-json\/wp\/v2\/media?parent=903"}],"curies":[{"name":"wp","href":"https:\/\/api.w.org\/{rel}","templated":true}]}}