{"id":900,"date":"2024-11-28T15:35:19","date_gmt":"2024-11-28T18:35:19","guid":{"rendered":"https:\/\/tocchini.com.br\/?page_id=900"},"modified":"2025-02-13T11:44:45","modified_gmt":"2025-02-13T14:44:45","slug":"direito-tributario","status":"publish","type":"page","link":"https:\/\/tocchini.com.br\/index.php\/areas\/direito-tributario\/","title":{"rendered":"DIREITO TRIBUT\u00c1RIO"},"content":{"rendered":"<div  class='flex_column av-22qlr7-7aa52d90ef2b1f7c48c8365739efab34 av_one_full  avia-builder-el-0  el_before_av_heading  avia-builder-el-first  first flex_column_div  '     ><section  class='av_textblock_section av-m41o4vdf-10109720372bc5a504f07962ab3d0161 '   itemscope=\"itemscope\" itemtype=\"https:\/\/schema.org\/CreativeWork\" ><div class='avia_textblock'  itemprop=\"text\" ><div align=\"justify\">Especializamo-nos no contencioso tribut\u00e1rio, defendendo os interesses de nossos clientes em disputas fiscais em todas as esferas administrativas e judiciais. Nosso objetivo \u00e9 garantir a legalidade e a justi\u00e7a na aplica\u00e7\u00e3o dos tributos, al\u00e9m de buscar a recupera\u00e7\u00e3o de cr\u00e9ditos fiscais e a otimiza\u00e7\u00e3o da carga tribut\u00e1ria.<\/div>\n<\/div><\/section><\/div>\n\n<style type=\"text\/css\" data-created_by=\"avia_inline_auto\" id=\"style-css-av-m4wrzkwt-a01686cba212cd675897629e3de3a30e\">\n#top .av-special-heading.av-m4wrzkwt-a01686cba212cd675897629e3de3a30e{\npadding-bottom:10px;\n}\nbody .av-special-heading.av-m4wrzkwt-a01686cba212cd675897629e3de3a30e .av-special-heading-tag .heading-char{\nfont-size:25px;\n}\n.av-special-heading.av-m4wrzkwt-a01686cba212cd675897629e3de3a30e .av-subheading{\nfont-size:15px;\n}\n<\/style>\n<div  class='av-special-heading av-m4wrzkwt-a01686cba212cd675897629e3de3a30e av-special-heading-h3  avia-builder-el-2  el_after_av_one_full  el_before_av_one_third '><h3 class='av-special-heading-tag'  itemprop=\"headline\"  >CONTENCIOSO TRIBUT\u00c1RIO<\/h3><div class=\"special-heading-border\"><div class=\"special-heading-inner-border\"><\/div><\/div><\/div>\n<div  class='flex_column av-10okrn-62ef21dae3f8dae961f036fdf45efa38 av_one_third  avia-builder-el-3  el_after_av_heading  el_before_av_one_third  first flex_column_div  '     ><p>\n<style type=\"text\/css\" data-created_by=\"avia_inline_auto\" id=\"style-css-av-xjblv-c9c708abcd17bc01f936cb00cde5e818\">\n.av_font_icon.av-xjblv-c9c708abcd17bc01f936cb00cde5e818 .av-icon-char{\nfont-size:40px;\nline-height:40px;\n}\n<\/style>\n<span  class='av_font_icon av-xjblv-c9c708abcd17bc01f936cb00cde5e818 avia_animate_when_visible av-icon-style- avia-icon-pos-center av-no-color avia-icon-animate'><span class='av-icon-char' aria-hidden='true' data-av_icon='\ue8c5' data-av_iconfont='entypo-fontello' ><\/span><\/span><br \/>\n\n<style type=\"text\/css\" data-created_by=\"avia_inline_auto\" id=\"style-css-av-m41o72ec-0b456213370e71f23736b9123ad60bb4\">\n#top .av-special-heading.av-m41o72ec-0b456213370e71f23736b9123ad60bb4{\npadding-bottom:10px;\n}\nbody .av-special-heading.av-m41o72ec-0b456213370e71f23736b9123ad60bb4 .av-special-heading-tag .heading-char{\nfont-size:25px;\n}\n.av-special-heading.av-m41o72ec-0b456213370e71f23736b9123ad60bb4 .av-subheading{\nfont-size:15px;\n}\n<\/style>\n<div  class='av-special-heading av-m41o72ec-0b456213370e71f23736b9123ad60bb4 av-special-heading-h3 blockquote modern-quote modern-centered  avia-builder-el-5  el_after_av_font_icon  avia-builder-el-last  av-linked-heading'><h3 class='av-special-heading-tag'  itemprop=\"headline\"  ><a class=\"av-heading-link\" href=\"https:\/\/tocchini.com.br\/index.php\/defesa-do-contribuinte-em-processos-administrativos-e-judiciais\/\" >DEFESSA DO CONTRIBUINTE EM PROCESSOS ADMINISTRATIVOS E JUDICIAIS<\/a><\/h3><div class=\"special-heading-border\"><div class=\"special-heading-inner-border\"><\/div><\/div><\/div><\/p><\/div><div  class='flex_column av-2w86r-70fedf3310104a1e18ad19db5f23e42d av_one_third  avia-builder-el-6  el_after_av_one_third  el_before_av_one_third  flex_column_div  '     ><p>\n<style type=\"text\/css\" data-created_by=\"avia_inline_auto\" id=\"style-css-av-av_font_icon-703271a6461a553fab4320e0a5b48dba\">\n.av_font_icon.av-av_font_icon-703271a6461a553fab4320e0a5b48dba .av-icon-char{\nfont-size:40px;\nline-height:40px;\n}\n<\/style>\n<span  class='av_font_icon av-av_font_icon-703271a6461a553fab4320e0a5b48dba avia_animate_when_visible av-icon-style- avia-icon-pos-center av-no-color avia-icon-animate'><span class='av-icon-char' aria-hidden='true' data-av_icon='\ue8c5' data-av_iconfont='entypo-fontello' ><\/span><\/span><br \/>\n\n<style type=\"text\/css\" data-created_by=\"avia_inline_auto\" id=\"style-css-av-m41o78fj-588ac96755f2c17a49a6fff07eedddc5\">\n#top .av-special-heading.av-m41o78fj-588ac96755f2c17a49a6fff07eedddc5{\npadding-bottom:10px;\n}\nbody .av-special-heading.av-m41o78fj-588ac96755f2c17a49a6fff07eedddc5 .av-special-heading-tag .heading-char{\nfont-size:25px;\n}\n.av-special-heading.av-m41o78fj-588ac96755f2c17a49a6fff07eedddc5 .av-subheading{\nfont-size:15px;\n}\n<\/style>\n<div  class='av-special-heading av-m41o78fj-588ac96755f2c17a49a6fff07eedddc5 av-special-heading-h3 blockquote modern-quote modern-centered  avia-builder-el-8  el_after_av_font_icon  avia-builder-el-last  av-linked-heading'><h3 class='av-special-heading-tag'  itemprop=\"headline\"  ><a class=\"av-heading-link\" href=\"https:\/\/tocchini.com.br\/index.php\/recurso-contra-multas-e-autuacoes-fiscais\/\" >RECURSO CONTRA MULTAS E AUTUA\u00c7\u00d5ES FISCAIS<\/a><\/h3><div class=\"special-heading-border\"><div class=\"special-heading-inner-border\"><\/div><\/div><\/div><\/p><\/div><div  class='flex_column av-efcmr-c2039651c14ac80e913d6b20e4d2ec35 av_one_third  avia-builder-el-9  el_after_av_one_third  avia-builder-el-last  flex_column_div  '     ><p>\n<style type=\"text\/css\" data-created_by=\"avia_inline_auto\" id=\"style-css-av-av_font_icon-703271a6461a553fab4320e0a5b48dba\">\n.av_font_icon.av-av_font_icon-703271a6461a553fab4320e0a5b48dba .av-icon-char{\nfont-size:40px;\nline-height:40px;\n}\n<\/style>\n<span  class='av_font_icon av-av_font_icon-703271a6461a553fab4320e0a5b48dba avia_animate_when_visible av-icon-style- avia-icon-pos-center av-no-color avia-icon-animate'><span class='av-icon-char' aria-hidden='true' data-av_icon='\ue8c5' data-av_iconfont='entypo-fontello' ><\/span><\/span><br \/>\n\n<style type=\"text\/css\" data-created_by=\"avia_inline_auto\" id=\"style-css-av-m41o7j3k-4d2cf9ce31bbadb2f14a7b87191f0ae5\">\n#top .av-special-heading.av-m41o7j3k-4d2cf9ce31bbadb2f14a7b87191f0ae5{\npadding-bottom:10px;\n}\nbody .av-special-heading.av-m41o7j3k-4d2cf9ce31bbadb2f14a7b87191f0ae5 .av-special-heading-tag .heading-char{\nfont-size:25px;\n}\n.av-special-heading.av-m41o7j3k-4d2cf9ce31bbadb2f14a7b87191f0ae5 .av-subheading{\nfont-size:15px;\n}\n<\/style>\n<div  class='av-special-heading av-m41o7j3k-4d2cf9ce31bbadb2f14a7b87191f0ae5 av-special-heading-h3 blockquote modern-quote modern-centered  avia-builder-el-11  el_after_av_font_icon  avia-builder-el-last  av-linked-heading'><h3 class='av-special-heading-tag'  itemprop=\"headline\"  ><a class=\"av-heading-link\" href=\"https:\/\/tocchini.com.br\/index.php\/assessoria-juridica-em-questoes-tributarias\/\" >ASSESSORIA JUR\u00cdDICA EM QUEST\u00d5ES TRIBUT\u00c1RIAS<\/a><\/h3><div class=\"special-heading-border\"><div class=\"special-heading-inner-border\"><\/div><\/div><\/div><\/p><\/div><\/p>\n","protected":false},"excerpt":{"rendered":"","protected":false},"author":1,"featured_media":0,"parent":831,"menu_order":0,"comment_status":"closed","ping_status":"closed","template":"","meta":{"footnotes":""},"class_list":["post-900","page","type-page","status-publish","hentry"],"_links":{"self":[{"href":"https:\/\/tocchini.com.br\/index.php\/wp-json\/wp\/v2\/pages\/900","targetHints":{"allow":["GET"]}}],"collection":[{"href":"https:\/\/tocchini.com.br\/index.php\/wp-json\/wp\/v2\/pages"}],"about":[{"href":"https:\/\/tocchini.com.br\/index.php\/wp-json\/wp\/v2\/types\/page"}],"author":[{"embeddable":true,"href":"https:\/\/tocchini.com.br\/index.php\/wp-json\/wp\/v2\/users\/1"}],"replies":[{"embeddable":true,"href":"https:\/\/tocchini.com.br\/index.php\/wp-json\/wp\/v2\/comments?post=900"}],"version-history":[{"count":2,"href":"https:\/\/tocchini.com.br\/index.php\/wp-json\/wp\/v2\/pages\/900\/revisions"}],"predecessor-version":[{"id":1057,"href":"https:\/\/tocchini.com.br\/index.php\/wp-json\/wp\/v2\/pages\/900\/revisions\/1057"}],"up":[{"embeddable":true,"href":"https:\/\/tocchini.com.br\/index.php\/wp-json\/wp\/v2\/pages\/831"}],"wp:attachment":[{"href":"https:\/\/tocchini.com.br\/index.php\/wp-json\/wp\/v2\/media?parent=900"}],"curies":[{"name":"wp","href":"https:\/\/api.w.org\/{rel}","templated":true}]}}