{"id":896,"date":"2024-11-28T15:35:19","date_gmt":"2024-11-28T18:35:19","guid":{"rendered":"https:\/\/tocchini.com.br\/?page_id=896"},"modified":"2025-02-13T11:17:15","modified_gmt":"2025-02-13T14:17:15","slug":"saude-e-direito-medico","status":"publish","type":"page","link":"https:\/\/tocchini.com.br\/index.php\/areas\/saude-e-direito-medico\/","title":{"rendered":"SA\u00daDE E DIREITO M\u00c9DICO"},"content":{"rendered":"<div  class='flex_column av-22qlr7-7aa52d90ef2b1f7c48c8365739efab34 av_one_full  avia-builder-el-0  el_before_av_section  avia-builder-el-no-sibling  first flex_column_div  '     ><section  class='av_textblock_section av-m41o4vdf-10109720372bc5a504f07962ab3d0161 '   itemscope=\"itemscope\" itemtype=\"https:\/\/schema.org\/CreativeWork\" ><div class='avia_textblock'  itemprop=\"text\" ><div align=\"justify\">Oferecemos assessoria especializada em Direito M\u00e9dico e Direito \u00e0 Sa\u00fade, atendendo tanto profissionais da sa\u00fade quanto pacientes. Nosso trabalho envolve a defesa dos direitos dos pacientes, a assessoria jur\u00eddica para profissionais e institui\u00e7\u00f5es de sa\u00fade, al\u00e9m de lidar com quest\u00f5es \u00e9ticas e legais do setor.<\/div>\n<\/div><\/section><\/div>\n<\/div><\/div><\/div><!-- close content main div --><\/div><\/div><div id='av_section_1'  class='avia-section av-1007s-63421bf3b51574dc6d3dd07ecb350d89 main_color avia-section-default avia-no-border-styling  avia-builder-el-2  el_after_av_one_full  el_before_av_section  avia-bg-style-scroll container_wrap sidebar_right'  ><div class='container av-section-cont-open' ><div class='template-page content  av-content-small alpha units'><div class='post-entry post-entry-type-page post-entry-896'><div class='entry-content-wrapper clearfix'>\n\n<style type=\"text\/css\" data-created_by=\"avia_inline_auto\" id=\"style-css-av-m4wrafzt-635ef984d6a3fb26859b4ae1d3ef4426\">\n#top .av-special-heading.av-m4wrafzt-635ef984d6a3fb26859b4ae1d3ef4426{\npadding-bottom:10px;\n}\nbody .av-special-heading.av-m4wrafzt-635ef984d6a3fb26859b4ae1d3ef4426 .av-special-heading-tag .heading-char{\nfont-size:25px;\n}\n.av-special-heading.av-m4wrafzt-635ef984d6a3fb26859b4ae1d3ef4426 .av-subheading{\nfont-size:15px;\n}\n<\/style>\n<div  class='av-special-heading av-m4wrafzt-635ef984d6a3fb26859b4ae1d3ef4426 av-special-heading-h3  avia-builder-el-3  el_before_av_one_third  avia-builder-el-first '><h3 class='av-special-heading-tag'  itemprop=\"headline\"  >DIREITO M\u00c9DICO<\/h3><div class=\"special-heading-border\"><div class=\"special-heading-inner-border\"><\/div><\/div><\/div>\n<div  class='flex_column av-2w86r-0feb179dacdda9bba048a17692a4bb2c av_one_third  avia-builder-el-4  el_after_av_heading  el_before_av_one_third  first flex_column_div  '     ><p>\n<style type=\"text\/css\" data-created_by=\"avia_inline_auto\" id=\"style-css-av-jxfsz-bbbebf8e33cd6a1f3b2dbfa9403972fd\">\n.av_font_icon.av-jxfsz-bbbebf8e33cd6a1f3b2dbfa9403972fd .av-icon-char{\nfont-size:40px;\nline-height:40px;\n}\n<\/style>\n<span  class='av_font_icon av-jxfsz-bbbebf8e33cd6a1f3b2dbfa9403972fd avia_animate_when_visible av-icon-style- avia-icon-pos-center av-no-color avia-icon-animate'><span class='av-icon-char' aria-hidden='true' data-av_icon='\ue818' data-av_iconfont='entypo-fontello' ><\/span><\/span><br \/>\n\n<style type=\"text\/css\" data-created_by=\"avia_inline_auto\" id=\"style-css-av-m41o78fj-cbff92f416d21c13bb9124ad94ac5368\">\n#top .av-special-heading.av-m41o78fj-cbff92f416d21c13bb9124ad94ac5368{\npadding-bottom:10px;\n}\nbody .av-special-heading.av-m41o78fj-cbff92f416d21c13bb9124ad94ac5368 .av-special-heading-tag .heading-char{\nfont-size:25px;\n}\n.av-special-heading.av-m41o78fj-cbff92f416d21c13bb9124ad94ac5368 .av-subheading{\nfont-size:15px;\n}\n<\/style>\n<div  class='av-special-heading av-m41o78fj-cbff92f416d21c13bb9124ad94ac5368 av-special-heading-h3 blockquote modern-quote modern-centered  avia-builder-el-6  el_after_av_font_icon  avia-builder-el-last  av-linked-heading'><h3 class='av-special-heading-tag'  itemprop=\"headline\"  ><a class=\"av-heading-link\" href=\"https:\/\/tocchini.com.br\/index.php\/erro-medico\/\" >ERRO M\u00c9DICO<\/a><\/h3><div class=\"special-heading-border\"><div class=\"special-heading-inner-border\"><\/div><\/div><\/div><\/p><\/div><div  class='flex_column av-10okrn-652c2ec6c3c11c907cdc275df39bdfe4 av_one_third  avia-builder-el-7  el_after_av_one_third  el_before_av_one_third  flex_column_div  '     ><p>\n<style type=\"text\/css\" data-created_by=\"avia_inline_auto\" id=\"style-css-av-av_font_icon-03c504f9ca32278af24dbb778a89e248\">\n.av_font_icon.av-av_font_icon-03c504f9ca32278af24dbb778a89e248 .av-icon-char{\nfont-size:40px;\nline-height:40px;\n}\n<\/style>\n<span  class='av_font_icon av-av_font_icon-03c504f9ca32278af24dbb778a89e248 avia_animate_when_visible av-icon-style- avia-icon-pos-center av-no-color avia-icon-animate'><span class='av-icon-char' aria-hidden='true' data-av_icon='\ue818' data-av_iconfont='entypo-fontello' ><\/span><\/span><br \/>\n\n<style type=\"text\/css\" data-created_by=\"avia_inline_auto\" id=\"style-css-av-m41o72ec-2bdfd192bf6552ac387d132df34b59f6\">\n#top .av-special-heading.av-m41o72ec-2bdfd192bf6552ac387d132df34b59f6{\npadding-bottom:10px;\n}\nbody .av-special-heading.av-m41o72ec-2bdfd192bf6552ac387d132df34b59f6 .av-special-heading-tag .heading-char{\nfont-size:25px;\n}\n.av-special-heading.av-m41o72ec-2bdfd192bf6552ac387d132df34b59f6 .av-subheading{\nfont-size:15px;\n}\n<\/style>\n<div  class='av-special-heading av-m41o72ec-2bdfd192bf6552ac387d132df34b59f6 av-special-heading-h3 blockquote modern-quote modern-centered  avia-builder-el-9  el_after_av_font_icon  avia-builder-el-last  av-linked-heading'><h3 class='av-special-heading-tag'  itemprop=\"headline\"  ><a class=\"av-heading-link\" href=\"https:\/\/tocchini.com.br\/index.php\/processo-etico-profissional-junto-aos-crm-e-cfm\/\" >PROCESSO \u00c9RICO PROFISSIONAL JUNTO AOS CRM E CFM<\/a><\/h3><div class=\"special-heading-border\"><div class=\"special-heading-inner-border\"><\/div><\/div><\/div><\/p><\/div><div  class='flex_column av-efcmr-c2039651c14ac80e913d6b20e4d2ec35 av_one_third  avia-builder-el-10  el_after_av_one_third  avia-builder-el-last  flex_column_div  '     ><p>\n<style type=\"text\/css\" data-created_by=\"avia_inline_auto\" id=\"style-css-av-av_font_icon-03c504f9ca32278af24dbb778a89e248\">\n.av_font_icon.av-av_font_icon-03c504f9ca32278af24dbb778a89e248 .av-icon-char{\nfont-size:40px;\nline-height:40px;\n}\n<\/style>\n<span  class='av_font_icon av-av_font_icon-03c504f9ca32278af24dbb778a89e248 avia_animate_when_visible av-icon-style- avia-icon-pos-center av-no-color avia-icon-animate'><span class='av-icon-char' aria-hidden='true' data-av_icon='\ue818' data-av_iconfont='entypo-fontello' ><\/span><\/span><br \/>\n\n<style type=\"text\/css\" data-created_by=\"avia_inline_auto\" id=\"style-css-av-m41o7j3k-db83a67ca09999b6d10c768d75a18f1b\">\n#top .av-special-heading.av-m41o7j3k-db83a67ca09999b6d10c768d75a18f1b{\npadding-bottom:10px;\n}\nbody .av-special-heading.av-m41o7j3k-db83a67ca09999b6d10c768d75a18f1b .av-special-heading-tag .heading-char{\nfont-size:25px;\n}\n.av-special-heading.av-m41o7j3k-db83a67ca09999b6d10c768d75a18f1b .av-subheading{\nfont-size:15px;\n}\n<\/style>\n<div  class='av-special-heading av-m41o7j3k-db83a67ca09999b6d10c768d75a18f1b av-special-heading-h3 blockquote modern-quote modern-centered  avia-builder-el-12  el_after_av_font_icon  avia-builder-el-last  av-linked-heading'><h3 class='av-special-heading-tag'  itemprop=\"headline\"  ><a class=\"av-heading-link\" href=\"https:\/\/tocchini.com.br\/index.php\/acoes-de-responsabilidade-civil-medica\/\" >A\u00c7\u00d5ES DE RESPONSABILIDADE CIVIL M\u00c9DICA<\/a><\/h3><div class=\"special-heading-border\"><div class=\"special-heading-inner-border\"><\/div><\/div><\/div><\/p><\/div><\/div><\/div><\/div><!-- close content main div --><\/div><\/div><div id='av_section_2'  class='avia-section av-16ayb4-a9c2827196c1de9ec7b3bd05efc8f38a main_color avia-section-default avia-no-border-styling  avia-builder-el-13  el_after_av_section  avia-builder-el-last  avia-bg-style-scroll container_wrap sidebar_right'  ><div class='container av-section-cont-open' ><div class='template-page content  av-content-small alpha units'><div class='post-entry post-entry-type-page post-entry-896'><div class='entry-content-wrapper clearfix'>\n\n<style type=\"text\/css\" data-created_by=\"avia_inline_auto\" id=\"style-css-av-m4wrc949-8539aef12342f5b15448e72281eec009\">\n#top .av-special-heading.av-m4wrc949-8539aef12342f5b15448e72281eec009{\npadding-bottom:10px;\n}\nbody .av-special-heading.av-m4wrc949-8539aef12342f5b15448e72281eec009 .av-special-heading-tag .heading-char{\nfont-size:25px;\n}\n.av-special-heading.av-m4wrc949-8539aef12342f5b15448e72281eec009 .av-subheading{\nfont-size:15px;\n}\n<\/style>\n<div  class='av-special-heading av-m4wrc949-8539aef12342f5b15448e72281eec009 av-special-heading-h3  avia-builder-el-14  el_before_av_one_third  avia-builder-el-first '><h3 class='av-special-heading-tag'  itemprop=\"headline\"  >DIREITO \u00c0 SA\u00daDE<\/h3><div class=\"special-heading-border\"><div class=\"special-heading-inner-border\"><\/div><\/div><\/div>\n<div  class='flex_column av-10gu9k-e211f22048e4369eb293f052ae722714 av_one_third  avia-builder-el-15  el_after_av_heading  el_before_av_one_third  first flex_column_div  '     ><p>\n<style type=\"text\/css\" data-created_by=\"avia_inline_auto\" id=\"style-css-av-av_font_icon-03c504f9ca32278af24dbb778a89e248\">\n.av_font_icon.av-av_font_icon-03c504f9ca32278af24dbb778a89e248 .av-icon-char{\nfont-size:40px;\nline-height:40px;\n}\n<\/style>\n<span  class='av_font_icon av-av_font_icon-03c504f9ca32278af24dbb778a89e248 avia_animate_when_visible av-icon-style- avia-icon-pos-center av-no-color avia-icon-animate'><span class='av-icon-char' aria-hidden='true' data-av_icon='\ue818' data-av_iconfont='entypo-fontello' ><\/span><\/span><br \/>\n\n<style type=\"text\/css\" data-created_by=\"avia_inline_auto\" id=\"style-css-av-m4wrcr2t-13dd7019390b725afffbef130028e439\">\n#top .av-special-heading.av-m4wrcr2t-13dd7019390b725afffbef130028e439{\npadding-bottom:10px;\n}\nbody .av-special-heading.av-m4wrcr2t-13dd7019390b725afffbef130028e439 .av-special-heading-tag .heading-char{\nfont-size:25px;\n}\n.av-special-heading.av-m4wrcr2t-13dd7019390b725afffbef130028e439 .av-subheading{\nfont-size:15px;\n}\n<\/style>\n<div  class='av-special-heading av-m4wrcr2t-13dd7019390b725afffbef130028e439 av-special-heading-h3 blockquote modern-quote modern-centered  avia-builder-el-17  el_after_av_font_icon  avia-builder-el-last  av-linked-heading'><h3 class='av-special-heading-tag'  itemprop=\"headline\"  ><a class=\"av-heading-link\" href=\"https:\/\/tocchini.com.br\/index.php\/assessoria-juridica-em-questoes-de-plano-de-saude\/\" >ASSESSORIA JUR\u00cdDICA EM QUEST\u00d5ES DE PLANO DE SA\u00daDE<\/a><\/h3><div class=\"special-heading-border\"><div class=\"special-heading-inner-border\"><\/div><\/div><\/div><\/p><\/div><div  class='flex_column av-t1v5k-a37bdb0ed19122a48175cbd4b91946ef av_one_third  avia-builder-el-18  el_after_av_one_third  el_before_av_one_third  flex_column_div  '     ><p>\n<style type=\"text\/css\" data-created_by=\"avia_inline_auto\" id=\"style-css-av-av_font_icon-03c504f9ca32278af24dbb778a89e248\">\n.av_font_icon.av-av_font_icon-03c504f9ca32278af24dbb778a89e248 .av-icon-char{\nfont-size:40px;\nline-height:40px;\n}\n<\/style>\n<span  class='av_font_icon av-av_font_icon-03c504f9ca32278af24dbb778a89e248 avia_animate_when_visible av-icon-style- avia-icon-pos-center av-no-color avia-icon-animate'><span class='av-icon-char' aria-hidden='true' data-av_icon='\ue818' data-av_iconfont='entypo-fontello' ><\/span><\/span><br \/>\n\n<style type=\"text\/css\" data-created_by=\"avia_inline_auto\" id=\"style-css-av-m4wrdanv-293d20394163969774ac80e11db46ce5\">\n#top .av-special-heading.av-m4wrdanv-293d20394163969774ac80e11db46ce5{\npadding-bottom:10px;\n}\nbody .av-special-heading.av-m4wrdanv-293d20394163969774ac80e11db46ce5 .av-special-heading-tag .heading-char{\nfont-size:25px;\n}\n.av-special-heading.av-m4wrdanv-293d20394163969774ac80e11db46ce5 .av-subheading{\nfont-size:15px;\n}\n<\/style>\n<div  class='av-special-heading av-m4wrdanv-293d20394163969774ac80e11db46ce5 av-special-heading-h3 blockquote modern-quote modern-centered  avia-builder-el-20  el_after_av_font_icon  avia-builder-el-last  av-linked-heading'><h3 class='av-special-heading-tag'  itemprop=\"headline\"  ><a class=\"av-heading-link\" href=\"https:\/\/tocchini.com.br\/index.php\/acoes-para-garantir-o-acesso-a-medicamentos-e-tratamentos\/\" >A\u00c7\u00d5ES PARA GARANTIR O ACESSO A MEDICAMENTOS E TRATAMENTOS<\/a><\/h3><div class=\"special-heading-border\"><div class=\"special-heading-inner-border\"><\/div><\/div><\/div><\/p><\/div><div  class='flex_column av-cn2mw-5bdffe20408beb467f1fcc3bcf8c8700 av_one_third  avia-builder-el-21  el_after_av_one_third  avia-builder-el-last  flex_column_div  '     ><p>\n<style type=\"text\/css\" data-created_by=\"avia_inline_auto\" id=\"style-css-av-av_font_icon-03c504f9ca32278af24dbb778a89e248\">\n.av_font_icon.av-av_font_icon-03c504f9ca32278af24dbb778a89e248 .av-icon-char{\nfont-size:40px;\nline-height:40px;\n}\n<\/style>\n<span  class='av_font_icon av-av_font_icon-03c504f9ca32278af24dbb778a89e248 avia_animate_when_visible av-icon-style- avia-icon-pos-center av-no-color avia-icon-animate'><span class='av-icon-char' aria-hidden='true' data-av_icon='\ue818' data-av_iconfont='entypo-fontello' ><\/span><\/span><br \/>\n\n<style type=\"text\/css\" data-created_by=\"avia_inline_auto\" id=\"style-css-av-m4wrdle6-a56997c8e90338308b3c7f0238324ec7\">\n#top .av-special-heading.av-m4wrdle6-a56997c8e90338308b3c7f0238324ec7{\npadding-bottom:10px;\n}\nbody .av-special-heading.av-m4wrdle6-a56997c8e90338308b3c7f0238324ec7 .av-special-heading-tag .heading-char{\nfont-size:25px;\n}\n.av-special-heading.av-m4wrdle6-a56997c8e90338308b3c7f0238324ec7 .av-subheading{\nfont-size:15px;\n}\n<\/style>\n<div  class='av-special-heading av-m4wrdle6-a56997c8e90338308b3c7f0238324ec7 av-special-heading-h3 blockquote modern-quote modern-centered  avia-builder-el-23  el_after_av_font_icon  avia-builder-el-last  av-linked-heading'><h3 class='av-special-heading-tag'  itemprop=\"headline\"  ><a class=\"av-heading-link\" href=\"https:\/\/tocchini.com.br\/index.php\/defesa-dos-direitos-do-paciente\/\" >DEFESA DOS DIREITOSS DO PACIENTE<\/a><\/h3><div class=\"special-heading-border\"><div class=\"special-heading-inner-border\"><\/div><\/div><\/div><\/p><\/div><\/div><\/div><\/div><!-- close content main div --><\/div><\/div><div id='after_section_2'  class='main_color av_default_container_wrap container_wrap sidebar_right'  ><div class='container av-section-cont-open' ><div class='template-page content  av-content-small alpha units'><div class='post-entry post-entry-type-page post-entry-896'><div class='entry-content-wrapper clearfix'><\/p>\n","protected":false},"excerpt":{"rendered":"","protected":false},"author":1,"featured_media":0,"parent":831,"menu_order":0,"comment_status":"closed","ping_status":"closed","template":"","meta":{"footnotes":""},"class_list":["post-896","page","type-page","status-publish","hentry"],"_links":{"self":[{"href":"https:\/\/tocchini.com.br\/index.php\/wp-json\/wp\/v2\/pages\/896","targetHints":{"allow":["GET"]}}],"collection":[{"href":"https:\/\/tocchini.com.br\/index.php\/wp-json\/wp\/v2\/pages"}],"about":[{"href":"https:\/\/tocchini.com.br\/index.php\/wp-json\/wp\/v2\/types\/page"}],"author":[{"embeddable":true,"href":"https:\/\/tocchini.com.br\/index.php\/wp-json\/wp\/v2\/users\/1"}],"replies":[{"embeddable":true,"href":"https:\/\/tocchini.com.br\/index.php\/wp-json\/wp\/v2\/comments?post=896"}],"version-history":[{"count":3,"href":"https:\/\/tocchini.com.br\/index.php\/wp-json\/wp\/v2\/pages\/896\/revisions"}],"predecessor-version":[{"id":1056,"href":"https:\/\/tocchini.com.br\/index.php\/wp-json\/wp\/v2\/pages\/896\/revisions\/1056"}],"up":[{"embeddable":true,"href":"https:\/\/tocchini.com.br\/index.php\/wp-json\/wp\/v2\/pages\/831"}],"wp:attachment":[{"href":"https:\/\/tocchini.com.br\/index.php\/wp-json\/wp\/v2\/media?parent=896"}],"curies":[{"name":"wp","href":"https:\/\/api.w.org\/{rel}","templated":true}]}}