{"id":861,"date":"2024-12-19T10:02:12","date_gmt":"2024-12-19T13:02:12","guid":{"rendered":"https:\/\/tocchini.com.br\/?page_id=861"},"modified":"2025-02-11T10:26:58","modified_gmt":"2025-02-11T13:26:58","slug":"direito-do-consumidor","status":"publish","type":"page","link":"https:\/\/tocchini.com.br\/index.php\/areas\/direito-do-consumidor\/","title":{"rendered":"DIREITO DO CONSUMIDOR"},"content":{"rendered":"<div  class='flex_column av-2jve91-1d866d61e7e27ac1adfae3ddb23ddbff av_one_full  avia-builder-el-0  el_before_av_one_half  avia-builder-el-first  first flex_column_div  '     ><section  class='av_textblock_section av-m4vbo97y-cb20347d96894cf5c78994e5498ea97f '   itemscope=\"itemscope\" itemtype=\"https:\/\/schema.org\/CreativeWork\" ><div class='avia_textblock'  itemprop=\"text\" ><div align=\"justify\">Entendemos a import\u00e2ncia da rela\u00e7\u00e3o de consumo para a sociedade atual. Por isso, oferecemos solu\u00e7\u00f5es jur\u00eddicas completas tanto para a defesa dos direitos dos consumidores, incluindo quest\u00f5es relacionadas a produtos e servi\u00e7os, pr\u00e1ticas abusivas, e a\u00e7\u00f5es coletivas \u2013 quanto para o preparo das fornecedoras, mitigando riscos e demandas. Nosso objetivo \u00e9 garantir que os direitos do consumidor sejam respeitados, promovendo rela\u00e7\u00f5es de consumo mais justas e equilibradas.<\/div>\n<\/div><\/section><\/div>\n<div  class='flex_column av-2cp5yd-5ae40c4122cdf4c6a2fdc3827c2af3f6 av_one_half  avia-builder-el-2  el_after_av_one_full  el_before_av_one_half  first flex_column_div  column-top-margin'     ><p>\n<style type=\"text\/css\" data-created_by=\"avia_inline_auto\" id=\"style-css-av-m4vbq1z9-6d709395ae913f19e74e1a85c0f035a7\">\n.av_font_icon.av-m4vbq1z9-6d709395ae913f19e74e1a85c0f035a7 .av-icon-char{\nfont-size:40px;\nline-height:40px;\n}\n<\/style>\n<span  class='av_font_icon av-m4vbq1z9-6d709395ae913f19e74e1a85c0f035a7 avia_animate_when_visible av-icon-style- avia-icon-pos-center av-no-color avia-icon-animate'><span class='av-icon-char' aria-hidden='true' data-av_icon='\ue80a' data-av_iconfont='entypo-fontello' ><\/span><\/span><br \/>\n\n<style type=\"text\/css\" data-created_by=\"avia_inline_auto\" id=\"style-css-av-m4vbqucs-83a21343906cb1189e88992c1ddc89c0\">\n#top .av-special-heading.av-m4vbqucs-83a21343906cb1189e88992c1ddc89c0{\npadding-bottom:10px;\n}\nbody .av-special-heading.av-m4vbqucs-83a21343906cb1189e88992c1ddc89c0 .av-special-heading-tag .heading-char{\nfont-size:25px;\n}\n.av-special-heading.av-m4vbqucs-83a21343906cb1189e88992c1ddc89c0 .av-subheading{\nfont-size:15px;\n}\n<\/style>\n<div  class='av-special-heading av-m4vbqucs-83a21343906cb1189e88992c1ddc89c0 av-special-heading-h3 blockquote modern-quote modern-centered  avia-builder-el-4  el_after_av_font_icon  avia-builder-el-last  av-linked-heading'><h3 class='av-special-heading-tag'  itemprop=\"headline\"  ><a class=\"av-heading-link\" href=\"https:\/\/tocchini.com.br\/index.php\/defessa-do-consumidor-em-compras-online-e-servicos-prestados\/\" >DEFESA DO CONSUMIDOR EM COMPRAS ONLINE E SERVI\u00c7OS PRESTADOS<\/a><\/h3><div class=\"special-heading-border\"><div class=\"special-heading-inner-border\"><\/div><\/div><\/div><\/p><\/div>\n<div  class='flex_column av-7wrfp-6a32d9135df43e56edcd012d83f3d1ec av_one_half  avia-builder-el-5  el_after_av_one_half  el_before_av_one_half  flex_column_div  column-top-margin'     ><p>\n<style type=\"text\/css\" data-created_by=\"avia_inline_auto\" id=\"style-css-av-24bfat-fb38a06cc16a06fd861ea0937979f740\">\n.av_font_icon.av-24bfat-fb38a06cc16a06fd861ea0937979f740 .av-icon-char{\nfont-size:40px;\nline-height:40px;\n}\n<\/style>\n<span  class='av_font_icon av-24bfat-fb38a06cc16a06fd861ea0937979f740 avia_animate_when_visible av-icon-style- avia-icon-pos-center av-no-color avia-icon-animate'><span class='av-icon-char' aria-hidden='true' data-av_icon='\ue82d' data-av_iconfont='entypo-fontello' ><\/span><\/span><br \/>\n\n<style type=\"text\/css\" data-created_by=\"avia_inline_auto\" id=\"style-css-av-m4vbs2zv-d8c1acd3d1486ae7b4e8f5b62ebadccd\">\n#top .av-special-heading.av-m4vbs2zv-d8c1acd3d1486ae7b4e8f5b62ebadccd{\npadding-bottom:10px;\n}\nbody .av-special-heading.av-m4vbs2zv-d8c1acd3d1486ae7b4e8f5b62ebadccd .av-special-heading-tag .heading-char{\nfont-size:25px;\n}\n.av-special-heading.av-m4vbs2zv-d8c1acd3d1486ae7b4e8f5b62ebadccd .av-subheading{\nfont-size:15px;\n}\n<\/style>\n<div  class='av-special-heading av-m4vbs2zv-d8c1acd3d1486ae7b4e8f5b62ebadccd av-special-heading-h3 blockquote modern-quote modern-centered  avia-builder-el-7  el_after_av_font_icon  avia-builder-el-last  av-linked-heading'><h3 class='av-special-heading-tag'  itemprop=\"headline\"  ><a class=\"av-heading-link\" href=\"https:\/\/tocchini.com.br\/index.php\/acoes-de-indenizacao-por-danos-materiais-e-morais\/\" >INDENIZA\u00c7\u00c3O POR DANOS MATERIAIS E MORAIS<\/a><\/h3><div class=\"special-heading-border\"><div class=\"special-heading-inner-border\"><\/div><\/div><\/div><\/p><\/div>\n<div  class='flex_column av-6qsmt-84d4c377e92e1df9650cfb82d9dc2c08 av_one_half  avia-builder-el-8  el_after_av_one_half  el_before_av_one_half  first flex_column_div  column-top-margin'     ><p>\n<style type=\"text\/css\" data-created_by=\"avia_inline_auto\" id=\"style-css-av-1oivph-07467aa1acbc2b71ef2c284c3a7edc5d\">\n.av_font_icon.av-1oivph-07467aa1acbc2b71ef2c284c3a7edc5d .av-icon-char{\nfont-size:40px;\nline-height:40px;\n}\n<\/style>\n<span  class='av_font_icon av-1oivph-07467aa1acbc2b71ef2c284c3a7edc5d avia_animate_when_visible av-icon-style- avia-icon-pos-center av-no-color avia-icon-animate'><span class='av-icon-char' aria-hidden='true' data-av_icon='\ue855' data-av_iconfont='entypo-fontello' ><\/span><\/span><br \/>\n\n<style type=\"text\/css\" data-created_by=\"avia_inline_auto\" id=\"style-css-av-m4vbsgor-2730781d6edb373e6bf6cc8aba93d18b\">\n#top .av-special-heading.av-m4vbsgor-2730781d6edb373e6bf6cc8aba93d18b{\npadding-bottom:10px;\n}\nbody .av-special-heading.av-m4vbsgor-2730781d6edb373e6bf6cc8aba93d18b .av-special-heading-tag .heading-char{\nfont-size:25px;\n}\n.av-special-heading.av-m4vbsgor-2730781d6edb373e6bf6cc8aba93d18b .av-subheading{\nfont-size:15px;\n}\n<\/style>\n<div  class='av-special-heading av-m4vbsgor-2730781d6edb373e6bf6cc8aba93d18b av-special-heading-h3 blockquote modern-quote modern-centered  avia-builder-el-10  el_after_av_font_icon  avia-builder-el-last  av-linked-heading'><h3 class='av-special-heading-tag'  itemprop=\"headline\"  ><a class=\"av-heading-link\" href=\"https:\/\/tocchini.com.br\/index.php\/expertise-em-processos-indenizatorios\/\" >EXPERTISE EM PROCESSSOS INDENIZAT\u00d3RIOS<\/a><\/h3><div class=\"special-heading-border\"><div class=\"special-heading-inner-border\"><\/div><\/div><\/div><\/p><\/div>\n<div  class='flex_column av-m4vbsrg9-64c930f24e9c3977e1d8ff33084fb819 av_one_half  avia-builder-el-11  el_after_av_one_half  el_before_av_one_half  flex_column_div  column-top-margin'     ><p>\n<style type=\"text\/css\" data-created_by=\"avia_inline_auto\" id=\"style-css-av-1m1f11-2177441b5ef0d9834385f8e11af34585\">\n.av_font_icon.av-1m1f11-2177441b5ef0d9834385f8e11af34585 .av-icon-char{\nfont-size:40px;\nline-height:40px;\n}\n<\/style>\n<span  class='av_font_icon av-1m1f11-2177441b5ef0d9834385f8e11af34585 avia_animate_when_visible av-icon-style- avia-icon-pos-center av-no-color avia-icon-animate'><span class='av-icon-char' aria-hidden='true' data-av_icon='\ue8b6' data-av_iconfont='entypo-fontello' ><\/span><\/span><br \/>\n\n<style type=\"text\/css\" data-created_by=\"avia_inline_auto\" id=\"style-css-av-m4vbswut-dfdd35886a29379ffd17c070a4e27d33\">\n#top .av-special-heading.av-m4vbswut-dfdd35886a29379ffd17c070a4e27d33{\npadding-bottom:10px;\n}\nbody .av-special-heading.av-m4vbswut-dfdd35886a29379ffd17c070a4e27d33 .av-special-heading-tag .heading-char{\nfont-size:25px;\n}\n.av-special-heading.av-m4vbswut-dfdd35886a29379ffd17c070a4e27d33 .av-subheading{\nfont-size:15px;\n}\n<\/style>\n<div  class='av-special-heading av-m4vbswut-dfdd35886a29379ffd17c070a4e27d33 av-special-heading-h3 blockquote modern-quote modern-centered  avia-builder-el-13  el_after_av_font_icon  avia-builder-el-last  av-linked-heading'><h3 class='av-special-heading-tag'  itemprop=\"headline\"  ><a class=\"av-heading-link\" href=\"https:\/\/tocchini.com.br\/index.php\/atraso-de-voo\/\" >ATRASO CANCELAMENTO DE VOO<\/a><\/h3><div class=\"special-heading-border\"><div class=\"special-heading-inner-border\"><\/div><\/div><\/div><\/p><\/div><div  class='flex_column av-537kl-ab83d9c0a7c649f42515d72ff7c86916 av_one_half  avia-builder-el-14  el_after_av_one_half  el_before_av_one_half  first flex_column_div  column-top-margin'     ><p>\n<style type=\"text\/css\" data-created_by=\"avia_inline_auto\" id=\"style-css-av-19i6fh-485486dda40968558f0f3eb0f9e70bbd\">\n.av_font_icon.av-19i6fh-485486dda40968558f0f3eb0f9e70bbd .av-icon-char{\nfont-size:40px;\nline-height:40px;\n}\n<\/style>\n<span  class='av_font_icon av-19i6fh-485486dda40968558f0f3eb0f9e70bbd avia_animate_when_visible av-icon-style- avia-icon-pos-center av-no-color avia-icon-animate'><span class='av-icon-char' aria-hidden='true' data-av_icon='\ue814' data-av_iconfont='entypo-fontello' ><\/span><\/span><br \/>\n\n<style type=\"text\/css\" data-created_by=\"avia_inline_auto\" id=\"style-css-av-m4vbt48o-a5e0ac0b173dc0f93bcce63ab513ac08\">\n#top .av-special-heading.av-m4vbt48o-a5e0ac0b173dc0f93bcce63ab513ac08{\npadding-bottom:10px;\n}\nbody .av-special-heading.av-m4vbt48o-a5e0ac0b173dc0f93bcce63ab513ac08 .av-special-heading-tag .heading-char{\nfont-size:25px;\n}\n.av-special-heading.av-m4vbt48o-a5e0ac0b173dc0f93bcce63ab513ac08 .av-subheading{\nfont-size:15px;\n}\n<\/style>\n<div  class='av-special-heading av-m4vbt48o-a5e0ac0b173dc0f93bcce63ab513ac08 av-special-heading-h3 blockquote modern-quote modern-centered  avia-builder-el-16  el_after_av_font_icon  avia-builder-el-last  av-linked-heading'><h3 class='av-special-heading-tag'  itemprop=\"headline\"  ><a class=\"av-heading-link\" href=\"https:\/\/tocchini.com.br\/index.php\/defeitos-e-vicios-em-produtos-e-servicos\/\" >DEFEITO E V\u00cdCIOS EM PRODUTOS E SERVI\u00c7OS<\/a><\/h3><div class=\"special-heading-border\"><div class=\"special-heading-inner-border\"><\/div><\/div><\/div><\/p><\/div><\/p>\n<div  class='flex_column av-156bbh-10e9fcb7be3a400a3c9200b0a0e34e76 av_one_half  avia-builder-el-17  el_after_av_one_half  el_before_av_one_half  flex_column_div  column-top-margin'     ><p>\n<style type=\"text\/css\" data-created_by=\"avia_inline_auto\" id=\"style-css-av-yv52t-89d9eb4fe23233c74fa1c248b696c7f0\">\n.av_font_icon.av-yv52t-89d9eb4fe23233c74fa1c248b696c7f0 .av-icon-char{\nfont-size:40px;\nline-height:40px;\n}\n<\/style>\n<span  class='av_font_icon av-yv52t-89d9eb4fe23233c74fa1c248b696c7f0 avia_animate_when_visible av-icon-style- avia-icon-pos-center av-no-color avia-icon-animate'><span class='av-icon-char' aria-hidden='true' data-av_icon='\ue83e' data-av_iconfont='entypo-fontello' ><\/span><\/span><br \/>\n\n<style type=\"text\/css\" data-created_by=\"avia_inline_auto\" id=\"style-css-av-m4vbtec2-d75a4c98197d3d16a233b4a95a6e4911\">\n#top .av-special-heading.av-m4vbtec2-d75a4c98197d3d16a233b4a95a6e4911{\npadding-bottom:10px;\n}\nbody .av-special-heading.av-m4vbtec2-d75a4c98197d3d16a233b4a95a6e4911 .av-special-heading-tag .heading-char{\nfont-size:25px;\n}\n.av-special-heading.av-m4vbtec2-d75a4c98197d3d16a233b4a95a6e4911 .av-subheading{\nfont-size:15px;\n}\n<\/style>\n<div  class='av-special-heading av-m4vbtec2-d75a4c98197d3d16a233b4a95a6e4911 av-special-heading-h3 blockquote modern-quote modern-centered  avia-builder-el-19  el_after_av_font_icon  avia-builder-el-last  av-linked-heading'><h3 class='av-special-heading-tag'  itemprop=\"headline\"  ><a class=\"av-heading-link\" href=\"https:\/\/tocchini.com.br\/index.php\/inclusao-indevida-no-cadastro-de-inadimplentes\/\" >INCLUS\u00c3O INDEVIDA NO CADASTRO DE INADIMPLENTES<\/a><\/h3><div class=\"special-heading-border\"><div class=\"special-heading-inner-border\"><\/div><\/div><\/div><\/p><\/div>\n<div  class='flex_column av-toh65-d4440a12675177faa65b583d8b447fcf av_one_half  avia-builder-el-20  el_after_av_one_half  el_before_av_one_half  first flex_column_div  column-top-margin'     ><p>\n<style type=\"text\/css\" data-created_by=\"avia_inline_auto\" id=\"style-css-av-it3nx-aa5e3e9f6a66e19750de8ac205174d9f\">\n.av_font_icon.av-it3nx-aa5e3e9f6a66e19750de8ac205174d9f .av-icon-char{\nfont-size:40px;\nline-height:40px;\n}\n<\/style>\n<span  class='av_font_icon av-it3nx-aa5e3e9f6a66e19750de8ac205174d9f avia_animate_when_visible av-icon-style- avia-icon-pos-center av-no-color avia-icon-animate'><span class='av-icon-char' aria-hidden='true' data-av_icon='\ue82b' data-av_iconfont='entypo-fontello' ><\/span><\/span><br \/>\n\n<style type=\"text\/css\" data-created_by=\"avia_inline_auto\" id=\"style-css-av-m4vbtv2r-53fc69f17377bef7b6c8c30b7b1e2212\">\n#top .av-special-heading.av-m4vbtv2r-53fc69f17377bef7b6c8c30b7b1e2212{\npadding-bottom:10px;\n}\nbody .av-special-heading.av-m4vbtv2r-53fc69f17377bef7b6c8c30b7b1e2212 .av-special-heading-tag .heading-char{\nfont-size:25px;\n}\n.av-special-heading.av-m4vbtv2r-53fc69f17377bef7b6c8c30b7b1e2212 .av-subheading{\nfont-size:15px;\n}\n<\/style>\n<div  class='av-special-heading av-m4vbtv2r-53fc69f17377bef7b6c8c30b7b1e2212 av-special-heading-h3 blockquote modern-quote modern-centered  avia-builder-el-22  el_after_av_font_icon  avia-builder-el-last  av-linked-heading'><h3 class='av-special-heading-tag'  itemprop=\"headline\"  ><a class=\"av-heading-link\" href=\"https:\/\/tocchini.com.br\/index.php\/compromisso-com-a-justica-e-a-excelencia\/\" >COMPROMISSO COM JUSTI\u00c7A E A EXCEL\u00caNCIA<\/a><\/h3><div class=\"special-heading-border\"><div class=\"special-heading-inner-border\"><\/div><\/div><\/div><\/p><\/div>\n<div  class='flex_column av-e5wdh-c765929a8799defe0c6cac4560fa3ca2 av_one_half  avia-builder-el-23  el_after_av_one_half  avia-builder-el-last  flex_column_div  column-top-margin'     ><p>\n<style type=\"text\/css\" data-created_by=\"avia_inline_auto\" id=\"style-css-av-7e785-a336e7542d4ac5073043dfb3a68aa2bd\">\n.av_font_icon.av-7e785-a336e7542d4ac5073043dfb3a68aa2bd .av-icon-char{\nfont-size:40px;\nline-height:40px;\n}\n<\/style>\n<span  class='av_font_icon av-7e785-a336e7542d4ac5073043dfb3a68aa2bd avia_animate_when_visible av-icon-style- avia-icon-pos-center av-no-color avia-icon-animate'><span class='av-icon-char' aria-hidden='true' data-av_icon='\ue859' data-av_iconfont='entypo-fontello' ><\/span><\/span><br \/>\n\n<style type=\"text\/css\" data-created_by=\"avia_inline_auto\" id=\"style-css-av-m4vbu3qu-590843eb6fe44a79d7a8f416c454f3f9\">\n#top .av-special-heading.av-m4vbu3qu-590843eb6fe44a79d7a8f416c454f3f9{\npadding-bottom:10px;\n}\nbody .av-special-heading.av-m4vbu3qu-590843eb6fe44a79d7a8f416c454f3f9 .av-special-heading-tag .heading-char{\nfont-size:25px;\n}\n.av-special-heading.av-m4vbu3qu-590843eb6fe44a79d7a8f416c454f3f9 .av-subheading{\nfont-size:15px;\n}\n<\/style>\n<div  class='av-special-heading av-m4vbu3qu-590843eb6fe44a79d7a8f416c454f3f9 av-special-heading-h3 blockquote modern-quote modern-centered  avia-builder-el-25  el_after_av_font_icon  avia-builder-el-last  av-linked-heading'><h3 class='av-special-heading-tag'  itemprop=\"headline\"  ><a class=\"av-heading-link\" href=\"https:\/\/tocchini.com.br\/index.php\/assessoria-juridica-em-questoes-de-consumo\/\" >ASSESSORIA JUR\u00cdDICA EM QUEST\u00d5ES DE CONSUMO<\/a><\/h3><div class=\"special-heading-border\"><div class=\"special-heading-inner-border\"><\/div><\/div><\/div><\/p><\/div>\n","protected":false},"excerpt":{"rendered":"","protected":false},"author":1,"featured_media":0,"parent":831,"menu_order":0,"comment_status":"closed","ping_status":"closed","template":"","meta":{"footnotes":""},"class_list":["post-861","page","type-page","status-publish","hentry"],"_links":{"self":[{"href":"https:\/\/tocchini.com.br\/index.php\/wp-json\/wp\/v2\/pages\/861","targetHints":{"allow":["GET"]}}],"collection":[{"href":"https:\/\/tocchini.com.br\/index.php\/wp-json\/wp\/v2\/pages"}],"about":[{"href":"https:\/\/tocchini.com.br\/index.php\/wp-json\/wp\/v2\/types\/page"}],"author":[{"embeddable":true,"href":"https:\/\/tocchini.com.br\/index.php\/wp-json\/wp\/v2\/users\/1"}],"replies":[{"embeddable":true,"href":"https:\/\/tocchini.com.br\/index.php\/wp-json\/wp\/v2\/comments?post=861"}],"version-history":[{"count":6,"href":"https:\/\/tocchini.com.br\/index.php\/wp-json\/wp\/v2\/pages\/861\/revisions"}],"predecessor-version":[{"id":1033,"href":"https:\/\/tocchini.com.br\/index.php\/wp-json\/wp\/v2\/pages\/861\/revisions\/1033"}],"up":[{"embeddable":true,"href":"https:\/\/tocchini.com.br\/index.php\/wp-json\/wp\/v2\/pages\/831"}],"wp:attachment":[{"href":"https:\/\/tocchini.com.br\/index.php\/wp-json\/wp\/v2\/media?parent=861"}],"curies":[{"name":"wp","href":"https:\/\/api.w.org\/{rel}","templated":true}]}}