{"id":835,"date":"2024-11-28T15:35:19","date_gmt":"2024-11-28T18:35:19","guid":{"rendered":"https:\/\/tocchini.com.br\/?page_id=835"},"modified":"2025-02-07T16:51:01","modified_gmt":"2025-02-07T19:51:01","slug":"direito-civil","status":"publish","type":"page","link":"https:\/\/tocchini.com.br\/index.php\/areas\/direito-civil\/","title":{"rendered":"DIREITO CIVIL"},"content":{"rendered":"<div  class='flex_column av-22qlr7-7aa52d90ef2b1f7c48c8365739efab34 av_one_full  avia-builder-el-0  el_before_av_one_third  avia-builder-el-first  first flex_column_div  '     ><section  class='av_textblock_section av-m41o4vdf-10109720372bc5a504f07962ab3d0161 '   itemscope=\"itemscope\" itemtype=\"https:\/\/schema.org\/CreativeWork\" ><div class='avia_textblock'  itemprop=\"text\" ><div align=\"justify\">No \u00e2mbito do Direito Civil, nosso escrit\u00f3rio oferece uma vasta gama de servi\u00e7os, garantindo assessoria jur\u00eddica personalizada e eficiente. Nosso trabalho envolve a elabora\u00e7\u00e3o, revis\u00e3o e negocia\u00e7\u00e3o de contratos, assegurando a defesa de seus interesses e a mitiga\u00e7\u00e3o de riscos. Atuamos na \u00e1rea de Responsabilidade Civil, focados em buscar a repara\u00e7\u00e3o por danos materiais, morais ou \u00e0 imagem. Especializamo-nos em Planejamento Patrimonial e Sucess\u00f3rio, oferecendo estrat\u00e9gias para a prote\u00e7\u00e3o e transfer\u00eancia de patrim\u00f4nio. Al\u00e9m disso, somos experientes em processos de Invent\u00e1rio e Interdi\u00e7\u00e3o, garantindo um acompanhamento cuidadoso e respeitoso.<\/div>\n<\/div><\/section><\/div>\n<div  class='flex_column av-1von0b-27484b7a6808fc2be8be3117caeddb53 av_one_third  avia-builder-el-2  el_after_av_one_full  el_before_av_one_third  first flex_column_div  column-top-margin'     ><p>\n<style type=\"text\/css\" data-created_by=\"avia_inline_auto\" id=\"style-css-av-m41o62w7-10f9f8fa31fdef432c8c25d7ef6fe6d2\">\n.av_font_icon.av-m41o62w7-10f9f8fa31fdef432c8c25d7ef6fe6d2 .av-icon-char{\nfont-size:40px;\nline-height:40px;\n}\n<\/style>\n<span  class='av_font_icon av-m41o62w7-10f9f8fa31fdef432c8c25d7ef6fe6d2 avia_animate_when_visible av-icon-style- avia-icon-pos-center av-no-color avia-icon-animate'><span class='av-icon-char' aria-hidden='true' data-av_icon='\ue84e' data-av_iconfont='entypo-fontello' ><\/span><\/span><br \/>\n\n<style type=\"text\/css\" data-created_by=\"avia_inline_auto\" id=\"style-css-av-m41o5ui6-a0f51c051d84acff34f2da5d7ca96da8\">\n#top .av-special-heading.av-m41o5ui6-a0f51c051d84acff34f2da5d7ca96da8{\npadding-bottom:10px;\n}\nbody .av-special-heading.av-m41o5ui6-a0f51c051d84acff34f2da5d7ca96da8 .av-special-heading-tag .heading-char{\nfont-size:25px;\n}\n.av-special-heading.av-m41o5ui6-a0f51c051d84acff34f2da5d7ca96da8 .av-subheading{\nfont-size:15px;\n}\n<\/style>\n<div  class='av-special-heading av-m41o5ui6-a0f51c051d84acff34f2da5d7ca96da8 av-special-heading-h3 blockquote modern-quote modern-centered  avia-builder-el-4  el_after_av_font_icon  avia-builder-el-last  av-linked-heading'><h3 class='av-special-heading-tag'  itemprop=\"headline\"  ><a class=\"av-heading-link\" href=\"https:\/\/tocchini.com.br\/index.php\/direito-contratual\/\" >CONTRATUAL<\/a><\/h3><div class=\"special-heading-border\"><div class=\"special-heading-inner-border\"><\/div><\/div><\/div><\/p><\/div><div  class='flex_column av-1powsz-a599ddb7d2d770a04b74e903b1ba1738 av_one_third  avia-builder-el-5  el_after_av_one_third  el_before_av_one_third  flex_column_div  column-top-margin'     ><p>\n<style type=\"text\/css\" data-created_by=\"avia_inline_auto\" id=\"style-css-av-1mu4yj-793a6188d8a7bad4379cc37afbdf5b7f\">\n.av_font_icon.av-1mu4yj-793a6188d8a7bad4379cc37afbdf5b7f .av-icon-char{\nfont-size:40px;\nline-height:40px;\n}\n<\/style>\n<span  class='av_font_icon av-1mu4yj-793a6188d8a7bad4379cc37afbdf5b7f avia_animate_when_visible av-icon-style- avia-icon-pos-center av-no-color avia-icon-animate'><span class='av-icon-char' aria-hidden='true' data-av_icon='\ue80a' data-av_iconfont='entypo-fontello' ><\/span><\/span><br \/>\n\n<style type=\"text\/css\" data-created_by=\"avia_inline_auto\" id=\"style-css-av-m41o6ocv-2762af6bad26ce8d6529d68703c61d32\">\n#top .av-special-heading.av-m41o6ocv-2762af6bad26ce8d6529d68703c61d32{\npadding-bottom:10px;\n}\nbody .av-special-heading.av-m41o6ocv-2762af6bad26ce8d6529d68703c61d32 .av-special-heading-tag .heading-char{\nfont-size:25px;\n}\n.av-special-heading.av-m41o6ocv-2762af6bad26ce8d6529d68703c61d32 .av-subheading{\nfont-size:15px;\n}\n<\/style>\n<div  class='av-special-heading av-m41o6ocv-2762af6bad26ce8d6529d68703c61d32 av-special-heading-h3 blockquote modern-quote modern-centered  avia-builder-el-7  el_after_av_font_icon  avia-builder-el-last  av-linked-heading'><h3 class='av-special-heading-tag'  itemprop=\"headline\"  ><a class=\"av-heading-link\" href=\"https:\/\/tocchini.com.br\/index.php\/responsabilidade-civil\/\" >RESPONSABILIDADE CIVIL<\/a><\/h3><div class=\"special-heading-border\"><div class=\"special-heading-inner-border\"><\/div><\/div><\/div><\/p><\/div><div  class='flex_column av-1g8ocj-c75d1ef880a3cbe3243faa76fa52ecaf av_one_third  avia-builder-el-8  el_after_av_one_third  el_before_av_one_third  flex_column_div  column-top-margin'     ><p>\n<style type=\"text\/css\" data-created_by=\"avia_inline_auto\" id=\"style-css-av-17q7xv-4ac58ace4cb98a7ef554a2c49048d1e7\">\n.av_font_icon.av-17q7xv-4ac58ace4cb98a7ef554a2c49048d1e7 .av-icon-char{\nfont-size:40px;\nline-height:40px;\n}\n<\/style>\n<span  class='av_font_icon av-17q7xv-4ac58ace4cb98a7ef554a2c49048d1e7 avia_animate_when_visible av-icon-style- avia-icon-pos-center av-no-color avia-icon-animate'><span class='av-icon-char' aria-hidden='true' data-av_icon='\ue80c' data-av_iconfont='entypo-fontello' ><\/span><\/span><br \/>\n\n<style type=\"text\/css\" data-created_by=\"avia_inline_auto\" id=\"style-css-av-m41o6w7w-5e177c04d4f47c54e54520ed036e6dde\">\n#top .av-special-heading.av-m41o6w7w-5e177c04d4f47c54e54520ed036e6dde{\npadding-bottom:10px;\n}\nbody .av-special-heading.av-m41o6w7w-5e177c04d4f47c54e54520ed036e6dde .av-special-heading-tag .heading-char{\nfont-size:25px;\n}\n.av-special-heading.av-m41o6w7w-5e177c04d4f47c54e54520ed036e6dde .av-subheading{\nfont-size:15px;\n}\n<\/style>\n<div  class='av-special-heading av-m41o6w7w-5e177c04d4f47c54e54520ed036e6dde av-special-heading-h3 blockquote modern-quote modern-centered  avia-builder-el-10  el_after_av_font_icon  avia-builder-el-last  av-linked-heading'><h3 class='av-special-heading-tag'  itemprop=\"headline\"  ><a class=\"av-heading-link\" href=\"https:\/\/tocchini.com.br\/index.php\/planejamento-patrimonial-e-sucessorio\/\" >PATRIMONIAL E SUCESS\u00d3RIO<\/a><\/h3><div class=\"special-heading-border\"><div class=\"special-heading-inner-border\"><\/div><\/div><\/div><\/p><\/div><div  class='flex_column av-10okrn-62ef21dae3f8dae961f036fdf45efa38 av_one_third  avia-builder-el-11  el_after_av_one_third  el_before_av_one_third  first flex_column_div  column-top-margin'     ><p>\n<style type=\"text\/css\" data-created_by=\"avia_inline_auto\" id=\"style-css-av-xjblv-b0d115766ddeae9fc74489961ffcce72\">\n.av_font_icon.av-xjblv-b0d115766ddeae9fc74489961ffcce72 .av-icon-char{\nfont-size:40px;\nline-height:40px;\n}\n<\/style>\n<span  class='av_font_icon av-xjblv-b0d115766ddeae9fc74489961ffcce72 avia_animate_when_visible av-icon-style- avia-icon-pos-center av-no-color avia-icon-animate'><span class='av-icon-char' aria-hidden='true' data-av_icon='\ue80b' data-av_iconfont='entypo-fontello' ><\/span><\/span><br \/>\n\n<style type=\"text\/css\" data-created_by=\"avia_inline_auto\" id=\"style-css-av-m41o72ec-cd436ffaf1648a4a451e60bf481d1ef1\">\n#top .av-special-heading.av-m41o72ec-cd436ffaf1648a4a451e60bf481d1ef1{\npadding-bottom:10px;\n}\nbody .av-special-heading.av-m41o72ec-cd436ffaf1648a4a451e60bf481d1ef1 .av-special-heading-tag .heading-char{\nfont-size:25px;\n}\n.av-special-heading.av-m41o72ec-cd436ffaf1648a4a451e60bf481d1ef1 .av-subheading{\nfont-size:15px;\n}\n<\/style>\n<div  class='av-special-heading av-m41o72ec-cd436ffaf1648a4a451e60bf481d1ef1 av-special-heading-h3 blockquote modern-quote modern-centered  avia-builder-el-13  el_after_av_font_icon  avia-builder-el-last  av-linked-heading'><h3 class='av-special-heading-tag'  itemprop=\"headline\"  ><a class=\"av-heading-link\" href=\"https:\/\/tocchini.com.br\/index.php\/familia\/\" >FAM\u00cdLIA<\/a><\/h3><div class=\"special-heading-border\"><div class=\"special-heading-inner-border\"><\/div><\/div><\/div><\/p><\/div><div  class='flex_column av-2w86r-70fedf3310104a1e18ad19db5f23e42d av_one_third  avia-builder-el-14  el_after_av_one_third  el_before_av_one_third  flex_column_div  column-top-margin'     ><p>\n<style type=\"text\/css\" data-created_by=\"avia_inline_auto\" id=\"style-css-av-jxfsz-3a4d1826f0631ba8a0b2f0b356ac5610\">\n.av_font_icon.av-jxfsz-3a4d1826f0631ba8a0b2f0b356ac5610 .av-icon-char{\nfont-size:40px;\nline-height:40px;\n}\n<\/style>\n<span  class='av_font_icon av-jxfsz-3a4d1826f0631ba8a0b2f0b356ac5610 avia_animate_when_visible av-icon-style- avia-icon-pos-center av-no-color avia-icon-animate'><span class='av-icon-char' aria-hidden='true' data-av_icon='\ue812' data-av_iconfont='entypo-fontello' ><\/span><\/span><br \/>\n\n<style type=\"text\/css\" data-created_by=\"avia_inline_auto\" id=\"style-css-av-m41o78fj-271c98cddb62aa3646f37e0eff4e8dc0\">\n#top .av-special-heading.av-m41o78fj-271c98cddb62aa3646f37e0eff4e8dc0{\npadding-bottom:10px;\n}\nbody .av-special-heading.av-m41o78fj-271c98cddb62aa3646f37e0eff4e8dc0 .av-special-heading-tag .heading-char{\nfont-size:25px;\n}\n.av-special-heading.av-m41o78fj-271c98cddb62aa3646f37e0eff4e8dc0 .av-subheading{\nfont-size:15px;\n}\n<\/style>\n<div  class='av-special-heading av-m41o78fj-271c98cddb62aa3646f37e0eff4e8dc0 av-special-heading-h3 blockquote modern-quote modern-centered  avia-builder-el-16  el_after_av_font_icon  avia-builder-el-last  av-linked-heading'><h3 class='av-special-heading-tag'  itemprop=\"headline\"  ><a class=\"av-heading-link\" href=\"https:\/\/tocchini.com.br\/index.php\/inventario\/\" >INVENT\u00c1RIO<\/a><\/h3><div class=\"special-heading-border\"><div class=\"special-heading-inner-border\"><\/div><\/div><\/div><\/p><\/div><div  class='flex_column av-efcmr-c2039651c14ac80e913d6b20e4d2ec35 av_one_third  avia-builder-el-17  el_after_av_one_third  avia-builder-el-last  flex_column_div  column-top-margin'     ><p>\n<style type=\"text\/css\" data-created_by=\"avia_inline_auto\" id=\"style-css-av-162j7-4513d294c86748864165d8b2179d79c9\">\n.av_font_icon.av-162j7-4513d294c86748864165d8b2179d79c9 .av-icon-char{\nfont-size:40px;\nline-height:40px;\n}\n<\/style>\n<span  class='av_font_icon av-162j7-4513d294c86748864165d8b2179d79c9 avia_animate_when_visible av-icon-style- avia-icon-pos-center av-no-color avia-icon-animate'><span class='av-icon-char' aria-hidden='true' data-av_icon='\ue83e' data-av_iconfont='entypo-fontello' ><\/span><\/span><br \/>\n\n<style type=\"text\/css\" data-created_by=\"avia_inline_auto\" id=\"style-css-av-m41o7j3k-48aede287d20e6e031cd02408766e095\">\n#top .av-special-heading.av-m41o7j3k-48aede287d20e6e031cd02408766e095{\npadding-bottom:10px;\n}\nbody .av-special-heading.av-m41o7j3k-48aede287d20e6e031cd02408766e095 .av-special-heading-tag .heading-char{\nfont-size:25px;\n}\n.av-special-heading.av-m41o7j3k-48aede287d20e6e031cd02408766e095 .av-subheading{\nfont-size:15px;\n}\n<\/style>\n<div  class='av-special-heading av-m41o7j3k-48aede287d20e6e031cd02408766e095 av-special-heading-h3 blockquote modern-quote modern-centered  avia-builder-el-19  el_after_av_font_icon  avia-builder-el-last  av-linked-heading'><h3 class='av-special-heading-tag'  itemprop=\"headline\"  ><a class=\"av-heading-link\" href=\"https:\/\/tocchini.com.br\/index.php\/interdicao\/\" >INTERDI\u00c7\u00c3O<\/a><\/h3><div class=\"special-heading-border\"><div class=\"special-heading-inner-border\"><\/div><\/div><\/div><\/p><\/div><\/p>\n","protected":false},"excerpt":{"rendered":"","protected":false},"author":1,"featured_media":0,"parent":831,"menu_order":0,"comment_status":"closed","ping_status":"closed","template":"","meta":{"footnotes":""},"class_list":["post-835","page","type-page","status-publish","hentry"],"_links":{"self":[{"href":"https:\/\/tocchini.com.br\/index.php\/wp-json\/wp\/v2\/pages\/835","targetHints":{"allow":["GET"]}}],"collection":[{"href":"https:\/\/tocchini.com.br\/index.php\/wp-json\/wp\/v2\/pages"}],"about":[{"href":"https:\/\/tocchini.com.br\/index.php\/wp-json\/wp\/v2\/types\/page"}],"author":[{"embeddable":true,"href":"https:\/\/tocchini.com.br\/index.php\/wp-json\/wp\/v2\/users\/1"}],"replies":[{"embeddable":true,"href":"https:\/\/tocchini.com.br\/index.php\/wp-json\/wp\/v2\/comments?post=835"}],"version-history":[{"count":11,"href":"https:\/\/tocchini.com.br\/index.php\/wp-json\/wp\/v2\/pages\/835\/revisions"}],"predecessor-version":[{"id":1026,"href":"https:\/\/tocchini.com.br\/index.php\/wp-json\/wp\/v2\/pages\/835\/revisions\/1026"}],"up":[{"embeddable":true,"href":"https:\/\/tocchini.com.br\/index.php\/wp-json\/wp\/v2\/pages\/831"}],"wp:attachment":[{"href":"https:\/\/tocchini.com.br\/index.php\/wp-json\/wp\/v2\/media?parent=835"}],"curies":[{"name":"wp","href":"https:\/\/api.w.org\/{rel}","templated":true}]}}