{"id":831,"date":"2024-11-28T15:20:14","date_gmt":"2024-11-28T18:20:14","guid":{"rendered":"https:\/\/tocchini.com.br\/?page_id=831"},"modified":"2024-12-23T08:40:18","modified_gmt":"2024-12-23T11:40:18","slug":"areas","status":"publish","type":"page","link":"https:\/\/tocchini.com.br\/index.php\/areas\/","title":{"rendered":"\u00c1REAS"},"content":{"rendered":"<div  class='flex_column av-3ompj3-c3a8bffeb7256a1dc27aa87cb7874d1a av_one_fourth  avia-builder-el-0  el_before_av_one_fourth  avia-builder-el-first  first flex_column_div  '     ><p>\n<style type=\"text\/css\" data-created_by=\"avia_inline_auto\" id=\"style-css-av-m41n336c-44f1193b79cd710d5645cd1821c31ba3\">\n.av_font_icon.av-m41n336c-44f1193b79cd710d5645cd1821c31ba3 .av-icon-char{\nfont-size:40px;\nline-height:40px;\n}\n<\/style>\n<span  class='av_font_icon av-m41n336c-44f1193b79cd710d5645cd1821c31ba3 avia_animate_when_visible av-icon-style- avia-icon-pos-center av-no-color avia-icon-animate'><span class='av-icon-char' aria-hidden='true' data-av_icon='\ue850' data-av_iconfont='entypo-fontello' ><\/span><\/span><br \/>\n\n<style type=\"text\/css\" data-created_by=\"avia_inline_auto\" id=\"style-css-av-m41n214k-c2eb28144aa706afb9886c8e3afa86b6\">\n#top .av-special-heading.av-m41n214k-c2eb28144aa706afb9886c8e3afa86b6{\npadding-bottom:10px;\n}\nbody .av-special-heading.av-m41n214k-c2eb28144aa706afb9886c8e3afa86b6 .av-special-heading-tag .heading-char{\nfont-size:25px;\n}\n.av-special-heading.av-m41n214k-c2eb28144aa706afb9886c8e3afa86b6 .av-subheading{\nfont-size:15px;\n}\n<\/style>\n<div  class='av-special-heading av-m41n214k-c2eb28144aa706afb9886c8e3afa86b6 av-special-heading-h3 blockquote modern-quote modern-centered  avia-builder-el-2  el_after_av_font_icon  avia-builder-el-last  av-linked-heading'><h3 class='av-special-heading-tag'  itemprop=\"headline\"  ><a class=\"av-heading-link\" href=\"https:\/\/tocchini.com.br\/index.php\/areas\/direito-civil\/\" >DIREITO CIVIL<\/a><\/h3><div class=\"special-heading-border\"><div class=\"special-heading-inner-border\"><\/div><\/div><\/div><\/p><\/div>\n<div  class='flex_column av-3lapbb-753ed068fd934040dcb1c0e0ee8a1cbe av_one_fourth  avia-builder-el-3  el_after_av_one_fourth  el_before_av_one_fourth  flex_column_div  '     ><p>\n<style type=\"text\/css\" data-created_by=\"avia_inline_auto\" id=\"style-css-av-3ficjj-9114d6dee756a8097555fbaafedd6c1d\">\n.av_font_icon.av-3ficjj-9114d6dee756a8097555fbaafedd6c1d .av-icon-char{\nfont-size:40px;\nline-height:40px;\n}\n<\/style>\n<span  class='av_font_icon av-3ficjj-9114d6dee756a8097555fbaafedd6c1d avia_animate_when_visible av-icon-style- avia-icon-pos-center av-no-color avia-icon-animate'><span class='av-icon-char' aria-hidden='true' data-av_icon='\ue80a' data-av_iconfont='entypo-fontello' ><\/span><\/span><br \/>\n\n<style type=\"text\/css\" data-created_by=\"avia_inline_auto\" id=\"style-css-av-3a9sqf-6a3db830842819bb63e53739b57f6c38\">\n#top .av-special-heading.av-3a9sqf-6a3db830842819bb63e53739b57f6c38{\npadding-bottom:10px;\n}\nbody .av-special-heading.av-3a9sqf-6a3db830842819bb63e53739b57f6c38 .av-special-heading-tag .heading-char{\nfont-size:25px;\n}\n.av-special-heading.av-3a9sqf-6a3db830842819bb63e53739b57f6c38 .av-subheading{\nfont-size:15px;\n}\n<\/style>\n<div  class='av-special-heading av-3a9sqf-6a3db830842819bb63e53739b57f6c38 av-special-heading-h3 blockquote modern-quote modern-centered  avia-builder-el-5  el_after_av_font_icon  avia-builder-el-last  av-linked-heading'><h3 class='av-special-heading-tag'  itemprop=\"headline\"  ><a class=\"av-heading-link\" href=\"https:\/\/tocchini.com.br\/index.php\/areas\/direito-do-consumidor\/\" >DIREITO DO CONSUMIDOR<\/a><\/h3><div class=\"special-heading-border\"><div class=\"special-heading-inner-border\"><\/div><\/div><\/div><\/p><\/div>\n<div  class='flex_column av-33rg07-65ed68315d43d890213dc4ca61322956 av_one_fourth  avia-builder-el-6  el_after_av_one_fourth  el_before_av_one_fourth  flex_column_div  '     ><p>\n<style type=\"text\/css\" data-created_by=\"avia_inline_auto\" id=\"style-css-av-2woeof-fb9d1a9c996915bd86916beb62efe7f6\">\n.av_font_icon.av-2woeof-fb9d1a9c996915bd86916beb62efe7f6 .av-icon-char{\nfont-size:40px;\nline-height:40px;\n}\n<\/style>\n<span  class='av_font_icon av-2woeof-fb9d1a9c996915bd86916beb62efe7f6 avia_animate_when_visible av-icon-style- avia-icon-pos-center av-no-color avia-icon-animate'><span class='av-icon-char' aria-hidden='true' data-av_icon='\ue81a' data-av_iconfont='entypo-fontello' ><\/span><\/span><br \/>\n\n<style type=\"text\/css\" data-created_by=\"avia_inline_auto\" id=\"style-css-av-a1q8v-282acd623af55163d7bf06e7947496c6\">\n#top .av-special-heading.av-a1q8v-282acd623af55163d7bf06e7947496c6{\npadding-bottom:10px;\n}\nbody .av-special-heading.av-a1q8v-282acd623af55163d7bf06e7947496c6 .av-special-heading-tag .heading-char{\nfont-size:25px;\n}\n.av-special-heading.av-a1q8v-282acd623af55163d7bf06e7947496c6 .av-subheading{\nfont-size:15px;\n}\n<\/style>\n<div  class='av-special-heading av-a1q8v-282acd623af55163d7bf06e7947496c6 av-special-heading-h3 blockquote modern-quote modern-centered  avia-builder-el-8  el_after_av_font_icon  avia-builder-el-last  av-linked-heading'><h3 class='av-special-heading-tag'  itemprop=\"headline\"  ><a class=\"av-heading-link\" href=\"https:\/\/tocchini.com.br\/index.php\/inadimplemento\/\" >INADIMPLEMENTO<\/a><\/h3><div class=\"special-heading-border\"><div class=\"special-heading-inner-border\"><\/div><\/div><\/div><\/p><\/div>\n<div  class='flex_column av-2j1vq7-01e8abb2abf623aa991acf9e729228ff av_one_fourth  avia-builder-el-9  el_after_av_one_fourth  el_before_av_one_fourth  flex_column_div  '     ><p>\n<style type=\"text\/css\" data-created_by=\"avia_inline_auto\" id=\"style-css-av-2d3i4v-13cefe1063409facc96acb9073a1a575\">\n.av_font_icon.av-2d3i4v-13cefe1063409facc96acb9073a1a575 .av-icon-char{\nfont-size:40px;\nline-height:40px;\n}\n<\/style>\n<span  class='av_font_icon av-2d3i4v-13cefe1063409facc96acb9073a1a575 avia_animate_when_visible av-icon-style- avia-icon-pos-center av-no-color avia-icon-animate'><span class='av-icon-char' aria-hidden='true' data-av_icon='\ue8bb' data-av_iconfont='entypo-fontello' ><\/span><\/span><br \/>\n\n<style type=\"text\/css\" data-created_by=\"avia_inline_auto\" id=\"style-css-av-2b1u4n-ae0bfad600e14181eed809eb659e1315\">\n#top .av-special-heading.av-2b1u4n-ae0bfad600e14181eed809eb659e1315{\npadding-bottom:10px;\n}\nbody .av-special-heading.av-2b1u4n-ae0bfad600e14181eed809eb659e1315 .av-special-heading-tag .heading-char{\nfont-size:25px;\n}\n.av-special-heading.av-2b1u4n-ae0bfad600e14181eed809eb659e1315 .av-subheading{\nfont-size:15px;\n}\n<\/style>\n<div  class='av-special-heading av-2b1u4n-ae0bfad600e14181eed809eb659e1315 av-special-heading-h3 blockquote modern-quote modern-centered  avia-builder-el-11  el_after_av_font_icon  avia-builder-el-last  av-linked-heading'><h3 class='av-special-heading-tag'  itemprop=\"headline\"  ><a class=\"av-heading-link\" href=\"https:\/\/tocchini.com.br\/index.php\/direito-empresarial\/\" >DIREITO EMPRESARIAL<\/a><\/h3><div class=\"special-heading-border\"><div class=\"special-heading-inner-border\"><\/div><\/div><\/div><\/p><\/div>\n<div  class='flex_column av-7ewnz-8bc49576c3887bc68a5af0190fc56432 av_one_fourth  avia-builder-el-12  el_after_av_one_fourth  el_before_av_one_fourth  first flex_column_div  column-top-margin'     ><p>\n<style type=\"text\/css\" data-created_by=\"avia_inline_auto\" id=\"style-css-av-1uaw3z-b0c9bc71fc2aeb2476c5f7e1bd40a5b0\">\n.av_font_icon.av-1uaw3z-b0c9bc71fc2aeb2476c5f7e1bd40a5b0 .av-icon-char{\nfont-size:40px;\nline-height:40px;\n}\n<\/style>\n<span  class='av_font_icon av-1uaw3z-b0c9bc71fc2aeb2476c5f7e1bd40a5b0 avia_animate_when_visible av-icon-style- avia-icon-pos-center av-no-color avia-icon-animate'><span class='av-icon-char' aria-hidden='true' data-av_icon='\ue821' data-av_iconfont='entypo-fontello' ><\/span><\/span><br \/>\n\n<style type=\"text\/css\" data-created_by=\"avia_inline_auto\" id=\"style-css-av-1rrubz-b80307b7284df1013b2af1f7b2ba6716\">\n#top .av-special-heading.av-1rrubz-b80307b7284df1013b2af1f7b2ba6716{\npadding-bottom:10px;\n}\nbody .av-special-heading.av-1rrubz-b80307b7284df1013b2af1f7b2ba6716 .av-special-heading-tag .heading-char{\nfont-size:25px;\n}\n.av-special-heading.av-1rrubz-b80307b7284df1013b2af1f7b2ba6716 .av-subheading{\nfont-size:15px;\n}\n<\/style>\n<div  class='av-special-heading av-1rrubz-b80307b7284df1013b2af1f7b2ba6716 av-special-heading-h3 blockquote modern-quote modern-centered  avia-builder-el-14  el_after_av_font_icon  avia-builder-el-last  av-linked-heading'><h3 class='av-special-heading-tag'  itemprop=\"headline\"  ><a class=\"av-heading-link\" href=\"https:\/\/tocchini.com.br\/index.php\/areas\/direito-imobiliario\/\" >DIREITO IMOBILI\u00c1RIO<\/a><\/h3><div class=\"special-heading-border\"><div class=\"special-heading-inner-border\"><\/div><\/div><\/div><\/p><\/div>\n<div  class='flex_column av-1kisyf-d15d319cc21eeb6e3ade4aa77878c809 av_one_fourth  avia-builder-el-15  el_after_av_one_fourth  el_before_av_one_fourth  flex_column_div  column-top-margin'     ><p>\n<style type=\"text\/css\" data-created_by=\"avia_inline_auto\" id=\"style-css-av-1fitsf-a0e195a3e76a35e3ded803906f2b88f6\">\n.av_font_icon.av-1fitsf-a0e195a3e76a35e3ded803906f2b88f6 .av-icon-char{\nfont-size:40px;\nline-height:40px;\n}\n<\/style>\n<span  class='av_font_icon av-1fitsf-a0e195a3e76a35e3ded803906f2b88f6 avia_animate_when_visible av-icon-style- avia-icon-pos-center av-no-color avia-icon-animate'><span class='av-icon-char' aria-hidden='true' data-av_icon='\ue818' data-av_iconfont='entypo-fontello' ><\/span><\/span><br \/>\n\n<style type=\"text\/css\" data-created_by=\"avia_inline_auto\" id=\"style-css-av-17fiwn-26d6e1797335b89096e2b31cf7151871\">\n#top .av-special-heading.av-17fiwn-26d6e1797335b89096e2b31cf7151871{\npadding-bottom:10px;\n}\nbody .av-special-heading.av-17fiwn-26d6e1797335b89096e2b31cf7151871 .av-special-heading-tag .heading-char{\nfont-size:25px;\n}\n.av-special-heading.av-17fiwn-26d6e1797335b89096e2b31cf7151871 .av-subheading{\nfont-size:15px;\n}\n<\/style>\n<div  class='av-special-heading av-17fiwn-26d6e1797335b89096e2b31cf7151871 av-special-heading-h3 blockquote modern-quote modern-centered  avia-builder-el-17  el_after_av_font_icon  avia-builder-el-last  av-linked-heading'><h3 class='av-special-heading-tag'  itemprop=\"headline\"  ><a class=\"av-heading-link\" href=\"https:\/\/tocchini.com.br\/index.php\/areas\/saude-e-direito-medico\/\" >SA\u00daDE E DIREITO M\u00c9DICO<\/a><\/h3><div class=\"special-heading-border\"><div class=\"special-heading-inner-border\"><\/div><\/div><\/div><\/p><\/div>\n<div  class='flex_column av-41xq7-58ec0c50c06c6f967e9680a9a67d6109 av_one_fourth  avia-builder-el-18  el_after_av_one_fourth  el_before_av_one_fourth  flex_column_div  column-top-margin'     ><p>\n<style type=\"text\/css\" data-created_by=\"avia_inline_auto\" id=\"style-css-av-xhi0n-86fc31ee774d52fc404289ff2bec3169\">\n.av_font_icon.av-xhi0n-86fc31ee774d52fc404289ff2bec3169 .av-icon-char{\nfont-size:40px;\nline-height:40px;\n}\n<\/style>\n<span  class='av_font_icon av-xhi0n-86fc31ee774d52fc404289ff2bec3169 avia_animate_when_visible av-icon-style- avia-icon-pos-center av-no-color avia-icon-animate'><span class='av-icon-char' aria-hidden='true' data-av_icon='\ue8c5' data-av_iconfont='entypo-fontello' ><\/span><\/span><br \/>\n\n<style type=\"text\/css\" data-created_by=\"avia_inline_auto\" id=\"style-css-av-91hj-34c648b5616d0453ef915cd7491b2a0e\">\n#top .av-special-heading.av-91hj-34c648b5616d0453ef915cd7491b2a0e{\npadding-bottom:10px;\n}\nbody .av-special-heading.av-91hj-34c648b5616d0453ef915cd7491b2a0e .av-special-heading-tag .heading-char{\nfont-size:25px;\n}\n.av-special-heading.av-91hj-34c648b5616d0453ef915cd7491b2a0e .av-subheading{\nfont-size:15px;\n}\n<\/style>\n<div  class='av-special-heading av-91hj-34c648b5616d0453ef915cd7491b2a0e av-special-heading-h3 blockquote modern-quote modern-centered  avia-builder-el-20  el_after_av_font_icon  avia-builder-el-last  av-linked-heading'><h3 class='av-special-heading-tag'  itemprop=\"headline\"  ><a class=\"av-heading-link\" href=\"https:\/\/tocchini.com.br\/index.php\/areas\/direito-tributario\/\" >DIREITO TRIBUT\u00c1RIO<\/a><\/h3><div class=\"special-heading-border\"><div class=\"special-heading-inner-border\"><\/div><\/div><\/div><\/p><\/div>\n<div  class='flex_column av-mudkv-bb8119ef540d746fde7e1130c179a0c8 av_one_fourth  avia-builder-el-21  el_after_av_one_fourth  el_before_av_one_fourth  flex_column_div  column-top-margin'     ><p>\n<style type=\"text\/css\" data-created_by=\"avia_inline_auto\" id=\"style-css-av-ee4nb-75be953336363be2b3d1737265768102\">\n.av_font_icon.av-ee4nb-75be953336363be2b3d1737265768102 .av-icon-char{\nfont-size:40px;\nline-height:40px;\n}\n<\/style>\n<span  class='av_font_icon av-ee4nb-75be953336363be2b3d1737265768102 avia_animate_when_visible av-icon-style- avia-icon-pos-center av-no-color avia-icon-animate'><span class='av-icon-char' aria-hidden='true' data-av_icon='\ue864' data-av_iconfont='entypo-fontello' ><\/span><\/span><br \/>\n\n<style type=\"text\/css\" data-created_by=\"avia_inline_auto\" id=\"style-css-av-7ff6n-d313bb3f1140c8e746df85057c52b16b\">\n#top .av-special-heading.av-7ff6n-d313bb3f1140c8e746df85057c52b16b{\npadding-bottom:10px;\n}\nbody .av-special-heading.av-7ff6n-d313bb3f1140c8e746df85057c52b16b .av-special-heading-tag .heading-char{\nfont-size:25px;\n}\n.av-special-heading.av-7ff6n-d313bb3f1140c8e746df85057c52b16b .av-subheading{\nfont-size:15px;\n}\n<\/style>\n<div  class='av-special-heading av-7ff6n-d313bb3f1140c8e746df85057c52b16b av-special-heading-h3 blockquote modern-quote modern-centered  avia-builder-el-23  el_after_av_font_icon  avia-builder-el-last  av-linked-heading'><h3 class='av-special-heading-tag'  itemprop=\"headline\"  ><a class=\"av-heading-link\" href=\"https:\/\/tocchini.com.br\/index.php\/areas\/startups-e-contratos-especificos\/\" >STARTUPS E CONTRATOS<\/a><\/h3><div class=\"special-heading-border\"><div class=\"special-heading-inner-border\"><\/div><\/div><\/div><\/p><\/div>\n<div  class='flex_column av-tequ7-7a37b5468f9d050dcaf75418c4d73e74 av_one_fourth  avia-builder-el-24  el_after_av_one_fourth  el_before_av_one_fourth  first flex_column_div  column-top-margin'     ><p>\n<style type=\"text\/css\" data-created_by=\"avia_inline_auto\" id=\"style-css-av-m41ngdau-0a0e2bf124e7adbc286ab86d68ed3515\">\n.av_font_icon.av-m41ngdau-0a0e2bf124e7adbc286ab86d68ed3515 .av-icon-char{\nfont-size:40px;\nline-height:40px;\n}\n<\/style>\n<span  class='av_font_icon av-m41ngdau-0a0e2bf124e7adbc286ab86d68ed3515 avia_animate_when_visible av-icon-style- avia-icon-pos-center av-no-color avia-icon-animate'><span class='av-icon-char' aria-hidden='true' data-av_icon='\ue8a3' data-av_iconfont='entypo-fontello' ><\/span><\/span><br \/>\n\n<style type=\"text\/css\" data-created_by=\"avia_inline_auto\" id=\"style-css-av-m41nahxq-759d35dffb07a555a05c3f41ae182029\">\n#top .av-special-heading.av-m41nahxq-759d35dffb07a555a05c3f41ae182029{\npadding-bottom:10px;\n}\nbody .av-special-heading.av-m41nahxq-759d35dffb07a555a05c3f41ae182029 .av-special-heading-tag .heading-char{\nfont-size:25px;\n}\n.av-special-heading.av-m41nahxq-759d35dffb07a555a05c3f41ae182029 .av-subheading{\nfont-size:15px;\n}\n<\/style>\n<div  class='av-special-heading av-m41nahxq-759d35dffb07a555a05c3f41ae182029 av-special-heading-h3 blockquote modern-quote modern-centered  avia-builder-el-26  el_after_av_font_icon  avia-builder-el-last  av-linked-heading'><h3 class='av-special-heading-tag'  itemprop=\"headline\"  ><a class=\"av-heading-link\" href=\"https:\/\/tocchini.com.br\/index.php\/areas\/gestao-juridica-estrategica\/\" >GEST\u00c3O JUR\u00cdDICA ESTRAT\u00c9GICA<\/a><\/h3><div class=\"special-heading-border\"><div class=\"special-heading-inner-border\"><\/div><\/div><\/div><\/p><\/div>\n<div  class='flex_column av-j0awf-cba0703d54c6f8b03b1024898c0f3dfe av_one_fourth  avia-builder-el-27  el_after_av_one_fourth  el_before_av_one_fourth  flex_column_div  column-top-margin'     ><p>\n<style type=\"text\/css\" data-created_by=\"avia_inline_auto\" id=\"style-css-av-m41ngna2-d01e97f9536cc81915cef263f8caa7df\">\n.av_font_icon.av-m41ngna2-d01e97f9536cc81915cef263f8caa7df .av-icon-char{\nfont-size:40px;\nline-height:40px;\n}\n<\/style>\n<span  class='av_font_icon av-m41ngna2-d01e97f9536cc81915cef263f8caa7df avia_animate_when_visible av-icon-style- avia-icon-pos-center av-no-color avia-icon-animate'><span class='av-icon-char' aria-hidden='true' data-av_icon='\ue851' data-av_iconfont='entypo-fontello' ><\/span><\/span><br \/>\n\n<style type=\"text\/css\" data-created_by=\"avia_inline_auto\" id=\"style-css-av-m41narrp-9efe7ec9ff172f69a8eb46cd2375d2bf\">\n#top .av-special-heading.av-m41narrp-9efe7ec9ff172f69a8eb46cd2375d2bf{\npadding-bottom:10px;\n}\nbody .av-special-heading.av-m41narrp-9efe7ec9ff172f69a8eb46cd2375d2bf .av-special-heading-tag .heading-char{\nfont-size:25px;\n}\n.av-special-heading.av-m41narrp-9efe7ec9ff172f69a8eb46cd2375d2bf .av-subheading{\nfont-size:15px;\n}\n<\/style>\n<div  class='av-special-heading av-m41narrp-9efe7ec9ff172f69a8eb46cd2375d2bf av-special-heading-h3 blockquote modern-quote modern-centered  avia-builder-el-29  el_after_av_font_icon  avia-builder-el-last  av-linked-heading'><h3 class='av-special-heading-tag'  itemprop=\"headline\"  ><a class=\"av-heading-link\" href=\"https:\/\/tocchini.com.br\/index.php\/areas\/direito-administrativo\/\" >DIREITO ADMINITRATIVO<\/a><\/h3><div class=\"special-heading-border\"><div class=\"special-heading-inner-border\"><\/div><\/div><\/div><\/p><\/div>\n<div  class='flex_column av-er5s7-11176e9c6fe2aba9b860c7880336cf6f av_one_fourth  avia-builder-el-30  el_after_av_one_fourth  el_before_av_one_fourth  flex_column_div  column-top-margin'     ><p>\n<style type=\"text\/css\" data-created_by=\"avia_inline_auto\" id=\"style-css-av-m41ngxuu-9c8b618132e01949e71e3047e65f6783\">\n.av_font_icon.av-m41ngxuu-9c8b618132e01949e71e3047e65f6783 .av-icon-char{\nfont-size:40px;\nline-height:40px;\n}\n<\/style>\n<span  class='av_font_icon av-m41ngxuu-9c8b618132e01949e71e3047e65f6783 avia_animate_when_visible av-icon-style- avia-icon-pos-center av-no-color avia-icon-animate'><span class='av-icon-char' aria-hidden='true' data-av_icon='\ue80b' data-av_iconfont='entypo-fontello' ><\/span><\/span><br \/>\n\n<style type=\"text\/css\" data-created_by=\"avia_inline_auto\" id=\"style-css-av-m41nb31y-72a59a5e6c21faecee2dd5521e2d687c\">\n#top .av-special-heading.av-m41nb31y-72a59a5e6c21faecee2dd5521e2d687c{\npadding-bottom:10px;\n}\nbody .av-special-heading.av-m41nb31y-72a59a5e6c21faecee2dd5521e2d687c .av-special-heading-tag .heading-char{\nfont-size:25px;\n}\n.av-special-heading.av-m41nb31y-72a59a5e6c21faecee2dd5521e2d687c .av-subheading{\nfont-size:15px;\n}\n<\/style>\n<div  class='av-special-heading av-m41nb31y-72a59a5e6c21faecee2dd5521e2d687c av-special-heading-h3 blockquote modern-quote modern-centered  avia-builder-el-32  el_after_av_font_icon  avia-builder-el-last  av-linked-heading'><h3 class='av-special-heading-tag'  itemprop=\"headline\"  ><a class=\"av-heading-link\" href=\"https:\/\/tocchini.com.br\/index.php\/areas\/direito-trabalhista-e-previdenciario\/\" >DIREITO TRABALHISTA E PREVIDENCI\u00c1RIO<\/a><\/h3><div class=\"special-heading-border\"><div class=\"special-heading-inner-border\"><\/div><\/div><\/div><\/p><\/div><div  class='flex_column av-aupgf-f24caa7b45be1dd559b70cf95c913432 av_one_fourth  avia-builder-el-33  el_after_av_one_fourth  avia-builder-el-last  flex_column_div  column-top-margin'     ><\/div><\/p>\n","protected":false},"excerpt":{"rendered":"","protected":false},"author":1,"featured_media":0,"parent":0,"menu_order":0,"comment_status":"closed","ping_status":"closed","template":"","meta":{"footnotes":""},"class_list":["post-831","page","type-page","status-publish","hentry"],"_links":{"self":[{"href":"https:\/\/tocchini.com.br\/index.php\/wp-json\/wp\/v2\/pages\/831","targetHints":{"allow":["GET"]}}],"collection":[{"href":"https:\/\/tocchini.com.br\/index.php\/wp-json\/wp\/v2\/pages"}],"about":[{"href":"https:\/\/tocchini.com.br\/index.php\/wp-json\/wp\/v2\/types\/page"}],"author":[{"embeddable":true,"href":"https:\/\/tocchini.com.br\/index.php\/wp-json\/wp\/v2\/users\/1"}],"replies":[{"embeddable":true,"href":"https:\/\/tocchini.com.br\/index.php\/wp-json\/wp\/v2\/comments?post=831"}],"version-history":[{"count":16,"href":"https:\/\/tocchini.com.br\/index.php\/wp-json\/wp\/v2\/pages\/831\/revisions"}],"predecessor-version":[{"id":920,"href":"https:\/\/tocchini.com.br\/index.php\/wp-json\/wp\/v2\/pages\/831\/revisions\/920"}],"wp:attachment":[{"href":"https:\/\/tocchini.com.br\/index.php\/wp-json\/wp\/v2\/media?parent=831"}],"curies":[{"name":"wp","href":"https:\/\/api.w.org\/{rel}","templated":true}]}}