{"id":809,"date":"2024-08-12T10:11:10","date_gmt":"2024-08-12T13:11:10","guid":{"rendered":"https:\/\/tocchini.com.br\/?page_id=809"},"modified":"2025-01-21T17:18:20","modified_gmt":"2025-01-21T20:18:20","slug":"acoes-judiciais-contra-o-inss","status":"publish","type":"page","link":"https:\/\/tocchini.com.br\/index.php\/acoes-judiciais-contra-o-inss\/","title":{"rendered":"A\u00c7\u00d5ES JUDICIAIS CONTRA O INSS"},"content":{"rendered":"<p><img loading=\"lazy\" decoding=\"async\" class=\"alignleft size-full wp-image-810\" src=\"https:\/\/tocchini.com.br\/wp-content\/uploads\/2024\/08\/acoes-judiciais-contra-o-INSS-tocchini.jpg\" alt=\"\" width=\"1500\" height=\"450\" srcset=\"https:\/\/tocchini.com.br\/wp-content\/uploads\/2024\/08\/acoes-judiciais-contra-o-INSS-tocchini.jpg 1500w, https:\/\/tocchini.com.br\/wp-content\/uploads\/2024\/08\/acoes-judiciais-contra-o-INSS-tocchini-300x90.jpg 300w, https:\/\/tocchini.com.br\/wp-content\/uploads\/2024\/08\/acoes-judiciais-contra-o-INSS-tocchini-1030x309.jpg 1030w, https:\/\/tocchini.com.br\/wp-content\/uploads\/2024\/08\/acoes-judiciais-contra-o-INSS-tocchini-768x230.jpg 768w, https:\/\/tocchini.com.br\/wp-content\/uploads\/2024\/08\/acoes-judiciais-contra-o-INSS-tocchini-705x212.jpg 705w\" sizes=\"auto, (max-width: 1500px) 100vw, 1500px\" \/><\/p>\n<hr \/>\n<div align=\"justify\"><span style=\"font-weight: 400;\">Quando os direitos previdenci\u00e1rios de nossos clientes s\u00e3o negados ou injustamente limitados, atuamos com firmeza em a\u00e7\u00f5es judiciais contra o INSS. Nossa experi\u00eancia em lit\u00edgios previdenci\u00e1rios nos permite representar eficazmente nossos clientes, apresentando defesas robustas e fundamentadas em evid\u00eancias. Trabalhamos para garantir que nossos clientes recebam os benef\u00edcios a que t\u00eam direito, corrigindo injusti\u00e7as e assegurando que o sistema previdenci\u00e1rio funcione de acordo com seus princ\u00edpios de justi\u00e7a e equidade.<\/span><\/div>\n<hr \/>\n<div  class='avia-button-wrap avia-button-center  avia-builder-el-0  avia-builder-el-no-sibling '>\n<style type=\"text\/css\" data-created_by=\"avia_inline_auto\" id=\"style-css-av-b74in-fa94bb896f9dd3adc43cf3648c5f786a\">\n#top #wrap_all .avia-button.av-b74in-fa94bb896f9dd3adc43cf3648c5f786a:hover{\ncolor:white;\ntransition:all 0.4s ease-in-out;\n}\n<\/style>\n<a href='https:\/\/tocchini.com.br\/index.php\/consulta-online\/' class='avia-color-theme-color avia-font-color-theme-color avia-button avia-button-fullwidth av-b74in-fa94bb896f9dd3adc43cf3648c5f786a avia-icon_select-yes-left-icon avia-color-theme-color'  target=\"_blank\"  rel=\"noopener noreferrer\" ><span class='avia_button_icon avia_button_icon_left' aria-hidden='true' data-av_icon='\ue832' data-av_iconfont='entypo-fontello'><\/span><span class='avia_iconbox_title' >FALE CONOSCO AGORA<\/span><span class='avia_button_background avia-button avia-button-fullwidth avia-color-theme-color-highlight'><\/span><\/a><\/div>\n","protected":false},"excerpt":{"rendered":"<p>Quando os direitos previdenci\u00e1rios de nossos clientes s\u00e3o negados ou injustamente limitados, atuamos com firmeza em a\u00e7\u00f5es judiciais contra o INSS. Nossa experi\u00eancia em lit\u00edgios previdenci\u00e1rios nos permite representar eficazmente nossos clientes, apresentando defesas robustas e fundamentadas em evid\u00eancias. Trabalhamos para garantir que nossos clientes recebam os benef\u00edcios a que t\u00eam direito, corrigindo injusti\u00e7as e [&hellip;]<\/p>\n","protected":false},"author":1,"featured_media":0,"parent":0,"menu_order":0,"comment_status":"closed","ping_status":"closed","template":"","meta":{"footnotes":""},"class_list":["post-809","page","type-page","status-publish","hentry"],"_links":{"self":[{"href":"https:\/\/tocchini.com.br\/index.php\/wp-json\/wp\/v2\/pages\/809","targetHints":{"allow":["GET"]}}],"collection":[{"href":"https:\/\/tocchini.com.br\/index.php\/wp-json\/wp\/v2\/pages"}],"about":[{"href":"https:\/\/tocchini.com.br\/index.php\/wp-json\/wp\/v2\/types\/page"}],"author":[{"embeddable":true,"href":"https:\/\/tocchini.com.br\/index.php\/wp-json\/wp\/v2\/users\/1"}],"replies":[{"embeddable":true,"href":"https:\/\/tocchini.com.br\/index.php\/wp-json\/wp\/v2\/comments?post=809"}],"version-history":[{"count":2,"href":"https:\/\/tocchini.com.br\/index.php\/wp-json\/wp\/v2\/pages\/809\/revisions"}],"predecessor-version":[{"id":978,"href":"https:\/\/tocchini.com.br\/index.php\/wp-json\/wp\/v2\/pages\/809\/revisions\/978"}],"wp:attachment":[{"href":"https:\/\/tocchini.com.br\/index.php\/wp-json\/wp\/v2\/media?parent=809"}],"curies":[{"name":"wp","href":"https:\/\/api.w.org\/{rel}","templated":true}]}}