{"id":803,"date":"2024-08-12T10:03:10","date_gmt":"2024-08-12T13:03:10","guid":{"rendered":"https:\/\/tocchini.com.br\/?page_id=803"},"modified":"2025-01-21T17:17:04","modified_gmt":"2025-01-21T20:17:04","slug":"assessoria-juridica-em-questoes-trabalhistas","status":"publish","type":"page","link":"https:\/\/tocchini.com.br\/index.php\/assessoria-juridica-em-questoes-trabalhistas\/","title":{"rendered":"ASSESSORIA JUR\u00cdDICA EM QUEST\u00d5ES TRABALHISTAS"},"content":{"rendered":"<p><img loading=\"lazy\" decoding=\"async\" class=\"alignleft size-full wp-image-804\" src=\"https:\/\/tocchini.com.br\/wp-content\/uploads\/2024\/08\/assessoria-juridica-em-questoes-trabalhistas-tocchinis.jpg\" alt=\"\" width=\"1500\" height=\"450\" srcset=\"https:\/\/tocchini.com.br\/wp-content\/uploads\/2024\/08\/assessoria-juridica-em-questoes-trabalhistas-tocchinis.jpg 1500w, https:\/\/tocchini.com.br\/wp-content\/uploads\/2024\/08\/assessoria-juridica-em-questoes-trabalhistas-tocchinis-300x90.jpg 300w, https:\/\/tocchini.com.br\/wp-content\/uploads\/2024\/08\/assessoria-juridica-em-questoes-trabalhistas-tocchinis-1030x309.jpg 1030w, https:\/\/tocchini.com.br\/wp-content\/uploads\/2024\/08\/assessoria-juridica-em-questoes-trabalhistas-tocchinis-768x230.jpg 768w, https:\/\/tocchini.com.br\/wp-content\/uploads\/2024\/08\/assessoria-juridica-em-questoes-trabalhistas-tocchinis-705x212.jpg 705w\" sizes=\"auto, (max-width: 1500px) 100vw, 1500px\" \/><\/p>\n<hr \/>\n<div align=\"justify\">\n<p><span style=\"font-weight: 400;\">Nossa assessoria jur\u00eddica em quest\u00f5es trabalhistas \u00e9 ampla e preventiva, destinada a evitar lit\u00edgios e promover um ambiente de trabalho justo e conforme \u00e0s normas legais. Prestamos consultoria sobre contratos de trabalho, pol\u00edticas de recursos humanos, conformidade com a legisla\u00e7\u00e3o trabalhista e preven\u00e7\u00e3o de lit\u00edgios. Nossa abordagem proativa assegura que nossos clientes estejam sempre em conformidade com as regulamenta\u00e7\u00f5es vigentes, minimizando riscos e promovendo rela\u00e7\u00f5es de trabalho saud\u00e1veis e produtiva<\/span>s.<\/p>\n<\/div>\n<hr \/>\n<div  class='avia-button-wrap avia-button-center  avia-builder-el-0  avia-builder-el-no-sibling '>\n<style type=\"text\/css\" data-created_by=\"avia_inline_auto\" id=\"style-css-av-b74in-fa94bb896f9dd3adc43cf3648c5f786a\">\n#top #wrap_all .avia-button.av-b74in-fa94bb896f9dd3adc43cf3648c5f786a:hover{\ncolor:white;\ntransition:all 0.4s ease-in-out;\n}\n<\/style>\n<a href='https:\/\/tocchini.com.br\/index.php\/consulta-online\/' class='avia-color-theme-color avia-font-color-theme-color avia-button avia-button-fullwidth av-b74in-fa94bb896f9dd3adc43cf3648c5f786a avia-icon_select-yes-left-icon avia-color-theme-color'  target=\"_blank\"  rel=\"noopener noreferrer\" ><span class='avia_button_icon avia_button_icon_left' aria-hidden='true' data-av_icon='\ue832' data-av_iconfont='entypo-fontello'><\/span><span class='avia_iconbox_title' >FALE CONOSCO AGORA<\/span><span class='avia_button_background avia-button avia-button-fullwidth avia-color-theme-color-highlight'><\/span><\/a><\/div>\n","protected":false},"excerpt":{"rendered":"<p>Nossa assessoria jur\u00eddica em quest\u00f5es trabalhistas \u00e9 ampla e preventiva, destinada a evitar lit\u00edgios e promover um ambiente de trabalho justo e conforme \u00e0s normas legais. Prestamos consultoria sobre contratos de trabalho, pol\u00edticas de recursos humanos, conformidade com a legisla\u00e7\u00e3o trabalhista e preven\u00e7\u00e3o de lit\u00edgios. Nossa abordagem proativa assegura que nossos clientes estejam sempre em [&hellip;]<\/p>\n","protected":false},"author":1,"featured_media":0,"parent":0,"menu_order":0,"comment_status":"closed","ping_status":"closed","template":"","meta":{"footnotes":""},"class_list":["post-803","page","type-page","status-publish","hentry"],"_links":{"self":[{"href":"https:\/\/tocchini.com.br\/index.php\/wp-json\/wp\/v2\/pages\/803","targetHints":{"allow":["GET"]}}],"collection":[{"href":"https:\/\/tocchini.com.br\/index.php\/wp-json\/wp\/v2\/pages"}],"about":[{"href":"https:\/\/tocchini.com.br\/index.php\/wp-json\/wp\/v2\/types\/page"}],"author":[{"embeddable":true,"href":"https:\/\/tocchini.com.br\/index.php\/wp-json\/wp\/v2\/users\/1"}],"replies":[{"embeddable":true,"href":"https:\/\/tocchini.com.br\/index.php\/wp-json\/wp\/v2\/comments?post=803"}],"version-history":[{"count":3,"href":"https:\/\/tocchini.com.br\/index.php\/wp-json\/wp\/v2\/pages\/803\/revisions"}],"predecessor-version":[{"id":976,"href":"https:\/\/tocchini.com.br\/index.php\/wp-json\/wp\/v2\/pages\/803\/revisions\/976"}],"wp:attachment":[{"href":"https:\/\/tocchini.com.br\/index.php\/wp-json\/wp\/v2\/media?parent=803"}],"curies":[{"name":"wp","href":"https:\/\/api.w.org\/{rel}","templated":true}]}}