{"id":797,"date":"2024-08-12T10:01:22","date_gmt":"2024-08-12T13:01:22","guid":{"rendered":"https:\/\/tocchini.com.br\/?page_id=797"},"modified":"2025-01-21T17:16:18","modified_gmt":"2025-01-21T20:16:18","slug":"defesa-do-empregado-ou-empregador-em-processos-trabalhistas","status":"publish","type":"page","link":"https:\/\/tocchini.com.br\/index.php\/defesa-do-empregado-ou-empregador-em-processos-trabalhistas\/","title":{"rendered":"DEFESA DO EMPREGADO OU EMPREGADOR EM PROCESSOS TRABALHISTAS"},"content":{"rendered":"<p><img loading=\"lazy\" decoding=\"async\" class=\"alignleft size-full wp-image-798\" src=\"https:\/\/tocchini.com.br\/wp-content\/uploads\/2024\/08\/defesa-do-empregado-ou-empregador-em-processos-trabalhistas-tocchini.jpg\" alt=\"\" width=\"1500\" height=\"450\" srcset=\"https:\/\/tocchini.com.br\/wp-content\/uploads\/2024\/08\/defesa-do-empregado-ou-empregador-em-processos-trabalhistas-tocchini.jpg 1500w, https:\/\/tocchini.com.br\/wp-content\/uploads\/2024\/08\/defesa-do-empregado-ou-empregador-em-processos-trabalhistas-tocchini-300x90.jpg 300w, https:\/\/tocchini.com.br\/wp-content\/uploads\/2024\/08\/defesa-do-empregado-ou-empregador-em-processos-trabalhistas-tocchini-1030x309.jpg 1030w, https:\/\/tocchini.com.br\/wp-content\/uploads\/2024\/08\/defesa-do-empregado-ou-empregador-em-processos-trabalhistas-tocchini-768x230.jpg 768w, https:\/\/tocchini.com.br\/wp-content\/uploads\/2024\/08\/defesa-do-empregado-ou-empregador-em-processos-trabalhistas-tocchini-705x212.jpg 705w\" sizes=\"auto, (max-width: 1500px) 100vw, 1500px\" \/><\/p>\n<hr \/>\n<div align=\"justify\"><span style=\"font-weight: 400;\">Oferecemos uma defesa robusta tanto para empregados quanto para empregadores, adaptando nossa estrat\u00e9gia \u00e0s necessidades espec\u00edficas de cada caso. Para os empregados, buscamos a repara\u00e7\u00e3o justa por qualquer viola\u00e7\u00e3o de seus direitos trabalhistas. Para os empregadores, nossa atua\u00e7\u00e3o \u00e9 focada na mitiga\u00e7\u00e3o de riscos e na resolu\u00e7\u00e3o eficiente de conflitos, visando sempre o equil\u00edbrio entre os interesses empresariais e a conformidade com as leis trabalhistas. Nosso objetivo \u00e9 fornecer solu\u00e7\u00f5es legais que sejam justas, eficazes e sustent\u00e1veis.<\/span><\/div>\n<hr \/>\n<div  class='avia-button-wrap avia-button-center  avia-builder-el-0  avia-builder-el-no-sibling '>\n<style type=\"text\/css\" data-created_by=\"avia_inline_auto\" id=\"style-css-av-b74in-fa94bb896f9dd3adc43cf3648c5f786a\">\n#top #wrap_all .avia-button.av-b74in-fa94bb896f9dd3adc43cf3648c5f786a:hover{\ncolor:white;\ntransition:all 0.4s ease-in-out;\n}\n<\/style>\n<a href='https:\/\/tocchini.com.br\/index.php\/consulta-online\/' class='avia-color-theme-color avia-font-color-theme-color avia-button avia-button-fullwidth av-b74in-fa94bb896f9dd3adc43cf3648c5f786a avia-icon_select-yes-left-icon avia-color-theme-color'  target=\"_blank\"  rel=\"noopener noreferrer\" ><span class='avia_button_icon avia_button_icon_left' aria-hidden='true' data-av_icon='\ue832' data-av_iconfont='entypo-fontello'><\/span><span class='avia_iconbox_title' >FALE CONOSCO AGORA<\/span><span class='avia_button_background avia-button avia-button-fullwidth avia-color-theme-color-highlight'><\/span><\/a><\/div>\n","protected":false},"excerpt":{"rendered":"<p>Oferecemos uma defesa robusta tanto para empregados quanto para empregadores, adaptando nossa estrat\u00e9gia \u00e0s necessidades espec\u00edficas de cada caso. Para os empregados, buscamos a repara\u00e7\u00e3o justa por qualquer viola\u00e7\u00e3o de seus direitos trabalhistas. Para os empregadores, nossa atua\u00e7\u00e3o \u00e9 focada na mitiga\u00e7\u00e3o de riscos e na resolu\u00e7\u00e3o eficiente de conflitos, visando sempre o equil\u00edbrio entre [&hellip;]<\/p>\n","protected":false},"author":1,"featured_media":0,"parent":0,"menu_order":0,"comment_status":"closed","ping_status":"closed","template":"","meta":{"footnotes":""},"class_list":["post-797","page","type-page","status-publish","hentry"],"_links":{"self":[{"href":"https:\/\/tocchini.com.br\/index.php\/wp-json\/wp\/v2\/pages\/797","targetHints":{"allow":["GET"]}}],"collection":[{"href":"https:\/\/tocchini.com.br\/index.php\/wp-json\/wp\/v2\/pages"}],"about":[{"href":"https:\/\/tocchini.com.br\/index.php\/wp-json\/wp\/v2\/types\/page"}],"author":[{"embeddable":true,"href":"https:\/\/tocchini.com.br\/index.php\/wp-json\/wp\/v2\/users\/1"}],"replies":[{"embeddable":true,"href":"https:\/\/tocchini.com.br\/index.php\/wp-json\/wp\/v2\/comments?post=797"}],"version-history":[{"count":2,"href":"https:\/\/tocchini.com.br\/index.php\/wp-json\/wp\/v2\/pages\/797\/revisions"}],"predecessor-version":[{"id":974,"href":"https:\/\/tocchini.com.br\/index.php\/wp-json\/wp\/v2\/pages\/797\/revisions\/974"}],"wp:attachment":[{"href":"https:\/\/tocchini.com.br\/index.php\/wp-json\/wp\/v2\/media?parent=797"}],"curies":[{"name":"wp","href":"https:\/\/api.w.org\/{rel}","templated":true}]}}