{"id":790,"date":"2024-08-12T09:48:44","date_gmt":"2024-08-12T12:48:44","guid":{"rendered":"https:\/\/tocchini.com.br\/?page_id=790"},"modified":"2024-08-12T09:48:44","modified_gmt":"2024-08-12T12:48:44","slug":"defesa-perante-o-tribunal-de-contas-da-uniao-tcu","status":"publish","type":"page","link":"https:\/\/tocchini.com.br\/index.php\/defesa-perante-o-tribunal-de-contas-da-uniao-tcu\/","title":{"rendered":"DEFESA PERANTE O TRIBUNAL DE CONTAS DA UNI\u00c3O (TCU)"},"content":{"rendered":"<p><img loading=\"lazy\" decoding=\"async\" src=\"https:\/\/tocchini.com.br\/wp-content\/uploads\/2024\/08\/defesa-perante-o-tribunal-de-contas-da-uniao-TCU-tocchini.jpg\" alt=\"\" width=\"1500\" height=\"450\" class=\"alignleft size-full wp-image-791\" srcset=\"https:\/\/tocchini.com.br\/wp-content\/uploads\/2024\/08\/defesa-perante-o-tribunal-de-contas-da-uniao-TCU-tocchini.jpg 1500w, https:\/\/tocchini.com.br\/wp-content\/uploads\/2024\/08\/defesa-perante-o-tribunal-de-contas-da-uniao-TCU-tocchini-300x90.jpg 300w, https:\/\/tocchini.com.br\/wp-content\/uploads\/2024\/08\/defesa-perante-o-tribunal-de-contas-da-uniao-TCU-tocchini-1030x309.jpg 1030w, https:\/\/tocchini.com.br\/wp-content\/uploads\/2024\/08\/defesa-perante-o-tribunal-de-contas-da-uniao-TCU-tocchini-768x230.jpg 768w, https:\/\/tocchini.com.br\/wp-content\/uploads\/2024\/08\/defesa-perante-o-tribunal-de-contas-da-uniao-TCU-tocchini-705x212.jpg 705w\" sizes=\"auto, (max-width: 1500px) 100vw, 1500px\" \/><\/p>\n<hr \/>\n<div align=\"justify\">A atua\u00e7\u00e3o perante o Tribunal de Contas da Uni\u00e3o requer um conhecimento especializado e uma abordagem estrat\u00e9gica, dadas as particularidades deste \u00f3rg\u00e3o no controle externo da administra\u00e7\u00e3o p\u00fablica. Nosso escrit\u00f3rio possui vasta experi\u00eancia na representa\u00e7\u00e3o de clientes em processos junto ao TCU, seja em defesa de atos relacionados a licita\u00e7\u00f5es e contratos administrativos, seja na contesta\u00e7\u00e3o de imputa\u00e7\u00f5es de irregularidades. Nossa equipe est\u00e1 preparada para elaborar defesas s\u00f3lidas, apresentar argumentos convincentes e acompanhar o processo em todas as suas etapas, buscando sempre o melhor resultado poss\u00edvel para nossos clientes.<\/div>\n<hr \/>\n<div  class='avia-button-wrap avia-button-center  avia-builder-el-0  avia-builder-el-no-sibling '>\n<style type=\"text\/css\" data-created_by=\"avia_inline_auto\" id=\"style-css-av-b74in-fa94bb896f9dd3adc43cf3648c5f786a\">\n#top #wrap_all .avia-button.av-b74in-fa94bb896f9dd3adc43cf3648c5f786a:hover{\ncolor:white;\ntransition:all 0.4s ease-in-out;\n}\n<\/style>\n<a href='https:\/\/tocchini.com.br\/index.php\/consulta-online\/' class='avia-color-theme-color avia-font-color-theme-color avia-button avia-button-fullwidth av-b74in-fa94bb896f9dd3adc43cf3648c5f786a avia-icon_select-yes-left-icon avia-color-theme-color'  target=\"_blank\"  rel=\"noopener noreferrer\" ><span class='avia_button_icon avia_button_icon_left' aria-hidden='true' data-av_icon='\ue832' data-av_iconfont='entypo-fontello'><\/span><span class='avia_iconbox_title' >FALE CONOSCO AGORA<\/span><span class='avia_button_background avia-button avia-button-fullwidth avia-color-theme-color-highlight'><\/span><\/a><\/div>\n","protected":false},"excerpt":{"rendered":"<p>A atua\u00e7\u00e3o perante o Tribunal de Contas da Uni\u00e3o requer um conhecimento especializado e uma abordagem estrat\u00e9gica, dadas as particularidades deste \u00f3rg\u00e3o no controle externo da administra\u00e7\u00e3o p\u00fablica. Nosso escrit\u00f3rio possui vasta experi\u00eancia na representa\u00e7\u00e3o de clientes em processos junto ao TCU, seja em defesa de atos relacionados a licita\u00e7\u00f5es e contratos administrativos, seja na [&hellip;]<\/p>\n","protected":false},"author":1,"featured_media":0,"parent":0,"menu_order":0,"comment_status":"closed","ping_status":"closed","template":"","meta":{"footnotes":""},"class_list":["post-790","page","type-page","status-publish","hentry"],"_links":{"self":[{"href":"https:\/\/tocchini.com.br\/index.php\/wp-json\/wp\/v2\/pages\/790","targetHints":{"allow":["GET"]}}],"collection":[{"href":"https:\/\/tocchini.com.br\/index.php\/wp-json\/wp\/v2\/pages"}],"about":[{"href":"https:\/\/tocchini.com.br\/index.php\/wp-json\/wp\/v2\/types\/page"}],"author":[{"embeddable":true,"href":"https:\/\/tocchini.com.br\/index.php\/wp-json\/wp\/v2\/users\/1"}],"replies":[{"embeddable":true,"href":"https:\/\/tocchini.com.br\/index.php\/wp-json\/wp\/v2\/comments?post=790"}],"version-history":[{"count":1,"href":"https:\/\/tocchini.com.br\/index.php\/wp-json\/wp\/v2\/pages\/790\/revisions"}],"predecessor-version":[{"id":792,"href":"https:\/\/tocchini.com.br\/index.php\/wp-json\/wp\/v2\/pages\/790\/revisions\/792"}],"wp:attachment":[{"href":"https:\/\/tocchini.com.br\/index.php\/wp-json\/wp\/v2\/media?parent=790"}],"curies":[{"name":"wp","href":"https:\/\/api.w.org\/{rel}","templated":true}]}}