{"id":787,"date":"2024-08-12T09:38:14","date_gmt":"2024-08-12T12:38:14","guid":{"rendered":"https:\/\/tocchini.com.br\/?page_id=787"},"modified":"2024-08-12T09:38:14","modified_gmt":"2024-08-12T12:38:14","slug":"recursos-administrativos-contra-decisoes-do-poder-publico","status":"publish","type":"page","link":"https:\/\/tocchini.com.br\/index.php\/recursos-administrativos-contra-decisoes-do-poder-publico\/","title":{"rendered":"RECURSOS ADMINISTRATIVOS CONTRA DECIS\u00d5ES DO PODER P\u00daBLICO"},"content":{"rendered":"<p><img loading=\"lazy\" decoding=\"async\" src=\"https:\/\/tocchini.com.br\/wp-content\/uploads\/2024\/08\/recursos-administrativos-contra-decisoes-do-poder-publico-tocchini.jpg\" alt=\"\" width=\"1500\" height=\"450\" class=\"alignleft size-full wp-image-788\" srcset=\"https:\/\/tocchini.com.br\/wp-content\/uploads\/2024\/08\/recursos-administrativos-contra-decisoes-do-poder-publico-tocchini.jpg 1500w, https:\/\/tocchini.com.br\/wp-content\/uploads\/2024\/08\/recursos-administrativos-contra-decisoes-do-poder-publico-tocchini-300x90.jpg 300w, https:\/\/tocchini.com.br\/wp-content\/uploads\/2024\/08\/recursos-administrativos-contra-decisoes-do-poder-publico-tocchini-1030x309.jpg 1030w, https:\/\/tocchini.com.br\/wp-content\/uploads\/2024\/08\/recursos-administrativos-contra-decisoes-do-poder-publico-tocchini-768x230.jpg 768w, https:\/\/tocchini.com.br\/wp-content\/uploads\/2024\/08\/recursos-administrativos-contra-decisoes-do-poder-publico-tocchini-705x212.jpg 705w\" sizes=\"auto, (max-width: 1500px) 100vw, 1500px\" \/><\/p>\n<hr \/>\n<div align=\"justify\">Entendemos que, em muitos casos, os resultados de processos licitat\u00f3rios podem n\u00e3o refletir uma an\u00e1lise justa e equitativa das propostas apresentadas. Neste contexto, oferecemos nossa expertise na elabora\u00e7\u00e3o e no encaminhamento de recursos administrativos, visando a revis\u00e3o de decis\u00f5es consideradas desfavor\u00e1veis ou injustas. Nosso conhecimento aprofundado dos procedimentos administrativos e nossa habilidade em argumenta\u00e7\u00e3o jur\u00eddica s\u00e3o essenciais para contestar resultados e buscar a revers\u00e3o de decis\u00f5es em favor de nossos clientes.<\/div>\n<hr \/>\n<div  class='avia-button-wrap avia-button-center  avia-builder-el-0  avia-builder-el-no-sibling '>\n<style type=\"text\/css\" data-created_by=\"avia_inline_auto\" id=\"style-css-av-b74in-fa94bb896f9dd3adc43cf3648c5f786a\">\n#top #wrap_all .avia-button.av-b74in-fa94bb896f9dd3adc43cf3648c5f786a:hover{\ncolor:white;\ntransition:all 0.4s ease-in-out;\n}\n<\/style>\n<a href='https:\/\/tocchini.com.br\/index.php\/consulta-online\/' class='avia-color-theme-color avia-font-color-theme-color avia-button avia-button-fullwidth av-b74in-fa94bb896f9dd3adc43cf3648c5f786a avia-icon_select-yes-left-icon avia-color-theme-color'  target=\"_blank\"  rel=\"noopener noreferrer\" ><span class='avia_button_icon avia_button_icon_left' aria-hidden='true' data-av_icon='\ue832' data-av_iconfont='entypo-fontello'><\/span><span class='avia_iconbox_title' >FALE CONOSCO AGORA<\/span><span class='avia_button_background avia-button avia-button-fullwidth avia-color-theme-color-highlight'><\/span><\/a><\/div>\n","protected":false},"excerpt":{"rendered":"<p>Entendemos que, em muitos casos, os resultados de processos licitat\u00f3rios podem n\u00e3o refletir uma an\u00e1lise justa e equitativa das propostas apresentadas. Neste contexto, oferecemos nossa expertise na elabora\u00e7\u00e3o e no encaminhamento de recursos administrativos, visando a revis\u00e3o de decis\u00f5es consideradas desfavor\u00e1veis ou injustas. Nosso conhecimento aprofundado dos procedimentos administrativos e nossa habilidade em argumenta\u00e7\u00e3o jur\u00eddica [&hellip;]<\/p>\n","protected":false},"author":1,"featured_media":0,"parent":0,"menu_order":0,"comment_status":"closed","ping_status":"closed","template":"","meta":{"footnotes":""},"class_list":["post-787","page","type-page","status-publish","hentry"],"_links":{"self":[{"href":"https:\/\/tocchini.com.br\/index.php\/wp-json\/wp\/v2\/pages\/787","targetHints":{"allow":["GET"]}}],"collection":[{"href":"https:\/\/tocchini.com.br\/index.php\/wp-json\/wp\/v2\/pages"}],"about":[{"href":"https:\/\/tocchini.com.br\/index.php\/wp-json\/wp\/v2\/types\/page"}],"author":[{"embeddable":true,"href":"https:\/\/tocchini.com.br\/index.php\/wp-json\/wp\/v2\/users\/1"}],"replies":[{"embeddable":true,"href":"https:\/\/tocchini.com.br\/index.php\/wp-json\/wp\/v2\/comments?post=787"}],"version-history":[{"count":1,"href":"https:\/\/tocchini.com.br\/index.php\/wp-json\/wp\/v2\/pages\/787\/revisions"}],"predecessor-version":[{"id":789,"href":"https:\/\/tocchini.com.br\/index.php\/wp-json\/wp\/v2\/pages\/787\/revisions\/789"}],"wp:attachment":[{"href":"https:\/\/tocchini.com.br\/index.php\/wp-json\/wp\/v2\/media?parent=787"}],"curies":[{"name":"wp","href":"https:\/\/api.w.org\/{rel}","templated":true}]}}