{"id":780,"date":"2024-08-12T09:08:18","date_gmt":"2024-08-12T12:08:18","guid":{"rendered":"https:\/\/tocchini.com.br\/?page_id=780"},"modified":"2025-01-21T17:14:43","modified_gmt":"2025-01-21T20:14:43","slug":"assessoria-juridica-preventiva-para-mitigar-riscos","status":"publish","type":"page","link":"https:\/\/tocchini.com.br\/index.php\/assessoria-juridica-preventiva-para-mitigar-riscos\/","title":{"rendered":"ASSESSORIA JUR\u00cdDICA PREVENTIVA PARA MITIGAR RISCOS"},"content":{"rendered":"<p><img loading=\"lazy\" decoding=\"async\" class=\"alignleft size-full wp-image-781\" src=\"https:\/\/tocchini.com.br\/wp-content\/uploads\/2024\/08\/assessoria-juridica-preventiva-para-mitigar-riscos-tocchini.jpg\" alt=\"\" width=\"1500\" height=\"450\" srcset=\"https:\/\/tocchini.com.br\/wp-content\/uploads\/2024\/08\/assessoria-juridica-preventiva-para-mitigar-riscos-tocchini.jpg 1500w, https:\/\/tocchini.com.br\/wp-content\/uploads\/2024\/08\/assessoria-juridica-preventiva-para-mitigar-riscos-tocchini-300x90.jpg 300w, https:\/\/tocchini.com.br\/wp-content\/uploads\/2024\/08\/assessoria-juridica-preventiva-para-mitigar-riscos-tocchini-1030x309.jpg 1030w, https:\/\/tocchini.com.br\/wp-content\/uploads\/2024\/08\/assessoria-juridica-preventiva-para-mitigar-riscos-tocchini-768x230.jpg 768w, https:\/\/tocchini.com.br\/wp-content\/uploads\/2024\/08\/assessoria-juridica-preventiva-para-mitigar-riscos-tocchini-705x212.jpg 705w\" sizes=\"auto, (max-width: 1500px) 100vw, 1500px\" \/><\/p>\n<hr \/>\n<div align=\"justify\">\n<p><span style=\"font-weight: 400;\">Entendemos que a preven\u00e7\u00e3o \u00e9 a chave para a mitiga\u00e7\u00e3o eficaz de demandas. Oferecemos uma assessoria jur\u00eddica preventiva que identifica e aborda potenciais problemas antes que se transformem em lit\u00edgios ou comprometam as opera\u00e7\u00f5es empresariais. Nossos servi\u00e7os incluem a revis\u00e3o e a elabora\u00e7\u00e3o de contratos, a avalia\u00e7\u00e3o de pr\u00e1ticas empresariais e a conformidade regulat\u00f3ria, garantindo que as empresas de marketing e comunica\u00e7\u00e3o estejam sempre um passo \u00e0 frente. Nossa abordagem proativa assegura que nossos clientes possam operar com confian\u00e7a e seguran\u00e7a jur\u00eddica.<\/span><\/p>\n<\/div>\n<hr \/>\n<div  class='avia-button-wrap avia-button-center  avia-builder-el-0  avia-builder-el-no-sibling '>\n<style type=\"text\/css\" data-created_by=\"avia_inline_auto\" id=\"style-css-av-b74in-fa94bb896f9dd3adc43cf3648c5f786a\">\n#top #wrap_all .avia-button.av-b74in-fa94bb896f9dd3adc43cf3648c5f786a:hover{\ncolor:white;\ntransition:all 0.4s ease-in-out;\n}\n<\/style>\n<a href='https:\/\/tocchini.com.br\/index.php\/consulta-online\/' class='avia-color-theme-color avia-font-color-theme-color avia-button avia-button-fullwidth av-b74in-fa94bb896f9dd3adc43cf3648c5f786a avia-icon_select-yes-left-icon avia-color-theme-color'  target=\"_blank\"  rel=\"noopener noreferrer\" ><span class='avia_button_icon avia_button_icon_left' aria-hidden='true' data-av_icon='\ue832' data-av_iconfont='entypo-fontello'><\/span><span class='avia_iconbox_title' >FALE CONOSCO AGORA<\/span><span class='avia_button_background avia-button avia-button-fullwidth avia-color-theme-color-highlight'><\/span><\/a><\/div>\n","protected":false},"excerpt":{"rendered":"<p>Entendemos que a preven\u00e7\u00e3o \u00e9 a chave para a mitiga\u00e7\u00e3o eficaz de demandas. Oferecemos uma assessoria jur\u00eddica preventiva que identifica e aborda potenciais problemas antes que se transformem em lit\u00edgios ou comprometam as opera\u00e7\u00f5es empresariais. Nossos servi\u00e7os incluem a revis\u00e3o e a elabora\u00e7\u00e3o de contratos, a avalia\u00e7\u00e3o de pr\u00e1ticas empresariais e a conformidade regulat\u00f3ria, garantindo [&hellip;]<\/p>\n","protected":false},"author":1,"featured_media":0,"parent":0,"menu_order":0,"comment_status":"closed","ping_status":"closed","template":"","meta":{"footnotes":""},"class_list":["post-780","page","type-page","status-publish","hentry"],"_links":{"self":[{"href":"https:\/\/tocchini.com.br\/index.php\/wp-json\/wp\/v2\/pages\/780","targetHints":{"allow":["GET"]}}],"collection":[{"href":"https:\/\/tocchini.com.br\/index.php\/wp-json\/wp\/v2\/pages"}],"about":[{"href":"https:\/\/tocchini.com.br\/index.php\/wp-json\/wp\/v2\/types\/page"}],"author":[{"embeddable":true,"href":"https:\/\/tocchini.com.br\/index.php\/wp-json\/wp\/v2\/users\/1"}],"replies":[{"embeddable":true,"href":"https:\/\/tocchini.com.br\/index.php\/wp-json\/wp\/v2\/comments?post=780"}],"version-history":[{"count":2,"href":"https:\/\/tocchini.com.br\/index.php\/wp-json\/wp\/v2\/pages\/780\/revisions"}],"predecessor-version":[{"id":972,"href":"https:\/\/tocchini.com.br\/index.php\/wp-json\/wp\/v2\/pages\/780\/revisions\/972"}],"wp:attachment":[{"href":"https:\/\/tocchini.com.br\/index.php\/wp-json\/wp\/v2\/media?parent=780"}],"curies":[{"name":"wp","href":"https:\/\/api.w.org\/{rel}","templated":true}]}}