{"id":777,"date":"2024-08-12T09:06:45","date_gmt":"2024-08-12T12:06:45","guid":{"rendered":"https:\/\/tocchini.com.br\/?page_id=777"},"modified":"2025-01-21T17:14:09","modified_gmt":"2025-01-21T20:14:09","slug":"planejamento-e-implementacao-de-estrategias-juridicas-complexas","status":"publish","type":"page","link":"https:\/\/tocchini.com.br\/index.php\/planejamento-e-implementacao-de-estrategias-juridicas-complexas\/","title":{"rendered":"PLANEJAMENTO E IMPLEMENTA\u00c7\u00c3O DE ESTRAT\u00c9GIAS JUR\u00cdDICAS COMPLEXAS"},"content":{"rendered":"<p><img loading=\"lazy\" decoding=\"async\" class=\"alignleft size-full wp-image-778\" src=\"https:\/\/tocchini.com.br\/wp-content\/uploads\/2024\/08\/planejamento-e-implementacao-de-estrategias-juridicas-complexas-tocchini.jpg\" alt=\"\" width=\"1500\" height=\"450\" srcset=\"https:\/\/tocchini.com.br\/wp-content\/uploads\/2024\/08\/planejamento-e-implementacao-de-estrategias-juridicas-complexas-tocchini.jpg 1500w, https:\/\/tocchini.com.br\/wp-content\/uploads\/2024\/08\/planejamento-e-implementacao-de-estrategias-juridicas-complexas-tocchini-300x90.jpg 300w, https:\/\/tocchini.com.br\/wp-content\/uploads\/2024\/08\/planejamento-e-implementacao-de-estrategias-juridicas-complexas-tocchini-1030x309.jpg 1030w, https:\/\/tocchini.com.br\/wp-content\/uploads\/2024\/08\/planejamento-e-implementacao-de-estrategias-juridicas-complexas-tocchini-768x230.jpg 768w, https:\/\/tocchini.com.br\/wp-content\/uploads\/2024\/08\/planejamento-e-implementacao-de-estrategias-juridicas-complexas-tocchini-705x212.jpg 705w\" sizes=\"auto, (max-width: 1500px) 100vw, 1500px\" \/><\/p>\n<hr \/>\n<div align=\"justify\">\n<p><span style=\"font-weight: 400;\">Nossa equipe se destaca pela capacidade de desenvolver e implementar estrat\u00e9gias jur\u00eddicas complexas, adaptadas \u00e0s necessidades particulares do cliente. Atrav\u00e9s de uma an\u00e1lise detalhada e abrangente dos desafios legais e regulat\u00f3rios, elaboramos planos estrat\u00e9gicos que protegem os interesses de nossos clientes e promovem seu sucesso a longo prazo. Utilizamos uma combina\u00e7\u00e3o de conhecimento jur\u00eddico pr\u00e1tico e aprofundado, vis\u00e3o estrat\u00e9gica e compreens\u00e3o das din\u00e2micas do mercado para criar solu\u00e7\u00f5es que sejam tanto inovadoras quanto eficazes.<\/span><\/p>\n<\/div>\n<hr \/>\n<div  class='avia-button-wrap avia-button-center  avia-builder-el-0  avia-builder-el-no-sibling '>\n<style type=\"text\/css\" data-created_by=\"avia_inline_auto\" id=\"style-css-av-b74in-fa94bb896f9dd3adc43cf3648c5f786a\">\n#top #wrap_all .avia-button.av-b74in-fa94bb896f9dd3adc43cf3648c5f786a:hover{\ncolor:white;\ntransition:all 0.4s ease-in-out;\n}\n<\/style>\n<a href='https:\/\/tocchini.com.br\/index.php\/consulta-online\/' class='avia-color-theme-color avia-font-color-theme-color avia-button avia-button-fullwidth av-b74in-fa94bb896f9dd3adc43cf3648c5f786a avia-icon_select-yes-left-icon avia-color-theme-color'  target=\"_blank\"  rel=\"noopener noreferrer\" ><span class='avia_button_icon avia_button_icon_left' aria-hidden='true' data-av_icon='\ue832' data-av_iconfont='entypo-fontello'><\/span><span class='avia_iconbox_title' >FALE CONOSCO AGORA<\/span><span class='avia_button_background avia-button avia-button-fullwidth avia-color-theme-color-highlight'><\/span><\/a><\/div>\n","protected":false},"excerpt":{"rendered":"<p>Nossa equipe se destaca pela capacidade de desenvolver e implementar estrat\u00e9gias jur\u00eddicas complexas, adaptadas \u00e0s necessidades particulares do cliente. Atrav\u00e9s de uma an\u00e1lise detalhada e abrangente dos desafios legais e regulat\u00f3rios, elaboramos planos estrat\u00e9gicos que protegem os interesses de nossos clientes e promovem seu sucesso a longo prazo. Utilizamos uma combina\u00e7\u00e3o de conhecimento jur\u00eddico pr\u00e1tico [&hellip;]<\/p>\n","protected":false},"author":1,"featured_media":0,"parent":0,"menu_order":0,"comment_status":"closed","ping_status":"closed","template":"","meta":{"footnotes":""},"class_list":["post-777","page","type-page","status-publish","hentry"],"_links":{"self":[{"href":"https:\/\/tocchini.com.br\/index.php\/wp-json\/wp\/v2\/pages\/777","targetHints":{"allow":["GET"]}}],"collection":[{"href":"https:\/\/tocchini.com.br\/index.php\/wp-json\/wp\/v2\/pages"}],"about":[{"href":"https:\/\/tocchini.com.br\/index.php\/wp-json\/wp\/v2\/types\/page"}],"author":[{"embeddable":true,"href":"https:\/\/tocchini.com.br\/index.php\/wp-json\/wp\/v2\/users\/1"}],"replies":[{"embeddable":true,"href":"https:\/\/tocchini.com.br\/index.php\/wp-json\/wp\/v2\/comments?post=777"}],"version-history":[{"count":2,"href":"https:\/\/tocchini.com.br\/index.php\/wp-json\/wp\/v2\/pages\/777\/revisions"}],"predecessor-version":[{"id":971,"href":"https:\/\/tocchini.com.br\/index.php\/wp-json\/wp\/v2\/pages\/777\/revisions\/971"}],"wp:attachment":[{"href":"https:\/\/tocchini.com.br\/index.php\/wp-json\/wp\/v2\/media?parent=777"}],"curies":[{"name":"wp","href":"https:\/\/api.w.org\/{rel}","templated":true}]}}