{"id":761,"date":"2024-08-08T15:11:21","date_gmt":"2024-08-08T18:11:21","guid":{"rendered":"https:\/\/tocchini.com.br\/?page_id=761"},"modified":"2024-08-08T15:11:21","modified_gmt":"2024-08-08T18:11:21","slug":"elaboracao-e-analise-de-contratos-de-marketing-e-comunicacao","status":"publish","type":"page","link":"https:\/\/tocchini.com.br\/index.php\/elaboracao-e-analise-de-contratos-de-marketing-e-comunicacao\/","title":{"rendered":"ELABORA\u00c7\u00c3O E AN\u00c1LISE DE CONTRATOS DE MARKETING E COMUNICA\u00c7\u00c3O"},"content":{"rendered":"<p><img loading=\"lazy\" decoding=\"async\" src=\"https:\/\/tocchini.com.br\/wp-content\/uploads\/2024\/08\/elaboracao-e-analise-de-contratos-de-marketing-e-comunicacao-tocchini.jpg\" alt=\"\" width=\"1500\" height=\"450\" class=\"alignleft size-full wp-image-762\" srcset=\"https:\/\/tocchini.com.br\/wp-content\/uploads\/2024\/08\/elaboracao-e-analise-de-contratos-de-marketing-e-comunicacao-tocchini.jpg 1500w, https:\/\/tocchini.com.br\/wp-content\/uploads\/2024\/08\/elaboracao-e-analise-de-contratos-de-marketing-e-comunicacao-tocchini-300x90.jpg 300w, https:\/\/tocchini.com.br\/wp-content\/uploads\/2024\/08\/elaboracao-e-analise-de-contratos-de-marketing-e-comunicacao-tocchini-1030x309.jpg 1030w, https:\/\/tocchini.com.br\/wp-content\/uploads\/2024\/08\/elaboracao-e-analise-de-contratos-de-marketing-e-comunicacao-tocchini-768x230.jpg 768w, https:\/\/tocchini.com.br\/wp-content\/uploads\/2024\/08\/elaboracao-e-analise-de-contratos-de-marketing-e-comunicacao-tocchini-705x212.jpg 705w\" sizes=\"auto, (max-width: 1500px) 100vw, 1500px\" \/><\/p>\n<hr \/>\n<div align=\"justify\">Entendemos a import\u00e2ncia de contratos bem estruturados que abordem especificamente as nuances do marketing e da comunica\u00e7\u00e3o. Nossa atua\u00e7\u00e3o abrange desde a elabora\u00e7\u00e3o de contratos de presta\u00e7\u00e3o de servi\u00e7os, acordos de parceria, contratos de patroc\u00ednio at\u00e9 acordos de confidencialidade, sempre visando proteger os interesses de nossos clientes. Utilizamos nossa experi\u00eancia para negociar termos que n\u00e3o apenas atendam \u00e0s necessidades legais, mas que tamb\u00e9m reflitam as melhores pr\u00e1ticas do setor, assegurando uma base s\u00f3lida para o sucesso das atividades de marketing e comunica\u00e7\u00e3o.<\/div>\n<hr \/>\n<div  class='avia-button-wrap avia-button-center  avia-builder-el-0  avia-builder-el-no-sibling '>\n<style type=\"text\/css\" data-created_by=\"avia_inline_auto\" id=\"style-css-av-b74in-fa94bb896f9dd3adc43cf3648c5f786a\">\n#top #wrap_all .avia-button.av-b74in-fa94bb896f9dd3adc43cf3648c5f786a:hover{\ncolor:white;\ntransition:all 0.4s ease-in-out;\n}\n<\/style>\n<a href='https:\/\/tocchini.com.br\/index.php\/consulta-online\/' class='avia-color-theme-color avia-font-color-theme-color avia-button avia-button-fullwidth av-b74in-fa94bb896f9dd3adc43cf3648c5f786a avia-icon_select-yes-left-icon avia-color-theme-color'  target=\"_blank\"  rel=\"noopener noreferrer\" ><span class='avia_button_icon avia_button_icon_left' aria-hidden='true' data-av_icon='\ue832' data-av_iconfont='entypo-fontello'><\/span><span class='avia_iconbox_title' >FALE CONOSCO AGORA<\/span><span class='avia_button_background avia-button avia-button-fullwidth avia-color-theme-color-highlight'><\/span><\/a><\/div>\n","protected":false},"excerpt":{"rendered":"<p>Entendemos a import\u00e2ncia de contratos bem estruturados que abordem especificamente as nuances do marketing e da comunica\u00e7\u00e3o. Nossa atua\u00e7\u00e3o abrange desde a elabora\u00e7\u00e3o de contratos de presta\u00e7\u00e3o de servi\u00e7os, acordos de parceria, contratos de patroc\u00ednio at\u00e9 acordos de confidencialidade, sempre visando proteger os interesses de nossos clientes. Utilizamos nossa experi\u00eancia para negociar termos que n\u00e3o [&hellip;]<\/p>\n","protected":false},"author":1,"featured_media":0,"parent":0,"menu_order":0,"comment_status":"closed","ping_status":"closed","template":"","meta":{"footnotes":""},"class_list":["post-761","page","type-page","status-publish","hentry"],"_links":{"self":[{"href":"https:\/\/tocchini.com.br\/index.php\/wp-json\/wp\/v2\/pages\/761","targetHints":{"allow":["GET"]}}],"collection":[{"href":"https:\/\/tocchini.com.br\/index.php\/wp-json\/wp\/v2\/pages"}],"about":[{"href":"https:\/\/tocchini.com.br\/index.php\/wp-json\/wp\/v2\/types\/page"}],"author":[{"embeddable":true,"href":"https:\/\/tocchini.com.br\/index.php\/wp-json\/wp\/v2\/users\/1"}],"replies":[{"embeddable":true,"href":"https:\/\/tocchini.com.br\/index.php\/wp-json\/wp\/v2\/comments?post=761"}],"version-history":[{"count":1,"href":"https:\/\/tocchini.com.br\/index.php\/wp-json\/wp\/v2\/pages\/761\/revisions"}],"predecessor-version":[{"id":763,"href":"https:\/\/tocchini.com.br\/index.php\/wp-json\/wp\/v2\/pages\/761\/revisions\/763"}],"wp:attachment":[{"href":"https:\/\/tocchini.com.br\/index.php\/wp-json\/wp\/v2\/media?parent=761"}],"curies":[{"name":"wp","href":"https:\/\/api.w.org\/{rel}","templated":true}]}}