{"id":749,"date":"2024-08-08T15:02:51","date_gmt":"2024-08-08T18:02:51","guid":{"rendered":"https:\/\/tocchini.com.br\/?page_id=749"},"modified":"2024-08-08T15:02:51","modified_gmt":"2024-08-08T18:02:51","slug":"atuacao-estrategica-em-cooperacao-com-as-melhores-empresas-de-auditoria-especializada-em-turismo-corporativo-do-pais","status":"publish","type":"page","link":"https:\/\/tocchini.com.br\/index.php\/atuacao-estrategica-em-cooperacao-com-as-melhores-empresas-de-auditoria-especializada-em-turismo-corporativo-do-pais\/","title":{"rendered":"ATUA\u00c7\u00c3O ESTRAT\u00c9GICA EM COOPERA\u00c7\u00c3O COM AS MELHORES EMPRESAS DE AUDITORIA ESPECIALIZADA EM TURISMO CORPORATIVO DO PA\u00cdS"},"content":{"rendered":"<p><img loading=\"lazy\" decoding=\"async\" src=\"https:\/\/tocchini.com.br\/wp-content\/uploads\/2024\/08\/atuacao-estrategica-com-auditoria-em-turismo-corporativo-tocchini.jpg\" alt=\"\" width=\"1500\" height=\"450\" class=\"alignleft size-full wp-image-750\" srcset=\"https:\/\/tocchini.com.br\/wp-content\/uploads\/2024\/08\/atuacao-estrategica-com-auditoria-em-turismo-corporativo-tocchini.jpg 1500w, https:\/\/tocchini.com.br\/wp-content\/uploads\/2024\/08\/atuacao-estrategica-com-auditoria-em-turismo-corporativo-tocchini-300x90.jpg 300w, https:\/\/tocchini.com.br\/wp-content\/uploads\/2024\/08\/atuacao-estrategica-com-auditoria-em-turismo-corporativo-tocchini-1030x309.jpg 1030w, https:\/\/tocchini.com.br\/wp-content\/uploads\/2024\/08\/atuacao-estrategica-com-auditoria-em-turismo-corporativo-tocchini-768x230.jpg 768w, https:\/\/tocchini.com.br\/wp-content\/uploads\/2024\/08\/atuacao-estrategica-com-auditoria-em-turismo-corporativo-tocchini-705x212.jpg 705w\" sizes=\"auto, (max-width: 1500px) 100vw, 1500px\" \/><\/p>\n<hr \/>\n<div align=\"justify\">Nossa colabora\u00e7\u00e3o com as principais empresas de auditoria especializadas em turismo corporativo fortalece nossa capacidade de oferecer solu\u00e7\u00f5es jur\u00eddicas inovadoras e baseadas em dados. Essa parceria nos permite identificar oportunidades de economia, revisar pr\u00e1ticas contratuais e implementar estrat\u00e9gias de gest\u00e3o de riscos eficazes, contribuindo para a otimiza\u00e7\u00e3o dos gastos com viagens corporativas e aumentando a efici\u00eancia operacional de nossos clientes.<\/div>\n<hr \/>\n<div  class='avia-button-wrap avia-button-center  avia-builder-el-0  avia-builder-el-no-sibling '>\n<style type=\"text\/css\" data-created_by=\"avia_inline_auto\" id=\"style-css-av-b74in-fa94bb896f9dd3adc43cf3648c5f786a\">\n#top #wrap_all .avia-button.av-b74in-fa94bb896f9dd3adc43cf3648c5f786a:hover{\ncolor:white;\ntransition:all 0.4s ease-in-out;\n}\n<\/style>\n<a href='https:\/\/tocchini.com.br\/index.php\/consulta-online\/' class='avia-color-theme-color avia-font-color-theme-color avia-button avia-button-fullwidth av-b74in-fa94bb896f9dd3adc43cf3648c5f786a avia-icon_select-yes-left-icon avia-color-theme-color'  target=\"_blank\"  rel=\"noopener noreferrer\" ><span class='avia_button_icon avia_button_icon_left' aria-hidden='true' data-av_icon='\ue832' data-av_iconfont='entypo-fontello'><\/span><span class='avia_iconbox_title' >FALE CONOSCO AGORA<\/span><span class='avia_button_background avia-button avia-button-fullwidth avia-color-theme-color-highlight'><\/span><\/a><\/div>\n","protected":false},"excerpt":{"rendered":"<p>Nossa colabora\u00e7\u00e3o com as principais empresas de auditoria especializadas em turismo corporativo fortalece nossa capacidade de oferecer solu\u00e7\u00f5es jur\u00eddicas inovadoras e baseadas em dados. Essa parceria nos permite identificar oportunidades de economia, revisar pr\u00e1ticas contratuais e implementar estrat\u00e9gias de gest\u00e3o de riscos eficazes, contribuindo para a otimiza\u00e7\u00e3o dos gastos com viagens corporativas e aumentando a [&hellip;]<\/p>\n","protected":false},"author":1,"featured_media":0,"parent":0,"menu_order":0,"comment_status":"closed","ping_status":"closed","template":"","meta":{"footnotes":""},"class_list":["post-749","page","type-page","status-publish","hentry"],"_links":{"self":[{"href":"https:\/\/tocchini.com.br\/index.php\/wp-json\/wp\/v2\/pages\/749","targetHints":{"allow":["GET"]}}],"collection":[{"href":"https:\/\/tocchini.com.br\/index.php\/wp-json\/wp\/v2\/pages"}],"about":[{"href":"https:\/\/tocchini.com.br\/index.php\/wp-json\/wp\/v2\/types\/page"}],"author":[{"embeddable":true,"href":"https:\/\/tocchini.com.br\/index.php\/wp-json\/wp\/v2\/users\/1"}],"replies":[{"embeddable":true,"href":"https:\/\/tocchini.com.br\/index.php\/wp-json\/wp\/v2\/comments?post=749"}],"version-history":[{"count":1,"href":"https:\/\/tocchini.com.br\/index.php\/wp-json\/wp\/v2\/pages\/749\/revisions"}],"predecessor-version":[{"id":751,"href":"https:\/\/tocchini.com.br\/index.php\/wp-json\/wp\/v2\/pages\/749\/revisions\/751"}],"wp:attachment":[{"href":"https:\/\/tocchini.com.br\/index.php\/wp-json\/wp\/v2\/media?parent=749"}],"curies":[{"name":"wp","href":"https:\/\/api.w.org\/{rel}","templated":true}]}}