{"id":743,"date":"2024-08-08T14:56:53","date_gmt":"2024-08-08T17:56:53","guid":{"rendered":"https:\/\/tocchini.com.br\/?page_id=743"},"modified":"2024-08-08T14:56:53","modified_gmt":"2024-08-08T17:56:53","slug":"assessoria-juridica-em-licitacoes-e-contratacoes-no-setor-de-turismo","status":"publish","type":"page","link":"https:\/\/tocchini.com.br\/index.php\/assessoria-juridica-em-licitacoes-e-contratacoes-no-setor-de-turismo\/","title":{"rendered":"ASSESSORIA JUR\u00cdDICA EM LICITA\u00c7\u00d5ES E CONTRATA\u00c7\u00d5ES NO SETOR DE TURISMO"},"content":{"rendered":"<p><img loading=\"lazy\" decoding=\"async\" src=\"https:\/\/tocchini.com.br\/wp-content\/uploads\/2024\/08\/assessoria-juridica-em-licitacoes-e-contratacoes-no-setor-de-turismo-tocchini.jpg\" alt=\"\" width=\"1500\" height=\"450\" class=\"alignleft size-full wp-image-744\" srcset=\"https:\/\/tocchini.com.br\/wp-content\/uploads\/2024\/08\/assessoria-juridica-em-licitacoes-e-contratacoes-no-setor-de-turismo-tocchini.jpg 1500w, https:\/\/tocchini.com.br\/wp-content\/uploads\/2024\/08\/assessoria-juridica-em-licitacoes-e-contratacoes-no-setor-de-turismo-tocchini-300x90.jpg 300w, https:\/\/tocchini.com.br\/wp-content\/uploads\/2024\/08\/assessoria-juridica-em-licitacoes-e-contratacoes-no-setor-de-turismo-tocchini-1030x309.jpg 1030w, https:\/\/tocchini.com.br\/wp-content\/uploads\/2024\/08\/assessoria-juridica-em-licitacoes-e-contratacoes-no-setor-de-turismo-tocchini-768x230.jpg 768w, https:\/\/tocchini.com.br\/wp-content\/uploads\/2024\/08\/assessoria-juridica-em-licitacoes-e-contratacoes-no-setor-de-turismo-tocchini-705x212.jpg 705w\" sizes=\"auto, (max-width: 1500px) 100vw, 1500px\" \/><\/p>\n<hr \/>\n<div align=\"justify\">Nossa equipe possui profundo conhecimento nas complexidades das licita\u00e7\u00f5es e contrata\u00e7\u00f5es governamentais e privadas no setor de turismo. Auxiliamos nossos clientes em todas as etapas do processo licitat\u00f3rio, desde a prepara\u00e7\u00e3o de propostas at\u00e9 a negocia\u00e7\u00e3o de contratos, garantindo conformidade legal e competitividade. Nosso objetivo \u00e9 assegurar que nossos clientes possam navegar com sucesso no processo licitat\u00f3rio, maximizando suas chances de sucesso e minimizando riscos legais.<\/div>\n<hr \/>\n<div  class='avia-button-wrap avia-button-center  avia-builder-el-0  avia-builder-el-no-sibling '>\n<style type=\"text\/css\" data-created_by=\"avia_inline_auto\" id=\"style-css-av-b74in-fa94bb896f9dd3adc43cf3648c5f786a\">\n#top #wrap_all .avia-button.av-b74in-fa94bb896f9dd3adc43cf3648c5f786a:hover{\ncolor:white;\ntransition:all 0.4s ease-in-out;\n}\n<\/style>\n<a href='https:\/\/tocchini.com.br\/index.php\/consulta-online\/' class='avia-color-theme-color avia-font-color-theme-color avia-button avia-button-fullwidth av-b74in-fa94bb896f9dd3adc43cf3648c5f786a avia-icon_select-yes-left-icon avia-color-theme-color'  target=\"_blank\"  rel=\"noopener noreferrer\" ><span class='avia_button_icon avia_button_icon_left' aria-hidden='true' data-av_icon='\ue832' data-av_iconfont='entypo-fontello'><\/span><span class='avia_iconbox_title' >FALE CONOSCO AGORA<\/span><span class='avia_button_background avia-button avia-button-fullwidth avia-color-theme-color-highlight'><\/span><\/a><\/div>\n","protected":false},"excerpt":{"rendered":"<p>Nossa equipe possui profundo conhecimento nas complexidades das licita\u00e7\u00f5es e contrata\u00e7\u00f5es governamentais e privadas no setor de turismo. Auxiliamos nossos clientes em todas as etapas do processo licitat\u00f3rio, desde a prepara\u00e7\u00e3o de propostas at\u00e9 a negocia\u00e7\u00e3o de contratos, garantindo conformidade legal e competitividade. Nosso objetivo \u00e9 assegurar que nossos clientes possam navegar com sucesso no [&hellip;]<\/p>\n","protected":false},"author":1,"featured_media":0,"parent":0,"menu_order":0,"comment_status":"closed","ping_status":"closed","template":"","meta":{"footnotes":""},"class_list":["post-743","page","type-page","status-publish","hentry"],"_links":{"self":[{"href":"https:\/\/tocchini.com.br\/index.php\/wp-json\/wp\/v2\/pages\/743","targetHints":{"allow":["GET"]}}],"collection":[{"href":"https:\/\/tocchini.com.br\/index.php\/wp-json\/wp\/v2\/pages"}],"about":[{"href":"https:\/\/tocchini.com.br\/index.php\/wp-json\/wp\/v2\/types\/page"}],"author":[{"embeddable":true,"href":"https:\/\/tocchini.com.br\/index.php\/wp-json\/wp\/v2\/users\/1"}],"replies":[{"embeddable":true,"href":"https:\/\/tocchini.com.br\/index.php\/wp-json\/wp\/v2\/comments?post=743"}],"version-history":[{"count":1,"href":"https:\/\/tocchini.com.br\/index.php\/wp-json\/wp\/v2\/pages\/743\/revisions"}],"predecessor-version":[{"id":745,"href":"https:\/\/tocchini.com.br\/index.php\/wp-json\/wp\/v2\/pages\/743\/revisions\/745"}],"wp:attachment":[{"href":"https:\/\/tocchini.com.br\/index.php\/wp-json\/wp\/v2\/media?parent=743"}],"curies":[{"name":"wp","href":"https:\/\/api.w.org\/{rel}","templated":true}]}}