{"id":734,"date":"2024-08-07T15:51:57","date_gmt":"2024-08-07T18:51:57","guid":{"rendered":"https:\/\/tocchini.com.br\/?page_id=734"},"modified":"2024-08-07T15:51:57","modified_gmt":"2024-08-07T18:51:57","slug":"protecao-da-propriedade-intelectual","status":"publish","type":"page","link":"https:\/\/tocchini.com.br\/index.php\/protecao-da-propriedade-intelectual\/","title":{"rendered":"PROTE\u00c7\u00c3O DA PROPRIEDADE INTELECTUAL"},"content":{"rendered":"<p><img loading=\"lazy\" decoding=\"async\" src=\"https:\/\/tocchini.com.br\/wp-content\/uploads\/2024\/08\/protecao-da-propriedade-intelectual-tocchini.jpg\" alt=\"\" width=\"1500\" height=\"450\" class=\"alignleft size-full wp-image-735\" srcset=\"https:\/\/tocchini.com.br\/wp-content\/uploads\/2024\/08\/protecao-da-propriedade-intelectual-tocchini.jpg 1500w, https:\/\/tocchini.com.br\/wp-content\/uploads\/2024\/08\/protecao-da-propriedade-intelectual-tocchini-300x90.jpg 300w, https:\/\/tocchini.com.br\/wp-content\/uploads\/2024\/08\/protecao-da-propriedade-intelectual-tocchini-1030x309.jpg 1030w, https:\/\/tocchini.com.br\/wp-content\/uploads\/2024\/08\/protecao-da-propriedade-intelectual-tocchini-768x230.jpg 768w, https:\/\/tocchini.com.br\/wp-content\/uploads\/2024\/08\/protecao-da-propriedade-intelectual-tocchini-705x212.jpg 705w\" sizes=\"auto, (max-width: 1500px) 100vw, 1500px\" \/><\/p>\n<hr \/>\n<div align=\"justify\">A inova\u00e7\u00e3o \u00e9 o cora\u00e7\u00e3o de qualquer startup, e a prote\u00e7\u00e3o da propriedade intelectual \u00e9 fundamental para preservar o valor e a competitividade da empresa. Nossa equipe possui vasta experi\u00eancia na prote\u00e7\u00e3o de direitos autorais, marcas, patentes, desenhos industriais e segredos comerciais. Oferecemos estrat\u00e9gias personalizadas para registrar e defender a propriedade intelectual das startups, garantindo que suas inova\u00e7\u00f5es estejam seguras contra apropria\u00e7\u00e3o indevida e concorr\u00eancia desleal.<\/div>\n<hr \/>\n<div  class='avia-button-wrap avia-button-center  avia-builder-el-0  avia-builder-el-no-sibling '>\n<style type=\"text\/css\" data-created_by=\"avia_inline_auto\" id=\"style-css-av-b74in-fa94bb896f9dd3adc43cf3648c5f786a\">\n#top #wrap_all .avia-button.av-b74in-fa94bb896f9dd3adc43cf3648c5f786a:hover{\ncolor:white;\ntransition:all 0.4s ease-in-out;\n}\n<\/style>\n<a href='https:\/\/tocchini.com.br\/index.php\/consulta-online\/' class='avia-color-theme-color avia-font-color-theme-color avia-button avia-button-fullwidth av-b74in-fa94bb896f9dd3adc43cf3648c5f786a avia-icon_select-yes-left-icon avia-color-theme-color'  target=\"_blank\"  rel=\"noopener noreferrer\" ><span class='avia_button_icon avia_button_icon_left' aria-hidden='true' data-av_icon='\ue832' data-av_iconfont='entypo-fontello'><\/span><span class='avia_iconbox_title' >FALE CONOSCO AGORA<\/span><span class='avia_button_background avia-button avia-button-fullwidth avia-color-theme-color-highlight'><\/span><\/a><\/div>\n","protected":false},"excerpt":{"rendered":"<p>A inova\u00e7\u00e3o \u00e9 o cora\u00e7\u00e3o de qualquer startup, e a prote\u00e7\u00e3o da propriedade intelectual \u00e9 fundamental para preservar o valor e a competitividade da empresa. Nossa equipe possui vasta experi\u00eancia na prote\u00e7\u00e3o de direitos autorais, marcas, patentes, desenhos industriais e segredos comerciais. Oferecemos estrat\u00e9gias personalizadas para registrar e defender a propriedade intelectual das startups, garantindo [&hellip;]<\/p>\n","protected":false},"author":1,"featured_media":0,"parent":0,"menu_order":0,"comment_status":"closed","ping_status":"closed","template":"","meta":{"footnotes":""},"class_list":["post-734","page","type-page","status-publish","hentry"],"_links":{"self":[{"href":"https:\/\/tocchini.com.br\/index.php\/wp-json\/wp\/v2\/pages\/734","targetHints":{"allow":["GET"]}}],"collection":[{"href":"https:\/\/tocchini.com.br\/index.php\/wp-json\/wp\/v2\/pages"}],"about":[{"href":"https:\/\/tocchini.com.br\/index.php\/wp-json\/wp\/v2\/types\/page"}],"author":[{"embeddable":true,"href":"https:\/\/tocchini.com.br\/index.php\/wp-json\/wp\/v2\/users\/1"}],"replies":[{"embeddable":true,"href":"https:\/\/tocchini.com.br\/index.php\/wp-json\/wp\/v2\/comments?post=734"}],"version-history":[{"count":1,"href":"https:\/\/tocchini.com.br\/index.php\/wp-json\/wp\/v2\/pages\/734\/revisions"}],"predecessor-version":[{"id":736,"href":"https:\/\/tocchini.com.br\/index.php\/wp-json\/wp\/v2\/pages\/734\/revisions\/736"}],"wp:attachment":[{"href":"https:\/\/tocchini.com.br\/index.php\/wp-json\/wp\/v2\/media?parent=734"}],"curies":[{"name":"wp","href":"https:\/\/api.w.org\/{rel}","templated":true}]}}