{"id":728,"date":"2024-08-07T15:47:06","date_gmt":"2024-08-07T18:47:06","guid":{"rendered":"https:\/\/tocchini.com.br\/?page_id=728"},"modified":"2024-08-07T15:47:06","modified_gmt":"2024-08-07T18:47:06","slug":"assessoria-juridica-na-constituicao-e-funcionamento-de-startups","status":"publish","type":"page","link":"https:\/\/tocchini.com.br\/index.php\/assessoria-juridica-na-constituicao-e-funcionamento-de-startups\/","title":{"rendered":"ASSESSORIA JUR\u00cdDICA NA CONSTITUI\u00c7\u00c3O E FUNCIONAMENTO DE STARTUPS"},"content":{"rendered":"<p><img loading=\"lazy\" decoding=\"async\" src=\"https:\/\/tocchini.com.br\/wp-content\/uploads\/2024\/08\/assessoria-jurisica-na-constituicao-e-funcionamento-de-startups-tocchini.jpg\" alt=\"\" width=\"1500\" height=\"450\" class=\"alignleft size-full wp-image-729\" srcset=\"https:\/\/tocchini.com.br\/wp-content\/uploads\/2024\/08\/assessoria-jurisica-na-constituicao-e-funcionamento-de-startups-tocchini.jpg 1500w, https:\/\/tocchini.com.br\/wp-content\/uploads\/2024\/08\/assessoria-jurisica-na-constituicao-e-funcionamento-de-startups-tocchini-300x90.jpg 300w, https:\/\/tocchini.com.br\/wp-content\/uploads\/2024\/08\/assessoria-jurisica-na-constituicao-e-funcionamento-de-startups-tocchini-1030x309.jpg 1030w, https:\/\/tocchini.com.br\/wp-content\/uploads\/2024\/08\/assessoria-jurisica-na-constituicao-e-funcionamento-de-startups-tocchini-768x230.jpg 768w, https:\/\/tocchini.com.br\/wp-content\/uploads\/2024\/08\/assessoria-jurisica-na-constituicao-e-funcionamento-de-startups-tocchini-705x212.jpg 705w\" sizes=\"auto, (max-width: 1500px) 100vw, 1500px\" \/><\/p>\n<hr \/>\n<div align=\"justify\">Oferecemos assessoria jur\u00eddica completa para startups desde a fase de constitui\u00e7\u00e3o at\u00e9 o pleno funcionamento, garantindo que a estrutura legal da empresa esteja alinhada com seus objetivos de neg\u00f3cios e requisitos regulat\u00f3rios. Isso inclui a escolha da forma jur\u00eddica mais adequada, elabora\u00e7\u00e3o de acordos de s\u00f3cios, compliance regulat\u00f3rio e assessoria em investimentos e capta\u00e7\u00e3o de recursos. Nossa experi\u00eancia nos permite antecipar desafios e oportunidades, oferecendo solu\u00e7\u00f5es inovadoras que promovem um crescimento sustent\u00e1vel e a prote\u00e7\u00e3o dos interesses dos fundadores.<\/div>\n<hr \/>\n<div  class='avia-button-wrap avia-button-center  avia-builder-el-0  avia-builder-el-no-sibling '>\n<style type=\"text\/css\" data-created_by=\"avia_inline_auto\" id=\"style-css-av-b74in-fa94bb896f9dd3adc43cf3648c5f786a\">\n#top #wrap_all .avia-button.av-b74in-fa94bb896f9dd3adc43cf3648c5f786a:hover{\ncolor:white;\ntransition:all 0.4s ease-in-out;\n}\n<\/style>\n<a href='https:\/\/tocchini.com.br\/index.php\/consulta-online\/' class='avia-color-theme-color avia-font-color-theme-color avia-button avia-button-fullwidth av-b74in-fa94bb896f9dd3adc43cf3648c5f786a avia-icon_select-yes-left-icon avia-color-theme-color'  target=\"_blank\"  rel=\"noopener noreferrer\" ><span class='avia_button_icon avia_button_icon_left' aria-hidden='true' data-av_icon='\ue832' data-av_iconfont='entypo-fontello'><\/span><span class='avia_iconbox_title' >FALE CONOSCO AGORA<\/span><span class='avia_button_background avia-button avia-button-fullwidth avia-color-theme-color-highlight'><\/span><\/a><\/div>\n","protected":false},"excerpt":{"rendered":"<p>Oferecemos assessoria jur\u00eddica completa para startups desde a fase de constitui\u00e7\u00e3o at\u00e9 o pleno funcionamento, garantindo que a estrutura legal da empresa esteja alinhada com seus objetivos de neg\u00f3cios e requisitos regulat\u00f3rios. Isso inclui a escolha da forma jur\u00eddica mais adequada, elabora\u00e7\u00e3o de acordos de s\u00f3cios, compliance regulat\u00f3rio e assessoria em investimentos e capta\u00e7\u00e3o de [&hellip;]<\/p>\n","protected":false},"author":1,"featured_media":0,"parent":0,"menu_order":0,"comment_status":"closed","ping_status":"closed","template":"","meta":{"footnotes":""},"class_list":["post-728","page","type-page","status-publish","hentry"],"_links":{"self":[{"href":"https:\/\/tocchini.com.br\/index.php\/wp-json\/wp\/v2\/pages\/728","targetHints":{"allow":["GET"]}}],"collection":[{"href":"https:\/\/tocchini.com.br\/index.php\/wp-json\/wp\/v2\/pages"}],"about":[{"href":"https:\/\/tocchini.com.br\/index.php\/wp-json\/wp\/v2\/types\/page"}],"author":[{"embeddable":true,"href":"https:\/\/tocchini.com.br\/index.php\/wp-json\/wp\/v2\/users\/1"}],"replies":[{"embeddable":true,"href":"https:\/\/tocchini.com.br\/index.php\/wp-json\/wp\/v2\/comments?post=728"}],"version-history":[{"count":1,"href":"https:\/\/tocchini.com.br\/index.php\/wp-json\/wp\/v2\/pages\/728\/revisions"}],"predecessor-version":[{"id":730,"href":"https:\/\/tocchini.com.br\/index.php\/wp-json\/wp\/v2\/pages\/728\/revisions\/730"}],"wp:attachment":[{"href":"https:\/\/tocchini.com.br\/index.php\/wp-json\/wp\/v2\/media?parent=728"}],"curies":[{"name":"wp","href":"https:\/\/api.w.org\/{rel}","templated":true}]}}