{"id":717,"date":"2024-08-07T15:23:31","date_gmt":"2024-08-07T18:23:31","guid":{"rendered":"https:\/\/tocchini.com.br\/?page_id=717"},"modified":"2024-08-07T15:23:31","modified_gmt":"2024-08-07T18:23:31","slug":"recurso-contra-multas-e-autuacoes-fiscais","status":"publish","type":"page","link":"https:\/\/tocchini.com.br\/index.php\/recurso-contra-multas-e-autuacoes-fiscais\/","title":{"rendered":"RECURSO CONTRA MULTAS E AUTUA\u00c7\u00d5ES FISCAIS"},"content":{"rendered":"<p><img loading=\"lazy\" decoding=\"async\" src=\"https:\/\/tocchini.com.br\/wp-content\/uploads\/2024\/08\/recurso-contra-multa-e-autuacoes-fiscais-tocchini.jpg\" alt=\"\" width=\"1500\" height=\"450\" class=\"alignleft size-full wp-image-718\" srcset=\"https:\/\/tocchini.com.br\/wp-content\/uploads\/2024\/08\/recurso-contra-multa-e-autuacoes-fiscais-tocchini.jpg 1500w, https:\/\/tocchini.com.br\/wp-content\/uploads\/2024\/08\/recurso-contra-multa-e-autuacoes-fiscais-tocchini-300x90.jpg 300w, https:\/\/tocchini.com.br\/wp-content\/uploads\/2024\/08\/recurso-contra-multa-e-autuacoes-fiscais-tocchini-1030x309.jpg 1030w, https:\/\/tocchini.com.br\/wp-content\/uploads\/2024\/08\/recurso-contra-multa-e-autuacoes-fiscais-tocchini-768x230.jpg 768w, https:\/\/tocchini.com.br\/wp-content\/uploads\/2024\/08\/recurso-contra-multa-e-autuacoes-fiscais-tocchini-705x212.jpg 705w\" sizes=\"auto, (max-width: 1500px) 100vw, 1500px\" \/><\/p>\n<hr \/>\n<div align=\"justify\">Nossa atua\u00e7\u00e3o inclui o recurso contra multas e autua\u00e7\u00f5es fiscais, onde nossa habilidade em articular argumentos jur\u00eddicos convincentes e tecnicamente embasados se destaca. Atrav\u00e9s de uma revis\u00e3o meticulosa de cada caso, identificamos as melhores estrat\u00e9gias de defesa, apresentando recursos fundamentados que visam proteger nossos clientes contra imposi\u00e7\u00f5es fiscais indevidas. Nosso objetivo \u00e9 assegurar que qualquer penalidade aplicada seja justa e proporcional, respeitando os princ\u00edpios legais e a capacidade contributiva do cliente.<\/div>\n<hr \/>\n<div  class='avia-button-wrap avia-button-center  avia-builder-el-0  avia-builder-el-no-sibling '>\n<style type=\"text\/css\" data-created_by=\"avia_inline_auto\" id=\"style-css-av-b74in-fa94bb896f9dd3adc43cf3648c5f786a\">\n#top #wrap_all .avia-button.av-b74in-fa94bb896f9dd3adc43cf3648c5f786a:hover{\ncolor:white;\ntransition:all 0.4s ease-in-out;\n}\n<\/style>\n<a href='https:\/\/tocchini.com.br\/index.php\/consulta-online\/' class='avia-color-theme-color avia-font-color-theme-color avia-button avia-button-fullwidth av-b74in-fa94bb896f9dd3adc43cf3648c5f786a avia-icon_select-yes-left-icon avia-color-theme-color'  target=\"_blank\"  rel=\"noopener noreferrer\" ><span class='avia_button_icon avia_button_icon_left' aria-hidden='true' data-av_icon='\ue832' data-av_iconfont='entypo-fontello'><\/span><span class='avia_iconbox_title' >FALE CONOSCO AGORA<\/span><span class='avia_button_background avia-button avia-button-fullwidth avia-color-theme-color-highlight'><\/span><\/a><\/div>\n","protected":false},"excerpt":{"rendered":"<p>Nossa atua\u00e7\u00e3o inclui o recurso contra multas e autua\u00e7\u00f5es fiscais, onde nossa habilidade em articular argumentos jur\u00eddicos convincentes e tecnicamente embasados se destaca. Atrav\u00e9s de uma revis\u00e3o meticulosa de cada caso, identificamos as melhores estrat\u00e9gias de defesa, apresentando recursos fundamentados que visam proteger nossos clientes contra imposi\u00e7\u00f5es fiscais indevidas. Nosso objetivo \u00e9 assegurar que qualquer [&hellip;]<\/p>\n","protected":false},"author":1,"featured_media":0,"parent":0,"menu_order":0,"comment_status":"closed","ping_status":"closed","template":"","meta":{"footnotes":""},"class_list":["post-717","page","type-page","status-publish","hentry"],"_links":{"self":[{"href":"https:\/\/tocchini.com.br\/index.php\/wp-json\/wp\/v2\/pages\/717","targetHints":{"allow":["GET"]}}],"collection":[{"href":"https:\/\/tocchini.com.br\/index.php\/wp-json\/wp\/v2\/pages"}],"about":[{"href":"https:\/\/tocchini.com.br\/index.php\/wp-json\/wp\/v2\/types\/page"}],"author":[{"embeddable":true,"href":"https:\/\/tocchini.com.br\/index.php\/wp-json\/wp\/v2\/users\/1"}],"replies":[{"embeddable":true,"href":"https:\/\/tocchini.com.br\/index.php\/wp-json\/wp\/v2\/comments?post=717"}],"version-history":[{"count":1,"href":"https:\/\/tocchini.com.br\/index.php\/wp-json\/wp\/v2\/pages\/717\/revisions"}],"predecessor-version":[{"id":719,"href":"https:\/\/tocchini.com.br\/index.php\/wp-json\/wp\/v2\/pages\/717\/revisions\/719"}],"wp:attachment":[{"href":"https:\/\/tocchini.com.br\/index.php\/wp-json\/wp\/v2\/media?parent=717"}],"curies":[{"name":"wp","href":"https:\/\/api.w.org\/{rel}","templated":true}]}}