{"id":713,"date":"2024-08-07T15:05:01","date_gmt":"2024-08-07T18:05:01","guid":{"rendered":"https:\/\/tocchini.com.br\/?page_id=713"},"modified":"2024-08-07T15:05:01","modified_gmt":"2024-08-07T18:05:01","slug":"defesa-do-contribuinte-em-processos-administrativos-e-judiciais","status":"publish","type":"page","link":"https:\/\/tocchini.com.br\/index.php\/defesa-do-contribuinte-em-processos-administrativos-e-judiciais\/","title":{"rendered":"DEFESA DO CONTRIBUINTE EM PROCESSOS ADMINISTRATIVOS E JUDICIAIS"},"content":{"rendered":"<p><img loading=\"lazy\" decoding=\"async\" src=\"https:\/\/tocchini.com.br\/wp-content\/uploads\/2024\/08\/defesa-do-contribuinte-em-processos-administrativos-e-judiciais.jpg\" alt=\"\" width=\"1500\" height=\"450\" class=\"alignleft size-full wp-image-715\" srcset=\"https:\/\/tocchini.com.br\/wp-content\/uploads\/2024\/08\/defesa-do-contribuinte-em-processos-administrativos-e-judiciais.jpg 1500w, https:\/\/tocchini.com.br\/wp-content\/uploads\/2024\/08\/defesa-do-contribuinte-em-processos-administrativos-e-judiciais-300x90.jpg 300w, https:\/\/tocchini.com.br\/wp-content\/uploads\/2024\/08\/defesa-do-contribuinte-em-processos-administrativos-e-judiciais-1030x309.jpg 1030w, https:\/\/tocchini.com.br\/wp-content\/uploads\/2024\/08\/defesa-do-contribuinte-em-processos-administrativos-e-judiciais-768x230.jpg 768w, https:\/\/tocchini.com.br\/wp-content\/uploads\/2024\/08\/defesa-do-contribuinte-em-processos-administrativos-e-judiciais-705x212.jpg 705w\" sizes=\"auto, (max-width: 1500px) 100vw, 1500px\" \/><\/p>\n<hr \/>\n<div align=\"justify\">Nossa experi\u00eancia na defesa de contribuintes abrange desde a esfera administrativa at\u00e9 a judicial, lidando com uma vasta gama de quest\u00f5es tribut\u00e1rias. Entendemos que enfrentar o fisco pode ser um processo complexo e desafiador, e por isso, nos dedicamos a oferecer uma representa\u00e7\u00e3o jur\u00eddica robusta, que protege os direitos e interesses de nossos clientes. Utilizamos uma combina\u00e7\u00e3o de an\u00e1lise aprofundada da legisla\u00e7\u00e3o tribut\u00e1ria, jurisprud\u00eancia relevante e estrat\u00e9gias processuais inovadoras para contestar autua\u00e7\u00f5es fiscais injustas, reduzir penalidades e, sempre que poss\u00edvel, reverter demandas fiscais.<\/div>\n<hr \/>\n<div  class='avia-button-wrap avia-button-center  avia-builder-el-0  avia-builder-el-no-sibling '>\n<style type=\"text\/css\" data-created_by=\"avia_inline_auto\" id=\"style-css-av-b74in-fa94bb896f9dd3adc43cf3648c5f786a\">\n#top #wrap_all .avia-button.av-b74in-fa94bb896f9dd3adc43cf3648c5f786a:hover{\ncolor:white;\ntransition:all 0.4s ease-in-out;\n}\n<\/style>\n<a href='https:\/\/tocchini.com.br\/index.php\/consulta-online\/' class='avia-color-theme-color avia-font-color-theme-color avia-button avia-button-fullwidth av-b74in-fa94bb896f9dd3adc43cf3648c5f786a avia-icon_select-yes-left-icon avia-color-theme-color'  target=\"_blank\"  rel=\"noopener noreferrer\" ><span class='avia_button_icon avia_button_icon_left' aria-hidden='true' data-av_icon='\ue832' data-av_iconfont='entypo-fontello'><\/span><span class='avia_iconbox_title' >FALE CONOSCO AGORA<\/span><span class='avia_button_background avia-button avia-button-fullwidth avia-color-theme-color-highlight'><\/span><\/a><\/div>\n","protected":false},"excerpt":{"rendered":"<p>Nossa experi\u00eancia na defesa de contribuintes abrange desde a esfera administrativa at\u00e9 a judicial, lidando com uma vasta gama de quest\u00f5es tribut\u00e1rias. Entendemos que enfrentar o fisco pode ser um processo complexo e desafiador, e por isso, nos dedicamos a oferecer uma representa\u00e7\u00e3o jur\u00eddica robusta, que protege os direitos e interesses de nossos clientes. Utilizamos [&hellip;]<\/p>\n","protected":false},"author":1,"featured_media":0,"parent":0,"menu_order":0,"comment_status":"closed","ping_status":"closed","template":"","meta":{"footnotes":""},"class_list":["post-713","page","type-page","status-publish","hentry"],"_links":{"self":[{"href":"https:\/\/tocchini.com.br\/index.php\/wp-json\/wp\/v2\/pages\/713","targetHints":{"allow":["GET"]}}],"collection":[{"href":"https:\/\/tocchini.com.br\/index.php\/wp-json\/wp\/v2\/pages"}],"about":[{"href":"https:\/\/tocchini.com.br\/index.php\/wp-json\/wp\/v2\/types\/page"}],"author":[{"embeddable":true,"href":"https:\/\/tocchini.com.br\/index.php\/wp-json\/wp\/v2\/users\/1"}],"replies":[{"embeddable":true,"href":"https:\/\/tocchini.com.br\/index.php\/wp-json\/wp\/v2\/comments?post=713"}],"version-history":[{"count":1,"href":"https:\/\/tocchini.com.br\/index.php\/wp-json\/wp\/v2\/pages\/713\/revisions"}],"predecessor-version":[{"id":716,"href":"https:\/\/tocchini.com.br\/index.php\/wp-json\/wp\/v2\/pages\/713\/revisions\/716"}],"wp:attachment":[{"href":"https:\/\/tocchini.com.br\/index.php\/wp-json\/wp\/v2\/media?parent=713"}],"curies":[{"name":"wp","href":"https:\/\/api.w.org\/{rel}","templated":true}]}}