{"id":704,"date":"2024-08-07T14:51:29","date_gmt":"2024-08-07T17:51:29","guid":{"rendered":"https:\/\/tocchini.com.br\/?page_id=704"},"modified":"2024-08-07T14:51:29","modified_gmt":"2024-08-07T17:51:29","slug":"defesa-dos-direitos-do-paciente","status":"publish","type":"page","link":"https:\/\/tocchini.com.br\/index.php\/defesa-dos-direitos-do-paciente\/","title":{"rendered":"DEFESA DOS DIREITOS DO PACIENTE"},"content":{"rendered":"<p><img loading=\"lazy\" decoding=\"async\" src=\"https:\/\/tocchini.com.br\/wp-content\/uploads\/2024\/08\/defesa-dos-direitos-do-paciente-tocchini.jpg\" alt=\"\" width=\"1500\" height=\"450\" class=\"alignleft size-full wp-image-705\" srcset=\"https:\/\/tocchini.com.br\/wp-content\/uploads\/2024\/08\/defesa-dos-direitos-do-paciente-tocchini.jpg 1500w, https:\/\/tocchini.com.br\/wp-content\/uploads\/2024\/08\/defesa-dos-direitos-do-paciente-tocchini-300x90.jpg 300w, https:\/\/tocchini.com.br\/wp-content\/uploads\/2024\/08\/defesa-dos-direitos-do-paciente-tocchini-1030x309.jpg 1030w, https:\/\/tocchini.com.br\/wp-content\/uploads\/2024\/08\/defesa-dos-direitos-do-paciente-tocchini-768x230.jpg 768w, https:\/\/tocchini.com.br\/wp-content\/uploads\/2024\/08\/defesa-dos-direitos-do-paciente-tocchini-705x212.jpg 705w\" sizes=\"auto, (max-width: 1500px) 100vw, 1500px\" \/><\/p>\n<hr \/>\n<div align=\"justify\">A defesa dos direitos do paciente est\u00e1 no cerne de nossa pr\u00e1tica jur\u00eddica. Acreditamos que todos t\u00eam o direito de ser tratados com dignidade, respeito e ter acesso a um cuidado de sa\u00fade de qualidade. Nossa equipe se dedica a proteger os direitos dos pacientes, seja enfrentando institui\u00e7\u00f5es poderosas, seja desafiando legisla\u00e7\u00f5es e pr\u00e1ticas desatualizadas. Nossa atua\u00e7\u00e3o inclui desde a defesa contra abusos e neglig\u00eancia m\u00e9dica at\u00e9 a garantia de consentimento informado e privacidade.<\/div>\n<hr \/>\n<div  class='avia-button-wrap avia-button-center  avia-builder-el-0  avia-builder-el-no-sibling '>\n<style type=\"text\/css\" data-created_by=\"avia_inline_auto\" id=\"style-css-av-b74in-fa94bb896f9dd3adc43cf3648c5f786a\">\n#top #wrap_all .avia-button.av-b74in-fa94bb896f9dd3adc43cf3648c5f786a:hover{\ncolor:white;\ntransition:all 0.4s ease-in-out;\n}\n<\/style>\n<a href='https:\/\/tocchini.com.br\/index.php\/consulta-online\/' class='avia-color-theme-color avia-font-color-theme-color avia-button avia-button-fullwidth av-b74in-fa94bb896f9dd3adc43cf3648c5f786a avia-icon_select-yes-left-icon avia-color-theme-color'  target=\"_blank\"  rel=\"noopener noreferrer\" ><span class='avia_button_icon avia_button_icon_left' aria-hidden='true' data-av_icon='\ue832' data-av_iconfont='entypo-fontello'><\/span><span class='avia_iconbox_title' >FALE CONOSCO AGORA<\/span><span class='avia_button_background avia-button avia-button-fullwidth avia-color-theme-color-highlight'><\/span><\/a><\/div>\n","protected":false},"excerpt":{"rendered":"<p>A defesa dos direitos do paciente est\u00e1 no cerne de nossa pr\u00e1tica jur\u00eddica. Acreditamos que todos t\u00eam o direito de ser tratados com dignidade, respeito e ter acesso a um cuidado de sa\u00fade de qualidade. Nossa equipe se dedica a proteger os direitos dos pacientes, seja enfrentando institui\u00e7\u00f5es poderosas, seja desafiando legisla\u00e7\u00f5es e pr\u00e1ticas desatualizadas. [&hellip;]<\/p>\n","protected":false},"author":1,"featured_media":0,"parent":0,"menu_order":0,"comment_status":"closed","ping_status":"closed","template":"","meta":{"footnotes":""},"class_list":["post-704","page","type-page","status-publish","hentry"],"_links":{"self":[{"href":"https:\/\/tocchini.com.br\/index.php\/wp-json\/wp\/v2\/pages\/704","targetHints":{"allow":["GET"]}}],"collection":[{"href":"https:\/\/tocchini.com.br\/index.php\/wp-json\/wp\/v2\/pages"}],"about":[{"href":"https:\/\/tocchini.com.br\/index.php\/wp-json\/wp\/v2\/types\/page"}],"author":[{"embeddable":true,"href":"https:\/\/tocchini.com.br\/index.php\/wp-json\/wp\/v2\/users\/1"}],"replies":[{"embeddable":true,"href":"https:\/\/tocchini.com.br\/index.php\/wp-json\/wp\/v2\/comments?post=704"}],"version-history":[{"count":1,"href":"https:\/\/tocchini.com.br\/index.php\/wp-json\/wp\/v2\/pages\/704\/revisions"}],"predecessor-version":[{"id":706,"href":"https:\/\/tocchini.com.br\/index.php\/wp-json\/wp\/v2\/pages\/704\/revisions\/706"}],"wp:attachment":[{"href":"https:\/\/tocchini.com.br\/index.php\/wp-json\/wp\/v2\/media?parent=704"}],"curies":[{"name":"wp","href":"https:\/\/api.w.org\/{rel}","templated":true}]}}