{"id":698,"date":"2024-08-07T14:49:29","date_gmt":"2024-08-07T17:49:29","guid":{"rendered":"https:\/\/tocchini.com.br\/?page_id=698"},"modified":"2024-08-07T14:49:29","modified_gmt":"2024-08-07T17:49:29","slug":"assessoria-juridica-em-questoes-de-plano-de-saude","status":"publish","type":"page","link":"https:\/\/tocchini.com.br\/index.php\/assessoria-juridica-em-questoes-de-plano-de-saude\/","title":{"rendered":"ASSESSORIA JUR\u00cdDICA EM QUEST\u00d5ES DE PLANO DE SA\u00daDE"},"content":{"rendered":"<p><img loading=\"lazy\" decoding=\"async\" src=\"https:\/\/tocchini.com.br\/wp-content\/uploads\/2024\/08\/assessoria-juridica-em-questoes-de-plano-de-saude-tocchini.jpg\" alt=\"\" width=\"1500\" height=\"450\" class=\"alignleft size-full wp-image-699\" srcset=\"https:\/\/tocchini.com.br\/wp-content\/uploads\/2024\/08\/assessoria-juridica-em-questoes-de-plano-de-saude-tocchini.jpg 1500w, https:\/\/tocchini.com.br\/wp-content\/uploads\/2024\/08\/assessoria-juridica-em-questoes-de-plano-de-saude-tocchini-300x90.jpg 300w, https:\/\/tocchini.com.br\/wp-content\/uploads\/2024\/08\/assessoria-juridica-em-questoes-de-plano-de-saude-tocchini-1030x309.jpg 1030w, https:\/\/tocchini.com.br\/wp-content\/uploads\/2024\/08\/assessoria-juridica-em-questoes-de-plano-de-saude-tocchini-768x230.jpg 768w, https:\/\/tocchini.com.br\/wp-content\/uploads\/2024\/08\/assessoria-juridica-em-questoes-de-plano-de-saude-tocchini-705x212.jpg 705w\" sizes=\"auto, (max-width: 1500px) 100vw, 1500px\" \/><\/p>\n<hr \/>\n<div align=\"justify\">Nossa abordagem nas quest\u00f5es de plano de sa\u00fade \u00e9 profundamente informada pela compreens\u00e3o de que o acesso a tratamentos adequados \u00e9 fundamental. Auxiliamos nossos clientes na navega\u00e7\u00e3o por contratos de planos de sa\u00fade, esclarecendo direitos e obriga\u00e7\u00f5es, e atuamos decisivamente na resolu\u00e7\u00e3o de conflitos que possam surgir, seja por meio de negocia\u00e7\u00e3o ou lit\u00edgio. Com uma vasta experi\u00eancia em lidar com negativas de cobertura e outras pr\u00e1ticas abusivas por parte das seguradoras, nossa equipe se destaca em assegurar que os direitos de nossos clientes sejam respeitados, promovendo o acesso \u00e0 sa\u00fade como um direito fundamental.<\/div>\n<hr \/>\n<div  class='avia-button-wrap avia-button-center  avia-builder-el-0  avia-builder-el-no-sibling '>\n<style type=\"text\/css\" data-created_by=\"avia_inline_auto\" id=\"style-css-av-b74in-fa94bb896f9dd3adc43cf3648c5f786a\">\n#top #wrap_all .avia-button.av-b74in-fa94bb896f9dd3adc43cf3648c5f786a:hover{\ncolor:white;\ntransition:all 0.4s ease-in-out;\n}\n<\/style>\n<a href='https:\/\/tocchini.com.br\/index.php\/consulta-online\/' class='avia-color-theme-color avia-font-color-theme-color avia-button avia-button-fullwidth av-b74in-fa94bb896f9dd3adc43cf3648c5f786a avia-icon_select-yes-left-icon avia-color-theme-color'  target=\"_blank\"  rel=\"noopener noreferrer\" ><span class='avia_button_icon avia_button_icon_left' aria-hidden='true' data-av_icon='\ue832' data-av_iconfont='entypo-fontello'><\/span><span class='avia_iconbox_title' >FALE CONOSCO AGORA<\/span><span class='avia_button_background avia-button avia-button-fullwidth avia-color-theme-color-highlight'><\/span><\/a><\/div>\n","protected":false},"excerpt":{"rendered":"<p>Nossa abordagem nas quest\u00f5es de plano de sa\u00fade \u00e9 profundamente informada pela compreens\u00e3o de que o acesso a tratamentos adequados \u00e9 fundamental. Auxiliamos nossos clientes na navega\u00e7\u00e3o por contratos de planos de sa\u00fade, esclarecendo direitos e obriga\u00e7\u00f5es, e atuamos decisivamente na resolu\u00e7\u00e3o de conflitos que possam surgir, seja por meio de negocia\u00e7\u00e3o ou lit\u00edgio. Com [&hellip;]<\/p>\n","protected":false},"author":1,"featured_media":0,"parent":0,"menu_order":0,"comment_status":"closed","ping_status":"closed","template":"","meta":{"footnotes":""},"class_list":["post-698","page","type-page","status-publish","hentry"],"_links":{"self":[{"href":"https:\/\/tocchini.com.br\/index.php\/wp-json\/wp\/v2\/pages\/698","targetHints":{"allow":["GET"]}}],"collection":[{"href":"https:\/\/tocchini.com.br\/index.php\/wp-json\/wp\/v2\/pages"}],"about":[{"href":"https:\/\/tocchini.com.br\/index.php\/wp-json\/wp\/v2\/types\/page"}],"author":[{"embeddable":true,"href":"https:\/\/tocchini.com.br\/index.php\/wp-json\/wp\/v2\/users\/1"}],"replies":[{"embeddable":true,"href":"https:\/\/tocchini.com.br\/index.php\/wp-json\/wp\/v2\/comments?post=698"}],"version-history":[{"count":1,"href":"https:\/\/tocchini.com.br\/index.php\/wp-json\/wp\/v2\/pages\/698\/revisions"}],"predecessor-version":[{"id":700,"href":"https:\/\/tocchini.com.br\/index.php\/wp-json\/wp\/v2\/pages\/698\/revisions\/700"}],"wp:attachment":[{"href":"https:\/\/tocchini.com.br\/index.php\/wp-json\/wp\/v2\/media?parent=698"}],"curies":[{"name":"wp","href":"https:\/\/api.w.org\/{rel}","templated":true}]}}