{"id":688,"date":"2024-08-05T19:37:34","date_gmt":"2024-08-05T22:37:34","guid":{"rendered":"https:\/\/tocchini.com.br\/?page_id=688"},"modified":"2024-08-05T19:37:34","modified_gmt":"2024-08-05T22:37:34","slug":"acoes-de-responsabilidade-civil-medica","status":"publish","type":"page","link":"https:\/\/tocchini.com.br\/index.php\/acoes-de-responsabilidade-civil-medica\/","title":{"rendered":"A\u00c7\u00d5ES DE RESPONSABILIDADE CIVIL M\u00c9DICA"},"content":{"rendered":"<p><img loading=\"lazy\" decoding=\"async\" src=\"https:\/\/tocchini.com.br\/wp-content\/uploads\/2024\/08\/acoes-de-responsabilidade-civil-e-medica-tocchini.jpg\" alt=\"\" width=\"1500\" height=\"450\" class=\"alignleft size-full wp-image-689\" srcset=\"https:\/\/tocchini.com.br\/wp-content\/uploads\/2024\/08\/acoes-de-responsabilidade-civil-e-medica-tocchini.jpg 1500w, https:\/\/tocchini.com.br\/wp-content\/uploads\/2024\/08\/acoes-de-responsabilidade-civil-e-medica-tocchini-300x90.jpg 300w, https:\/\/tocchini.com.br\/wp-content\/uploads\/2024\/08\/acoes-de-responsabilidade-civil-e-medica-tocchini-1030x309.jpg 1030w, https:\/\/tocchini.com.br\/wp-content\/uploads\/2024\/08\/acoes-de-responsabilidade-civil-e-medica-tocchini-768x230.jpg 768w, https:\/\/tocchini.com.br\/wp-content\/uploads\/2024\/08\/acoes-de-responsabilidade-civil-e-medica-tocchini-705x212.jpg 705w\" sizes=\"auto, (max-width: 1500px) 100vw, 1500px\" \/><\/p>\n<hr \/>\n<div align=\"justify\">Em a\u00e7\u00f5es de responsabilidade civil m\u00e9dica, aplicamos nossa vasta experi\u00eancia e conhecimento jur\u00eddico para defender os interesses dos profissionais da sa\u00fade. Entendemos que essas a\u00e7\u00f5es podem ser complexas e exigem uma defesa legal altamente qualificada, que considere tanto os aspectos t\u00e9cnicos da medicina quanto os princ\u00edpios legais aplic\u00e1veis. Nossa equipe trabalha de forma proativa para mitigar os riscos e impactos dessas a\u00e7\u00f5es, empregando estrat\u00e9gias legais eficazes que protejam nossos clientes contra reivindica\u00e7\u00f5es infundadas e promovam uma resolu\u00e7\u00e3o justa e equitativa dos casos.<\/div>\n<hr \/>\n<div  class='avia-button-wrap avia-button-center  avia-builder-el-0  avia-builder-el-no-sibling '>\n<style type=\"text\/css\" data-created_by=\"avia_inline_auto\" id=\"style-css-av-b74in-fa94bb896f9dd3adc43cf3648c5f786a\">\n#top #wrap_all .avia-button.av-b74in-fa94bb896f9dd3adc43cf3648c5f786a:hover{\ncolor:white;\ntransition:all 0.4s ease-in-out;\n}\n<\/style>\n<a href='https:\/\/tocchini.com.br\/index.php\/consulta-online\/' class='avia-color-theme-color avia-font-color-theme-color avia-button avia-button-fullwidth av-b74in-fa94bb896f9dd3adc43cf3648c5f786a avia-icon_select-yes-left-icon avia-color-theme-color'  target=\"_blank\"  rel=\"noopener noreferrer\" ><span class='avia_button_icon avia_button_icon_left' aria-hidden='true' data-av_icon='\ue832' data-av_iconfont='entypo-fontello'><\/span><span class='avia_iconbox_title' >FALE CONOSCO AGORA<\/span><span class='avia_button_background avia-button avia-button-fullwidth avia-color-theme-color-highlight'><\/span><\/a><\/div>\n","protected":false},"excerpt":{"rendered":"<p>Em a\u00e7\u00f5es de responsabilidade civil m\u00e9dica, aplicamos nossa vasta experi\u00eancia e conhecimento jur\u00eddico para defender os interesses dos profissionais da sa\u00fade. Entendemos que essas a\u00e7\u00f5es podem ser complexas e exigem uma defesa legal altamente qualificada, que considere tanto os aspectos t\u00e9cnicos da medicina quanto os princ\u00edpios legais aplic\u00e1veis. Nossa equipe trabalha de forma proativa para [&hellip;]<\/p>\n","protected":false},"author":1,"featured_media":0,"parent":0,"menu_order":0,"comment_status":"closed","ping_status":"closed","template":"","meta":{"footnotes":""},"class_list":["post-688","page","type-page","status-publish","hentry"],"_links":{"self":[{"href":"https:\/\/tocchini.com.br\/index.php\/wp-json\/wp\/v2\/pages\/688","targetHints":{"allow":["GET"]}}],"collection":[{"href":"https:\/\/tocchini.com.br\/index.php\/wp-json\/wp\/v2\/pages"}],"about":[{"href":"https:\/\/tocchini.com.br\/index.php\/wp-json\/wp\/v2\/types\/page"}],"author":[{"embeddable":true,"href":"https:\/\/tocchini.com.br\/index.php\/wp-json\/wp\/v2\/users\/1"}],"replies":[{"embeddable":true,"href":"https:\/\/tocchini.com.br\/index.php\/wp-json\/wp\/v2\/comments?post=688"}],"version-history":[{"count":1,"href":"https:\/\/tocchini.com.br\/index.php\/wp-json\/wp\/v2\/pages\/688\/revisions"}],"predecessor-version":[{"id":690,"href":"https:\/\/tocchini.com.br\/index.php\/wp-json\/wp\/v2\/pages\/688\/revisions\/690"}],"wp:attachment":[{"href":"https:\/\/tocchini.com.br\/index.php\/wp-json\/wp\/v2\/media?parent=688"}],"curies":[{"name":"wp","href":"https:\/\/api.w.org\/{rel}","templated":true}]}}