{"id":684,"date":"2024-08-05T19:33:13","date_gmt":"2024-08-05T22:33:13","guid":{"rendered":"https:\/\/tocchini.com.br\/?page_id=684"},"modified":"2024-08-05T19:33:13","modified_gmt":"2024-08-05T22:33:13","slug":"processo-etico-profissional-junto-aos-crm-e-cfm","status":"publish","type":"page","link":"https:\/\/tocchini.com.br\/index.php\/processo-etico-profissional-junto-aos-crm-e-cfm\/","title":{"rendered":"PROCESSO \u00c9TICO PROFISSIONAL JUNTO AOS CRM E CFM"},"content":{"rendered":"<p><img loading=\"lazy\" decoding=\"async\" src=\"https:\/\/tocchini.com.br\/wp-content\/uploads\/2024\/08\/processo-etico-profissional-junto-aos-crm-e-cfm-tocchini.jpg\" alt=\"\" width=\"1500\" height=\"450\" class=\"alignleft size-full wp-image-685\" srcset=\"https:\/\/tocchini.com.br\/wp-content\/uploads\/2024\/08\/processo-etico-profissional-junto-aos-crm-e-cfm-tocchini.jpg 1500w, https:\/\/tocchini.com.br\/wp-content\/uploads\/2024\/08\/processo-etico-profissional-junto-aos-crm-e-cfm-tocchini-300x90.jpg 300w, https:\/\/tocchini.com.br\/wp-content\/uploads\/2024\/08\/processo-etico-profissional-junto-aos-crm-e-cfm-tocchini-1030x309.jpg 1030w, https:\/\/tocchini.com.br\/wp-content\/uploads\/2024\/08\/processo-etico-profissional-junto-aos-crm-e-cfm-tocchini-768x230.jpg 768w, https:\/\/tocchini.com.br\/wp-content\/uploads\/2024\/08\/processo-etico-profissional-junto-aos-crm-e-cfm-tocchini-705x212.jpg 705w\" sizes=\"auto, (max-width: 1500px) 100vw, 1500px\" \/><\/p>\n<hr \/>\n<div align=\"justify\">Nossa experi\u00eancia com processos \u00e9ticos profissionais junto aos Conselhos Regionais de Medicina (CRM) e ao Conselho Federal de Medicina (CFM) nos permite oferecer aos m\u00e9dicos uma representa\u00e7\u00e3o especializada e \u00e9tica. Compreendemos a import\u00e2ncia de abordar estas quest\u00f5es delicadas com a maior seriedade, focando na preserva\u00e7\u00e3o da integridade profissional do m\u00e9dico. Nossa abordagem envolve uma prepara\u00e7\u00e3o cuidadosa do caso, incluindo a formula\u00e7\u00e3o de argumentos s\u00f3lidos e a coleta de evid\u00eancias substanciais para suportar a defesa do m\u00e9dico, sempre visando o melhor resultado poss\u00edvel.<\/div>\n<hr \/>\n<div  class='avia-button-wrap avia-button-center  avia-builder-el-0  avia-builder-el-no-sibling '>\n<style type=\"text\/css\" data-created_by=\"avia_inline_auto\" id=\"style-css-av-b74in-fa94bb896f9dd3adc43cf3648c5f786a\">\n#top #wrap_all .avia-button.av-b74in-fa94bb896f9dd3adc43cf3648c5f786a:hover{\ncolor:white;\ntransition:all 0.4s ease-in-out;\n}\n<\/style>\n<a href='https:\/\/tocchini.com.br\/index.php\/consulta-online\/' class='avia-color-theme-color avia-font-color-theme-color avia-button avia-button-fullwidth av-b74in-fa94bb896f9dd3adc43cf3648c5f786a avia-icon_select-yes-left-icon avia-color-theme-color'  target=\"_blank\"  rel=\"noopener noreferrer\" ><span class='avia_button_icon avia_button_icon_left' aria-hidden='true' data-av_icon='\ue832' data-av_iconfont='entypo-fontello'><\/span><span class='avia_iconbox_title' >FALE CONOSCO AGORA<\/span><span class='avia_button_background avia-button avia-button-fullwidth avia-color-theme-color-highlight'><\/span><\/a><\/div>\n","protected":false},"excerpt":{"rendered":"<p>Nossa experi\u00eancia com processos \u00e9ticos profissionais junto aos Conselhos Regionais de Medicina (CRM) e ao Conselho Federal de Medicina (CFM) nos permite oferecer aos m\u00e9dicos uma representa\u00e7\u00e3o especializada e \u00e9tica. Compreendemos a import\u00e2ncia de abordar estas quest\u00f5es delicadas com a maior seriedade, focando na preserva\u00e7\u00e3o da integridade profissional do m\u00e9dico. Nossa abordagem envolve uma prepara\u00e7\u00e3o [&hellip;]<\/p>\n","protected":false},"author":1,"featured_media":0,"parent":0,"menu_order":0,"comment_status":"closed","ping_status":"closed","template":"","meta":{"footnotes":""},"class_list":["post-684","page","type-page","status-publish","hentry"],"_links":{"self":[{"href":"https:\/\/tocchini.com.br\/index.php\/wp-json\/wp\/v2\/pages\/684","targetHints":{"allow":["GET"]}}],"collection":[{"href":"https:\/\/tocchini.com.br\/index.php\/wp-json\/wp\/v2\/pages"}],"about":[{"href":"https:\/\/tocchini.com.br\/index.php\/wp-json\/wp\/v2\/types\/page"}],"author":[{"embeddable":true,"href":"https:\/\/tocchini.com.br\/index.php\/wp-json\/wp\/v2\/users\/1"}],"replies":[{"embeddable":true,"href":"https:\/\/tocchini.com.br\/index.php\/wp-json\/wp\/v2\/comments?post=684"}],"version-history":[{"count":1,"href":"https:\/\/tocchini.com.br\/index.php\/wp-json\/wp\/v2\/pages\/684\/revisions"}],"predecessor-version":[{"id":686,"href":"https:\/\/tocchini.com.br\/index.php\/wp-json\/wp\/v2\/pages\/684\/revisions\/686"}],"wp:attachment":[{"href":"https:\/\/tocchini.com.br\/index.php\/wp-json\/wp\/v2\/media?parent=684"}],"curies":[{"name":"wp","href":"https:\/\/api.w.org\/{rel}","templated":true}]}}