{"id":666,"date":"2024-08-05T17:18:03","date_gmt":"2024-08-05T20:18:03","guid":{"rendered":"https:\/\/tocchini.com.br\/?page_id=666"},"modified":"2024-08-05T17:46:57","modified_gmt":"2024-08-05T20:46:57","slug":"regularizacao-de-limites-de-propriedade","status":"publish","type":"page","link":"https:\/\/tocchini.com.br\/index.php\/regularizacao-de-limites-de-propriedade\/","title":{"rendered":"REGULARIZA\u00c7\u00c3O DE LIMITES DE PROPRIEDADE"},"content":{"rendered":"<p><img loading=\"lazy\" decoding=\"async\" class=\"alignleft size-full wp-image-667\" src=\"https:\/\/tocchini.com.br\/wp-content\/uploads\/2024\/08\/regularizacao-de-limites-de-propriedade-tocchini.jpg\" alt=\"\" width=\"1500\" height=\"450\" srcset=\"https:\/\/tocchini.com.br\/wp-content\/uploads\/2024\/08\/regularizacao-de-limites-de-propriedade-tocchini.jpg 1500w, https:\/\/tocchini.com.br\/wp-content\/uploads\/2024\/08\/regularizacao-de-limites-de-propriedade-tocchini-300x90.jpg 300w, https:\/\/tocchini.com.br\/wp-content\/uploads\/2024\/08\/regularizacao-de-limites-de-propriedade-tocchini-1030x309.jpg 1030w, https:\/\/tocchini.com.br\/wp-content\/uploads\/2024\/08\/regularizacao-de-limites-de-propriedade-tocchini-768x230.jpg 768w, https:\/\/tocchini.com.br\/wp-content\/uploads\/2024\/08\/regularizacao-de-limites-de-propriedade-tocchini-705x212.jpg 705w\" sizes=\"auto, (max-width: 1500px) 100vw, 1500px\" \/><\/p>\n<hr \/>\n<div align=\"justify\">Nossa atua\u00e7\u00e3o na regulariza\u00e7\u00e3o de limites de propriedade \u00e9 informada por um profundo entendimento das leis de terras e regulamentos locais, bem como uma aprecia\u00e7\u00e3o pelas nuances de cada caso. Ajudamos nossos clientes a navegar pelo processo de regulariza\u00e7\u00e3o, garantindo que todos os procedimentos legais sejam seguidos corretamente para a legitima\u00e7\u00e3o de seus limites de propriedade. Nossa capacidade de comunica\u00e7\u00e3o clara facilita a explica\u00e7\u00e3o de processos complexos aos clientes, garantindo que eles estejam plenamente informados e confiantes em cada etapa.<\/div>\n<hr \/>\n<div  class='avia-button-wrap avia-button-center  avia-builder-el-0  avia-builder-el-no-sibling '>\n<style type=\"text\/css\" data-created_by=\"avia_inline_auto\" id=\"style-css-av-b74in-fa94bb896f9dd3adc43cf3648c5f786a\">\n#top #wrap_all .avia-button.av-b74in-fa94bb896f9dd3adc43cf3648c5f786a:hover{\ncolor:white;\ntransition:all 0.4s ease-in-out;\n}\n<\/style>\n<a href='https:\/\/tocchini.com.br\/index.php\/consulta-online\/' class='avia-color-theme-color avia-font-color-theme-color avia-button avia-button-fullwidth av-b74in-fa94bb896f9dd3adc43cf3648c5f786a avia-icon_select-yes-left-icon avia-color-theme-color'  target=\"_blank\"  rel=\"noopener noreferrer\" ><span class='avia_button_icon avia_button_icon_left' aria-hidden='true' data-av_icon='\ue832' data-av_iconfont='entypo-fontello'><\/span><span class='avia_iconbox_title' >FALE CONOSCO AGORA<\/span><span class='avia_button_background avia-button avia-button-fullwidth avia-color-theme-color-highlight'><\/span><\/a><\/div>\n","protected":false},"excerpt":{"rendered":"<p>Nossa atua\u00e7\u00e3o na regulariza\u00e7\u00e3o de limites de propriedade \u00e9 informada por um profundo entendimento das leis de terras e regulamentos locais, bem como uma aprecia\u00e7\u00e3o pelas nuances de cada caso. Ajudamos nossos clientes a navegar pelo processo de regulariza\u00e7\u00e3o, garantindo que todos os procedimentos legais sejam seguidos corretamente para a legitima\u00e7\u00e3o de seus limites de [&hellip;]<\/p>\n","protected":false},"author":1,"featured_media":0,"parent":0,"menu_order":0,"comment_status":"closed","ping_status":"closed","template":"","meta":{"footnotes":""},"class_list":["post-666","page","type-page","status-publish","hentry"],"_links":{"self":[{"href":"https:\/\/tocchini.com.br\/index.php\/wp-json\/wp\/v2\/pages\/666","targetHints":{"allow":["GET"]}}],"collection":[{"href":"https:\/\/tocchini.com.br\/index.php\/wp-json\/wp\/v2\/pages"}],"about":[{"href":"https:\/\/tocchini.com.br\/index.php\/wp-json\/wp\/v2\/types\/page"}],"author":[{"embeddable":true,"href":"https:\/\/tocchini.com.br\/index.php\/wp-json\/wp\/v2\/users\/1"}],"replies":[{"embeddable":true,"href":"https:\/\/tocchini.com.br\/index.php\/wp-json\/wp\/v2\/comments?post=666"}],"version-history":[{"count":3,"href":"https:\/\/tocchini.com.br\/index.php\/wp-json\/wp\/v2\/pages\/666\/revisions"}],"predecessor-version":[{"id":670,"href":"https:\/\/tocchini.com.br\/index.php\/wp-json\/wp\/v2\/pages\/666\/revisions\/670"}],"wp:attachment":[{"href":"https:\/\/tocchini.com.br\/index.php\/wp-json\/wp\/v2\/media?parent=666"}],"curies":[{"name":"wp","href":"https:\/\/api.w.org\/{rel}","templated":true}]}}