{"id":662,"date":"2024-08-05T17:08:51","date_gmt":"2024-08-05T20:08:51","guid":{"rendered":"https:\/\/tocchini.com.br\/?page_id=662"},"modified":"2024-08-05T17:08:51","modified_gmt":"2024-08-05T20:08:51","slug":"defesa-do-devedor-fiduciario","status":"publish","type":"page","link":"https:\/\/tocchini.com.br\/index.php\/defesa-do-devedor-fiduciario\/","title":{"rendered":"DEFESA DO DEVEDOR FIDUCI\u00c1RIO"},"content":{"rendered":"<p><img loading=\"lazy\" decoding=\"async\" src=\"https:\/\/tocchini.com.br\/wp-content\/uploads\/2024\/08\/defesa-devedor-fiduciario-tocchini.jpg\" alt=\"\" width=\"1500\" height=\"450\" class=\"alignleft size-full wp-image-663\" srcset=\"https:\/\/tocchini.com.br\/wp-content\/uploads\/2024\/08\/defesa-devedor-fiduciario-tocchini.jpg 1500w, https:\/\/tocchini.com.br\/wp-content\/uploads\/2024\/08\/defesa-devedor-fiduciario-tocchini-300x90.jpg 300w, https:\/\/tocchini.com.br\/wp-content\/uploads\/2024\/08\/defesa-devedor-fiduciario-tocchini-1030x309.jpg 1030w, https:\/\/tocchini.com.br\/wp-content\/uploads\/2024\/08\/defesa-devedor-fiduciario-tocchini-768x230.jpg 768w, https:\/\/tocchini.com.br\/wp-content\/uploads\/2024\/08\/defesa-devedor-fiduciario-tocchini-705x212.jpg 705w\" sizes=\"auto, (max-width: 1500px) 100vw, 1500px\" \/><\/p>\n<hr \/>\n<div align=\"justify\">A defesa do devedor fiduci\u00e1rio \u00e9 uma \u00e1rea na qual nossas habilidades de comunica\u00e7\u00e3o, empatia e entendimento estrat\u00e9gico do direito s\u00e3o particularmente valiosas. Reconhecemos as press\u00f5es e desafios enfrentados pelos devedores fiduci\u00e1rios e trabalhamos incansavelmente para fornecer defesas robustas, buscando solu\u00e7\u00f5es que permitam a renegocia\u00e7\u00e3o de d\u00edvidas ou outras formas de resolu\u00e7\u00e3o que evitem a perda de propriedades. Nossa abordagem \u00e9 personalizada para cada caso, refletindo a compreens\u00e3o de que cada cliente tem necessidades \u00fanicas e merece uma estrat\u00e9gia que considere plenamente sua situa\u00e7\u00e3o financeira, pessoal e legal.<\/p>\n<p>Nossa reputa\u00e7\u00e3o como um escrit\u00f3rio de advocacia de refer\u00eancia em direito imobili\u00e1rio \u00e9 constru\u00edda sobre a base s\u00f3lida de nossa experi\u00eancia, conhecimento especializado e o compromisso inabal\u00e1vel com a excel\u00eancia em todos os aspectos de nossa pr\u00e1tica. Nosso objetivo \u00e9 continuar sendo l\u00edderes neste campo, oferecendo servi\u00e7os jur\u00eddicos da mais alta qualidade que refletem as melhores qualidades de um escrit\u00f3rio de advocacia moderno, \u00e9tico e altamente eficaz.<\/p><\/div>\n<hr \/>\n<div  class='avia-button-wrap avia-button-center  avia-builder-el-0  avia-builder-el-no-sibling '>\n<style type=\"text\/css\" data-created_by=\"avia_inline_auto\" id=\"style-css-av-b74in-fa94bb896f9dd3adc43cf3648c5f786a\">\n#top #wrap_all .avia-button.av-b74in-fa94bb896f9dd3adc43cf3648c5f786a:hover{\ncolor:white;\ntransition:all 0.4s ease-in-out;\n}\n<\/style>\n<a href='https:\/\/tocchini.com.br\/index.php\/consulta-online\/' class='avia-color-theme-color avia-font-color-theme-color avia-button avia-button-fullwidth av-b74in-fa94bb896f9dd3adc43cf3648c5f786a avia-icon_select-yes-left-icon avia-color-theme-color'  target=\"_blank\"  rel=\"noopener noreferrer\" ><span class='avia_button_icon avia_button_icon_left' aria-hidden='true' data-av_icon='\ue832' data-av_iconfont='entypo-fontello'><\/span><span class='avia_iconbox_title' >FALE CONOSCO AGORA<\/span><span class='avia_button_background avia-button avia-button-fullwidth avia-color-theme-color-highlight'><\/span><\/a><\/div>\n","protected":false},"excerpt":{"rendered":"<p>A defesa do devedor fiduci\u00e1rio \u00e9 uma \u00e1rea na qual nossas habilidades de comunica\u00e7\u00e3o, empatia e entendimento estrat\u00e9gico do direito s\u00e3o particularmente valiosas. Reconhecemos as press\u00f5es e desafios enfrentados pelos devedores fiduci\u00e1rios e trabalhamos incansavelmente para fornecer defesas robustas, buscando solu\u00e7\u00f5es que permitam a renegocia\u00e7\u00e3o de d\u00edvidas ou outras formas de resolu\u00e7\u00e3o que evitem a [&hellip;]<\/p>\n","protected":false},"author":1,"featured_media":0,"parent":0,"menu_order":0,"comment_status":"closed","ping_status":"closed","template":"","meta":{"footnotes":""},"class_list":["post-662","page","type-page","status-publish","hentry"],"_links":{"self":[{"href":"https:\/\/tocchini.com.br\/index.php\/wp-json\/wp\/v2\/pages\/662","targetHints":{"allow":["GET"]}}],"collection":[{"href":"https:\/\/tocchini.com.br\/index.php\/wp-json\/wp\/v2\/pages"}],"about":[{"href":"https:\/\/tocchini.com.br\/index.php\/wp-json\/wp\/v2\/types\/page"}],"author":[{"embeddable":true,"href":"https:\/\/tocchini.com.br\/index.php\/wp-json\/wp\/v2\/users\/1"}],"replies":[{"embeddable":true,"href":"https:\/\/tocchini.com.br\/index.php\/wp-json\/wp\/v2\/comments?post=662"}],"version-history":[{"count":1,"href":"https:\/\/tocchini.com.br\/index.php\/wp-json\/wp\/v2\/pages\/662\/revisions"}],"predecessor-version":[{"id":664,"href":"https:\/\/tocchini.com.br\/index.php\/wp-json\/wp\/v2\/pages\/662\/revisions\/664"}],"wp:attachment":[{"href":"https:\/\/tocchini.com.br\/index.php\/wp-json\/wp\/v2\/media?parent=662"}],"curies":[{"name":"wp","href":"https:\/\/api.w.org\/{rel}","templated":true}]}}