{"id":659,"date":"2024-08-05T17:07:25","date_gmt":"2024-08-05T20:07:25","guid":{"rendered":"https:\/\/tocchini.com.br\/?page_id=659"},"modified":"2024-08-05T17:07:25","modified_gmt":"2024-08-05T20:07:25","slug":"acoes-de-execucao-de-alienacao-fudiciaria","status":"publish","type":"page","link":"https:\/\/tocchini.com.br\/index.php\/acoes-de-execucao-de-alienacao-fudiciaria\/","title":{"rendered":"A\u00c7\u00d5ES DE EXECU\u00c7\u00c3O DE ALIENA\u00c7\u00c3O FUDICI\u00c1RIA"},"content":{"rendered":"<p><img loading=\"lazy\" decoding=\"async\" src=\"https:\/\/tocchini.com.br\/wp-content\/uploads\/2024\/08\/acoe-de-execucao-de-alienacao-fiduciaria-tocchini.jpg\" alt=\"\" width=\"1500\" height=\"450\" class=\"alignleft size-full wp-image-660\" srcset=\"https:\/\/tocchini.com.br\/wp-content\/uploads\/2024\/08\/acoe-de-execucao-de-alienacao-fiduciaria-tocchini.jpg 1500w, https:\/\/tocchini.com.br\/wp-content\/uploads\/2024\/08\/acoe-de-execucao-de-alienacao-fiduciaria-tocchini-300x90.jpg 300w, https:\/\/tocchini.com.br\/wp-content\/uploads\/2024\/08\/acoe-de-execucao-de-alienacao-fiduciaria-tocchini-1030x309.jpg 1030w, https:\/\/tocchini.com.br\/wp-content\/uploads\/2024\/08\/acoe-de-execucao-de-alienacao-fiduciaria-tocchini-768x230.jpg 768w, https:\/\/tocchini.com.br\/wp-content\/uploads\/2024\/08\/acoe-de-execucao-de-alienacao-fiduciaria-tocchini-705x212.jpg 705w\" sizes=\"auto, (max-width: 1500px) 100vw, 1500px\" \/><\/p>\n<hr \/>\n<div align=\"justify\">Nas a\u00e7\u00f5es de execu\u00e7\u00e3o de aliena\u00e7\u00e3o fiduci\u00e1ria, nossa experi\u00eancia \u00e9 nossa maior vantagem. Compreendemos a din\u00e2mica e os prazos cr\u00edticos dessas a\u00e7\u00f5es e utilizamos nossa experi\u00eancia para desenvolver estrat\u00e9gias eficazes que possam proteger os interesses tanto de credores quanto de devedores. Nossa capacidade de an\u00e1lise estrat\u00e9gica e profundo conhecimento das leis aplic\u00e1veis nos permite navegar com sucesso pelas complexidades desses casos, alcan\u00e7ando resultados que atendam \u00e0s necessidades espec\u00edficas de nossos clientes.\n<\/div>\n<hr \/>\n<div  class='avia-button-wrap avia-button-center  avia-builder-el-0  avia-builder-el-no-sibling '>\n<style type=\"text\/css\" data-created_by=\"avia_inline_auto\" id=\"style-css-av-b74in-fa94bb896f9dd3adc43cf3648c5f786a\">\n#top #wrap_all .avia-button.av-b74in-fa94bb896f9dd3adc43cf3648c5f786a:hover{\ncolor:white;\ntransition:all 0.4s ease-in-out;\n}\n<\/style>\n<a href='https:\/\/tocchini.com.br\/index.php\/consulta-online\/' class='avia-color-theme-color avia-font-color-theme-color avia-button avia-button-fullwidth av-b74in-fa94bb896f9dd3adc43cf3648c5f786a avia-icon_select-yes-left-icon avia-color-theme-color'  target=\"_blank\"  rel=\"noopener noreferrer\" ><span class='avia_button_icon avia_button_icon_left' aria-hidden='true' data-av_icon='\ue832' data-av_iconfont='entypo-fontello'><\/span><span class='avia_iconbox_title' >FALE CONOSCO AGORA<\/span><span class='avia_button_background avia-button avia-button-fullwidth avia-color-theme-color-highlight'><\/span><\/a><\/div>\n","protected":false},"excerpt":{"rendered":"<p>Nas a\u00e7\u00f5es de execu\u00e7\u00e3o de aliena\u00e7\u00e3o fiduci\u00e1ria, nossa experi\u00eancia \u00e9 nossa maior vantagem. Compreendemos a din\u00e2mica e os prazos cr\u00edticos dessas a\u00e7\u00f5es e utilizamos nossa experi\u00eancia para desenvolver estrat\u00e9gias eficazes que possam proteger os interesses tanto de credores quanto de devedores. Nossa capacidade de an\u00e1lise estrat\u00e9gica e profundo conhecimento das leis aplic\u00e1veis nos permite navegar [&hellip;]<\/p>\n","protected":false},"author":1,"featured_media":0,"parent":0,"menu_order":0,"comment_status":"closed","ping_status":"closed","template":"","meta":{"footnotes":""},"class_list":["post-659","page","type-page","status-publish","hentry"],"_links":{"self":[{"href":"https:\/\/tocchini.com.br\/index.php\/wp-json\/wp\/v2\/pages\/659","targetHints":{"allow":["GET"]}}],"collection":[{"href":"https:\/\/tocchini.com.br\/index.php\/wp-json\/wp\/v2\/pages"}],"about":[{"href":"https:\/\/tocchini.com.br\/index.php\/wp-json\/wp\/v2\/types\/page"}],"author":[{"embeddable":true,"href":"https:\/\/tocchini.com.br\/index.php\/wp-json\/wp\/v2\/users\/1"}],"replies":[{"embeddable":true,"href":"https:\/\/tocchini.com.br\/index.php\/wp-json\/wp\/v2\/comments?post=659"}],"version-history":[{"count":1,"href":"https:\/\/tocchini.com.br\/index.php\/wp-json\/wp\/v2\/pages\/659\/revisions"}],"predecessor-version":[{"id":661,"href":"https:\/\/tocchini.com.br\/index.php\/wp-json\/wp\/v2\/pages\/659\/revisions\/661"}],"wp:attachment":[{"href":"https:\/\/tocchini.com.br\/index.php\/wp-json\/wp\/v2\/media?parent=659"}],"curies":[{"name":"wp","href":"https:\/\/api.w.org\/{rel}","templated":true}]}}