{"id":648,"date":"2024-08-02T12:44:11","date_gmt":"2024-08-02T15:44:11","guid":{"rendered":"https:\/\/tocchini.com.br\/?page_id=648"},"modified":"2025-02-07T14:45:00","modified_gmt":"2025-02-07T17:45:00","slug":"regularizacao-fundiaria","status":"publish","type":"page","link":"https:\/\/tocchini.com.br\/index.php\/regularizacao-fundiaria\/","title":{"rendered":"REGULARIZA\u00c7\u00c3O FUNDI\u00c1RIA"},"content":{"rendered":"<p><img loading=\"lazy\" decoding=\"async\" class=\"alignleft size-full wp-image-649\" src=\"https:\/\/tocchini.com.br\/wp-content\/uploads\/2024\/08\/regularizacao-fundiaria-tocchini.jpg\" alt=\"\" width=\"1500\" height=\"450\" srcset=\"https:\/\/tocchini.com.br\/wp-content\/uploads\/2024\/08\/regularizacao-fundiaria-tocchini.jpg 1500w, https:\/\/tocchini.com.br\/wp-content\/uploads\/2024\/08\/regularizacao-fundiaria-tocchini-300x90.jpg 300w, https:\/\/tocchini.com.br\/wp-content\/uploads\/2024\/08\/regularizacao-fundiaria-tocchini-1030x309.jpg 1030w, https:\/\/tocchini.com.br\/wp-content\/uploads\/2024\/08\/regularizacao-fundiaria-tocchini-768x230.jpg 768w, https:\/\/tocchini.com.br\/wp-content\/uploads\/2024\/08\/regularizacao-fundiaria-tocchini-705x212.jpg 705w\" sizes=\"auto, (max-width: 1500px) 100vw, 1500px\" \/><\/p>\n<hr \/>\n<div align=\"justify\"><span style=\"font-weight: 400;\">Nossa atua\u00e7\u00e3o na regulariza\u00e7\u00e3o fundi\u00e1ria combina expertise t\u00e9cnica e uma abordagem humanizada, essencial ao lidar com comunidades, indiv\u00edduos e autoridades. Facilitamos o di\u00e1logo entre as partes, garantindo que as solu\u00e7\u00f5es sejam justas e atendam \u00e0s necessidades de todos os envolvidos. Nossa experi\u00eancia no gerenciamento de processos de regulariza\u00e7\u00e3o fundi\u00e1ria, somada ao profundo entendimento das leis de terras e regulamentos urban\u00edsticos, permite que conduza cada caso com efici\u00eancia, promovendo seguran\u00e7a jur\u00eddica e contribuindo para o desenvolvimento sustent\u00e1vel das propriedades.<\/span><\/div>\n<hr \/>\n<div  class='avia-button-wrap avia-button-center  avia-builder-el-0  avia-builder-el-no-sibling '>\n<style type=\"text\/css\" data-created_by=\"avia_inline_auto\" id=\"style-css-av-b74in-fa94bb896f9dd3adc43cf3648c5f786a\">\n#top #wrap_all .avia-button.av-b74in-fa94bb896f9dd3adc43cf3648c5f786a:hover{\ncolor:white;\ntransition:all 0.4s ease-in-out;\n}\n<\/style>\n<a href='https:\/\/tocchini.com.br\/index.php\/consulta-online\/' class='avia-color-theme-color avia-font-color-theme-color avia-button avia-button-fullwidth av-b74in-fa94bb896f9dd3adc43cf3648c5f786a avia-icon_select-yes-left-icon avia-color-theme-color'  target=\"_blank\"  rel=\"noopener noreferrer\" ><span class='avia_button_icon avia_button_icon_left' aria-hidden='true' data-av_icon='\ue832' data-av_iconfont='entypo-fontello'><\/span><span class='avia_iconbox_title' >FALE CONOSCO AGORA<\/span><span class='avia_button_background avia-button avia-button-fullwidth avia-color-theme-color-highlight'><\/span><\/a><\/div>\n","protected":false},"excerpt":{"rendered":"<p>Nossa atua\u00e7\u00e3o na regulariza\u00e7\u00e3o fundi\u00e1ria combina expertise t\u00e9cnica e uma abordagem humanizada, essencial ao lidar com comunidades, indiv\u00edduos e autoridades. Facilitamos o di\u00e1logo entre as partes, garantindo que as solu\u00e7\u00f5es sejam justas e atendam \u00e0s necessidades de todos os envolvidos. Nossa experi\u00eancia no gerenciamento de processos de regulariza\u00e7\u00e3o fundi\u00e1ria, somada ao profundo entendimento das leis [&hellip;]<\/p>\n","protected":false},"author":1,"featured_media":0,"parent":0,"menu_order":0,"comment_status":"closed","ping_status":"closed","template":"","meta":{"footnotes":""},"class_list":["post-648","page","type-page","status-publish","hentry"],"_links":{"self":[{"href":"https:\/\/tocchini.com.br\/index.php\/wp-json\/wp\/v2\/pages\/648","targetHints":{"allow":["GET"]}}],"collection":[{"href":"https:\/\/tocchini.com.br\/index.php\/wp-json\/wp\/v2\/pages"}],"about":[{"href":"https:\/\/tocchini.com.br\/index.php\/wp-json\/wp\/v2\/types\/page"}],"author":[{"embeddable":true,"href":"https:\/\/tocchini.com.br\/index.php\/wp-json\/wp\/v2\/users\/1"}],"replies":[{"embeddable":true,"href":"https:\/\/tocchini.com.br\/index.php\/wp-json\/wp\/v2\/comments?post=648"}],"version-history":[{"count":2,"href":"https:\/\/tocchini.com.br\/index.php\/wp-json\/wp\/v2\/pages\/648\/revisions"}],"predecessor-version":[{"id":1008,"href":"https:\/\/tocchini.com.br\/index.php\/wp-json\/wp\/v2\/pages\/648\/revisions\/1008"}],"wp:attachment":[{"href":"https:\/\/tocchini.com.br\/index.php\/wp-json\/wp\/v2\/media?parent=648"}],"curies":[{"name":"wp","href":"https:\/\/api.w.org\/{rel}","templated":true}]}}