{"id":638,"date":"2024-08-02T12:38:36","date_gmt":"2024-08-02T15:38:36","guid":{"rendered":"https:\/\/tocchini.com.br\/?page_id=638"},"modified":"2025-02-07T14:57:41","modified_gmt":"2025-02-07T17:57:41","slug":"assessoria-juridica-em-questoes-de-usucapiao","status":"publish","type":"page","link":"https:\/\/tocchini.com.br\/index.php\/assessoria-juridica-em-questoes-de-usucapiao\/","title":{"rendered":"ASSESSORIA JUR\u00cdDICA EM QUEST\u00d5ES DE USUCAPI\u00c3O"},"content":{"rendered":"<p><img loading=\"lazy\" decoding=\"async\" class=\"aligncenter size-full wp-image-327\" src=\"https:\/\/tocchini.com.br\/wp-content\/uploads\/2024\/06\/acoes-de-consignacao-em-pagamentos-tocchini.jpg\" alt=\"\" width=\"1500\" height=\"450\" srcset=\"https:\/\/tocchini.com.br\/wp-content\/uploads\/2024\/06\/acoes-de-consignacao-em-pagamentos-tocchini.jpg 1500w, https:\/\/tocchini.com.br\/wp-content\/uploads\/2024\/06\/acoes-de-consignacao-em-pagamentos-tocchini-300x90.jpg 300w, https:\/\/tocchini.com.br\/wp-content\/uploads\/2024\/06\/acoes-de-consignacao-em-pagamentos-tocchini-1030x309.jpg 1030w, https:\/\/tocchini.com.br\/wp-content\/uploads\/2024\/06\/acoes-de-consignacao-em-pagamentos-tocchini-768x230.jpg 768w, https:\/\/tocchini.com.br\/wp-content\/uploads\/2024\/06\/acoes-de-consignacao-em-pagamentos-tocchini-705x212.jpg 705w\" sizes=\"auto, (max-width: 1500px) 100vw, 1500px\" \/><\/p>\n<hr \/>\n<div align=\"justify\">\n<p><span style=\"font-weight: 400;\">Oferecemos assessoria jur\u00eddica completa em quest\u00f5es de usucapi\u00e3o, assegurando que nossos clientes estejam plenamente informados e preparados para cada etapa do processo. Nossa equipe mant\u00e9m-se atualizada sobre as mudan\u00e7as legislativas e jurisprudenciais, garantindo a precis\u00e3o e a relev\u00e2ncia de nossas orienta\u00e7\u00f5es. Trabalhamos na coleta, organiza\u00e7\u00e3o e apresenta\u00e7\u00e3o de todas as evid\u00eancias de posse, assegurando que nossos clientes tenham uma representa\u00e7\u00e3o eficiente e eficaz que aumente significativamente as chances de \u00eaxito.<\/span><\/p>\n<\/div>\n<hr \/>\n<div  class='avia-button-wrap avia-button-center  avia-builder-el-0  avia-builder-el-no-sibling '>\n<style type=\"text\/css\" data-created_by=\"avia_inline_auto\" id=\"style-css-av-b74in-fa94bb896f9dd3adc43cf3648c5f786a\">\n#top #wrap_all .avia-button.av-b74in-fa94bb896f9dd3adc43cf3648c5f786a:hover{\ncolor:white;\ntransition:all 0.4s ease-in-out;\n}\n<\/style>\n<a href='https:\/\/tocchini.com.br\/index.php\/consulta-online\/' class='avia-color-theme-color avia-font-color-theme-color avia-button avia-button-fullwidth av-b74in-fa94bb896f9dd3adc43cf3648c5f786a avia-icon_select-yes-left-icon avia-color-theme-color'  target=\"_blank\"  rel=\"noopener noreferrer\" ><span class='avia_button_icon avia_button_icon_left' aria-hidden='true' data-av_icon='\ue832' data-av_iconfont='entypo-fontello'><\/span><span class='avia_iconbox_title' >FALE CONOSCO AGORA<\/span><span class='avia_button_background avia-button avia-button-fullwidth avia-color-theme-color-highlight'><\/span><\/a><\/div>\n","protected":false},"excerpt":{"rendered":"<p>Oferecemos assessoria jur\u00eddica completa em quest\u00f5es de usucapi\u00e3o, assegurando que nossos clientes estejam plenamente informados e preparados para cada etapa do processo. Nossa equipe mant\u00e9m-se atualizada sobre as mudan\u00e7as legislativas e jurisprudenciais, garantindo a precis\u00e3o e a relev\u00e2ncia de nossas orienta\u00e7\u00f5es. Trabalhamos na coleta, organiza\u00e7\u00e3o e apresenta\u00e7\u00e3o de todas as evid\u00eancias de posse, assegurando que [&hellip;]<\/p>\n","protected":false},"author":1,"featured_media":0,"parent":0,"menu_order":0,"comment_status":"closed","ping_status":"closed","template":"","meta":{"footnotes":""},"class_list":["post-638","page","type-page","status-publish","hentry"],"_links":{"self":[{"href":"https:\/\/tocchini.com.br\/index.php\/wp-json\/wp\/v2\/pages\/638","targetHints":{"allow":["GET"]}}],"collection":[{"href":"https:\/\/tocchini.com.br\/index.php\/wp-json\/wp\/v2\/pages"}],"about":[{"href":"https:\/\/tocchini.com.br\/index.php\/wp-json\/wp\/v2\/types\/page"}],"author":[{"embeddable":true,"href":"https:\/\/tocchini.com.br\/index.php\/wp-json\/wp\/v2\/users\/1"}],"replies":[{"embeddable":true,"href":"https:\/\/tocchini.com.br\/index.php\/wp-json\/wp\/v2\/comments?post=638"}],"version-history":[{"count":2,"href":"https:\/\/tocchini.com.br\/index.php\/wp-json\/wp\/v2\/pages\/638\/revisions"}],"predecessor-version":[{"id":1009,"href":"https:\/\/tocchini.com.br\/index.php\/wp-json\/wp\/v2\/pages\/638\/revisions\/1009"}],"wp:attachment":[{"href":"https:\/\/tocchini.com.br\/index.php\/wp-json\/wp\/v2\/media?parent=638"}],"curies":[{"name":"wp","href":"https:\/\/api.w.org\/{rel}","templated":true}]}}