{"id":625,"date":"2024-08-02T12:10:57","date_gmt":"2024-08-02T15:10:57","guid":{"rendered":"https:\/\/tocchini.com.br\/?page_id=625"},"modified":"2025-02-07T14:59:18","modified_gmt":"2025-02-07T17:59:18","slug":"assessoria-juridica-em-questoes-possessorias","status":"publish","type":"page","link":"https:\/\/tocchini.com.br\/index.php\/assessoria-juridica-em-questoes-possessorias\/","title":{"rendered":"ASSESSORIA JUR\u00cdDICA EM QUEST\u00d5ES POSSESS\u00d3RIAS"},"content":{"rendered":"<p><img loading=\"lazy\" decoding=\"async\" class=\"alignleft size-full wp-image-622\" src=\"https:\/\/tocchini.com.br\/wp-content\/uploads\/2024\/08\/assessoria-juridica-em-questoques-possessorias.jpg\" alt=\"\" width=\"1500\" height=\"450\" srcset=\"https:\/\/tocchini.com.br\/wp-content\/uploads\/2024\/08\/assessoria-juridica-em-questoques-possessorias.jpg 1500w, https:\/\/tocchini.com.br\/wp-content\/uploads\/2024\/08\/assessoria-juridica-em-questoques-possessorias-300x90.jpg 300w, https:\/\/tocchini.com.br\/wp-content\/uploads\/2024\/08\/assessoria-juridica-em-questoques-possessorias-1030x309.jpg 1030w, https:\/\/tocchini.com.br\/wp-content\/uploads\/2024\/08\/assessoria-juridica-em-questoques-possessorias-768x230.jpg 768w, https:\/\/tocchini.com.br\/wp-content\/uploads\/2024\/08\/assessoria-juridica-em-questoques-possessorias-705x212.jpg 705w\" sizes=\"auto, (max-width: 1500px) 100vw, 1500px\" \/><\/p>\n<hr \/>\n<div align=\"justify\">\n<p><span style=\"font-weight: 400;\">Nossa assessoria jur\u00eddica em quest\u00f5es possess\u00f3rias \u00e9 abrangente, estrat\u00e9gica e centrada nos interesses de longo prazo de nossos clientes. Oferecemos orienta\u00e7\u00f5es que v\u00e3o al\u00e9m da resolu\u00e7\u00e3o de problemas imediatos, antecipando riscos futuros e propondo solu\u00e7\u00f5es integradas. Escutamos atentamente as preocupa\u00e7\u00f5es dos nossos clientes e trabalhamos para oferecer respostas pr\u00e1ticas, eficazes e personalizadas \u00e0s suas necessidades.<\/span><\/p>\n<p><span style=\"font-weight: 400;\">Com um conhecimento abrangente e atualizado das leis e regulamenta\u00e7\u00f5es possess\u00f3rias, estamos preparados para enfrentar novos desafios e adaptar nossas estrat\u00e9gias conforme necess\u00e1rio. Nossa experi\u00eancia permite-nos oferecer suporte jur\u00eddico confi\u00e1vel e solu\u00e7\u00f5es seguras, seja na preven\u00e7\u00e3o de conflitos possess\u00f3rios, na condu\u00e7\u00e3o de disputas ou na prote\u00e7\u00e3o dos direitos de posse de nossos clientes.<\/span><\/p>\n<\/div>\n<hr \/>\n<div  class='avia-button-wrap avia-button-center  avia-builder-el-0  avia-builder-el-no-sibling '>\n<style type=\"text\/css\" data-created_by=\"avia_inline_auto\" id=\"style-css-av-b74in-fa94bb896f9dd3adc43cf3648c5f786a\">\n#top #wrap_all .avia-button.av-b74in-fa94bb896f9dd3adc43cf3648c5f786a:hover{\ncolor:white;\ntransition:all 0.4s ease-in-out;\n}\n<\/style>\n<a href='https:\/\/tocchini.com.br\/index.php\/consulta-online\/' class='avia-color-theme-color avia-font-color-theme-color avia-button avia-button-fullwidth av-b74in-fa94bb896f9dd3adc43cf3648c5f786a avia-icon_select-yes-left-icon avia-color-theme-color'  target=\"_blank\"  rel=\"noopener noreferrer\" ><span class='avia_button_icon avia_button_icon_left' aria-hidden='true' data-av_icon='\ue832' data-av_iconfont='entypo-fontello'><\/span><span class='avia_iconbox_title' >FALE CONOSCO AGORA<\/span><span class='avia_button_background avia-button avia-button-fullwidth avia-color-theme-color-highlight'><\/span><\/a><\/div>\n","protected":false},"excerpt":{"rendered":"<p>Nossa assessoria jur\u00eddica em quest\u00f5es possess\u00f3rias \u00e9 abrangente, estrat\u00e9gica e centrada nos interesses de longo prazo de nossos clientes. Oferecemos orienta\u00e7\u00f5es que v\u00e3o al\u00e9m da resolu\u00e7\u00e3o de problemas imediatos, antecipando riscos futuros e propondo solu\u00e7\u00f5es integradas. Escutamos atentamente as preocupa\u00e7\u00f5es dos nossos clientes e trabalhamos para oferecer respostas pr\u00e1ticas, eficazes e personalizadas \u00e0s suas necessidades. [&hellip;]<\/p>\n","protected":false},"author":1,"featured_media":0,"parent":0,"menu_order":0,"comment_status":"closed","ping_status":"closed","template":"","meta":{"footnotes":""},"class_list":["post-625","page","type-page","status-publish","hentry"],"_links":{"self":[{"href":"https:\/\/tocchini.com.br\/index.php\/wp-json\/wp\/v2\/pages\/625","targetHints":{"allow":["GET"]}}],"collection":[{"href":"https:\/\/tocchini.com.br\/index.php\/wp-json\/wp\/v2\/pages"}],"about":[{"href":"https:\/\/tocchini.com.br\/index.php\/wp-json\/wp\/v2\/types\/page"}],"author":[{"embeddable":true,"href":"https:\/\/tocchini.com.br\/index.php\/wp-json\/wp\/v2\/users\/1"}],"replies":[{"embeddable":true,"href":"https:\/\/tocchini.com.br\/index.php\/wp-json\/wp\/v2\/comments?post=625"}],"version-history":[{"count":2,"href":"https:\/\/tocchini.com.br\/index.php\/wp-json\/wp\/v2\/pages\/625\/revisions"}],"predecessor-version":[{"id":1012,"href":"https:\/\/tocchini.com.br\/index.php\/wp-json\/wp\/v2\/pages\/625\/revisions\/1012"}],"wp:attachment":[{"href":"https:\/\/tocchini.com.br\/index.php\/wp-json\/wp\/v2\/media?parent=625"}],"curies":[{"name":"wp","href":"https:\/\/api.w.org\/{rel}","templated":true}]}}