{"id":621,"date":"2024-08-02T12:09:14","date_gmt":"2024-08-02T15:09:14","guid":{"rendered":"https:\/\/tocchini.com.br\/?page_id=621"},"modified":"2025-02-07T15:57:23","modified_gmt":"2025-02-07T18:57:23","slug":"defesa-contra-esbulho-possessorio","status":"publish","type":"page","link":"https:\/\/tocchini.com.br\/index.php\/defesa-contra-esbulho-possessorio\/","title":{"rendered":"DEFESA CONTRA ESBULHO POSSESS\u00d3RIO"},"content":{"rendered":"<p><img loading=\"lazy\" decoding=\"async\" class=\"alignleft size-full wp-image-623\" src=\"https:\/\/tocchini.com.br\/wp-content\/uploads\/2024\/08\/defesa-contra-esbulho-prossessorio-tocchini.jpg\" alt=\"\" width=\"1500\" height=\"450\" srcset=\"https:\/\/tocchini.com.br\/wp-content\/uploads\/2024\/08\/defesa-contra-esbulho-prossessorio-tocchini.jpg 1500w, https:\/\/tocchini.com.br\/wp-content\/uploads\/2024\/08\/defesa-contra-esbulho-prossessorio-tocchini-300x90.jpg 300w, https:\/\/tocchini.com.br\/wp-content\/uploads\/2024\/08\/defesa-contra-esbulho-prossessorio-tocchini-1030x309.jpg 1030w, https:\/\/tocchini.com.br\/wp-content\/uploads\/2024\/08\/defesa-contra-esbulho-prossessorio-tocchini-768x230.jpg 768w, https:\/\/tocchini.com.br\/wp-content\/uploads\/2024\/08\/defesa-contra-esbulho-prossessorio-tocchini-705x212.jpg 705w\" sizes=\"auto, (max-width: 1500px) 100vw, 1500px\" \/><\/p>\n<hr \/>\n<div align=\"justify\">\n<p><span style=\"font-weight: 400;\">Nos casos de defesa contra esbulho possess\u00f3rio, nossa atua\u00e7\u00e3o \u00e9 pautada por uma an\u00e1lise minuciosa e um profundo conhecimento do direito possess\u00f3rio. Trabalhamos de forma meticulosa para construir defesas s\u00f3lidas, desafiando alega\u00e7\u00f5es de esbulho e assegurando que os direitos dos nossos clientes sejam devidamente protegidos.<\/span><\/p>\n<p><span style=\"font-weight: 400;\">Nossa equipe combina experi\u00eancia em lit\u00edgios com habilidades de negocia\u00e7\u00e3o para buscar solu\u00e7\u00f5es eficazes e, sempre que poss\u00edvel, evitar lit\u00edgios prolongados. Quando o julgamento \u00e9 inevit\u00e1vel, garantimos uma defesa t\u00e9cnica e estrat\u00e9gica, focada em apresentar os argumentos mais robustos e bem fundamentados para o caso.<\/span><\/p>\n<\/div>\n<hr \/>\n<div  class='avia-button-wrap avia-button-center  avia-builder-el-0  avia-builder-el-no-sibling '>\n<style type=\"text\/css\" data-created_by=\"avia_inline_auto\" id=\"style-css-av-b74in-fa94bb896f9dd3adc43cf3648c5f786a\">\n#top #wrap_all .avia-button.av-b74in-fa94bb896f9dd3adc43cf3648c5f786a:hover{\ncolor:white;\ntransition:all 0.4s ease-in-out;\n}\n<\/style>\n<a href='https:\/\/tocchini.com.br\/index.php\/consulta-online\/' class='avia-color-theme-color avia-font-color-theme-color avia-button avia-button-fullwidth av-b74in-fa94bb896f9dd3adc43cf3648c5f786a avia-icon_select-yes-left-icon avia-color-theme-color'  target=\"_blank\"  rel=\"noopener noreferrer\" ><span class='avia_button_icon avia_button_icon_left' aria-hidden='true' data-av_icon='\ue832' data-av_iconfont='entypo-fontello'><\/span><span class='avia_iconbox_title' >FALE CONOSCO AGORA<\/span><span class='avia_button_background avia-button avia-button-fullwidth avia-color-theme-color-highlight'><\/span><\/a><\/div>\n","protected":false},"excerpt":{"rendered":"<p>Nos casos de defesa contra esbulho possess\u00f3rio, nossa atua\u00e7\u00e3o \u00e9 pautada por uma an\u00e1lise minuciosa e um profundo conhecimento do direito possess\u00f3rio. Trabalhamos de forma meticulosa para construir defesas s\u00f3lidas, desafiando alega\u00e7\u00f5es de esbulho e assegurando que os direitos dos nossos clientes sejam devidamente protegidos. Nossa equipe combina experi\u00eancia em lit\u00edgios com habilidades de negocia\u00e7\u00e3o [&hellip;]<\/p>\n","protected":false},"author":1,"featured_media":0,"parent":0,"menu_order":0,"comment_status":"closed","ping_status":"closed","template":"","meta":{"footnotes":""},"class_list":["post-621","page","type-page","status-publish","hentry"],"_links":{"self":[{"href":"https:\/\/tocchini.com.br\/index.php\/wp-json\/wp\/v2\/pages\/621","targetHints":{"allow":["GET"]}}],"collection":[{"href":"https:\/\/tocchini.com.br\/index.php\/wp-json\/wp\/v2\/pages"}],"about":[{"href":"https:\/\/tocchini.com.br\/index.php\/wp-json\/wp\/v2\/types\/page"}],"author":[{"embeddable":true,"href":"https:\/\/tocchini.com.br\/index.php\/wp-json\/wp\/v2\/users\/1"}],"replies":[{"embeddable":true,"href":"https:\/\/tocchini.com.br\/index.php\/wp-json\/wp\/v2\/comments?post=621"}],"version-history":[{"count":2,"href":"https:\/\/tocchini.com.br\/index.php\/wp-json\/wp\/v2\/pages\/621\/revisions"}],"predecessor-version":[{"id":1013,"href":"https:\/\/tocchini.com.br\/index.php\/wp-json\/wp\/v2\/pages\/621\/revisions\/1013"}],"wp:attachment":[{"href":"https:\/\/tocchini.com.br\/index.php\/wp-json\/wp\/v2\/media?parent=621"}],"curies":[{"name":"wp","href":"https:\/\/api.w.org\/{rel}","templated":true}]}}