{"id":610,"date":"2024-08-02T12:01:19","date_gmt":"2024-08-02T15:01:19","guid":{"rendered":"https:\/\/tocchini.com.br\/?page_id=610"},"modified":"2024-12-20T09:41:25","modified_gmt":"2024-12-20T12:41:25","slug":"assessoria-juridica-em-quastoes-locaticias","status":"publish","type":"page","link":"https:\/\/tocchini.com.br\/index.php\/assessoria-juridica-em-quastoes-locaticias\/","title":{"rendered":"ASSESSORIA JUR\u00cdDICA EM QUEST\u00d5ES LOCAT\u00cdCIAS"},"content":{"rendered":"<p><img loading=\"lazy\" decoding=\"async\" class=\"aligncenter size-full wp-image-327\" src=\"https:\/\/tocchini.com.br\/wp-content\/uploads\/2024\/06\/acoes-de-consignacao-em-pagamentos-tocchini.jpg\" alt=\"\" width=\"1500\" height=\"450\" srcset=\"https:\/\/tocchini.com.br\/wp-content\/uploads\/2024\/06\/acoes-de-consignacao-em-pagamentos-tocchini.jpg 1500w, https:\/\/tocchini.com.br\/wp-content\/uploads\/2024\/06\/acoes-de-consignacao-em-pagamentos-tocchini-300x90.jpg 300w, https:\/\/tocchini.com.br\/wp-content\/uploads\/2024\/06\/acoes-de-consignacao-em-pagamentos-tocchini-1030x309.jpg 1030w, https:\/\/tocchini.com.br\/wp-content\/uploads\/2024\/06\/acoes-de-consignacao-em-pagamentos-tocchini-768x230.jpg 768w, https:\/\/tocchini.com.br\/wp-content\/uploads\/2024\/06\/acoes-de-consignacao-em-pagamentos-tocchini-705x212.jpg 705w\" sizes=\"auto, (max-width: 1500px) 100vw, 1500px\" \/><\/p>\n<hr \/>\n<div align=\"justify\">Na assessoria jur\u00eddica em quest\u00f5es locat\u00edcias, nossa abordagem abrangente e o compromisso em manter-se atualizado com as mudan\u00e7as na legisla\u00e7\u00e3o garantem que nossos clientes recebam conselhos precisos e relevantes. Sua capacidade de criar conex\u00f5es significativas e sua acessibilidade tornam-no um conselheiro confi\u00e1vel para propriet\u00e1rios, inquilinos e investidores imobili\u00e1rios. Nosso conhecimento profundo n\u00e3o apenas nas leis locat\u00edcias, mas tamb\u00e9m em \u00e1reas relacionadas, como direito imobili\u00e1rio e contratual, permite-lhe oferecer solu\u00e7\u00f5es integradas que abordam todos os aspectos das quest\u00f5es locat\u00edcias.<\/div>\n<hr \/>\n<div  class='avia-button-wrap avia-button-center  avia-builder-el-0  avia-builder-el-no-sibling '>\n<style type=\"text\/css\" data-created_by=\"avia_inline_auto\" id=\"style-css-av-b74in-fa94bb896f9dd3adc43cf3648c5f786a\">\n#top #wrap_all .avia-button.av-b74in-fa94bb896f9dd3adc43cf3648c5f786a:hover{\ncolor:white;\ntransition:all 0.4s ease-in-out;\n}\n<\/style>\n<a href='https:\/\/tocchini.com.br\/index.php\/consulta-online\/' class='avia-color-theme-color avia-font-color-theme-color avia-button avia-button-fullwidth av-b74in-fa94bb896f9dd3adc43cf3648c5f786a avia-icon_select-yes-left-icon avia-color-theme-color'  target=\"_blank\"  rel=\"noopener noreferrer\" ><span class='avia_button_icon avia_button_icon_left' aria-hidden='true' data-av_icon='\ue832' data-av_iconfont='entypo-fontello'><\/span><span class='avia_iconbox_title' >FALE CONOSCO AGORA<\/span><span class='avia_button_background avia-button avia-button-fullwidth avia-color-theme-color-highlight'><\/span><\/a><\/div>\n","protected":false},"excerpt":{"rendered":"<p>Na assessoria jur\u00eddica em quest\u00f5es locat\u00edcias, nossa abordagem abrangente e o compromisso em manter-se atualizado com as mudan\u00e7as na legisla\u00e7\u00e3o garantem que nossos clientes recebam conselhos precisos e relevantes. Sua capacidade de criar conex\u00f5es significativas e sua acessibilidade tornam-no um conselheiro confi\u00e1vel para propriet\u00e1rios, inquilinos e investidores imobili\u00e1rios. Nosso conhecimento profundo n\u00e3o apenas nas leis [&hellip;]<\/p>\n","protected":false},"author":1,"featured_media":0,"parent":0,"menu_order":0,"comment_status":"closed","ping_status":"closed","template":"","meta":{"footnotes":""},"class_list":["post-610","page","type-page","status-publish","hentry"],"_links":{"self":[{"href":"https:\/\/tocchini.com.br\/index.php\/wp-json\/wp\/v2\/pages\/610","targetHints":{"allow":["GET"]}}],"collection":[{"href":"https:\/\/tocchini.com.br\/index.php\/wp-json\/wp\/v2\/pages"}],"about":[{"href":"https:\/\/tocchini.com.br\/index.php\/wp-json\/wp\/v2\/types\/page"}],"author":[{"embeddable":true,"href":"https:\/\/tocchini.com.br\/index.php\/wp-json\/wp\/v2\/users\/1"}],"replies":[{"embeddable":true,"href":"https:\/\/tocchini.com.br\/index.php\/wp-json\/wp\/v2\/comments?post=610"}],"version-history":[{"count":2,"href":"https:\/\/tocchini.com.br\/index.php\/wp-json\/wp\/v2\/pages\/610\/revisions"}],"predecessor-version":[{"id":891,"href":"https:\/\/tocchini.com.br\/index.php\/wp-json\/wp\/v2\/pages\/610\/revisions\/891"}],"wp:attachment":[{"href":"https:\/\/tocchini.com.br\/index.php\/wp-json\/wp\/v2\/media?parent=610"}],"curies":[{"name":"wp","href":"https:\/\/api.w.org\/{rel}","templated":true}]}}