{"id":591,"date":"2024-08-02T11:47:08","date_gmt":"2024-08-02T14:47:08","guid":{"rendered":"https:\/\/tocchini.com.br\/?page_id=591"},"modified":"2025-02-07T16:43:26","modified_gmt":"2025-02-07T19:43:26","slug":"due-diligence-imobiliaria","status":"publish","type":"page","link":"https:\/\/tocchini.com.br\/index.php\/due-diligence-imobiliaria\/","title":{"rendered":"DUE DILIGENCE IMOBILI\u00c1RIA"},"content":{"rendered":"<p><img loading=\"lazy\" decoding=\"async\" class=\"alignleft size-full wp-image-592\" src=\"https:\/\/tocchini.com.br\/wp-content\/uploads\/2024\/08\/due-diligence-imobiliaria-tocchini.jpg\" alt=\"\" width=\"1500\" height=\"450\" srcset=\"https:\/\/tocchini.com.br\/wp-content\/uploads\/2024\/08\/due-diligence-imobiliaria-tocchini.jpg 1500w, https:\/\/tocchini.com.br\/wp-content\/uploads\/2024\/08\/due-diligence-imobiliaria-tocchini-300x90.jpg 300w, https:\/\/tocchini.com.br\/wp-content\/uploads\/2024\/08\/due-diligence-imobiliaria-tocchini-1030x309.jpg 1030w, https:\/\/tocchini.com.br\/wp-content\/uploads\/2024\/08\/due-diligence-imobiliaria-tocchini-768x230.jpg 768w, https:\/\/tocchini.com.br\/wp-content\/uploads\/2024\/08\/due-diligence-imobiliaria-tocchini-705x212.jpg 705w\" sizes=\"auto, (max-width: 1500px) 100vw, 1500px\" \/><\/p>\n<hr \/>\n<div align=\"justify\">\n<p><span style=\"font-weight: 400;\">Na condu\u00e7\u00e3o de processos de due diligence imobili\u00e1ria, aplicamos uma vis\u00e3o estrat\u00e9gica e aten\u00e7\u00e3o minuciosa aos detalhes, essenciais para garantir a seguran\u00e7a das transa\u00e7\u00f5es. Realizamos avalia\u00e7\u00f5es abrangentes de propriedades, investigando aspectos legais, financeiros e f\u00edsicos, a fim de mitigar riscos e evitar surpresas que possam comprometer a transa\u00e7\u00e3o.<\/span><\/p>\n<p><span style=\"font-weight: 400;\">Nossa equipe analisa cuidadosamente documentos, registros p\u00fablicos e outras informa\u00e7\u00f5es relevantes para fornecer uma vis\u00e3o clara e precisa da situa\u00e7\u00e3o imobili\u00e1ria. Identificamos riscos ocultos e oferecemos orienta\u00e7\u00f5es pr\u00e1ticas sobre como mitig\u00e1-los, protegendo nossos clientes de investimentos arriscados e fortalecendo sua posi\u00e7\u00e3o de negocia\u00e7\u00e3o em transa\u00e7\u00f5es imobili\u00e1rias.<\/span><\/p>\n<\/div>\n<hr \/>\n<div  class='avia-button-wrap avia-button-center  avia-builder-el-0  avia-builder-el-no-sibling '>\n<style type=\"text\/css\" data-created_by=\"avia_inline_auto\" id=\"style-css-av-b74in-fa94bb896f9dd3adc43cf3648c5f786a\">\n#top #wrap_all .avia-button.av-b74in-fa94bb896f9dd3adc43cf3648c5f786a:hover{\ncolor:white;\ntransition:all 0.4s ease-in-out;\n}\n<\/style>\n<a href='https:\/\/tocchini.com.br\/index.php\/consulta-online\/' class='avia-color-theme-color avia-font-color-theme-color avia-button avia-button-fullwidth av-b74in-fa94bb896f9dd3adc43cf3648c5f786a avia-icon_select-yes-left-icon avia-color-theme-color'  target=\"_blank\"  rel=\"noopener noreferrer\" ><span class='avia_button_icon avia_button_icon_left' aria-hidden='true' data-av_icon='\ue832' data-av_iconfont='entypo-fontello'><\/span><span class='avia_iconbox_title' >FALE CONOSCO AGORA<\/span><span class='avia_button_background avia-button avia-button-fullwidth avia-color-theme-color-highlight'><\/span><\/a><\/div>\n","protected":false},"excerpt":{"rendered":"<p>Na condu\u00e7\u00e3o de processos de due diligence imobili\u00e1ria, aplicamos uma vis\u00e3o estrat\u00e9gica e aten\u00e7\u00e3o minuciosa aos detalhes, essenciais para garantir a seguran\u00e7a das transa\u00e7\u00f5es. Realizamos avalia\u00e7\u00f5es abrangentes de propriedades, investigando aspectos legais, financeiros e f\u00edsicos, a fim de mitigar riscos e evitar surpresas que possam comprometer a transa\u00e7\u00e3o. Nossa equipe analisa cuidadosamente documentos, registros p\u00fablicos [&hellip;]<\/p>\n","protected":false},"author":1,"featured_media":0,"parent":0,"menu_order":0,"comment_status":"closed","ping_status":"closed","template":"","meta":{"footnotes":""},"class_list":["post-591","page","type-page","status-publish","hentry"],"_links":{"self":[{"href":"https:\/\/tocchini.com.br\/index.php\/wp-json\/wp\/v2\/pages\/591","targetHints":{"allow":["GET"]}}],"collection":[{"href":"https:\/\/tocchini.com.br\/index.php\/wp-json\/wp\/v2\/pages"}],"about":[{"href":"https:\/\/tocchini.com.br\/index.php\/wp-json\/wp\/v2\/types\/page"}],"author":[{"embeddable":true,"href":"https:\/\/tocchini.com.br\/index.php\/wp-json\/wp\/v2\/users\/1"}],"replies":[{"embeddable":true,"href":"https:\/\/tocchini.com.br\/index.php\/wp-json\/wp\/v2\/comments?post=591"}],"version-history":[{"count":2,"href":"https:\/\/tocchini.com.br\/index.php\/wp-json\/wp\/v2\/pages\/591\/revisions"}],"predecessor-version":[{"id":1017,"href":"https:\/\/tocchini.com.br\/index.php\/wp-json\/wp\/v2\/pages\/591\/revisions\/1017"}],"wp:attachment":[{"href":"https:\/\/tocchini.com.br\/index.php\/wp-json\/wp\/v2\/media?parent=591"}],"curies":[{"name":"wp","href":"https:\/\/api.w.org\/{rel}","templated":true}]}}