{"id":588,"date":"2024-08-02T11:45:55","date_gmt":"2024-08-02T14:45:55","guid":{"rendered":"https:\/\/tocchini.com.br\/?page_id=588"},"modified":"2025-02-07T16:44:18","modified_gmt":"2025-02-07T19:44:18","slug":"elaboracao-e-analise-de-contratos-de-compra-e-venda-de-imoveis","status":"publish","type":"page","link":"https:\/\/tocchini.com.br\/index.php\/elaboracao-e-analise-de-contratos-de-compra-e-venda-de-imoveis\/","title":{"rendered":"ELABORA\u00c7\u00c3O E AN\u00c1LISE DE CONTRATOS DE COMPRA E VENDA DE IM\u00d3VEIS"},"content":{"rendered":"<p><img loading=\"lazy\" decoding=\"async\" class=\"alignleft size-full wp-image-589\" src=\"https:\/\/tocchini.com.br\/wp-content\/uploads\/2024\/08\/elaboracao-de-contratos-de-compra-e-venda-de-imoveis-tocchini.jpg\" alt=\"\" width=\"1500\" height=\"450\" srcset=\"https:\/\/tocchini.com.br\/wp-content\/uploads\/2024\/08\/elaboracao-de-contratos-de-compra-e-venda-de-imoveis-tocchini.jpg 1500w, https:\/\/tocchini.com.br\/wp-content\/uploads\/2024\/08\/elaboracao-de-contratos-de-compra-e-venda-de-imoveis-tocchini-300x90.jpg 300w, https:\/\/tocchini.com.br\/wp-content\/uploads\/2024\/08\/elaboracao-de-contratos-de-compra-e-venda-de-imoveis-tocchini-1030x309.jpg 1030w, https:\/\/tocchini.com.br\/wp-content\/uploads\/2024\/08\/elaboracao-de-contratos-de-compra-e-venda-de-imoveis-tocchini-768x230.jpg 768w, https:\/\/tocchini.com.br\/wp-content\/uploads\/2024\/08\/elaboracao-de-contratos-de-compra-e-venda-de-imoveis-tocchini-705x212.jpg 705w\" sizes=\"auto, (max-width: 1500px) 100vw, 1500px\" \/><\/p>\n<hr \/>\n<div align=\"justify\">\n<p><span style=\"font-weight: 400;\">Nossa equipe \u00e9 altamente qualificada para elaborar e analisar contratos imobili\u00e1rios, assegurando que todos os termos e condi\u00e7\u00f5es sejam justos, alinhados \u00e0 legisla\u00e7\u00e3o vigente e projetados para proteger os interesses de nossos clientes. Comunicamos as complexidades legais de forma clara e acess\u00edvel, garantindo que nossos clientes compreendam plenamente os aspectos cr\u00edticos dos contratos que est\u00e3o celebrando. Al\u00e9m disso, aplicamos nossa vasta experi\u00eancia para identificar riscos e armadilhas potenciais, antecipando problemas antes que eles se materializem.<\/span><\/p>\n<p><span style=\"font-weight: 400;\">Nossa abordagem estrat\u00e9gica e habilidade de negocia\u00e7\u00e3o garantem que os acordos sejam favor\u00e1veis aos nossos clientes, refletindo nosso conhecimento aprofundado das nuances e din\u00e2micas do mercado imobili\u00e1rio. Trabalhamos para facilitar transa\u00e7\u00f5es imobili\u00e1rias eficientes e seguras, promovendo a confian\u00e7a e a tranquilidade dos envolvidos em cada etapa.<\/span><\/p>\n<\/div>\n<hr \/>\n<div  class='avia-button-wrap avia-button-center  avia-builder-el-0  avia-builder-el-no-sibling '>\n<style type=\"text\/css\" data-created_by=\"avia_inline_auto\" id=\"style-css-av-b74in-fa94bb896f9dd3adc43cf3648c5f786a\">\n#top #wrap_all .avia-button.av-b74in-fa94bb896f9dd3adc43cf3648c5f786a:hover{\ncolor:white;\ntransition:all 0.4s ease-in-out;\n}\n<\/style>\n<a href='https:\/\/tocchini.com.br\/index.php\/consulta-online\/' class='avia-color-theme-color avia-font-color-theme-color avia-button avia-button-fullwidth av-b74in-fa94bb896f9dd3adc43cf3648c5f786a avia-icon_select-yes-left-icon avia-color-theme-color'  target=\"_blank\"  rel=\"noopener noreferrer\" ><span class='avia_button_icon avia_button_icon_left' aria-hidden='true' data-av_icon='\ue832' data-av_iconfont='entypo-fontello'><\/span><span class='avia_iconbox_title' >FALE CONOSCO AGORA<\/span><span class='avia_button_background avia-button avia-button-fullwidth avia-color-theme-color-highlight'><\/span><\/a><\/div>\n","protected":false},"excerpt":{"rendered":"<p>Nossa equipe \u00e9 altamente qualificada para elaborar e analisar contratos imobili\u00e1rios, assegurando que todos os termos e condi\u00e7\u00f5es sejam justos, alinhados \u00e0 legisla\u00e7\u00e3o vigente e projetados para proteger os interesses de nossos clientes. Comunicamos as complexidades legais de forma clara e acess\u00edvel, garantindo que nossos clientes compreendam plenamente os aspectos cr\u00edticos dos contratos que est\u00e3o [&hellip;]<\/p>\n","protected":false},"author":1,"featured_media":0,"parent":0,"menu_order":0,"comment_status":"closed","ping_status":"closed","template":"","meta":{"footnotes":""},"class_list":["post-588","page","type-page","status-publish","hentry"],"_links":{"self":[{"href":"https:\/\/tocchini.com.br\/index.php\/wp-json\/wp\/v2\/pages\/588","targetHints":{"allow":["GET"]}}],"collection":[{"href":"https:\/\/tocchini.com.br\/index.php\/wp-json\/wp\/v2\/pages"}],"about":[{"href":"https:\/\/tocchini.com.br\/index.php\/wp-json\/wp\/v2\/types\/page"}],"author":[{"embeddable":true,"href":"https:\/\/tocchini.com.br\/index.php\/wp-json\/wp\/v2\/users\/1"}],"replies":[{"embeddable":true,"href":"https:\/\/tocchini.com.br\/index.php\/wp-json\/wp\/v2\/comments?post=588"}],"version-history":[{"count":2,"href":"https:\/\/tocchini.com.br\/index.php\/wp-json\/wp\/v2\/pages\/588\/revisions"}],"predecessor-version":[{"id":1018,"href":"https:\/\/tocchini.com.br\/index.php\/wp-json\/wp\/v2\/pages\/588\/revisions\/1018"}],"wp:attachment":[{"href":"https:\/\/tocchini.com.br\/index.php\/wp-json\/wp\/v2\/media?parent=588"}],"curies":[{"name":"wp","href":"https:\/\/api.w.org\/{rel}","templated":true}]}}