{"id":577,"date":"2024-08-01T12:21:49","date_gmt":"2024-08-01T15:21:49","guid":{"rendered":"https:\/\/tocchini.com.br\/?page_id=577"},"modified":"2024-08-01T12:21:49","modified_gmt":"2024-08-01T15:21:49","slug":"assessoria-juridica-em-questoes-concursais","status":"publish","type":"page","link":"https:\/\/tocchini.com.br\/index.php\/assessoria-juridica-em-questoes-concursais\/","title":{"rendered":"ASSESSORIA JUR\u00cdDICA EM QUEST\u00d5ES CONCURSAIS"},"content":{"rendered":"<p><img loading=\"lazy\" decoding=\"async\" src=\"https:\/\/tocchini.com.br\/wp-content\/uploads\/2024\/08\/assessoria-juridica-em-questoes-concursais-tocchini.jpg\" alt=\"\" width=\"1500\" height=\"450\" class=\"alignleft size-full wp-image-578\" srcset=\"https:\/\/tocchini.com.br\/wp-content\/uploads\/2024\/08\/assessoria-juridica-em-questoes-concursais-tocchini.jpg 1500w, https:\/\/tocchini.com.br\/wp-content\/uploads\/2024\/08\/assessoria-juridica-em-questoes-concursais-tocchini-300x90.jpg 300w, https:\/\/tocchini.com.br\/wp-content\/uploads\/2024\/08\/assessoria-juridica-em-questoes-concursais-tocchini-1030x309.jpg 1030w, https:\/\/tocchini.com.br\/wp-content\/uploads\/2024\/08\/assessoria-juridica-em-questoes-concursais-tocchini-768x230.jpg 768w, https:\/\/tocchini.com.br\/wp-content\/uploads\/2024\/08\/assessoria-juridica-em-questoes-concursais-tocchini-705x212.jpg 705w\" sizes=\"auto, (max-width: 1500px) 100vw, 1500px\" \/><\/p>\n<hr \/>\n<div align=\"justify\">Sua profunda compreens\u00e3o das leis concursais e sua habilidade em aplicar esse conhecimento de maneira estrat\u00e9gica s\u00e3o fundamentais para orientar nossos clientes atrav\u00e9s dos desafios legais e financeiros que enfrentam. Voc\u00ea oferece conselhos s\u00f3lidos e pr\u00e1ticos que n\u00e3o apenas abordam as quest\u00f5es imediatas, mas tamb\u00e9m consideram o futuro da empresa. Sua capacidade de analisar detalhadamente cada caso, identificando riscos e oportunidades, permite que voc\u00ea ofere\u00e7a solu\u00e7\u00f5es personalizadas que atendam \u00e0s necessidades espec\u00edficas de cada cliente, garantindo o melhor resultado poss\u00edvel dentro do contexto concursal.<\/div>\n<hr \/>\n<div  class='avia-button-wrap avia-button-center  avia-builder-el-0  avia-builder-el-no-sibling '>\n<style type=\"text\/css\" data-created_by=\"avia_inline_auto\" id=\"style-css-av-b74in-fa94bb896f9dd3adc43cf3648c5f786a\">\n#top #wrap_all .avia-button.av-b74in-fa94bb896f9dd3adc43cf3648c5f786a:hover{\ncolor:white;\ntransition:all 0.4s ease-in-out;\n}\n<\/style>\n<a href='https:\/\/tocchini.com.br\/index.php\/consulta-online\/' class='avia-color-theme-color avia-font-color-theme-color avia-button avia-button-fullwidth av-b74in-fa94bb896f9dd3adc43cf3648c5f786a avia-icon_select-yes-left-icon avia-color-theme-color'  target=\"_blank\"  rel=\"noopener noreferrer\" ><span class='avia_button_icon avia_button_icon_left' aria-hidden='true' data-av_icon='\ue832' data-av_iconfont='entypo-fontello'><\/span><span class='avia_iconbox_title' >FALE CONOSCO AGORA<\/span><span class='avia_button_background avia-button avia-button-fullwidth avia-color-theme-color-highlight'><\/span><\/a><\/div>\n","protected":false},"excerpt":{"rendered":"<p>Sua profunda compreens\u00e3o das leis concursais e sua habilidade em aplicar esse conhecimento de maneira estrat\u00e9gica s\u00e3o fundamentais para orientar nossos clientes atrav\u00e9s dos desafios legais e financeiros que enfrentam. Voc\u00ea oferece conselhos s\u00f3lidos e pr\u00e1ticos que n\u00e3o apenas abordam as quest\u00f5es imediatas, mas tamb\u00e9m consideram o futuro da empresa. Sua capacidade de analisar detalhadamente [&hellip;]<\/p>\n","protected":false},"author":1,"featured_media":0,"parent":0,"menu_order":0,"comment_status":"closed","ping_status":"closed","template":"","meta":{"footnotes":""},"class_list":["post-577","page","type-page","status-publish","hentry"],"_links":{"self":[{"href":"https:\/\/tocchini.com.br\/index.php\/wp-json\/wp\/v2\/pages\/577","targetHints":{"allow":["GET"]}}],"collection":[{"href":"https:\/\/tocchini.com.br\/index.php\/wp-json\/wp\/v2\/pages"}],"about":[{"href":"https:\/\/tocchini.com.br\/index.php\/wp-json\/wp\/v2\/types\/page"}],"author":[{"embeddable":true,"href":"https:\/\/tocchini.com.br\/index.php\/wp-json\/wp\/v2\/users\/1"}],"replies":[{"embeddable":true,"href":"https:\/\/tocchini.com.br\/index.php\/wp-json\/wp\/v2\/comments?post=577"}],"version-history":[{"count":1,"href":"https:\/\/tocchini.com.br\/index.php\/wp-json\/wp\/v2\/pages\/577\/revisions"}],"predecessor-version":[{"id":579,"href":"https:\/\/tocchini.com.br\/index.php\/wp-json\/wp\/v2\/pages\/577\/revisions\/579"}],"wp:attachment":[{"href":"https:\/\/tocchini.com.br\/index.php\/wp-json\/wp\/v2\/media?parent=577"}],"curies":[{"name":"wp","href":"https:\/\/api.w.org\/{rel}","templated":true}]}}