{"id":571,"date":"2024-08-01T12:19:16","date_gmt":"2024-08-01T15:19:16","guid":{"rendered":"https:\/\/tocchini.com.br\/?page_id=571"},"modified":"2024-08-01T12:19:16","modified_gmt":"2024-08-01T15:19:16","slug":"representacao-de-empresas-em-processo-de-recuperacao-judicial-e-falencia","status":"publish","type":"page","link":"https:\/\/tocchini.com.br\/index.php\/representacao-de-empresas-em-processo-de-recuperacao-judicial-e-falencia\/","title":{"rendered":"REPRESENTA\u00c7\u00c3O DE EMPRESAS EM PROCESSO DE RECUPERA\u00c7\u00c3O JUDICIAL E FAL\u00caNCIA"},"content":{"rendered":"<p><img loading=\"lazy\" decoding=\"async\" src=\"https:\/\/tocchini.com.br\/wp-content\/uploads\/2024\/08\/representacao-de-empresas-em-processos-de-recuperacao-judicial-tocchini-2.jpg\" alt=\"\" width=\"1500\" height=\"450\" class=\"alignleft size-full wp-image-574\" srcset=\"https:\/\/tocchini.com.br\/wp-content\/uploads\/2024\/08\/representacao-de-empresas-em-processos-de-recuperacao-judicial-tocchini-2.jpg 1500w, https:\/\/tocchini.com.br\/wp-content\/uploads\/2024\/08\/representacao-de-empresas-em-processos-de-recuperacao-judicial-tocchini-2-300x90.jpg 300w, https:\/\/tocchini.com.br\/wp-content\/uploads\/2024\/08\/representacao-de-empresas-em-processos-de-recuperacao-judicial-tocchini-2-1030x309.jpg 1030w, https:\/\/tocchini.com.br\/wp-content\/uploads\/2024\/08\/representacao-de-empresas-em-processos-de-recuperacao-judicial-tocchini-2-768x230.jpg 768w, https:\/\/tocchini.com.br\/wp-content\/uploads\/2024\/08\/representacao-de-empresas-em-processos-de-recuperacao-judicial-tocchini-2-705x212.jpg 705w\" sizes=\"auto, (max-width: 1500px) 100vw, 1500px\" \/><\/p>\n<hr \/>\n<div align=\"justify\">Nestes momentos cr\u00edticos, sua capacidade de comunicar-se de forma clara e efetiva se torna indispens\u00e1vel para assegurar que os interesses de nossos clientes sejam compreendidos e adequadamente representados. Sua experi\u00eancia fornece uma base s\u00f3lida para a navega\u00e7\u00e3o pelos complexos procedimentos legais envolvidos, enquanto sua vis\u00e3o estrat\u00e9gica permite identificar as melhores abordagens para proteger os ativos da empresa e buscar solu\u00e7\u00f5es vi\u00e1veis para sua recupera\u00e7\u00e3o. Voc\u00ea tem a habilidade de trabalhar sob press\u00e3o e de manejar situa\u00e7\u00f5es adversas com serenidade, inspirando confian\u00e7a em nossos clientes e facilitando a tomada de decis\u00f5es informadas.<\/div>\n<hr \/>\n<div  class='avia-button-wrap avia-button-center  avia-builder-el-0  avia-builder-el-no-sibling '>\n<style type=\"text\/css\" data-created_by=\"avia_inline_auto\" id=\"style-css-av-b74in-fa94bb896f9dd3adc43cf3648c5f786a\">\n#top #wrap_all .avia-button.av-b74in-fa94bb896f9dd3adc43cf3648c5f786a:hover{\ncolor:white;\ntransition:all 0.4s ease-in-out;\n}\n<\/style>\n<a href='https:\/\/tocchini.com.br\/index.php\/consulta-online\/' class='avia-color-theme-color avia-font-color-theme-color avia-button avia-button-fullwidth av-b74in-fa94bb896f9dd3adc43cf3648c5f786a avia-icon_select-yes-left-icon avia-color-theme-color'  target=\"_blank\"  rel=\"noopener noreferrer\" ><span class='avia_button_icon avia_button_icon_left' aria-hidden='true' data-av_icon='\ue832' data-av_iconfont='entypo-fontello'><\/span><span class='avia_iconbox_title' >FALE CONOSCO AGORA<\/span><span class='avia_button_background avia-button avia-button-fullwidth avia-color-theme-color-highlight'><\/span><\/a><\/div>\n","protected":false},"excerpt":{"rendered":"<p>Nestes momentos cr\u00edticos, sua capacidade de comunicar-se de forma clara e efetiva se torna indispens\u00e1vel para assegurar que os interesses de nossos clientes sejam compreendidos e adequadamente representados. Sua experi\u00eancia fornece uma base s\u00f3lida para a navega\u00e7\u00e3o pelos complexos procedimentos legais envolvidos, enquanto sua vis\u00e3o estrat\u00e9gica permite identificar as melhores abordagens para proteger os ativos [&hellip;]<\/p>\n","protected":false},"author":1,"featured_media":0,"parent":0,"menu_order":0,"comment_status":"closed","ping_status":"closed","template":"","meta":{"footnotes":""},"class_list":["post-571","page","type-page","status-publish","hentry"],"_links":{"self":[{"href":"https:\/\/tocchini.com.br\/index.php\/wp-json\/wp\/v2\/pages\/571","targetHints":{"allow":["GET"]}}],"collection":[{"href":"https:\/\/tocchini.com.br\/index.php\/wp-json\/wp\/v2\/pages"}],"about":[{"href":"https:\/\/tocchini.com.br\/index.php\/wp-json\/wp\/v2\/types\/page"}],"author":[{"embeddable":true,"href":"https:\/\/tocchini.com.br\/index.php\/wp-json\/wp\/v2\/users\/1"}],"replies":[{"embeddable":true,"href":"https:\/\/tocchini.com.br\/index.php\/wp-json\/wp\/v2\/comments?post=571"}],"version-history":[{"count":1,"href":"https:\/\/tocchini.com.br\/index.php\/wp-json\/wp\/v2\/pages\/571\/revisions"}],"predecessor-version":[{"id":575,"href":"https:\/\/tocchini.com.br\/index.php\/wp-json\/wp\/v2\/pages\/571\/revisions\/575"}],"wp:attachment":[{"href":"https:\/\/tocchini.com.br\/index.php\/wp-json\/wp\/v2\/media?parent=571"}],"curies":[{"name":"wp","href":"https:\/\/api.w.org\/{rel}","templated":true}]}}