{"id":554,"date":"2024-07-31T20:32:43","date_gmt":"2024-07-31T23:32:43","guid":{"rendered":"https:\/\/tocchini.com.br\/?page_id=554"},"modified":"2024-07-31T20:34:52","modified_gmt":"2024-07-31T23:34:52","slug":"assessoria-juridica-em-questoes-de-sustentabilidade-e-responsabilidade-social","status":"publish","type":"page","link":"https:\/\/tocchini.com.br\/index.php\/assessoria-juridica-em-questoes-de-sustentabilidade-e-responsabilidade-social\/","title":{"rendered":"ASSESSORIA JUR\u00cdDICA EM QUEST\u00d5ES DE SUSTENTABILIDADE E RESPONSABILIDADE SOCIAL"},"content":{"rendered":"<p><img loading=\"lazy\" decoding=\"async\" src=\"https:\/\/tocchini.com.br\/wp-content\/uploads\/2024\/07\/assessoria-juridica-em-questoes-de-susteentabilidade-e-responsabilidade-1.jpg\" alt=\"\" width=\"1500\" height=\"450\" class=\"alignleft size-full wp-image-558\" srcset=\"https:\/\/tocchini.com.br\/wp-content\/uploads\/2024\/07\/assessoria-juridica-em-questoes-de-susteentabilidade-e-responsabilidade-1.jpg 1500w, https:\/\/tocchini.com.br\/wp-content\/uploads\/2024\/07\/assessoria-juridica-em-questoes-de-susteentabilidade-e-responsabilidade-1-300x90.jpg 300w, https:\/\/tocchini.com.br\/wp-content\/uploads\/2024\/07\/assessoria-juridica-em-questoes-de-susteentabilidade-e-responsabilidade-1-1030x309.jpg 1030w, https:\/\/tocchini.com.br\/wp-content\/uploads\/2024\/07\/assessoria-juridica-em-questoes-de-susteentabilidade-e-responsabilidade-1-768x230.jpg 768w, https:\/\/tocchini.com.br\/wp-content\/uploads\/2024\/07\/assessoria-juridica-em-questoes-de-susteentabilidade-e-responsabilidade-1-705x212.jpg 705w\" sizes=\"auto, (max-width: 1500px) 100vw, 1500px\" \/><\/p>\n<hr \/>\n<div align=\"justify\">Sua habilidade em comunicar complexidades legais de forma clara e acess\u00edvel \u00e9 crucial ao aconselhar empresas sobre sustentabilidade e responsabilidade social. Voc\u00ea entende que essas quest\u00f5es transcendem o cumprimento legal, tomando parte integral da estrat\u00e9gia e da identidade corporativa. Sua experi\u00eancia permite uma abordagem ampla, onde voc\u00ea n\u00e3o apenas identifica riscos legais e oportunidades, mas tamb\u00e9m orienta sobre como integrar pr\u00e1ticas sustent\u00e1veis e respons\u00e1veis de maneira que fortale\u00e7a a marca e o valor empresarial. Sua capacidade de estabelecer rela\u00e7\u00f5es profundas garante que o conselho seja personalizado, refletindo os valores e os objetivos espec\u00edficos de cada cliente.<\/div>\n<hr \/>\n<div  class='avia-button-wrap avia-button-center  avia-builder-el-0  avia-builder-el-no-sibling '>\n<style type=\"text\/css\" data-created_by=\"avia_inline_auto\" id=\"style-css-av-b74in-fa94bb896f9dd3adc43cf3648c5f786a\">\n#top #wrap_all .avia-button.av-b74in-fa94bb896f9dd3adc43cf3648c5f786a:hover{\ncolor:white;\ntransition:all 0.4s ease-in-out;\n}\n<\/style>\n<a href='https:\/\/tocchini.com.br\/index.php\/consulta-online\/' class='avia-color-theme-color avia-font-color-theme-color avia-button avia-button-fullwidth av-b74in-fa94bb896f9dd3adc43cf3648c5f786a avia-icon_select-yes-left-icon avia-color-theme-color'  target=\"_blank\"  rel=\"noopener noreferrer\" ><span class='avia_button_icon avia_button_icon_left' aria-hidden='true' data-av_icon='\ue832' data-av_iconfont='entypo-fontello'><\/span><span class='avia_iconbox_title' >FALE CONOSCO AGORA<\/span><span class='avia_button_background avia-button avia-button-fullwidth avia-color-theme-color-highlight'><\/span><\/a><\/div>\n","protected":false},"excerpt":{"rendered":"<p>Sua habilidade em comunicar complexidades legais de forma clara e acess\u00edvel \u00e9 crucial ao aconselhar empresas sobre sustentabilidade e responsabilidade social. Voc\u00ea entende que essas quest\u00f5es transcendem o cumprimento legal, tomando parte integral da estrat\u00e9gia e da identidade corporativa. Sua experi\u00eancia permite uma abordagem ampla, onde voc\u00ea n\u00e3o apenas identifica riscos legais e oportunidades, mas [&hellip;]<\/p>\n","protected":false},"author":1,"featured_media":0,"parent":0,"menu_order":0,"comment_status":"closed","ping_status":"closed","template":"","meta":{"footnotes":""},"class_list":["post-554","page","type-page","status-publish","hentry"],"_links":{"self":[{"href":"https:\/\/tocchini.com.br\/index.php\/wp-json\/wp\/v2\/pages\/554","targetHints":{"allow":["GET"]}}],"collection":[{"href":"https:\/\/tocchini.com.br\/index.php\/wp-json\/wp\/v2\/pages"}],"about":[{"href":"https:\/\/tocchini.com.br\/index.php\/wp-json\/wp\/v2\/types\/page"}],"author":[{"embeddable":true,"href":"https:\/\/tocchini.com.br\/index.php\/wp-json\/wp\/v2\/users\/1"}],"replies":[{"embeddable":true,"href":"https:\/\/tocchini.com.br\/index.php\/wp-json\/wp\/v2\/comments?post=554"}],"version-history":[{"count":3,"href":"https:\/\/tocchini.com.br\/index.php\/wp-json\/wp\/v2\/pages\/554\/revisions"}],"predecessor-version":[{"id":559,"href":"https:\/\/tocchini.com.br\/index.php\/wp-json\/wp\/v2\/pages\/554\/revisions\/559"}],"wp:attachment":[{"href":"https:\/\/tocchini.com.br\/index.php\/wp-json\/wp\/v2\/media?parent=554"}],"curies":[{"name":"wp","href":"https:\/\/api.w.org\/{rel}","templated":true}]}}