{"id":537,"date":"2024-07-31T15:59:50","date_gmt":"2024-07-31T18:59:50","guid":{"rendered":"https:\/\/tocchini.com.br\/?page_id=537"},"modified":"2024-07-31T15:59:50","modified_gmt":"2024-07-31T18:59:50","slug":"solucoes-de-demandas-complexas-e-otimizacao-de-recursos","status":"publish","type":"page","link":"https:\/\/tocchini.com.br\/index.php\/solucoes-de-demandas-complexas-e-otimizacao-de-recursos\/","title":{"rendered":"SOLU\u00c7\u00d5ES DE DEMANDAS COMPLEXAS E OTIMIZA\u00c7\u00c3O DE RECURSOS"},"content":{"rendered":"<p><img loading=\"lazy\" decoding=\"async\" src=\"https:\/\/tocchini.com.br\/wp-content\/uploads\/2024\/07\/solucao-de-demandas-complexas-e-otimizacao-de-recursos-tocchini-300x90.jpg\" alt=\"\" width=\"300\" height=\"90\" class=\"alignleft size-medium wp-image-538\" srcset=\"https:\/\/tocchini.com.br\/wp-content\/uploads\/2024\/07\/solucao-de-demandas-complexas-e-otimizacao-de-recursos-tocchini-300x90.jpg 300w, https:\/\/tocchini.com.br\/wp-content\/uploads\/2024\/07\/solucao-de-demandas-complexas-e-otimizacao-de-recursos-tocchini-1030x309.jpg 1030w, https:\/\/tocchini.com.br\/wp-content\/uploads\/2024\/07\/solucao-de-demandas-complexas-e-otimizacao-de-recursos-tocchini-768x230.jpg 768w, https:\/\/tocchini.com.br\/wp-content\/uploads\/2024\/07\/solucao-de-demandas-complexas-e-otimizacao-de-recursos-tocchini-705x212.jpg 705w, https:\/\/tocchini.com.br\/wp-content\/uploads\/2024\/07\/solucao-de-demandas-complexas-e-otimizacao-de-recursos-tocchini.jpg 1500w\" sizes=\"auto, (max-width: 300px) 100vw, 300px\" \/><\/p>\n<hr \/>\n<div align=\"justify\">Nossa equipe est\u00e1 preparada para solucionar as mais complexas demandas jur\u00eddicas, otimizando recursos e tempo. Isso inclui a formula\u00e7\u00e3o de contratos robustos, pareceres detalhados, estudos de viabilidade e a defini\u00e7\u00e3o de estrat\u00e9gias jur\u00eddicas on demand, que s\u00e3o essenciais para a gest\u00e3o eficaz da inadimpl\u00eancia e a prote\u00e7\u00e3o dos interesses empresariais em longo prazo.<\/div>\n<hr \/>\n<div  class='avia-button-wrap avia-button-center  avia-builder-el-0  avia-builder-el-no-sibling '>\n<style type=\"text\/css\" data-created_by=\"avia_inline_auto\" id=\"style-css-av-b74in-fa94bb896f9dd3adc43cf3648c5f786a\">\n#top #wrap_all .avia-button.av-b74in-fa94bb896f9dd3adc43cf3648c5f786a:hover{\ncolor:white;\ntransition:all 0.4s ease-in-out;\n}\n<\/style>\n<a href='https:\/\/tocchini.com.br\/index.php\/consulta-online\/' class='avia-color-theme-color avia-font-color-theme-color avia-button avia-button-fullwidth av-b74in-fa94bb896f9dd3adc43cf3648c5f786a avia-icon_select-yes-left-icon avia-color-theme-color'  target=\"_blank\"  rel=\"noopener noreferrer\" ><span class='avia_button_icon avia_button_icon_left' aria-hidden='true' data-av_icon='\ue832' data-av_iconfont='entypo-fontello'><\/span><span class='avia_iconbox_title' >FALE CONOSCO AGORA<\/span><span class='avia_button_background avia-button avia-button-fullwidth avia-color-theme-color-highlight'><\/span><\/a><\/div>\n","protected":false},"excerpt":{"rendered":"<p>Nossa equipe est\u00e1 preparada para solucionar as mais complexas demandas jur\u00eddicas, otimizando recursos e tempo. Isso inclui a formula\u00e7\u00e3o de contratos robustos, pareceres detalhados, estudos de viabilidade e a defini\u00e7\u00e3o de estrat\u00e9gias jur\u00eddicas on demand, que s\u00e3o essenciais para a gest\u00e3o eficaz da inadimpl\u00eancia e a prote\u00e7\u00e3o dos interesses empresariais em longo prazo.<\/p>\n","protected":false},"author":1,"featured_media":0,"parent":0,"menu_order":0,"comment_status":"closed","ping_status":"closed","template":"","meta":{"footnotes":""},"class_list":["post-537","page","type-page","status-publish","hentry"],"_links":{"self":[{"href":"https:\/\/tocchini.com.br\/index.php\/wp-json\/wp\/v2\/pages\/537","targetHints":{"allow":["GET"]}}],"collection":[{"href":"https:\/\/tocchini.com.br\/index.php\/wp-json\/wp\/v2\/pages"}],"about":[{"href":"https:\/\/tocchini.com.br\/index.php\/wp-json\/wp\/v2\/types\/page"}],"author":[{"embeddable":true,"href":"https:\/\/tocchini.com.br\/index.php\/wp-json\/wp\/v2\/users\/1"}],"replies":[{"embeddable":true,"href":"https:\/\/tocchini.com.br\/index.php\/wp-json\/wp\/v2\/comments?post=537"}],"version-history":[{"count":1,"href":"https:\/\/tocchini.com.br\/index.php\/wp-json\/wp\/v2\/pages\/537\/revisions"}],"predecessor-version":[{"id":539,"href":"https:\/\/tocchini.com.br\/index.php\/wp-json\/wp\/v2\/pages\/537\/revisions\/539"}],"wp:attachment":[{"href":"https:\/\/tocchini.com.br\/index.php\/wp-json\/wp\/v2\/media?parent=537"}],"curies":[{"name":"wp","href":"https:\/\/api.w.org\/{rel}","templated":true}]}}