{"id":534,"date":"2024-07-31T15:58:29","date_gmt":"2024-07-31T18:58:29","guid":{"rendered":"https:\/\/tocchini.com.br\/?page_id=534"},"modified":"2024-07-31T15:58:29","modified_gmt":"2024-07-31T18:58:29","slug":"prevencao-contra-golpes-e-busca-de-ativos","status":"publish","type":"page","link":"https:\/\/tocchini.com.br\/index.php\/prevencao-contra-golpes-e-busca-de-ativos\/","title":{"rendered":"PREVEN\u00c7\u00c3O CONTRA GOLPES E BUSCA DE ATIVOS"},"content":{"rendered":"<p><img loading=\"lazy\" decoding=\"async\" src=\"https:\/\/tocchini.com.br\/wp-content\/uploads\/2024\/07\/prevencao-contra-golpes-e-busca-de-ativos-300x90.jpg\" alt=\"\" width=\"300\" height=\"90\" class=\"alignleft size-medium wp-image-535\" srcset=\"https:\/\/tocchini.com.br\/wp-content\/uploads\/2024\/07\/prevencao-contra-golpes-e-busca-de-ativos-300x90.jpg 300w, https:\/\/tocchini.com.br\/wp-content\/uploads\/2024\/07\/prevencao-contra-golpes-e-busca-de-ativos-1030x309.jpg 1030w, https:\/\/tocchini.com.br\/wp-content\/uploads\/2024\/07\/prevencao-contra-golpes-e-busca-de-ativos-768x230.jpg 768w, https:\/\/tocchini.com.br\/wp-content\/uploads\/2024\/07\/prevencao-contra-golpes-e-busca-de-ativos-705x212.jpg 705w, https:\/\/tocchini.com.br\/wp-content\/uploads\/2024\/07\/prevencao-contra-golpes-e-busca-de-ativos.jpg 1500w\" sizes=\"auto, (max-width: 300px) 100vw, 300px\" \/><\/p>\n<hr \/>\n<div align=\"justify\">Nosso servi\u00e7o inclui a preven\u00e7\u00e3o contra fraudes e golpes, fundamentais em um ambiente de neg\u00f3cios cada vez mais digital e suscept\u00edvel a ataques. Al\u00e9m disso, oferecemos solu\u00e7\u00f5es em busca de ativos, essenciais para a recupera\u00e7\u00e3o de cr\u00e9ditos, onde nossos especialistas aplicam t\u00e9cnicas avan\u00e7adas para localizar bens pass\u00edveis de penhora ou recupera\u00e7\u00e3o.<\/div>\n<hr \/>\n<div  class='avia-button-wrap avia-button-center  avia-builder-el-0  avia-builder-el-no-sibling '>\n<style type=\"text\/css\" data-created_by=\"avia_inline_auto\" id=\"style-css-av-b74in-fa94bb896f9dd3adc43cf3648c5f786a\">\n#top #wrap_all .avia-button.av-b74in-fa94bb896f9dd3adc43cf3648c5f786a:hover{\ncolor:white;\ntransition:all 0.4s ease-in-out;\n}\n<\/style>\n<a href='https:\/\/tocchini.com.br\/index.php\/consulta-online\/' class='avia-color-theme-color avia-font-color-theme-color avia-button avia-button-fullwidth av-b74in-fa94bb896f9dd3adc43cf3648c5f786a avia-icon_select-yes-left-icon avia-color-theme-color'  target=\"_blank\"  rel=\"noopener noreferrer\" ><span class='avia_button_icon avia_button_icon_left' aria-hidden='true' data-av_icon='\ue832' data-av_iconfont='entypo-fontello'><\/span><span class='avia_iconbox_title' >FALE CONOSCO AGORA<\/span><span class='avia_button_background avia-button avia-button-fullwidth avia-color-theme-color-highlight'><\/span><\/a><\/div>\n","protected":false},"excerpt":{"rendered":"<p>Nosso servi\u00e7o inclui a preven\u00e7\u00e3o contra fraudes e golpes, fundamentais em um ambiente de neg\u00f3cios cada vez mais digital e suscept\u00edvel a ataques. Al\u00e9m disso, oferecemos solu\u00e7\u00f5es em busca de ativos, essenciais para a recupera\u00e7\u00e3o de cr\u00e9ditos, onde nossos especialistas aplicam t\u00e9cnicas avan\u00e7adas para localizar bens pass\u00edveis de penhora ou recupera\u00e7\u00e3o.<\/p>\n","protected":false},"author":1,"featured_media":0,"parent":0,"menu_order":0,"comment_status":"closed","ping_status":"closed","template":"","meta":{"footnotes":""},"class_list":["post-534","page","type-page","status-publish","hentry"],"_links":{"self":[{"href":"https:\/\/tocchini.com.br\/index.php\/wp-json\/wp\/v2\/pages\/534","targetHints":{"allow":["GET"]}}],"collection":[{"href":"https:\/\/tocchini.com.br\/index.php\/wp-json\/wp\/v2\/pages"}],"about":[{"href":"https:\/\/tocchini.com.br\/index.php\/wp-json\/wp\/v2\/types\/page"}],"author":[{"embeddable":true,"href":"https:\/\/tocchini.com.br\/index.php\/wp-json\/wp\/v2\/users\/1"}],"replies":[{"embeddable":true,"href":"https:\/\/tocchini.com.br\/index.php\/wp-json\/wp\/v2\/comments?post=534"}],"version-history":[{"count":1,"href":"https:\/\/tocchini.com.br\/index.php\/wp-json\/wp\/v2\/pages\/534\/revisions"}],"predecessor-version":[{"id":536,"href":"https:\/\/tocchini.com.br\/index.php\/wp-json\/wp\/v2\/pages\/534\/revisions\/536"}],"wp:attachment":[{"href":"https:\/\/tocchini.com.br\/index.php\/wp-json\/wp\/v2\/media?parent=534"}],"curies":[{"name":"wp","href":"https:\/\/api.w.org\/{rel}","templated":true}]}}