{"id":506,"date":"2024-07-31T16:02:33","date_gmt":"2024-07-31T19:02:33","guid":{"rendered":"https:\/\/tocchini.com.br\/?page_id=506"},"modified":"2024-07-31T16:02:33","modified_gmt":"2024-07-31T19:02:33","slug":"implementacao-de-programas-de-compliance-em-empresas","status":"publish","type":"page","link":"https:\/\/tocchini.com.br\/index.php\/implementacao-de-programas-de-compliance-em-empresas\/","title":{"rendered":"IMPLEMENTA\u00c7\u00c3O DE PROGRAMAS DE COMPLIANCE EM EMPRESAS"},"content":{"rendered":"<p><img loading=\"lazy\" decoding=\"async\" src=\"https:\/\/tocchini.com.br\/wp-content\/uploads\/2024\/07\/implementacao-de-programas-de-compliance-em-empresas-tocchini-300x90.jpg\" alt=\"\" width=\"300\" height=\"90\" class=\"alignleft size-medium wp-image-540\" srcset=\"https:\/\/tocchini.com.br\/wp-content\/uploads\/2024\/07\/implementacao-de-programas-de-compliance-em-empresas-tocchini-300x90.jpg 300w, https:\/\/tocchini.com.br\/wp-content\/uploads\/2024\/07\/implementacao-de-programas-de-compliance-em-empresas-tocchini-1030x309.jpg 1030w, https:\/\/tocchini.com.br\/wp-content\/uploads\/2024\/07\/implementacao-de-programas-de-compliance-em-empresas-tocchini-768x230.jpg 768w, https:\/\/tocchini.com.br\/wp-content\/uploads\/2024\/07\/implementacao-de-programas-de-compliance-em-empresas-tocchini-705x212.jpg 705w, https:\/\/tocchini.com.br\/wp-content\/uploads\/2024\/07\/implementacao-de-programas-de-compliance-em-empresas-tocchini.jpg 1500w\" sizes=\"auto, (max-width: 300px) 100vw, 300px\" \/><\/p>\n<hr \/>\n<div align=\"justify\">A experi\u00eancia e lideran\u00e7a do Dr. M\u00e1rio Tocchini Neto tem sido crucial na implementa\u00e7\u00e3o de programas de compliance robustos, que s\u00e3o essenciais para as empresas navegarem no complexo ambiente regulat\u00f3rio atual. Sua habilidade em comunicar-se claramente facilita o entendimento e a ado\u00e7\u00e3o desses programas por todos os n\u00edveis da organiza\u00e7\u00e3o. Sua capacidade de estabelecer rela\u00e7\u00f5es de confian\u00e7a assegura que os valores \u00e9ticos e a conformidade sejam incorporados na cultura empresarial, promovendo um compromisso organizacional com a integridade e a transpar\u00eancia.<br \/>\nA experi\u00eancia que voc\u00ea traz permite identificar proativamente os riscos legais e regulat\u00f3rios espec\u00edficos para cada empresa, desenvolvendo programas de compliance personalizados que n\u00e3o apenas atendem \u00e0s exig\u00eancias legais, mas tamb\u00e9m alinham-se estrategicamente aos objetivos de neg\u00f3cio da empresa. Sua vis\u00e3o estrat\u00e9gica \u00e9 vital para a cria\u00e7\u00e3o de frameworks de compliance que s\u00e3o tanto eficazes quanto sustent\u00e1veis a longo prazo, garantindo que as empresas n\u00e3o apenas evitem penalidades, mas tamb\u00e9m fortale\u00e7am sua reputa\u00e7\u00e3o no mercado.<\/div>\n<hr \/>\n<div  class='avia-button-wrap avia-button-center  avia-builder-el-0  avia-builder-el-no-sibling '>\n<style type=\"text\/css\" data-created_by=\"avia_inline_auto\" id=\"style-css-av-b74in-fa94bb896f9dd3adc43cf3648c5f786a\">\n#top #wrap_all .avia-button.av-b74in-fa94bb896f9dd3adc43cf3648c5f786a:hover{\ncolor:white;\ntransition:all 0.4s ease-in-out;\n}\n<\/style>\n<a href='https:\/\/tocchini.com.br\/index.php\/consulta-online\/' class='avia-color-theme-color avia-font-color-theme-color avia-button avia-button-fullwidth av-b74in-fa94bb896f9dd3adc43cf3648c5f786a avia-icon_select-yes-left-icon avia-color-theme-color'  target=\"_blank\"  rel=\"noopener noreferrer\" ><span class='avia_button_icon avia_button_icon_left' aria-hidden='true' data-av_icon='\ue832' data-av_iconfont='entypo-fontello'><\/span><span class='avia_iconbox_title' >FALE CONOSCO AGORA<\/span><span class='avia_button_background avia-button avia-button-fullwidth avia-color-theme-color-highlight'><\/span><\/a><\/div>\n","protected":false},"excerpt":{"rendered":"<p>A experi\u00eancia e lideran\u00e7a do Dr. M\u00e1rio Tocchini Neto tem sido crucial na implementa\u00e7\u00e3o de programas de compliance robustos, que s\u00e3o essenciais para as empresas navegarem no complexo ambiente regulat\u00f3rio atual. Sua habilidade em comunicar-se claramente facilita o entendimento e a ado\u00e7\u00e3o desses programas por todos os n\u00edveis da organiza\u00e7\u00e3o. Sua capacidade de estabelecer rela\u00e7\u00f5es [&hellip;]<\/p>\n","protected":false},"author":1,"featured_media":0,"parent":0,"menu_order":0,"comment_status":"closed","ping_status":"closed","template":"","meta":{"footnotes":""},"class_list":["post-506","page","type-page","status-publish","hentry"],"_links":{"self":[{"href":"https:\/\/tocchini.com.br\/index.php\/wp-json\/wp\/v2\/pages\/506","targetHints":{"allow":["GET"]}}],"collection":[{"href":"https:\/\/tocchini.com.br\/index.php\/wp-json\/wp\/v2\/pages"}],"about":[{"href":"https:\/\/tocchini.com.br\/index.php\/wp-json\/wp\/v2\/types\/page"}],"author":[{"embeddable":true,"href":"https:\/\/tocchini.com.br\/index.php\/wp-json\/wp\/v2\/users\/1"}],"replies":[{"embeddable":true,"href":"https:\/\/tocchini.com.br\/index.php\/wp-json\/wp\/v2\/comments?post=506"}],"version-history":[{"count":2,"href":"https:\/\/tocchini.com.br\/index.php\/wp-json\/wp\/v2\/pages\/506\/revisions"}],"predecessor-version":[{"id":541,"href":"https:\/\/tocchini.com.br\/index.php\/wp-json\/wp\/v2\/pages\/506\/revisions\/541"}],"wp:attachment":[{"href":"https:\/\/tocchini.com.br\/index.php\/wp-json\/wp\/v2\/media?parent=506"}],"curies":[{"name":"wp","href":"https:\/\/api.w.org\/{rel}","templated":true}]}}