{"id":498,"date":"2024-07-29T15:03:01","date_gmt":"2024-07-29T18:03:01","guid":{"rendered":"https:\/\/tocchini.com.br\/?page_id=498"},"modified":"2025-02-07T16:45:00","modified_gmt":"2025-02-07T19:45:00","slug":"formalizacapo-legal-da-dissolucao-da-empresa","status":"publish","type":"page","link":"https:\/\/tocchini.com.br\/index.php\/formalizacapo-legal-da-dissolucao-da-empresa\/","title":{"rendered":"FORMALIZA\u00c7\u00c3PO LEGAL DA DISSOLU\u00c7\u00c3O DA EMPRESA"},"content":{"rendered":"<p><img loading=\"lazy\" decoding=\"async\" class=\"aligncenter size-full wp-image-499\" src=\"https:\/\/tocchini.com.br\/wp-content\/uploads\/2024\/07\/formalizacao-legal-da-dissolucao-da-empresa.jpg\" alt=\"\" width=\"1500\" height=\"450\" srcset=\"https:\/\/tocchini.com.br\/wp-content\/uploads\/2024\/07\/formalizacao-legal-da-dissolucao-da-empresa.jpg 1500w, https:\/\/tocchini.com.br\/wp-content\/uploads\/2024\/07\/formalizacao-legal-da-dissolucao-da-empresa-300x90.jpg 300w, https:\/\/tocchini.com.br\/wp-content\/uploads\/2024\/07\/formalizacao-legal-da-dissolucao-da-empresa-1030x309.jpg 1030w, https:\/\/tocchini.com.br\/wp-content\/uploads\/2024\/07\/formalizacao-legal-da-dissolucao-da-empresa-768x230.jpg 768w, https:\/\/tocchini.com.br\/wp-content\/uploads\/2024\/07\/formalizacao-legal-da-dissolucao-da-empresa-705x212.jpg 705w\" sizes=\"auto, (max-width: 1500px) 100vw, 1500px\" \/><\/p>\n<hr \/>\n<div align=\"justify\"><span style=\"font-weight: 400;\">Na formaliza\u00e7\u00e3o legal da dissolu\u00e7\u00e3o de empresas, nosso escrit\u00f3rio \u00e9 reconhecido por sua expertise e rigor t\u00e9cnico. Trabalhamos com dilig\u00eancia para garantir que todos os procedimentos sejam executados de acordo com a legisla\u00e7\u00e3o vigente, desde a elabora\u00e7\u00e3o e o registro dos documentos necess\u00e1rios at\u00e9 a comunica\u00e7\u00e3o com \u00f3rg\u00e3os reguladores. Nossa equipe gerencia eventuais lit\u00edgios de maneira estrat\u00e9gica, protegendo os interesses de nossos clientes e assegurando que todas as obriga\u00e7\u00f5es legais e regulat\u00f3rias sejam cumpridas.<\/span><\/div>\n<hr \/>\n<div  class='avia-button-wrap avia-button-center  avia-builder-el-0  avia-builder-el-no-sibling '>\n<style type=\"text\/css\" data-created_by=\"avia_inline_auto\" id=\"style-css-av-b74in-fa94bb896f9dd3adc43cf3648c5f786a\">\n#top #wrap_all .avia-button.av-b74in-fa94bb896f9dd3adc43cf3648c5f786a:hover{\ncolor:white;\ntransition:all 0.4s ease-in-out;\n}\n<\/style>\n<a href='https:\/\/tocchini.com.br\/index.php\/consulta-online\/' class='avia-color-theme-color avia-font-color-theme-color avia-button avia-button-fullwidth av-b74in-fa94bb896f9dd3adc43cf3648c5f786a avia-icon_select-yes-left-icon avia-color-theme-color'  target=\"_blank\"  rel=\"noopener noreferrer\" ><span class='avia_button_icon avia_button_icon_left' aria-hidden='true' data-av_icon='\ue832' data-av_iconfont='entypo-fontello'><\/span><span class='avia_iconbox_title' >FALE CONOSCO AGORA<\/span><span class='avia_button_background avia-button avia-button-fullwidth avia-color-theme-color-highlight'><\/span><\/a><\/div>\n","protected":false},"excerpt":{"rendered":"<p>Na formaliza\u00e7\u00e3o legal da dissolu\u00e7\u00e3o de empresas, nosso escrit\u00f3rio \u00e9 reconhecido por sua expertise e rigor t\u00e9cnico. Trabalhamos com dilig\u00eancia para garantir que todos os procedimentos sejam executados de acordo com a legisla\u00e7\u00e3o vigente, desde a elabora\u00e7\u00e3o e o registro dos documentos necess\u00e1rios at\u00e9 a comunica\u00e7\u00e3o com \u00f3rg\u00e3os reguladores. Nossa equipe gerencia eventuais lit\u00edgios de [&hellip;]<\/p>\n","protected":false},"author":1,"featured_media":0,"parent":0,"menu_order":0,"comment_status":"closed","ping_status":"closed","template":"","meta":{"footnotes":""},"class_list":["post-498","page","type-page","status-publish","hentry"],"_links":{"self":[{"href":"https:\/\/tocchini.com.br\/index.php\/wp-json\/wp\/v2\/pages\/498","targetHints":{"allow":["GET"]}}],"collection":[{"href":"https:\/\/tocchini.com.br\/index.php\/wp-json\/wp\/v2\/pages"}],"about":[{"href":"https:\/\/tocchini.com.br\/index.php\/wp-json\/wp\/v2\/types\/page"}],"author":[{"embeddable":true,"href":"https:\/\/tocchini.com.br\/index.php\/wp-json\/wp\/v2\/users\/1"}],"replies":[{"embeddable":true,"href":"https:\/\/tocchini.com.br\/index.php\/wp-json\/wp\/v2\/comments?post=498"}],"version-history":[{"count":2,"href":"https:\/\/tocchini.com.br\/index.php\/wp-json\/wp\/v2\/pages\/498\/revisions"}],"predecessor-version":[{"id":1019,"href":"https:\/\/tocchini.com.br\/index.php\/wp-json\/wp\/v2\/pages\/498\/revisions\/1019"}],"wp:attachment":[{"href":"https:\/\/tocchini.com.br\/index.php\/wp-json\/wp\/v2\/media?parent=498"}],"curies":[{"name":"wp","href":"https:\/\/api.w.org\/{rel}","templated":true}]}}