{"id":476,"date":"2024-07-29T14:29:45","date_gmt":"2024-07-29T17:29:45","guid":{"rendered":"https:\/\/tocchini.com.br\/?page_id=476"},"modified":"2024-07-29T14:29:45","modified_gmt":"2024-07-29T17:29:45","slug":"planejamento-estrategico-para-empresas-em-crise","status":"publish","type":"page","link":"https:\/\/tocchini.com.br\/index.php\/planejamento-estrategico-para-empresas-em-crise\/","title":{"rendered":"PLANEJAMENTO ESTRAT\u00c9GICO PARA EMPRESAS EM CRISE"},"content":{"rendered":"<p><img loading=\"lazy\" decoding=\"async\" src=\"https:\/\/tocchini.com.br\/wp-content\/uploads\/2024\/07\/planejamento-estrategico-para-empresas-em-crise-tocchini.jpg\" alt=\"\" width=\"1500\" height=\"450\" class=\"aligncenter size-full wp-image-477\" srcset=\"https:\/\/tocchini.com.br\/wp-content\/uploads\/2024\/07\/planejamento-estrategico-para-empresas-em-crise-tocchini.jpg 1500w, https:\/\/tocchini.com.br\/wp-content\/uploads\/2024\/07\/planejamento-estrategico-para-empresas-em-crise-tocchini-300x90.jpg 300w, https:\/\/tocchini.com.br\/wp-content\/uploads\/2024\/07\/planejamento-estrategico-para-empresas-em-crise-tocchini-1030x309.jpg 1030w, https:\/\/tocchini.com.br\/wp-content\/uploads\/2024\/07\/planejamento-estrategico-para-empresas-em-crise-tocchini-768x230.jpg 768w, https:\/\/tocchini.com.br\/wp-content\/uploads\/2024\/07\/planejamento-estrategico-para-empresas-em-crise-tocchini-705x212.jpg 705w\" sizes=\"auto, (max-width: 1500px) 100vw, 1500px\" \/><\/p>\n<hr \/>\n<div align=\"justify\">Empresas enfrentando crises necessitam de um guia confi\u00e1vel e estrat\u00e9gico, papel que voc\u00ea desempenha com excel\u00eancia. Sua experi\u00eancia em direito empresarial, combinada com uma compreens\u00e3o aprofundada dos desafios comerciais e financeiros, permite que voc\u00ea ofere\u00e7a conselhos pragm\u00e1ticos e estrat\u00e9gicos. Voc\u00ea trabalha lado a lado com os clientes para desenvolver e implementar planos de a\u00e7\u00e3o que visem \u00e0 recupera\u00e7\u00e3o e ao fortalecimento da empresa. Sua habilidade em transmitir confian\u00e7a e em fornecer orienta\u00e7\u00e3o clara \u00e9 especialmente valiosa para lideran\u00e7as empresariais durante momentos de incerteza.<\/div>\n<hr \/>\n<div  class='avia-button-wrap avia-button-center  avia-builder-el-0  avia-builder-el-no-sibling '>\n<style type=\"text\/css\" data-created_by=\"avia_inline_auto\" id=\"style-css-av-b74in-fa94bb896f9dd3adc43cf3648c5f786a\">\n#top #wrap_all .avia-button.av-b74in-fa94bb896f9dd3adc43cf3648c5f786a:hover{\ncolor:white;\ntransition:all 0.4s ease-in-out;\n}\n<\/style>\n<a href='https:\/\/tocchini.com.br\/index.php\/consulta-online\/' class='avia-color-theme-color avia-font-color-theme-color avia-button avia-button-fullwidth av-b74in-fa94bb896f9dd3adc43cf3648c5f786a avia-icon_select-yes-left-icon avia-color-theme-color'  target=\"_blank\"  rel=\"noopener noreferrer\" ><span class='avia_button_icon avia_button_icon_left' aria-hidden='true' data-av_icon='\ue832' data-av_iconfont='entypo-fontello'><\/span><span class='avia_iconbox_title' >FALE CONOSCO AGORA<\/span><span class='avia_button_background avia-button avia-button-fullwidth avia-color-theme-color-highlight'><\/span><\/a><\/div>\n","protected":false},"excerpt":{"rendered":"<p>Empresas enfrentando crises necessitam de um guia confi\u00e1vel e estrat\u00e9gico, papel que voc\u00ea desempenha com excel\u00eancia. Sua experi\u00eancia em direito empresarial, combinada com uma compreens\u00e3o aprofundada dos desafios comerciais e financeiros, permite que voc\u00ea ofere\u00e7a conselhos pragm\u00e1ticos e estrat\u00e9gicos. Voc\u00ea trabalha lado a lado com os clientes para desenvolver e implementar planos de a\u00e7\u00e3o que [&hellip;]<\/p>\n","protected":false},"author":1,"featured_media":0,"parent":0,"menu_order":0,"comment_status":"closed","ping_status":"closed","template":"","meta":{"footnotes":""},"class_list":["post-476","page","type-page","status-publish","hentry"],"_links":{"self":[{"href":"https:\/\/tocchini.com.br\/index.php\/wp-json\/wp\/v2\/pages\/476","targetHints":{"allow":["GET"]}}],"collection":[{"href":"https:\/\/tocchini.com.br\/index.php\/wp-json\/wp\/v2\/pages"}],"about":[{"href":"https:\/\/tocchini.com.br\/index.php\/wp-json\/wp\/v2\/types\/page"}],"author":[{"embeddable":true,"href":"https:\/\/tocchini.com.br\/index.php\/wp-json\/wp\/v2\/users\/1"}],"replies":[{"embeddable":true,"href":"https:\/\/tocchini.com.br\/index.php\/wp-json\/wp\/v2\/comments?post=476"}],"version-history":[{"count":1,"href":"https:\/\/tocchini.com.br\/index.php\/wp-json\/wp\/v2\/pages\/476\/revisions"}],"predecessor-version":[{"id":478,"href":"https:\/\/tocchini.com.br\/index.php\/wp-json\/wp\/v2\/pages\/476\/revisions\/478"}],"wp:attachment":[{"href":"https:\/\/tocchini.com.br\/index.php\/wp-json\/wp\/v2\/media?parent=476"}],"curies":[{"name":"wp","href":"https:\/\/api.w.org\/{rel}","templated":true}]}}