{"id":473,"date":"2024-07-29T14:28:24","date_gmt":"2024-07-29T17:28:24","guid":{"rendered":"https:\/\/tocchini.com.br\/?page_id=473"},"modified":"2024-07-29T14:28:24","modified_gmt":"2024-07-29T17:28:24","slug":"reestruturacao-societaria-e-reorganizacao-de-empresas-2","status":"publish","type":"page","link":"https:\/\/tocchini.com.br\/index.php\/reestruturacao-societaria-e-reorganizacao-de-empresas-2\/","title":{"rendered":"REESTRUTURA\u00c7\u00c3O SOCIET\u00c1RIA E REORGANIZA\u00c7\u00c3O DE EMPRESAS"},"content":{"rendered":"<p><img loading=\"lazy\" decoding=\"async\" src=\"https:\/\/tocchini.com.br\/wp-content\/uploads\/2024\/07\/resstruturacao-societaria-e-reorganizacao-de-empresas-1.jpg\" alt=\"\" width=\"1500\" height=\"450\" class=\"aligncenter size-full wp-image-474\" srcset=\"https:\/\/tocchini.com.br\/wp-content\/uploads\/2024\/07\/resstruturacao-societaria-e-reorganizacao-de-empresas-1.jpg 1500w, https:\/\/tocchini.com.br\/wp-content\/uploads\/2024\/07\/resstruturacao-societaria-e-reorganizacao-de-empresas-1-300x90.jpg 300w, https:\/\/tocchini.com.br\/wp-content\/uploads\/2024\/07\/resstruturacao-societaria-e-reorganizacao-de-empresas-1-1030x309.jpg 1030w, https:\/\/tocchini.com.br\/wp-content\/uploads\/2024\/07\/resstruturacao-societaria-e-reorganizacao-de-empresas-1-768x230.jpg 768w, https:\/\/tocchini.com.br\/wp-content\/uploads\/2024\/07\/resstruturacao-societaria-e-reorganizacao-de-empresas-1-705x212.jpg 705w\" sizes=\"auto, (max-width: 1500px) 100vw, 1500px\" \/><\/p>\n<hr \/>\n<div align=\"justify\">Sua habilidade em compreender a complexidade das estruturas societ\u00e1rias e identificar oportunidades de otimiza\u00e7\u00e3o \u00e9 crucial. Voc\u00ea lidera com maestria os processos de reestrutura\u00e7\u00e3o e reorganiza\u00e7\u00e3o, garantindo que eles sejam executados de maneira eficiente e alinhados com os objetivos estrat\u00e9gicos dos nossos clientes. Sua capacidade de comunica\u00e7\u00e3o facilita o di\u00e1logo entre todas as partes interessadas, assegurando transpar\u00eancia e confian\u00e7a durante o processo. Al\u00e9m disso, sua vis\u00e3o estrat\u00e9gica permite identificar solu\u00e7\u00f5es inovadoras que n\u00e3o apenas resolvam os problemas atuais, mas tamb\u00e9m posicionem as empresas para o sucesso a longo prazo.<\/div>\n<hr \/>\n<div  class='avia-button-wrap avia-button-center  avia-builder-el-0  avia-builder-el-no-sibling '>\n<style type=\"text\/css\" data-created_by=\"avia_inline_auto\" id=\"style-css-av-b74in-fa94bb896f9dd3adc43cf3648c5f786a\">\n#top #wrap_all .avia-button.av-b74in-fa94bb896f9dd3adc43cf3648c5f786a:hover{\ncolor:white;\ntransition:all 0.4s ease-in-out;\n}\n<\/style>\n<a href='https:\/\/tocchini.com.br\/index.php\/consulta-online\/' class='avia-color-theme-color avia-font-color-theme-color avia-button avia-button-fullwidth av-b74in-fa94bb896f9dd3adc43cf3648c5f786a avia-icon_select-yes-left-icon avia-color-theme-color'  target=\"_blank\"  rel=\"noopener noreferrer\" ><span class='avia_button_icon avia_button_icon_left' aria-hidden='true' data-av_icon='\ue832' data-av_iconfont='entypo-fontello'><\/span><span class='avia_iconbox_title' >FALE CONOSCO AGORA<\/span><span class='avia_button_background avia-button avia-button-fullwidth avia-color-theme-color-highlight'><\/span><\/a><\/div>\n","protected":false},"excerpt":{"rendered":"<p>Sua habilidade em compreender a complexidade das estruturas societ\u00e1rias e identificar oportunidades de otimiza\u00e7\u00e3o \u00e9 crucial. Voc\u00ea lidera com maestria os processos de reestrutura\u00e7\u00e3o e reorganiza\u00e7\u00e3o, garantindo que eles sejam executados de maneira eficiente e alinhados com os objetivos estrat\u00e9gicos dos nossos clientes. Sua capacidade de comunica\u00e7\u00e3o facilita o di\u00e1logo entre todas as partes interessadas, [&hellip;]<\/p>\n","protected":false},"author":1,"featured_media":0,"parent":0,"menu_order":0,"comment_status":"closed","ping_status":"closed","template":"","meta":{"footnotes":""},"class_list":["post-473","page","type-page","status-publish","hentry"],"_links":{"self":[{"href":"https:\/\/tocchini.com.br\/index.php\/wp-json\/wp\/v2\/pages\/473","targetHints":{"allow":["GET"]}}],"collection":[{"href":"https:\/\/tocchini.com.br\/index.php\/wp-json\/wp\/v2\/pages"}],"about":[{"href":"https:\/\/tocchini.com.br\/index.php\/wp-json\/wp\/v2\/types\/page"}],"author":[{"embeddable":true,"href":"https:\/\/tocchini.com.br\/index.php\/wp-json\/wp\/v2\/users\/1"}],"replies":[{"embeddable":true,"href":"https:\/\/tocchini.com.br\/index.php\/wp-json\/wp\/v2\/comments?post=473"}],"version-history":[{"count":1,"href":"https:\/\/tocchini.com.br\/index.php\/wp-json\/wp\/v2\/pages\/473\/revisions"}],"predecessor-version":[{"id":475,"href":"https:\/\/tocchini.com.br\/index.php\/wp-json\/wp\/v2\/pages\/473\/revisions\/475"}],"wp:attachment":[{"href":"https:\/\/tocchini.com.br\/index.php\/wp-json\/wp\/v2\/media?parent=473"}],"curies":[{"name":"wp","href":"https:\/\/api.w.org\/{rel}","templated":true}]}}