{"id":454,"date":"2024-07-24T15:25:17","date_gmt":"2024-07-24T18:25:17","guid":{"rendered":"https:\/\/tocchini.com.br\/?page_id=454"},"modified":"2025-02-07T16:46:51","modified_gmt":"2025-02-07T19:46:51","slug":"acoes-de-dissolucao-de-sociedade","status":"publish","type":"page","link":"https:\/\/tocchini.com.br\/index.php\/acoes-de-dissolucao-de-sociedade\/","title":{"rendered":"A\u00c7\u00d5ES DE DISSOLU\u00c7\u00c3O DE SOCIEDADE"},"content":{"rendered":"<p><img loading=\"lazy\" decoding=\"async\" class=\"aligncenter size-full wp-image-455\" src=\"https:\/\/tocchini.com.br\/wp-content\/uploads\/2024\/07\/acoes-de-dissolucao-de-sociedade-tocchini.jpg\" alt=\"\" width=\"1500\" height=\"450\" srcset=\"https:\/\/tocchini.com.br\/wp-content\/uploads\/2024\/07\/acoes-de-dissolucao-de-sociedade-tocchini.jpg 1500w, https:\/\/tocchini.com.br\/wp-content\/uploads\/2024\/07\/acoes-de-dissolucao-de-sociedade-tocchini-300x90.jpg 300w, https:\/\/tocchini.com.br\/wp-content\/uploads\/2024\/07\/acoes-de-dissolucao-de-sociedade-tocchini-1030x309.jpg 1030w, https:\/\/tocchini.com.br\/wp-content\/uploads\/2024\/07\/acoes-de-dissolucao-de-sociedade-tocchini-768x230.jpg 768w, https:\/\/tocchini.com.br\/wp-content\/uploads\/2024\/07\/acoes-de-dissolucao-de-sociedade-tocchini-705x212.jpg 705w\" sizes=\"auto, (max-width: 1500px) 100vw, 1500px\" \/><\/p>\n<hr \/>\n<div align=\"justify\">\n<p><span style=\"font-weight: 400;\">Quando a dissolu\u00e7\u00e3o da sociedade se torna inevit\u00e1vel, nossa experi\u00eancia e expertise jur\u00eddica s\u00e3o fundamentais para conduzir o processo de forma \u00e9tica, transparente e eficiente. Atuamos na negocia\u00e7\u00e3o de termos que sejam justos e equilibrados, assegurando que todas as quest\u00f5es legais, financeiras e administrativas sejam devidamente tratadas. Nosso compromisso \u00e9 minimizar lit\u00edgios futuros e garantir que a dissolu\u00e7\u00e3o ocorra com o menor impacto poss\u00edvel para as partes envolvidas.<\/span><\/p>\n<p><span style=\"font-weight: 400;\">Nossa abordagem \u00e9 caracterizada pela antecipa\u00e7\u00e3o de desafios complexos, oferecendo orienta\u00e7\u00f5es claras e estrat\u00e9gicas que asseguram uma transi\u00e7\u00e3o organizada e tranquila. Trabalhamos lado a lado com nossos clientes para proteger seus interesses e facilitar um encerramento harmonioso das atividades societ\u00e1rias, sempre buscando preservar a integridade e o respeito entre os envolvidos.<\/span><\/p>\n<p><span style=\"font-weight: 400;\">Com uma combina\u00e7\u00e3o de experi\u00eancia pr\u00e1tica e vis\u00e3o estrat\u00e9gica, nosso escrit\u00f3rio se consolida como um parceiro jur\u00eddico confi\u00e1vel para resolver conflitos entre s\u00f3cios e gerenciar dissolu\u00e7\u00f5es societ\u00e1rias. Nossa atua\u00e7\u00e3o t\u00e9cnica e humanizada reflete nosso compromisso com solu\u00e7\u00f5es que promovam a justi\u00e7a, a sustentabilidade e a prote\u00e7\u00e3o dos interesses de nossos clientes.<\/span><\/p>\n<\/div>\n<hr \/>\n<div  class='avia-button-wrap avia-button-center  avia-builder-el-0  avia-builder-el-no-sibling '>\n<style type=\"text\/css\" data-created_by=\"avia_inline_auto\" id=\"style-css-av-b74in-fa94bb896f9dd3adc43cf3648c5f786a\">\n#top #wrap_all .avia-button.av-b74in-fa94bb896f9dd3adc43cf3648c5f786a:hover{\ncolor:white;\ntransition:all 0.4s ease-in-out;\n}\n<\/style>\n<a href='https:\/\/tocchini.com.br\/index.php\/consulta-online\/' class='avia-color-theme-color avia-font-color-theme-color avia-button avia-button-fullwidth av-b74in-fa94bb896f9dd3adc43cf3648c5f786a avia-icon_select-yes-left-icon avia-color-theme-color'  target=\"_blank\"  rel=\"noopener noreferrer\" ><span class='avia_button_icon avia_button_icon_left' aria-hidden='true' data-av_icon='\ue832' data-av_iconfont='entypo-fontello'><\/span><span class='avia_iconbox_title' >FALE CONOSCO AGORA<\/span><span class='avia_button_background avia-button avia-button-fullwidth avia-color-theme-color-highlight'><\/span><\/a><\/div>\n","protected":false},"excerpt":{"rendered":"<p>Quando a dissolu\u00e7\u00e3o da sociedade se torna inevit\u00e1vel, nossa experi\u00eancia e expertise jur\u00eddica s\u00e3o fundamentais para conduzir o processo de forma \u00e9tica, transparente e eficiente. Atuamos na negocia\u00e7\u00e3o de termos que sejam justos e equilibrados, assegurando que todas as quest\u00f5es legais, financeiras e administrativas sejam devidamente tratadas. Nosso compromisso \u00e9 minimizar lit\u00edgios futuros e garantir [&hellip;]<\/p>\n","protected":false},"author":1,"featured_media":0,"parent":0,"menu_order":0,"comment_status":"closed","ping_status":"closed","template":"","meta":{"footnotes":""},"class_list":["post-454","page","type-page","status-publish","hentry"],"_links":{"self":[{"href":"https:\/\/tocchini.com.br\/index.php\/wp-json\/wp\/v2\/pages\/454","targetHints":{"allow":["GET"]}}],"collection":[{"href":"https:\/\/tocchini.com.br\/index.php\/wp-json\/wp\/v2\/pages"}],"about":[{"href":"https:\/\/tocchini.com.br\/index.php\/wp-json\/wp\/v2\/types\/page"}],"author":[{"embeddable":true,"href":"https:\/\/tocchini.com.br\/index.php\/wp-json\/wp\/v2\/users\/1"}],"replies":[{"embeddable":true,"href":"https:\/\/tocchini.com.br\/index.php\/wp-json\/wp\/v2\/comments?post=454"}],"version-history":[{"count":2,"href":"https:\/\/tocchini.com.br\/index.php\/wp-json\/wp\/v2\/pages\/454\/revisions"}],"predecessor-version":[{"id":1022,"href":"https:\/\/tocchini.com.br\/index.php\/wp-json\/wp\/v2\/pages\/454\/revisions\/1022"}],"wp:attachment":[{"href":"https:\/\/tocchini.com.br\/index.php\/wp-json\/wp\/v2\/media?parent=454"}],"curies":[{"name":"wp","href":"https:\/\/api.w.org\/{rel}","templated":true}]}}