{"id":450,"date":"2024-07-24T15:19:45","date_gmt":"2024-07-24T18:19:45","guid":{"rendered":"https:\/\/tocchini.com.br\/?page_id=450"},"modified":"2025-02-07T16:47:26","modified_gmt":"2025-02-07T19:47:26","slug":"solucoes-de-conflitos-entre-socios","status":"publish","type":"page","link":"https:\/\/tocchini.com.br\/index.php\/solucoes-de-conflitos-entre-socios\/","title":{"rendered":"SOLU\u00c7\u00d5ES DE CONFLITOS ENTRE S\u00d3CIOS"},"content":{"rendered":"<p><img loading=\"lazy\" decoding=\"async\" class=\"aligncenter size-full wp-image-451\" src=\"https:\/\/tocchini.com.br\/wp-content\/uploads\/2024\/07\/solucoes-de-conflitos-entre-socios-tocchini.jpg\" alt=\"\" width=\"1500\" height=\"450\" srcset=\"https:\/\/tocchini.com.br\/wp-content\/uploads\/2024\/07\/solucoes-de-conflitos-entre-socios-tocchini.jpg 1500w, https:\/\/tocchini.com.br\/wp-content\/uploads\/2024\/07\/solucoes-de-conflitos-entre-socios-tocchini-300x90.jpg 300w, https:\/\/tocchini.com.br\/wp-content\/uploads\/2024\/07\/solucoes-de-conflitos-entre-socios-tocchini-1030x309.jpg 1030w, https:\/\/tocchini.com.br\/wp-content\/uploads\/2024\/07\/solucoes-de-conflitos-entre-socios-tocchini-768x230.jpg 768w, https:\/\/tocchini.com.br\/wp-content\/uploads\/2024\/07\/solucoes-de-conflitos-entre-socios-tocchini-705x212.jpg 705w\" sizes=\"auto, (max-width: 1500px) 100vw, 1500px\" \/><\/p>\n<hr \/>\n<div align=\"justify\">\n<p><span style=\"font-weight: 400;\">Nossa equipe \u00e9 reconhecida por sua habilidade em mediar e resolver conflitos entre s\u00f3cios, empregando uma abordagem fundamentada na empatia, na comunica\u00e7\u00e3o clara e na negocia\u00e7\u00e3o estrat\u00e9gica. Trabalhamos para entender profundamente as preocupa\u00e7\u00f5es e os objetivos de todas as partes envolvidas, facilitando um di\u00e1logo construtivo que promove solu\u00e7\u00f5es consensuais. Nosso objetivo \u00e9 sempre preservar as rela\u00e7\u00f5es empresariais e garantir a continuidade saud\u00e1vel da sociedade, evitando desgastes que possam prejudicar o desempenho do neg\u00f3cio.<\/span><\/p>\n<p><span style=\"font-weight: 400;\">Adotamos t\u00e9cnicas de media\u00e7\u00e3o e negocia\u00e7\u00e3o que permitem aliviar tens\u00f5es e construir um ambiente de confian\u00e7a entre os s\u00f3cios. Nossa vis\u00e3o estrat\u00e9gica garante que as solu\u00e7\u00f5es propostas n\u00e3o apenas resolvam o problema imediato, mas tamb\u00e9m estejam alinhadas aos interesses de longo prazo da empresa e de seus s\u00f3cios. Com isso, proporcionamos um suporte jur\u00eddico s\u00f3lido que fomenta o crescimento sustent\u00e1vel e a harmonia dentro da estrutura societ\u00e1ria.<\/span><\/p>\n<\/div>\n<hr \/>\n<div  class='avia-button-wrap avia-button-center  avia-builder-el-0  avia-builder-el-no-sibling '>\n<style type=\"text\/css\" data-created_by=\"avia_inline_auto\" id=\"style-css-av-b74in-fa94bb896f9dd3adc43cf3648c5f786a\">\n#top #wrap_all .avia-button.av-b74in-fa94bb896f9dd3adc43cf3648c5f786a:hover{\ncolor:white;\ntransition:all 0.4s ease-in-out;\n}\n<\/style>\n<a href='https:\/\/tocchini.com.br\/index.php\/consulta-online\/' class='avia-color-theme-color avia-font-color-theme-color avia-button avia-button-fullwidth av-b74in-fa94bb896f9dd3adc43cf3648c5f786a avia-icon_select-yes-left-icon avia-color-theme-color'  target=\"_blank\"  rel=\"noopener noreferrer\" ><span class='avia_button_icon avia_button_icon_left' aria-hidden='true' data-av_icon='\ue832' data-av_iconfont='entypo-fontello'><\/span><span class='avia_iconbox_title' >FALE CONOSCO AGORA<\/span><span class='avia_button_background avia-button avia-button-fullwidth avia-color-theme-color-highlight'><\/span><\/a><\/div>\n","protected":false},"excerpt":{"rendered":"<p>Nossa equipe \u00e9 reconhecida por sua habilidade em mediar e resolver conflitos entre s\u00f3cios, empregando uma abordagem fundamentada na empatia, na comunica\u00e7\u00e3o clara e na negocia\u00e7\u00e3o estrat\u00e9gica. Trabalhamos para entender profundamente as preocupa\u00e7\u00f5es e os objetivos de todas as partes envolvidas, facilitando um di\u00e1logo construtivo que promove solu\u00e7\u00f5es consensuais. Nosso objetivo \u00e9 sempre preservar as [&hellip;]<\/p>\n","protected":false},"author":1,"featured_media":0,"parent":0,"menu_order":0,"comment_status":"closed","ping_status":"closed","template":"","meta":{"footnotes":""},"class_list":["post-450","page","type-page","status-publish","hentry"],"_links":{"self":[{"href":"https:\/\/tocchini.com.br\/index.php\/wp-json\/wp\/v2\/pages\/450","targetHints":{"allow":["GET"]}}],"collection":[{"href":"https:\/\/tocchini.com.br\/index.php\/wp-json\/wp\/v2\/pages"}],"about":[{"href":"https:\/\/tocchini.com.br\/index.php\/wp-json\/wp\/v2\/types\/page"}],"author":[{"embeddable":true,"href":"https:\/\/tocchini.com.br\/index.php\/wp-json\/wp\/v2\/users\/1"}],"replies":[{"embeddable":true,"href":"https:\/\/tocchini.com.br\/index.php\/wp-json\/wp\/v2\/comments?post=450"}],"version-history":[{"count":4,"href":"https:\/\/tocchini.com.br\/index.php\/wp-json\/wp\/v2\/pages\/450\/revisions"}],"predecessor-version":[{"id":1023,"href":"https:\/\/tocchini.com.br\/index.php\/wp-json\/wp\/v2\/pages\/450\/revisions\/1023"}],"wp:attachment":[{"href":"https:\/\/tocchini.com.br\/index.php\/wp-json\/wp\/v2\/media?parent=450"}],"curies":[{"name":"wp","href":"https:\/\/api.w.org\/{rel}","templated":true}]}}