{"id":433,"date":"2024-07-10T15:40:57","date_gmt":"2024-07-10T18:40:57","guid":{"rendered":"https:\/\/tocchini.com.br\/?page_id=433"},"modified":"2024-07-10T15:40:57","modified_gmt":"2024-07-10T18:40:57","slug":"assessoria-juridica-em-questoes-societarias","status":"publish","type":"page","link":"https:\/\/tocchini.com.br\/index.php\/assessoria-juridica-em-questoes-societarias\/","title":{"rendered":"ASSESSORIA JUR\u00cdDICA EM QUEST\u00d5ES SOCIET\u00c1RIAS"},"content":{"rendered":"<p><img loading=\"lazy\" decoding=\"async\" src=\"https:\/\/tocchini.com.br\/wp-content\/uploads\/2024\/07\/assessoria-juridica-em-questoes-societarias-tocchini.jpg\" alt=\"\" width=\"1500\" height=\"450\" class=\"aligncenter size-full wp-image-434\" srcset=\"https:\/\/tocchini.com.br\/wp-content\/uploads\/2024\/07\/assessoria-juridica-em-questoes-societarias-tocchini.jpg 1500w, https:\/\/tocchini.com.br\/wp-content\/uploads\/2024\/07\/assessoria-juridica-em-questoes-societarias-tocchini-300x90.jpg 300w, https:\/\/tocchini.com.br\/wp-content\/uploads\/2024\/07\/assessoria-juridica-em-questoes-societarias-tocchini-1030x309.jpg 1030w, https:\/\/tocchini.com.br\/wp-content\/uploads\/2024\/07\/assessoria-juridica-em-questoes-societarias-tocchini-768x230.jpg 768w, https:\/\/tocchini.com.br\/wp-content\/uploads\/2024\/07\/assessoria-juridica-em-questoes-societarias-tocchini-705x212.jpg 705w\" sizes=\"auto, (max-width: 1500px) 100vw, 1500px\" \/><\/p>\n<hr \/>\n<div align=\"justify\">Sua vasta experi\u00eancia proporciona uma base s\u00f3lida para a assessoria jur\u00eddica em quest\u00f5es societ\u00e1rias. Voc\u00ea oferece orienta\u00e7\u00f5es precisas sobre a constitui\u00e7\u00e3o, reestrutura\u00e7\u00e3o, governan\u00e7a, compliance e dissolu\u00e7\u00e3o de sociedades, entre outros aspectos societ\u00e1rios. Sua capacidade de antecipar problemas potenciais e oferecer solu\u00e7\u00f5es proativas ajuda nossos clientes a navegar com confian\u00e7a no complexo ambiente corporativo. Sua abordagem aberta e acess\u00edvel fomenta uma atmosfera de confian\u00e7a, onde os clientes se sentem apoiados em tomar decis\u00f5es estrat\u00e9gicas fundamentadas.<\/div>\n<hr \/>\n<div  class='avia-button-wrap avia-button-center  avia-builder-el-0  avia-builder-el-no-sibling '>\n<style type=\"text\/css\" data-created_by=\"avia_inline_auto\" id=\"style-css-av-b74in-fa94bb896f9dd3adc43cf3648c5f786a\">\n#top #wrap_all .avia-button.av-b74in-fa94bb896f9dd3adc43cf3648c5f786a:hover{\ncolor:white;\ntransition:all 0.4s ease-in-out;\n}\n<\/style>\n<a href='https:\/\/tocchini.com.br\/index.php\/consulta-online\/' class='avia-color-theme-color avia-font-color-theme-color avia-button avia-button-fullwidth av-b74in-fa94bb896f9dd3adc43cf3648c5f786a avia-icon_select-yes-left-icon avia-color-theme-color'  target=\"_blank\"  rel=\"noopener noreferrer\" ><span class='avia_button_icon avia_button_icon_left' aria-hidden='true' data-av_icon='\ue832' data-av_iconfont='entypo-fontello'><\/span><span class='avia_iconbox_title' >FALE CONOSCO AGORA<\/span><span class='avia_button_background avia-button avia-button-fullwidth avia-color-theme-color-highlight'><\/span><\/a><\/div>\n","protected":false},"excerpt":{"rendered":"<p>Sua vasta experi\u00eancia proporciona uma base s\u00f3lida para a assessoria jur\u00eddica em quest\u00f5es societ\u00e1rias. Voc\u00ea oferece orienta\u00e7\u00f5es precisas sobre a constitui\u00e7\u00e3o, reestrutura\u00e7\u00e3o, governan\u00e7a, compliance e dissolu\u00e7\u00e3o de sociedades, entre outros aspectos societ\u00e1rios. Sua capacidade de antecipar problemas potenciais e oferecer solu\u00e7\u00f5es proativas ajuda nossos clientes a navegar com confian\u00e7a no complexo ambiente corporativo. Sua abordagem [&hellip;]<\/p>\n","protected":false},"author":1,"featured_media":0,"parent":0,"menu_order":0,"comment_status":"closed","ping_status":"closed","template":"","meta":{"footnotes":""},"class_list":["post-433","page","type-page","status-publish","hentry"],"_links":{"self":[{"href":"https:\/\/tocchini.com.br\/index.php\/wp-json\/wp\/v2\/pages\/433","targetHints":{"allow":["GET"]}}],"collection":[{"href":"https:\/\/tocchini.com.br\/index.php\/wp-json\/wp\/v2\/pages"}],"about":[{"href":"https:\/\/tocchini.com.br\/index.php\/wp-json\/wp\/v2\/types\/page"}],"author":[{"embeddable":true,"href":"https:\/\/tocchini.com.br\/index.php\/wp-json\/wp\/v2\/users\/1"}],"replies":[{"embeddable":true,"href":"https:\/\/tocchini.com.br\/index.php\/wp-json\/wp\/v2\/comments?post=433"}],"version-history":[{"count":1,"href":"https:\/\/tocchini.com.br\/index.php\/wp-json\/wp\/v2\/pages\/433\/revisions"}],"predecessor-version":[{"id":435,"href":"https:\/\/tocchini.com.br\/index.php\/wp-json\/wp\/v2\/pages\/433\/revisions\/435"}],"wp:attachment":[{"href":"https:\/\/tocchini.com.br\/index.php\/wp-json\/wp\/v2\/media?parent=433"}],"curies":[{"name":"wp","href":"https:\/\/api.w.org\/{rel}","templated":true}]}}